{"id":1338,"date":"2018-08-05T10:09:30","date_gmt":"2018-08-05T08:09:30","guid":{"rendered":"https:\/\/midifiles-kaufen.de\/?page_id=1338"},"modified":"2018-09-09T12:24:57","modified_gmt":"2018-09-09T10:24:57","slug":"entsorgungshinweis-fuer-waren-mit-elektro-bezug","status":"publish","type":"page","link":"https:\/\/www.karaoke-helden.de\/playbackshop\/entsorgungshinweis-fuer-waren-mit-elektro-bezug","title":{"rendered":"Entsorgungshinweis f\u00fcr Waren mit Elektro-Bezug"},"content":{"rendered":"<h2><img decoding=\"async\" class=\"size-full wp-image-1964 aligncenter\" src=\"https:\/\/www.karaoke-helden.de\/playbackshop\/wp-content\/uploads\/2018\/08\/Banner-Playback-kaufen-Shop-02.gif\" alt=\"Banner-Karaoke-Helden-Shop-02\" width=\"1000\" height=\"90\" \/><span style=\"color: #800000;\">Damit die Umwelt SAUBER bleibt!<\/span><\/h2>\n<h3><span style=\"color: #800000;\">Batterien und Akkus umweltgerecht entsorgen<\/span><\/h3>\n<figure id=\"attachment_1963\" aria-describedby=\"caption-attachment-1963\" style=\"width: 430px\" class=\"wp-caption alignright\"><img decoding=\"async\" class=\"size-full wp-image-1963\" src=\"https:\/\/www.karaoke-helden.de\/playbackshop\/wp-content\/uploads\/2018\/08\/World-of-Karaoke-Sven-Damaschun.gif\" alt=\"Karaoke-Helden - Sven Damaschun\" width=\"430\" height=\"287\" \/><figcaption id=\"caption-attachment-1963\" class=\"wp-caption-text\">Super Midifiles und tolle Playbacks und alles f\u00fcr Karaokeliebhaber zum g\u00fcnstigen Preis! Ich biete die etwas ANDEREN Files im Netz der M\u00f6glichkeiten mit Extra-Service f\u00fcr Ketron-Nutzer! World-Of-Karaoke.<\/figcaption><\/figure>\n<p><em><strong>Mein Entsorgungshinweis &#8211;<\/strong><\/em> Batterien und Akkumulatoren (Akkus) enthalten Schadstoffe und Ressourcen. Jeder Verbraucher ist deshalb gesetzlich verpflichtet, Alt-Batterien und Alt-Akkus an einer zugelassenen Sammelstelle abzugeben. Dadurch werden sie einer umwelt- und ressourcenschonenden Verwertung zugef\u00fchrt.<\/p>\n<p>Auf schadstoffhaltigen Batterien finden Sie die chemischen Symbole Cd f\u00fcr Cadmium, Hg f\u00fcr Quecksilber und Pb f\u00fcr Blei. Batterien und Elektroger\u00e4te sind durch dieses Zeichen, welches bedeutet, dass Batterien und Altger\u00e4te nicht \u00fcber den Hausm\u00fcll entsorgt werden d\u00fcrfen, gekennzeichnet:<\/p>\n<h3><span style=\"color: #800000;\">Batterien nicht in den Hausm\u00fcll<\/span><\/h3>\n<p>Haushalts-Batterien und \u2013Akkus k\u00f6nnen in jedem Markt der mit Elektroger\u00e4ten etc. handelt abgegeben werden. Zudem k\u00f6nnen Batterien und Akkus \u00fcberall, wo vergleichbare Produkte verkauft werden, kostenlos wieder zur\u00fcckgegeben werden \u2013 unabh\u00e4ngig davon, wo sie gekauft wurden und unabh\u00e4ngig von Marke und Typ. Bitte kleben Sie bei Hochleistungs-Batterien (z.B. Handy- und Laptop-Akkus) vor der Abgabe an der Sammelstelle die Pole ab, um Kurzschl\u00fcsse zu vermeiden.<\/p>\n<p>Defekte Batterien geben Sie bitte bei der Schadstoffsammlung des lokalen Wertstoff-\/ Recyclinghofes ab.<\/p>\n<h3><span style=\"color: #800000;\">Elektro-Altger\u00e4te umweltgerecht entsorgen<\/span><\/h3>\n<p>Auch Elektroger\u00e4te sind mit dem folgenden Symbol gekennzeichnet:<\/p>\n<h3><span style=\"color: #800000;\">Elektro-Altger\u00e4te umweltgerecht entsorgen<\/span><\/h3>\n<p>Elektroger\u00e4te enthalten Schadstoffe und wertvolle Ressourcen. Jeder Verbraucher ist deshalb gesetzlich verpflichtet, Elektro-Altger\u00e4te an einer zugelassenen Sammel- oder R\u00fccknahmestelle, zum Beispiel beim lokalen Wertstoffhof oder Recyclinghof, abzugeben. Elektro-Altger\u00e4te werden dort kostenlos angenommen und einer umwelt- und ressourcenschonenden Verwertung zugef\u00fchrt. Dar\u00fcber hinaus finden Sie zugelassene Sammelstellen in Ihrer N\u00e4he unter: www.take-e-back.de<\/p>\n<p>Elektro-Altger\u00e4te mit einer Kantenl\u00e4nge bis zu 25 cm werden dort &#8211; unabh\u00e4ngig von der Anzahl Ihrer Altger\u00e4te &#8211; kostenlos angenommen.<\/p>\n<p>Voraussetzung f\u00fcr die Annahme von Ger\u00e4ten mit einer Kantenl\u00e4nge gr\u00f6\u00dfer 25 cm bei den Sammelstellen von take-e-back ist, dass Sie ein Neuger\u00e4t bei uns erworben haben und dieses auch durch Vorlage eines entsprechenden Kaufbeleges nachweisen k\u00f6nnen.<\/p>\n<h3><span style=\"color: #800000;\">Warum m\u00fcssen Elektro-Altger\u00e4te bei einer Sammelstelle abgegeben werden?<\/span><\/h3>\n<p>Elektro-Altger\u00e4te enthalten Schadstoffe und wertvolle Ressourcen. Die Sammelstellen geben die Altger\u00e4te an zertifizierte Entsorgungsfachbetriebe, die zun\u00e4chst pr\u00fcfen, ob eine Aufarbeitung und Wiederverwendung der Ger\u00e4te m\u00f6glich ist. Im Idealfall lassen sich alte Produkte aufarbeiten. Ist die Wiederverwendung nicht m\u00f6glich, dann behandeln sie die Altger\u00e4te, entfernen Schadstoffe aus den Ger\u00e4ten und f\u00fchren wertvolle Ressourcen der Verwertung zu. Dadurch werden die Umwelt und die knapper werdenden Ressourcen geschont.<\/p>\n<h3><span style=\"color: #800000;\">Batterien und Leuchtmittel bitte entfernen<\/span><\/h3>\n<p>Leicht entnehmbare Alt-Batterien und Alt-Akkus, sowie solche, die nicht vom Elektroaltger\u00e4t umschlossen sind, entfernen Sie bitte vor der Abgabe aus den Ger\u00e4ten. Bitte entsorgen Sie sie dann wie oben beschrieben. Leicht entnehmbare Leuchtmittel entfernen Sie bitte ebenfalls vor der Abgabe von Elektroaltger\u00e4ten. Bitte entsorgen Sie beides dann getrennt wie unten beschrieben.<\/p>\n<h3><span style=\"color: #800000;\">Daten l\u00f6schen nicht vergessen<\/span><\/h3>\n<p>Bitte beachten Sie: Jeder Verbraucher ist f\u00fcr das L\u00f6schen von personenbezogenen Daten auf dem Elektro- bzw. Elektronikger\u00e4t selbst verantwortlich.<\/p>\n<h3><span style=\"color: #800000;\">Leuchtmittel, Lampen und Leuchten umweltgerecht entsorgen<\/span><\/h3>\n<p>Die meisten Lampen\/Leuchtmittel (Leuchtstofflampen kompakt und stabf\u00f6rmig, Energiesparlampen, Entladungslampen und LED) enthalten Schadstoffe und Ressourcen. Jeder Verbraucher ist deshalb gesetzlich verpflichtet, sie an einer zugelassenen Sammelstelle abzugeben. Dadurch werden sie einer umwelt- und ressourcenschonenden Verwertung zugef\u00fchrt. Sie k\u00f6nnen beim lokalen Wertstoff-\/Recyclinghof Leuchtmittel, Leuchten und Lampen kostenlos abgegeben.<\/p>\n<p>Au\u00dferdem finden Sie zugelassene Sammelstellen in Ihrer N\u00e4he unter: www.take-e-back.de<\/p>\n<h3><span style=\"color: #800000;\">Leuchtmittel, Leuchten und Lampen werden dort kostenlos angenommen.<\/span><\/h3>\n<p>Kompakt-Leuchtstofflampen, Halogen-Metalldampflampen, Leuchtstoffr\u00f6hren und Neonlampen k\u00f6nnen geringe Mengen an Quecksilber enthalten. Bei besch\u00e4digten Lampen vermeiden Sie Hautkontakt! Sammeln Sie die Bruchst\u00fccke mit einem feuchten Papier oder einem St\u00fcck Pappe auf und verpacken Sie die Reste f\u00fcr den Transport zum Wertstoff-\/Recyclinghof oder Schadstoffmobil luftdicht, zum Beispiel in einem Glas mit Schraubdeckel. L\u00fcften Sie das Zimmer f\u00fcr ca. 30 Minuten. Bitte saugen Sie die Bruchst\u00fccke nicht mit dem Staubsauger auf.<\/p>\n<h3><span style=\"color: #800000;\">Gl\u00fchbirnen und Halogenlampen d\u00fcrfen in den Hausm\u00fcll gegeben werden.<\/span><\/h3>\n<p>Wenn Sie sich nicht sicher sind, um welchen Lampentyp es sich handelt, geben Sie sie bitte an einer geeigneten Sammelstelle ab.<\/p>\n<p><strong>SEO:<\/strong>\u00a0Entsorgungshinweis f\u00fcr Waren mit Elektro-Bezug<\/p>\n<div class=\"shariff shariff-align-center shariff-widget-align-center shariff-buttonstretch\"><ul class=\"shariff-buttons theme-color orientation-horizontal buttonsize-small\"><li class=\"shariff-button facebook shariff-nocustomcolor\" style=\"background-color:#4273c8\"><a href=\"https:\/\/www.facebook.com\/sharer\/sharer.php?u=https%3A%2F%2Fwww.karaoke-helden.de%2Fplaybackshop%2Fentsorgungshinweis-fuer-waren-mit-elektro-bezug\" title=\"Bei Facebook teilen\" aria-label=\"Bei Facebook teilen\" role=\"button\" rel=\"nofollow\" class=\"shariff-link\" style=\"; background-color:#3b5998; color:#fff\" target=\"_blank\"><span class=\"shariff-icon\" style=\"\"><svg width=\"32px\" height=\"20px\" xmlns=\"http:\/\/www.w3.org\/2000\/svg\" viewBox=\"0 0 18 32\"><path fill=\"#3b5998\" d=\"M17.1 0.2v4.7h-2.8q-1.5 0-2.1 0.6t-0.5 1.9v3.4h5.2l-0.7 5.3h-4.5v13.6h-5.5v-13.6h-4.5v-5.3h4.5v-3.9q0-3.3 1.9-5.2t5-1.8q2.6 0 4.1 0.2z\"\/><\/svg><\/span><span class=\"shariff-text\">teilen<\/span>&nbsp;<\/a><\/li><li class=\"shariff-button twitter shariff-nocustomcolor\" style=\"background-color:#595959\"><a href=\"https:\/\/twitter.com\/share?url=https%3A%2F%2Fwww.karaoke-helden.de%2Fplaybackshop%2Fentsorgungshinweis-fuer-waren-mit-elektro-bezug&text=Entsorgungshinweis%20f%C3%BCr%20Waren%20mit%20Elektro-Bezug&via=d24online\" title=\"Bei X teilen\" aria-label=\"Bei X teilen\" role=\"button\" rel=\"noopener nofollow\" class=\"shariff-link\" style=\"; background-color:#000; color:#fff\" target=\"_blank\"><span class=\"shariff-icon\" style=\"\"><svg width=\"32px\" height=\"20px\" xmlns=\"http:\/\/www.w3.org\/2000\/svg\" viewBox=\"0 0 24 24\"><path fill=\"#000\" d=\"M14.258 10.152L23.176 0h-2.113l-7.747 8.813L7.133 0H0l9.352 13.328L0 23.973h2.113l8.176-9.309 6.531 9.309h7.133zm-2.895 3.293l-.949-1.328L2.875 1.56h3.246l6.086 8.523.945 1.328 7.91 11.078h-3.246zm0 0\"\/><\/svg><\/span><span class=\"shariff-text\">teilen<\/span>&nbsp;<\/a><\/li><li class=\"shariff-button linkedin shariff-nocustomcolor\" style=\"background-color:#1488bf\"><a href=\"https:\/\/www.linkedin.com\/sharing\/share-offsite\/?url=https%3A%2F%2Fwww.karaoke-helden.de%2Fplaybackshop%2Fentsorgungshinweis-fuer-waren-mit-elektro-bezug\" title=\"Bei LinkedIn teilen\" aria-label=\"Bei LinkedIn teilen\" role=\"button\" rel=\"noopener nofollow\" class=\"shariff-link\" style=\"; background-color:#0077b5; color:#fff\" target=\"_blank\"><span class=\"shariff-icon\" style=\"\"><svg width=\"32px\" height=\"20px\" xmlns=\"http:\/\/www.w3.org\/2000\/svg\" viewBox=\"0 0 27 32\"><path fill=\"#0077b5\" d=\"M6.2 11.2v17.7h-5.9v-17.7h5.9zM6.6 5.7q0 1.3-0.9 2.2t-2.4 0.9h0q-1.5 0-2.4-0.9t-0.9-2.2 0.9-2.2 2.4-0.9 2.4 0.9 0.9 2.2zM27.4 18.7v10.1h-5.9v-9.5q0-1.9-0.7-2.9t-2.3-1.1q-1.1 0-1.9 0.6t-1.2 1.5q-0.2 0.5-0.2 1.4v9.9h-5.9q0-7.1 0-11.6t0-5.3l0-0.9h5.9v2.6h0q0.4-0.6 0.7-1t1-0.9 1.6-0.8 2-0.3q3 0 4.9 2t1.9 6z\"\/><\/svg><\/span><span class=\"shariff-text\">teilen<\/span>&nbsp;<\/a><\/li><li class=\"shariff-button rss shariff-nocustomcolor\" style=\"background-color:#ff8c00\"><a href=\"https:\/\/www.karaoke-helden.de\/playbackshop\/feed\/rss\" title=\"RSS-feed\" aria-label=\"RSS-feed\" role=\"button\" class=\"shariff-link\" style=\"; background-color:#fe9312; color:#fff\" target=\"_blank\"><span class=\"shariff-icon\" style=\"\"><svg width=\"32px\" height=\"20px\" xmlns=\"http:\/\/www.w3.org\/2000\/svg\" viewBox=\"0 0 32 32\"><path fill=\"#fe9312\" d=\"M4.3 23.5c-2.3 0-4.3 1.9-4.3 4.3 0 2.3 1.9 4.2 4.3 4.2 2.4 0 4.3-1.9 4.3-4.2 0-2.3-1.9-4.3-4.3-4.3zM0 10.9v6.1c4 0 7.7 1.6 10.6 4.4 2.8 2.8 4.4 6.6 4.4 10.6h6.2c0-11.7-9.5-21.1-21.1-21.1zM0 0v6.1c14.2 0 25.8 11.6 25.8 25.9h6.2c0-17.6-14.4-32-32-32z\"\/><\/svg><\/span><span class=\"shariff-text\">RSS-feed<\/span>&nbsp;<\/a><\/li><li class=\"shariff-button printer shariff-nocustomcolor\" style=\"background-color:#a8a8a8\"><a href=\"javascript:window.print()\" title=\"drucken\" aria-label=\"drucken\" role=\"button\" rel=\"noopener nofollow\" class=\"shariff-link\" style=\"; background-color:#999; color:#fff\"><span class=\"shariff-icon\" style=\"\"><svg width=\"32px\" height=\"20px\" xmlns=\"http:\/\/www.w3.org\/2000\/svg\" viewBox=\"0 0 30 32\"><path fill=\"#999\" d=\"M6.8 27.4h16v-4.6h-16v4.6zM6.8 16h16v-6.8h-2.8q-0.7 0-1.2-0.5t-0.5-1.2v-2.8h-11.4v11.4zM27.4 17.2q0-0.5-0.3-0.8t-0.8-0.4-0.8 0.4-0.3 0.8 0.3 0.8 0.8 0.3 0.8-0.3 0.3-0.8zM29.7 17.2v7.4q0 0.2-0.2 0.4t-0.4 0.2h-4v2.8q0 0.7-0.5 1.2t-1.2 0.5h-17.2q-0.7 0-1.2-0.5t-0.5-1.2v-2.8h-4q-0.2 0-0.4-0.2t-0.2-0.4v-7.4q0-1.4 1-2.4t2.4-1h1.2v-9.7q0-0.7 0.5-1.2t1.2-0.5h12q0.7 0 1.6 0.4t1.3 0.8l2.7 2.7q0.5 0.5 0.9 1.4t0.4 1.6v4.6h1.1q1.4 0 2.4 1t1 2.4z\"\/><\/svg><\/span><span class=\"shariff-text\">drucken<\/span>&nbsp;<\/a><\/li><li class=\"shariff-button whatsapp shariff-nocustomcolor\" style=\"background-color:#5cbe4a\"><a href=\"https:\/\/api.whatsapp.com\/send?text=https%3A%2F%2Fwww.karaoke-helden.de%2Fplaybackshop%2Fentsorgungshinweis-fuer-waren-mit-elektro-bezug%20Entsorgungshinweis%20f%C3%BCr%20Waren%20mit%20Elektro-Bezug\" title=\"Bei Whatsapp teilen\" aria-label=\"Bei Whatsapp teilen\" role=\"button\" rel=\"noopener nofollow\" class=\"shariff-link\" style=\"; background-color:#34af23; color:#fff\" target=\"_blank\"><span class=\"shariff-icon\" style=\"\"><svg width=\"32px\" height=\"20px\" xmlns=\"http:\/\/www.w3.org\/2000\/svg\" viewBox=\"0 0 32 32\"><path fill=\"#34af23\" d=\"M17.6 17.4q0.2 0 1.7 0.8t1.6 0.9q0 0.1 0 0.3 0 0.6-0.3 1.4-0.3 0.7-1.3 1.2t-1.8 0.5q-1 0-3.4-1.1-1.7-0.8-3-2.1t-2.6-3.3q-1.3-1.9-1.3-3.5v-0.1q0.1-1.6 1.3-2.8 0.4-0.4 0.9-0.4 0.1 0 0.3 0t0.3 0q0.3 0 0.5 0.1t0.3 0.5q0.1 0.4 0.6 1.6t0.4 1.3q0 0.4-0.6 1t-0.6 0.8q0 0.1 0.1 0.3 0.6 1.3 1.8 2.4 1 0.9 2.7 1.8 0.2 0.1 0.4 0.1 0.3 0 1-0.9t0.9-0.9zM14 26.9q2.3 0 4.3-0.9t3.6-2.4 2.4-3.6 0.9-4.3-0.9-4.3-2.4-3.6-3.6-2.4-4.3-0.9-4.3 0.9-3.6 2.4-2.4 3.6-0.9 4.3q0 3.6 2.1 6.6l-1.4 4.2 4.3-1.4q2.8 1.9 6.2 1.9zM14 2.2q2.7 0 5.2 1.1t4.3 2.9 2.9 4.3 1.1 5.2-1.1 5.2-2.9 4.3-4.3 2.9-5.2 1.1q-3.5 0-6.5-1.7l-7.4 2.4 2.4-7.2q-1.9-3.2-1.9-6.9 0-2.7 1.1-5.2t2.9-4.3 4.3-2.9 5.2-1.1z\"\/><\/svg><\/span><span class=\"shariff-text\">teilen<\/span>&nbsp;<\/a><\/li><\/ul><\/div>","protected":false},"excerpt":{"rendered":"<p>Damit die Umwelt SAUBER bleibt! Batterien und Akkus umweltgerecht entsorgen Mein Entsorgungshinweis &#8211; Batterien und Akkumulatoren (Akkus) enthalten Schadstoffe und Ressourcen. Jeder Verbraucher ist deshalb gesetzlich verpflichtet, Alt-Batterien&#8230; <\/p>\n","protected":false},"author":1,"featured_media":1174,"parent":0,"menu_order":41,"comment_status":"closed","ping_status":"closed","template":"","meta":{"rank_math_lock_modified_date":false,"footnotes":""},"class_list":["post-1338","page","type-page","status-publish","has-post-thumbnail","hentry"],"_links":{"self":[{"href":"https:\/\/www.karaoke-helden.de\/playbackshop\/wp-json\/wp\/v2\/pages\/1338","targetHints":{"allow":["GET"]}}],"collection":[{"href":"https:\/\/www.karaoke-helden.de\/playbackshop\/wp-json\/wp\/v2\/pages"}],"about":[{"href":"https:\/\/www.karaoke-helden.de\/playbackshop\/wp-json\/wp\/v2\/types\/page"}],"author":[{"embeddable":true,"href":"https:\/\/www.karaoke-helden.de\/playbackshop\/wp-json\/wp\/v2\/users\/1"}],"replies":[{"embeddable":true,"href":"https:\/\/www.karaoke-helden.de\/playbackshop\/wp-json\/wp\/v2\/comments?post=1338"}],"version-history":[{"count":0,"href":"https:\/\/www.karaoke-helden.de\/playbackshop\/wp-json\/wp\/v2\/pages\/1338\/revisions"}],"wp:featuredmedia":[{"embeddable":true,"href":"https:\/\/www.karaoke-helden.de\/playbackshop\/wp-json\/wp\/v2\/media\/1174"}],"wp:attachment":[{"href":"https:\/\/www.karaoke-helden.de\/playbackshop\/wp-json\/wp\/v2\/media?parent=1338"}],"curies":[{"name":"wp","href":"https:\/\/api.w.org\/{rel}","templated":true}]}}