{"id":1638,"date":"2018-08-18T05:47:02","date_gmt":"2018-08-18T03:47:02","guid":{"rendered":"https:\/\/www.karaoke-helden.de\/playbackshop\/impressum\/"},"modified":"2024-03-16T22:36:30","modified_gmt":"2024-03-16T21:36:30","slug":"impressum","status":"publish","type":"page","link":"https:\/\/www.karaoke-helden.de\/playbackshop\/impressum","title":{"rendered":"Impressum"},"content":{"rendered":"<p><img decoding=\"async\" class=\"size-full wp-image-441 aligncenter\" src=\"https:\/\/www.karaoke-helden.de\/wp-content\/uploads\/2018\/01\/Karaoke-Helden-Info-.gif\" alt=\"karaoke-helden-info\" width=\"1100\" height=\"90\" \/><\/p>\n<h2>Impressum Karaoke-Helden<\/h2>\n<p>WICHTIGE INFORMATION ab 30.01.2024:<\/p>\n<div class=\"min-h-[20px] text-message flex flex-col items-start gap-3 whitespace-pre-wrap break-words [.text-message+&amp;]:mt-5 overflow-x-auto\" data-message-author-role=\"assistant\" data-message-id=\"01d1fcac-a906-40b3-a2b5-b8adba4441db\">\n<div class=\"markdown prose w-full break-words dark:prose-invert light AIPRM__conversation__response\">\n<p>Ich, Holger Korsten, gebe bekannt, dass am 30. Januar 2024 die Webseite karaoke-helden.de von mir \u00fcbernommen wurden. Es wird ausdr\u00fccklich darauf hingewiesen, dass ich f\u00fcr Bestellungen, Zahlungen, Beitr\u00e4ge und jedwede Verpflichtungen, die vor dem \u00dcbernahmedatum am 30.01.2024 entstanden sind, nicht verantwortlich oder haftbar bin. Jegliche Verbindlichkeiten, Forderungen oder Verpflichtungen, die vor diesem Datum entstanden sind, obliegen dem vorherigen Betreiber oder den jeweiligen juristischen Personen, die zu diesem Zeitpunkt f\u00fcr die Verwaltung und den Betrieb der genannten Webseite zust\u00e4ndig waren.<\/p>\n<\/div>\n<\/div>\n<div class=\"min-h-[20px] text-message flex flex-col items-start gap-3 whitespace-pre-wrap break-words [.text-message+&amp;]:mt-5 overflow-x-auto\" data-message-author-role=\"assistant\" data-message-id=\"ae2b3a69-ba65-4735-868d-b6782ffacbf5\">\n<div class=\"result-streaming markdown prose w-full break-words dark:prose-invert light AIPRM__conversation__response\">\n<p>F\u00fcr alle Anfragen, die sich auf Verpflichtungen vor dem genannten \u00dcbernahmedatum beziehen, m\u00fcssten Sie sich eigentlich direkt an die vorherigen Eigent\u00fcmer oder Betreiber wenden, was aber leider nicht mehr M\u00f6glich ist. Herr Sven Damaschun ist am 31.01.2024 nach langer, schwerer Krankheit leider verstorben.<\/p>\n<p>Ich als derzeitiger Betreiber von Karaoke-Helden.de setze mich f\u00fcr Transparenz und Klarheit ein und strebe danach, alle rechtlichen und gesch\u00e4ftlichen Angelegenheiten ab dem \u00dcbernahmedatum verantwortungsvoll und im Einklang mit den geltenden Gesetzen zu handhaben.<\/p>\n<hr \/>\n<p>Das Gesamtangebot von diesem Magazin und weiteren im Netz betriebenen \u00a0Magazinen \/ Portalen von Damaschun-Media besteht aus zwei Teilen mit unterschiedlichem Diensteanbieter, dieses Impressum ist f\u00fcr alle unsere Portale g\u00fcltig in DE\/AT\/CH \u00a0sowie im diesem Falle f\u00fcr dieses besuchte Portal \/ Magazin g\u00fcltig:<\/p>\n<\/div>\n<\/div>\n<p><strong>F\u00fcr die Inhalte des Angebots von \u201eDamaschun-Media\u201c ist mit Ausnahme der Beitr\u00e4ge der Zentralredaktion\u00a0<\/strong><\/p>\n<p>Damaschun-Media \u2013 Online-Zeitungen f\u00fcr Deutschland<br \/>\nHolger Korsten<br \/>\nc\/o IP-Management #16663<br \/>\nLudwig-Erhard-Stra\u00dfe 18<br \/>\n20459 Hamburg<\/p>\n<p>Tel: +49 (0)4186 \/ 89 52 24<\/p>\n<p><strong>E-Mail:<\/strong> info(\u00c4T)karaoke-helden.de<\/p>\n<p><strong>USt.Id.Nr:<\/strong>\u00a0DE310670225<\/p>\n<p><strong>Gesch\u00e4ftsf\u00fchrer:<\/strong>\u00a0Holger Korsten<\/p>\n<p><strong>Verantwortlich f\u00fcr den Inhalt i.S.d. \u00a7 18 Abs. 2 MStV<\/strong><\/p>\n<p>Holger Korsten, Damaschun-Media<br \/>\nc\/o IP-Management #16663<br \/>\nLudwig-Erhard-Stra\u00dfe 18<br \/>\n20459 Hamburg<\/p>\n<p><strong>Redaktionsleiter:<\/strong>\u00a0Holger Korsten<\/p>\n<p><strong>Redaktion:<\/strong><\/p>\n<p>Holger Korsten.<\/p>\n<p><strong>E-Mail:<\/strong> info(\u00c4T)karaoke-helden.de<\/p>\n<p><strong>Verantwortlich f\u00fcr Anzeigen:<\/strong>\u00a0Holger Korsten \u2013 Anzeigenleitung<\/p>\n<p>Die Europ\u00e4ische Kommission stellt eine Plattform zur Online-Streitbeilegung (OS) bereit:\u00a0<a href=\"http:\/\/ec.europa.eu\/consumers\/odr\" target=\"_blank\" rel=\"noopener\">http:\/\/ec.europa.eu\/<\/a><\/p>\n<p>Unsere E-Mail-Adresse finden Sie oben im Impressum.<\/p>\n<p>Wir sind nicht bereit oder verpflichtet, an Streitbeilegungsverfahren vor einer Verbraucherschlichtungsstelle teilzunehmen.<\/p>\n<p>Weitere Teile die hier zum Impressum geh\u00f6ren:<\/p>\n<p><em><strong>Beitr\u00e4ge der Zentralredaktion (ZR) der \u201eDamaschun-Media\u201c Verlagsgruppe werden automatisiert eingestellt.<\/strong><\/em><\/p>\n<p><strong>Verantwortlich f\u00fcr den Inhalt i.S.d. \u00a7 18 Abs. 2 MStV<\/strong><\/p>\n<p>Holger Korsten, Damaschun-Media<br \/>\nc\/o IP-Management #16663<br \/>\nLudwig-Erhard-Stra\u00dfe 18<br \/>\n20459 Hamburg<\/p>\n<p><strong>E-Mail: info(\u00c4T)karaoke-helden.de<\/strong><\/p>\n<p><strong>USt.Id.Nr:<\/strong>\u00a0DE310670225<\/p>\n<p><strong>Gesch\u00e4ftsf\u00fchrer:<\/strong>\u00a0Holger Korsten<\/p>\n<p><strong>Verantwortlich f\u00fcr den Inhalt i.S.d. \u00a7 18 Abs. 2 MStV<\/strong><\/p>\n<p>Holger Korsten, Damaschun-Media<br \/>\nc\/o IP-Management #16663<br \/>\nLudwig-Erhard-Stra\u00dfe 18<br \/>\n20459 Hamburg<\/p>\n<p><strong>Copyright \/ Urheberrecht:<\/strong><\/p>\n<p>Alle Rechte an den Artikeln auf unseren Portalen, insbesondere das Recht der Vervielf\u00e4ltigung und der elektronischen Weiterverbreitung, bleiben der jeweiligen Diensteanbieterin vorbehalten. Nachdruck, Verarbeitung und elektronische Verbreitung nur mit vorheriger Einwilligung der jeweiligen Diensteanbieterin .<\/p>\n<p>Verbreitung nur mit schriftlicher Genehmigung des Verlages. Dies gilt auch f\u00fcr die Aufnahme in elektronische Datenbanken und Vervielf\u00e4ltigung auf CD-ROM. Alle Informationen dienen zur pers\u00f6nlichen Information &#8211; eine kommerzielle Nutzung ist nicht erlaubt. Texte und -Bilder sind urheberrechtlich gesch\u00fctzt und d\u00fcrfen weder reproduziert noch wiederverwendet oder f\u00fcr gewerbliche Zwecke verwendet werden.<\/p>\n<p>F\u00fcr den Fall, dass in einem unserer Portale unzutreffende Informationen ver\u00f6ffentlicht oder in Programmen oder Datenbanken Fehler enthalten sein sollten, kommt eine Haftung nur bei grober Fahrl\u00e4ssigkeit des Verlages oder seiner Mitarbeiter in Betracht.<\/p>\n<p>F\u00fcr unverlangt eingesandte Manuskripte, Fotos , Illustrationen und E &#8211; Mails \u00fcbernimmt die Redaktion keine Haftung. Auf allen unseren Portalen werden u.a. Fotos von photocase.de, www.pixelio.de und Istockphoto.com verwendet.\u00a0Sowie Werke dritter die uns von den Meldungsanbietern \u00fcberlassen wurden. Die Urheber werden soweit bekannt mit Namen in der Bildbeschriftung angegeben bzw. der \u00dcbersender mit den Zusatz \u201cFREIGEGEBEN\u201d.<\/p>\n<p>Soweit die Inhalte auf dieser Seite nicht vom Betreiber erstellt wurden, werden die Urheberrechte Dritter beachtet. Insbesondere werden und sind Inhalte Dritter als solche gekennzeichnet.<br \/>\n(Beispiel: Text: BlaBlaBla-Agentur (ggf.auch mit Links zum Aussender oder Originalbeitrag))<\/p>\n<p>Sollten Sie trotzdem auf eine Urheberrechtsverletzung aufmerksam werden, bitten wir um einen entsprechenden Hinweis. Bei Bekanntwerden von Rechtsverletzungen werden wir derartige Inhalte umgehend entfernen.<\/p>\n<p><strong>Haftungshinweis:<\/strong><\/p>\n<p>Trotz sorgf\u00e4ltiger inhaltlicher Kontrolle \u00fcbernehmen wir keine Haftung f\u00fcr die Inhalte externer Links. F\u00fcr den Inhalt der verlinkten Seiten sind ausschlie\u00dflich deren Betreiber verantwortlich. Alle Angaben ohne Gew\u00e4hr!<\/p>\n<p><strong>Haftung f\u00fcr Inhalte:<\/strong><\/p>\n<p>Die Inhalte unserer Seiten wurden mit gr\u00f6\u00dfter Sorgfalt erstellt. F\u00fcr die Richtigkeit, Vollst\u00e4ndigkeit und Aktualit\u00e4t der Inhalte k\u00f6nnen wir jedoch keine Gew\u00e4hr \u00fcbernehmen. Als Diensteanbieter sind wir gem\u00e4\u00df \u00a7 7 Abs.1 TMG f\u00fcr eigene Inhalte auf diesen Seiten nach den allgemeinen Gesetzen verantwortlich. Nach \u00a7\u00a7 8 bis 10 TMG sind wir als Diensteanbieter jedoch nicht verpflichtet, \u00fcbermittelte oder gespeicherte fremde Informationen zu \u00fcberwachen oder nach Umst\u00e4nden zu forschen, die auf eine rechtswidrige T\u00e4tigkeit hinweisen.<\/p>\n<p>Verpflichtungen zur Entfernung oder Sperrung der Nutzung von Informationen nach den allgemeinen Gesetzen bleiben hiervon unber\u00fchrt. Eine diesbez\u00fcgliche Haftung ist jedoch erst ab dem Zeitpunkt der Kenntnis einer konkreten Rechtsverletzung m\u00f6glich. Bei Bekanntwerden von entsprechenden Rechtsverletzungen werden wir diese Inhalte umgehend entfernen.<\/p>\n<p>Da wir auch mit xml-Readern AUTOMATISCH Inhalte aus den Netz beziehen und in soweit nicht jeder Artikel gepr\u00fcft werden kann bezieht sich der Ausschluss der Haftung speziell auch auf Artikel die \u00fcber News-Aktuell (dpa-Tochter(OTS)) \/ pr-gateway \/ rgz \u00a0und djd etc. \u00fcber deren Pressemappe eingelesen werden k\u00f6nnen. Diese Art von Artikeln enthalten GRUNDS\u00c4TZLICH soweit vorhanden den Link zum ORIGINAL. Auch hier gilt: wir sind lediglich Dienstanbieter. Bei Problemen gleich welcher Art bitten wir um Mitteilung &#8211; Rechtsanspr\u00fcche sind gegen der Aussender der Meldung geltend zu machen.<\/p>\n<p><strong>Folgende Aussender stellen die Meldungen dieser Seite bereit:<\/strong><\/p>\n<p><strong>Nachrichtenagenturen:<\/strong> dpa, AFP, Reuters, OTS, NA, PRNewswire, Presseportal.ch, APA und weitere<\/p>\n<p><strong>Ratgeber-Themen:<\/strong> Easy-PR, PR Gateway, DJD und weitere<\/p>\n<p><strong>Rezepte:<\/strong> Wirths PR, Bad Reichenhaller, P.U.N.K.T. Gesellschaft f\u00fcr Public Relations mbH, Harry-Brot und weitere<\/p>\n<p><strong>Haftung f\u00fcr Links:<\/strong><\/p>\n<p>Unser Angebot enth\u00e4lt Links zu externen Webseiten Dritter, auf deren Inhalte wir keinen Einfluss haben. Deshalb k\u00f6nnen wir f\u00fcr diese fremden Inhalte auch keine Gew\u00e4hr \u00fcbernehmen. F\u00fcr die Inhalte der verlinkten Seiten ist stets der jeweilige Anbieter oder Betreiber der Seiten verantwortlich. Die verlinkten Seiten wurden zum Zeitpunkt der Verlinkung auf m\u00f6gliche Rechtsverst\u00f6\u00dfe \u00fcberpr\u00fcft. Rechtswidrige Inhalte waren zum Zeitpunkt der Verlinkung nicht erkennbar. Eine permanente inhaltliche Kontrolle der verlinkten Seiten ist jedoch ohne konkrete Anhaltspunkte einer Rechtsverletzung nicht zumutbar. Bei Bekanntwerden von Rechtsverletzungen werden wir derartige Links umgehend entfernen.<\/p>\n<p><strong>Sollte uns bei den Bildern oder Beitr\u00e4gen einmal ein Fehler unterlaufen was den Bereich Copyright angeht, bitten wir um Unterrichtung, damit dieser Fehler behoben werden kann, auch hier ARBEITEN nur &#8220;normale&#8221; Menschen&#8230; und Menschen machen auch Fehler! Vielen Dank.<\/strong><\/p>\n<p><strong>Gerichtsstand:<\/strong> Hamburg<\/p>\n<p><strong>Publizistische Leitlinien:<\/strong><\/p>\n<p>Die in unseren Artikeln \/ Beitr\u00e4gen und Impressum erw\u00e4hnten Personen d\u00fcrfen nicht in einer Kartei gespeichert werden und ihre Namen und Adressen nicht ohne Einverst\u00e4ndnis der genannten Personen genutzt werden.<\/p>\n<p><strong>Rechtliche Abweichungen in den L\u00e4ndern:<\/strong><\/p>\n<p>Sollte es bez\u00fcglich der Rechte in \u00d6sterreich und in der Schweiz Abweichungen geben die wir nicht AUFGEF\u00dcHRT haben, bleiben alle anderen Regelungen und AGBs bestehen. Hier unterwerfen wir uns gerne den jeweils G\u00dcLTIGEN Gesetzen.<\/p>\n<p>&nbsp;<\/p>\n<p><em>Quellen:\u00a0<a href=\"http:\/\/www.e-recht24.de\/muster-disclaimer.htm\" target=\"_blank\" rel=\"noopener noreferrer\">eRecht24 Disclaimer<\/a>,\u00a0<a href=\"http:\/\/www.e-recht24.de\/artikel\/datenschutz\/6590-facebook-like-button-datenschutz-disclaimer.html\" target=\"_blank\" rel=\"noopener noreferrer\">Facebook Datenschutzerkl\u00e4rung<\/a>,\u00a0Datenschutzerkl\u00e4rung Google Analytics,\u00a0<a href=\"http:\/\/www.e-recht24.de\/artikel\/datenschutz\/6635-datenschutz-rechtliche-risiken-bei-der-nutzung-von-google-analytics-und-googleadsense.html\" target=\"_blank\" rel=\"noopener noreferrer\">eRecht24 Datenschutzerkl\u00e4rung Google Adsense<\/a>,\u00a0<a href=\"http:\/\/www.google.com\/intl\/de\/+\/policy\/+1button.html\" target=\"_blank\" rel=\"noopener noreferrer\">Datenschutzerkl\u00e4rung f\u00fcr Google +1<\/a>,\u00a0<a href=\"http:\/\/twitter.com\/privacy\" target=\"_blank\" rel=\"noopener noreferrer\">Twitter Bedingungen<\/a><\/em><\/p>\n<p><a title=\"\" href=\"https:\/\/seo-agentur-online-marketing-webdesign.de\/\" target=\"_blank\" rel=\"noopener\"><img decoding=\"async\" class=\"alignright size-full wp-image-15294\" src=\"http:\/\/www.mittelrhein-tageblatt.de\/wp-content\/uploads\/2016\/08\/e-recht.png\" alt=\"e-recht\" width=\"120\" height=\"155\" \/><\/a><\/p>\n","protected":false},"excerpt":{"rendered":"<p>Impressum Karaoke-Helden WICHTIGE INFORMATION ab 30.01.2024: Ich, Holger Korsten, gebe bekannt, dass am 30. Januar 2024 die Webseite karaoke-helden.de von mir \u00fcbernommen wurden. Es wird ausdr\u00fccklich darauf hingewiesen,&#8230; <\/p>\n","protected":false},"author":1,"featured_media":1963,"parent":0,"menu_order":33,"comment_status":"closed","ping_status":"closed","template":"","meta":{"rank_math_lock_modified_date":false,"footnotes":""},"class_list":["post-1638","page","type-page","status-publish","has-post-thumbnail","hentry"],"_links":{"self":[{"href":"https:\/\/www.karaoke-helden.de\/playbackshop\/wp-json\/wp\/v2\/pages\/1638","targetHints":{"allow":["GET"]}}],"collection":[{"href":"https:\/\/www.karaoke-helden.de\/playbackshop\/wp-json\/wp\/v2\/pages"}],"about":[{"href":"https:\/\/www.karaoke-helden.de\/playbackshop\/wp-json\/wp\/v2\/types\/page"}],"author":[{"embeddable":true,"href":"https:\/\/www.karaoke-helden.de\/playbackshop\/wp-json\/wp\/v2\/users\/1"}],"replies":[{"embeddable":true,"href":"https:\/\/www.karaoke-helden.de\/playbackshop\/wp-json\/wp\/v2\/comments?post=1638"}],"version-history":[{"count":3,"href":"https:\/\/www.karaoke-helden.de\/playbackshop\/wp-json\/wp\/v2\/pages\/1638\/revisions"}],"predecessor-version":[{"id":11002,"href":"https:\/\/www.karaoke-helden.de\/playbackshop\/wp-json\/wp\/v2\/pages\/1638\/revisions\/11002"}],"wp:featuredmedia":[{"embeddable":true,"href":"https:\/\/www.karaoke-helden.de\/playbackshop\/wp-json\/wp\/v2\/media\/1963"}],"wp:attachment":[{"href":"https:\/\/www.karaoke-helden.de\/playbackshop\/wp-json\/wp\/v2\/media?parent=1638"}],"curies":[{"name":"wp","href":"https:\/\/api.w.org\/{rel}","templated":true}]}}