{"id":365,"date":"2018-03-26T04:11:38","date_gmt":"2018-03-26T02:11:38","guid":{"rendered":"https:\/\/midifiles-kaufen.de\/?page_id=365"},"modified":"2021-12-31T11:24:24","modified_gmt":"2021-12-31T10:24:24","slug":"allgemeine-geschaeftsbedingungen-bei-playback-kaufen","status":"publish","type":"page","link":"https:\/\/www.karaoke-helden.de\/playbackshop\/allgemeine-geschaeftsbedingungen-bei-playback-kaufen","title":{"rendered":"Allgemeine Gesch\u00e4ftsbedingungen bei World-of-Karaoke"},"content":{"rendered":"<p><img decoding=\"async\" class=\"size-full wp-image-1964 aligncenter\" src=\"https:\/\/www.karaoke-helden.de\/playbackshop\/wp-content\/uploads\/2018\/08\/Banner-Playback-kaufen-Shop-02.gif\" alt=\"Banner-Karaoke-Helden-Shop-02\" width=\"1000\" height=\"90\" \/><\/p>\n<h2><span style=\"color: #800000;\">Unsere Allgemeine Gesch\u00e4ftsbedingungen und Kundeninformationen<\/span><\/h2>\n<figure id=\"attachment_1963\" aria-describedby=\"caption-attachment-1963\" style=\"width: 430px\" class=\"wp-caption alignright\"><img decoding=\"async\" class=\"size-full wp-image-1963\" src=\"https:\/\/www.karaoke-helden.de\/playbackshop\/wp-content\/uploads\/2018\/08\/World-of-Karaoke-Sven-Damaschun.gif\" alt=\"Karaoke-Helden - Sven Damaschun\" width=\"430\" height=\"287\" \/><figcaption id=\"caption-attachment-1963\" class=\"wp-caption-text\">Super Midifiles und tolle Playbacks und alles f\u00fcr Karaokeliebhaber zum g\u00fcnstigen Preis! Ich biete die etwas ANDEREN Files im Netz der M\u00f6glichkeiten mit Extra-Service f\u00fcr Ketron-Nutzer! World-Of-Karaoke.<\/figcaption><\/figure>\n<p>Allgemeine Gesch\u00e4ftsbedingungen<\/p>\n<p>1.\u00a0GELTUNGSBEREICH<\/p>\n<p>F\u00fcr alle Bestellungen \u00fcber unseren Online-Shop durch Verbraucher und Unternehmer gelten die nachfolgenden AGB.<\/p>\n<p>Verbraucher ist jede nat\u00fcrliche Person, die ein Rechtsgesch\u00e4ft zu Zwecken abschlie\u00dft, die \u00fcberwiegend weder ihrer gewerblichen noch ihrer selbst\u00e4ndigen beruflichen T\u00e4tigkeit zugerechnet werden k\u00f6nnen. Unternehmer ist eine nat\u00fcrliche oder juristische Person oder eine rechtsf\u00e4hige Personengesellschaft, die bei Abschluss eines Rechtsgesch\u00e4fts in Aus\u00fcbung ihrer gewerblichen oder selbst\u00e4ndigen beruflichen T\u00e4tigkeit handelt.<\/p>\n<p>Gegen\u00fcber Unternehmern gilt: Verwendet der Unternehmer entgegenstehende oder erg\u00e4nzende Allgemeine Gesch\u00e4ftsbedingungen, wird deren Geltung hiermit widersprochen; sie werden nur dann Vertragsbestandteil, wenn wir dem ausdr\u00fccklich zugestimmt haben.<\/p>\n<p>2.\u00a0VERTRAGSPARTNER, VERTRAGSSCHLUSS, KORREKTURM\u00d6GLICHKEITEN<\/p>\n<p>Der Kaufvertrag kommt zustande mit Damaschun-Media -.<\/p>\n<p>Mit Einstellung der Produkte in den Online-Shop geben wir ein verbindliches Angebot zum Vertragsschluss \u00fcber diese Artikel ab. Sie k\u00f6nnen unsere Produkte zun\u00e4chst unverbindlich in den Warenkorb legen und Ihre Eingaben vor Absenden Ihrer verbindlichen Bestellung jederzeit korrigieren, indem Sie die hierf\u00fcr im Bestellablauf vorgesehenen und erl\u00e4uterten Korrekturhilfen nutzen. Der Vertrag kommt zustande, indem Sie durch Anklicken des Bestellbuttons das Angebot \u00fcber die im Warenkorb enthaltenen Waren annehmen. Unmittelbar nach dem Absenden der Bestellung erhalten Sie noch einmal eine Best\u00e4tigung per E-Mail.<\/p>\n<p>3.\u00a0VERTRAGSSPRACHE, VERTRAGSTEXTSPEICHERUNG<\/p>\n<p>Die f\u00fcr den Vertragsschluss zur Verf\u00fcgung stehende(n) Sprache(n): Deutsch<\/p>\n<p>Wir speichern den Vertragstext und senden Ihnen die Bestelldaten und unsere AGB in Textform zu. Den Vertragstext k\u00f6nnen Sie in unserem Kunden-Login einsehen.<\/p>\n<p>4.\u00a0LIEFERBEDINGUNGEN<\/p>\n<p>Zuz\u00fcglich zu den angegebenen Produktpreisen kommen noch Versandkosten hinzu. N\u00e4heres zur H\u00f6he der Versandkosten erfahren Sie bei den Angeboten.<\/p>\n<p>Sie haben grunds\u00e4tzlich die M\u00f6glichkeit der Abholung bei Damaschun-Media, Rhein-Mosel-Stra\u00dfe 5, 56291 Laudert, Deutschland zu den nachfolgend angegebenen Gesch\u00e4ftszeiten: T\u00e4glich<\/p>\n<p>5.\u00a0BEZAHLUNG<\/p>\n<p>In unserem Shop stehen Ihnen grunds\u00e4tzlich die folgenden Zahlungsarten zur Verf\u00fcgung:<\/p>\n<p>Vorkasse<br \/>\nBei Auswahl der Zahlungsart Vorkasse nennen wir Ihnen unsere Bankverbindung in separater E-Mail und liefern die Ware nach Zahlungseingang.<\/p>\n<p>Nachnahme<br \/>\nSie zahlen den Kaufpreis direkt beim Zusteller. Es fallen zzgl. 5,00 Euro als Kosten an.<\/p>\n<p>Kreditkarte<br \/>\nIm Bestellprozess geben Sie Ihre Kreditkartendaten an. Ihre Karte wird unmittelbar nach Abgabe der Bestellung belastet.<\/p>\n<p>SEPA-Lastschriftverfahren<br \/>\nMit Abgabe der Bestellung erteilen Sie uns ein SEPA-Lastschriftmandat. \u00dcber das Datum der Kontobelastung werden wir Sie mindestens einen Bankgesch\u00e4ftstag im Voraus informieren (sog. Prenotification). Ein Bankgesch\u00e4ftstag ist jeder Werktag mit Ausnahme von Samstagen, bundeseinheitlichen gesetzlichen Feiertagen sowie der 24. Und 31. Dezember eines jeden Jahres. Die Kontobelastung erfolgt vor Versand der Ware.<\/p>\n<p>PayPal, PayPal Express<br \/>\nUm den Rechnungsbetrag \u00fcber den Zahlungsdienstleister PayPal (Europe) S.\u00e0 r.l. et Cie, S.C.A, 22-24 Boulevard Royal, L-2449 Luxembourg (\u201ePayPal\u201c) bezahlen zu k\u00f6nnen, m\u00fcssen Sie bei PayPal registriert sein, sich mit Ihren Zugangsdaten legitimieren und die Zahlungsanweisung best\u00e4tigen. Die Zahlungstransaktion wird durch PayPal unmittelbar nach Abgabe der Bestellung durchgef\u00fchrt. Weitere Hinweise erhalten Sie im Bestellvorgang.<\/p>\n<p>PayPal Plus<br \/>\nIn Zusammenarbeit mit dem Zahlungsdienstleister PayPal (Europe) S.\u00e0 r.l. et Cie, S.C.A, 22-24 Boulevard Royal, L-2449 Luxembourg (\u201ePayPal\u201c) bieten wir Ihnen die nachfolgenden Zahlungsoptionen als PayPal Services an. Sofern nachfolgend nichts anderes geregelt ist, setzt die Zahlung \u00fcber PayPal Plus keine Registrierung bei PayPal voraus. Weitere Hinweise erhalten Sie bei der jeweiligen Zahlungsoption und im Bestellvorgang.<\/p>\n<p>PayPal<br \/>\nUm den Rechnungsbetrag \u00fcber die Zahlungsoption PayPal bezahlen zu k\u00f6nnen, m\u00fcssen Sie bei PayPal registriert sein, sich mit Ihren Zugangsdaten legitimieren und die Zahlungsanweisung best\u00e4tigen. Die Zahlungstransaktion wird durch PayPal unmittelbar nach Abgabe der Bestellung durchgef\u00fchrt.<\/p>\n<p>Kreditkarte \u00fcber PayPal<br \/>\nIhre Karte wird durch PayPal nach Versendung der Ware belastet.<\/p>\n<p>Lastschrift \u00fcber PayPal<br \/>\nDie Zahlung per Lastschrift \u00fcber PayPal setzt eine Adress- und Bonit\u00e4tspr\u00fcfung voraus und erfolgt direkt an PayPal. Mit Best\u00e4tigung der Zahlungsanweisung erteilen Sie PayPal ein Lastschriftmandat. \u00dcber das Datum der Kontobelastung werden Sie von PayPal informiert (sog. Prenotification). Die Kontobelastung erfolgt vor Versendung der Ware.<\/p>\n<p>Kauf auf Rechnung \u00fcber PayPal<br \/>\nDer Kauf auf Rechnung \u00fcber PayPal setzt eine Adress- und Bonit\u00e4tspr\u00fcfung voraus und erfolgt direkt an PayPal.<\/p>\n<p>Google Pay<br \/>\nUm den Rechnungsbetrag \u00fcber den Zahlungsdienstleister Google Ireland Ltd., Gordon House, Barrow Street, Dublin 4, Irland (\u201eGoogle\u201c) bezahlen zu k\u00f6nnen, m\u00fcssen Sie bei Google registriert sein, die Funktion Google Pay aktiviert haben, sich mit Ihren Zugangsdaten legitimieren und die Zahlungsanweisung best\u00e4tigen. Die Zahlungstransaktion wird unmittelbar nach Abgabe der Bestellung durchgef\u00fchrt. Weitere Hinweise erhalten Sie im Bestellvorgang.<\/p>\n<p>giropay \/ paydirekt<br \/>\nIn Kooperation mit dem Zahlungsdienstleister paydirekt GmbH, Stephanstr. 14-16, 60313 Frankfurt a. M (\u201egiropay\u201c oder \u201epaydirekt\u201c) bieten wir die Zahlungsarten giropay und paydirekt an.<\/p>\n<p>giropay<br \/>\nUm den Rechnungsbetrag \u00fcber giropay bezahlen zu k\u00f6nnen, m\u00fcssen Sie \u00fcber ein f\u00fcr Online-Banking freigeschaltetes Bankkonto verf\u00fcgen, sich entsprechend legitimieren und die Zahlungsanweisung best\u00e4tigen. Ihr Konto wird unmittelbar nach Abgabe der Bestellung belastet. Weitere Hinweise erhalten Sie im Bestellvorgang.<\/p>\n<p>paydirekt<br \/>\nUm den Rechnungsbetrag \u00fcber paydirekt bezahlen zu k\u00f6nnen, m\u00fcssen Sie \u00fcber ein f\u00fcr Online-Banking freigeschaltetes Bankkonto verf\u00fcgen, bei paydirekt registriert sein, sich mit Ihren Zugangsdaten legitimieren und die Zahlungsanweisung best\u00e4tigen. Die Zahlungstransaktion wird unmittelbar nach Abgabe der Bestellung durchgef\u00fchrt. Weitere Hinweise erhalten Sie im Bestellvorgang.<\/p>\n<p>Rechnung<br \/>\nDer Rechnungsbetrag ist 7 Tage nach Erhalt der Rechnung und der Ware per \u00dcberweisung auf das in der Rechnung angegebene Bankkonto f\u00e4llig. Wir behalten uns vor, den Kauf auf Rechnung nur nach einer erfolgreichen Bonit\u00e4tspr\u00fcfung anzubieten.<\/p>\n<p>Ratenkauf \u00fcber PayPal<br \/>\nIn Zusammenarbeit mit PayPal, bieten wir Ihnen die M\u00f6glichkeit des Ratenkaufs an. Voraussetzung ist eine erfolgreiche Adress- und Bonit\u00e4tspr\u00fcfung. F\u00fcr die Zahlungsabwicklung gelten \u2013 erg\u00e4nzend zu unseren AGB \u2013 die AGB von PayPal. Weitere Hinweise einschlie\u00dflich der AGB von PayPal erhalten Sie im Bestellprozess.<\/p>\n<p>Barzahlung bei Abholung<br \/>\nSie zahlen den Rechnungsbetrag bei der Abholung bar.<\/p>\n<p>6.\u00a0WIDERRUFSRECHT<\/p>\n<p>Verbrauchern steht das gesetzliche Widerrufsrecht, wie in der Widerrufsbelehrung beschrieben, zu. Unternehmern wird kein freiwilliges Widerrufsrecht einger\u00e4umt.<\/p>\n<p>7.\u00a0EIGENTUMSVORBEHALT<\/p>\n<p>Die Ware bleibt bis zur vollst\u00e4ndigen Bezahlung unser Eigentum.<br \/>\nF\u00fcr Unternehmer gilt erg\u00e4nzend: Wir behalten uns das Eigentum an der Ware bis zur vollst\u00e4ndigen Begleichung aller Forderungen aus einer laufenden Gesch\u00e4ftsbeziehung vor. Sie d\u00fcrfen die Vorbehaltsware im ordentlichen Gesch\u00e4ftsbetrieb weiterver\u00e4u\u00dfern; s\u00e4mtliche aus diesem Weiterverkauf entstehenden Forderungen treten Sie \u2013 unabh\u00e4ngig von einer Verbindung oder Vermischung der Vorbehaltsware mit einer neuen Sache &#8211; in H\u00f6he des Rechnungsbetrages an uns im Voraus ab, und wir nehmen diese Abtretung an. Sie bleiben zur Einziehung der Forderungen erm\u00e4chtigt, wir d\u00fcrfen Forderungen jedoch auch selbst einziehen, soweit Sie Ihren Zahlungsverpflichtungen nicht nachkommen. Die uns zustehenden Sicherheiten werden wir auf Ihr Verlangen insoweit freigeben, als der realisierbare Wert der Sicherheiten den Wert der offenen Forderungen um mehr als 10 % \u00fcbersteigt.<\/p>\n<p>8.\u00a0TRANSPORTSCH\u00c4DEN<\/p>\n<p>F\u00fcr Verbraucher gilt: Werden Waren mit offensichtlichen Transportsch\u00e4den angeliefert, so reklamieren Sie solche Fehler bitte m\u00f6glichst sofort beim Zusteller und nehmen Sie bitte unverz\u00fcglich Kontakt zu uns auf. Die Vers\u00e4umung einer Reklamation oder Kontaktaufnahme hat f\u00fcr Ihre gesetzlichen Anspr\u00fcche und deren Durchsetzung, insbesondere Ihre Gew\u00e4hrleistungsrechte, keinerlei Konsequenzen. Sie helfen uns aber, unsere eigenen Anspr\u00fcche gegen\u00fcber dem Frachtf\u00fchrer bzw. der Transportversicherung geltend machen zu k\u00f6nnen.<\/p>\n<p>F\u00fcr Unternehmer gilt: Die Gefahr des zuf\u00e4lligen Untergangs und der zuf\u00e4lligen Verschlechterung geht auf Sie \u00fcber, sobald wir die Sache dem Spediteur, dem Frachtf\u00fchrer oder der sonst zur Ausf\u00fchrung der Versendung bestimmten Person oder Anstalt ausgeliefert haben.<\/p>\n<p>9.\u00a0GEW\u00c4HRLEISTUNG UND GARANTIEN<\/p>\n<p>9.1\u00a0M\u00c4NGELHAFTUNGSRECHT<\/p>\n<p>Soweit nicht ausdr\u00fccklich anders vereinbart, gilt das gesetzliche M\u00e4ngelhaftungsrecht.<\/p>\n<p>Die nachstehenden Einschr\u00e4nkungen und Fristverk\u00fcrzungen gelten nicht f\u00fcr Anspr\u00fcche aufgrund von Sch\u00e4den, die durch uns, unsere gesetzlichen Vertreter oder Erf\u00fcllungsgehilfen verursacht wurden<\/p>\n<p>* bei Verletzung des Lebens, des K\u00f6rpers oder der Gesundheit<br \/>\n* bei vors\u00e4tzlicher oder grob fahrl\u00e4ssiger Pflichtverletzung sowie Arglist<br \/>\n* bei Verletzung wesentlicher Vertragspflichten, deren Erf\u00fcllung die ordnungsgem\u00e4\u00dfe Durchf\u00fchrung des Vertrages \u00fcberhaupt erst erm\u00f6glicht und auf deren Einhaltung der Vertragspartner regelm\u00e4\u00dfig vertrauen darf (Kardinalpflichten)<br \/>\n* im Rahmen eines Garantieversprechens, soweit vereinbart, oder<br \/>\n* soweit der Anwendungsbereich des Produkthaftungsgesetzes er\u00f6ffnet ist.<\/p>\n<p>Beschr\u00e4nkungen gegen\u00fcber Unternehmern<\/p>\n<p>Gegen\u00fcber Unternehmern gelten als Vereinbarung \u00fcber die Beschaffenheit der Ware nur unsere eigenen Angaben und die Produktbeschreibungen des Herstellers, die in den Vertrag einbezogen wurden; f\u00fcr \u00f6ffentliche \u00c4u\u00dferungen des Herstellers oder sonstige Werbeaussagen \u00fcbernehmen wir keine Haftung. F\u00fcr Unternehmer betr\u00e4gt die Verj\u00e4hrungsfrist f\u00fcr M\u00e4ngelanspr\u00fcche bei neu hergestellten Sachen ein Jahr ab Gefahr\u00fcbergang. Der Verkauf gebrauchter Waren erfolgt unter Ausschluss jeglicher Gew\u00e4hrleistung.<\/p>\n<p>Die gesetzlichen Verj\u00e4hrungsfristen f\u00fcr den R\u00fcckgriffsanspruch nach \u00a7 445a BGB bleiben unber\u00fchrt.<\/p>\n<p>Regelungen gegen\u00fcber Kaufleuten<\/p>\n<p>Unter Kaufleuten gilt die in \u00a7 377 HGB geregelte Untersuchungs- und R\u00fcgepflicht. Unterlassen Sie die dort geregelte Anzeige, so gilt die Ware als genehmigt, es sei denn, dass es sich um einen Mangel handelt, der bei der Untersuchung nicht erkennbar war. Dies gilt nicht, falls wir einen Mangel arglistig verschwiegen haben.<\/p>\n<p>Hinweis gegen\u00fcber Verbrauchern<\/p>\n<p>Wir m\u00f6chten Sie dar\u00fcber informieren, dass wir beim Verkauf von gebrauchten Waren an Verbraucher die Verj\u00e4hrungsfrist bzgl. der M\u00e4ngelgew\u00e4hrleistungsrechte auf ein Jahr ab Ablieferung der Ware verk\u00fcrzen d\u00fcrfen, sofern wir Sie dar\u00fcber eigens in Kenntnis setzen und dies ausdr\u00fccklich und gesondert vereinbart wird.<\/p>\n<p>9.2\u00a0GARANTIEN UND KUNDENDIENST<\/p>\n<p>Informationen zu gegebenenfalls geltenden zus\u00e4tzlichen Garantien und deren genaue Bedingungen finden Sie jeweils beim Produkt und auf besonderen Informationsseiten im Online-Shop.<\/p>\n<p>Kundendienst: Wir bieten unseren Kunden eine 7-Tage Hotline unter 06746 80 35 685 &#8211; Von 14:00 bis 18:00 Uhr<\/p>\n<p>10.\u00a0HAFTUNG<\/p>\n<p>F\u00fcr Anspr\u00fcche aufgrund von Sch\u00e4den, die durch uns, unsere gesetzlichen Vertreter oder Erf\u00fcllungsgehilfen verursacht wurden, haften wir stets unbeschr\u00e4nkt<\/p>\n<p>* bei Verletzung des Lebens, des K\u00f6rpers oder der Gesundheit,<br \/>\n* bei vors\u00e4tzlicher oder grob fahrl\u00e4ssiger Pflichtverletzung,<br \/>\n* bei Garantieversprechen, soweit vereinbart, oder<br \/>\n* soweit der Anwendungsbereich des Produkthaftungsgesetzes er\u00f6ffnet ist.<\/p>\n<p>Bei Verletzung wesentlicher Vertragspflichten, deren Erf\u00fcllung die ordnungsgem\u00e4\u00dfe Durchf\u00fchrung des Vertrages \u00fcberhaupt erst erm\u00f6glicht und auf deren Einhaltung der Vertragspartner regelm\u00e4\u00dfig vertrauen darf, (Kardinalpflichten) durch leichte Fahrl\u00e4ssigkeit von uns, unseren gesetzlichen Vertretern oder Erf\u00fcllungsgehilfen ist die Haftung der H\u00f6he nach auf den bei Vertragsschluss vorhersehbaren Schaden begrenzt, mit dessen Entstehung typischerweise gerechnet werden muss.<br \/>\nIm \u00dcbrigen sind Anspr\u00fcche auf Schadensersatz ausgeschlossen.<\/p>\n<p>11.\u00a0STREITBEILEGUNG<\/p>\n<p>Die Europ\u00e4ische Kommission stellt eine Plattform zur Online-Streitbeilegung (OS) bereit, die Sie hier [https:\/\/ec.europa.eu\/consumers\/odr\/] finden. Zur Teilnahme an einem Streitbeilegungsverfahren vor einer Verbraucherschlichtungsstelle sind wir nicht verpflichtet und nicht bereit.<\/p>\n<p>12.\u00a0JUGENDSCHUTZ<\/p>\n<p>Sofern Ihre Bestellung Waren umfasst, deren Verkauf Altersbeschr\u00e4nkungen unterliegt, stellen wir durch den Einsatz eines zuverl\u00e4ssigen Verfahrens unter Einbeziehung einer pers\u00f6nlichen Identit\u00e4ts- und Alterspr\u00fcfung sicher, dass der Besteller das erforderliche Mindestalter erreicht hat. Der Zusteller \u00fcbergibt die Ware erst nach erfolgter Alterspr\u00fcfung und nur an den Besteller pers\u00f6nlich. Eine Zustellung an Packstationen ist in diesem Fall nicht m\u00f6glich.<\/p>\n<p>13.\u00a0SCHLUSSBESTIMMUNGEN<\/p>\n<p>Sind Sie Unternehmer, dann gilt deutsches Recht unter Ausschluss des UN-Kaufrechts.<\/p>\n<p>AGB [https:\/\/legal.trustedshops.com\/produkte\/rechtstexter] erstellt mit dem Trusted Shops [https:\/\/legal.trustedshops.com\/] Rechtstexter in Kooperation mit F\u00d6HLISCH Rechtsanw\u00e4lte [https:\/\/foehlisch.com].<\/p>\n<p><strong>Stand der AGBs:<\/strong> 3\/2018 &#8211; <a href=\"https:\/\/www.karaoke-helden.de\/playbackshop\/datenschutz\">Unsere Datenschutzerkl\u00e4rung finden Sie HIER!<\/a><\/p>\n<p>Zum Impressum der Seite <a href=\"https:\/\/www.karaoke-helden.de\/playbackshop\/midifiles-kaufen-das-aktuelle-impressum-fuer-diesen-playback-shop\/\">kommen Sie mit einen KLICK HIER!<\/a><\/p>\n","protected":false},"excerpt":{"rendered":"<p>Unsere Allgemeine Gesch\u00e4ftsbedingungen und Kundeninformationen Allgemeine Gesch\u00e4ftsbedingungen 1.\u00a0GELTUNGSBEREICH F\u00fcr alle Bestellungen \u00fcber unseren Online-Shop durch Verbraucher und Unternehmer gelten die nachfolgenden AGB. Verbraucher ist jede nat\u00fcrliche Person, die&#8230; <\/p>\n","protected":false},"author":1,"featured_media":1174,"parent":0,"menu_order":40,"comment_status":"closed","ping_status":"closed","template":"","meta":{"rank_math_lock_modified_date":false,"footnotes":""},"class_list":["post-365","page","type-page","status-publish","has-post-thumbnail","hentry"],"_links":{"self":[{"href":"https:\/\/www.karaoke-helden.de\/playbackshop\/wp-json\/wp\/v2\/pages\/365","targetHints":{"allow":["GET"]}}],"collection":[{"href":"https:\/\/www.karaoke-helden.de\/playbackshop\/wp-json\/wp\/v2\/pages"}],"about":[{"href":"https:\/\/www.karaoke-helden.de\/playbackshop\/wp-json\/wp\/v2\/types\/page"}],"author":[{"embeddable":true,"href":"https:\/\/www.karaoke-helden.de\/playbackshop\/wp-json\/wp\/v2\/users\/1"}],"replies":[{"embeddable":true,"href":"https:\/\/www.karaoke-helden.de\/playbackshop\/wp-json\/wp\/v2\/comments?post=365"}],"version-history":[{"count":0,"href":"https:\/\/www.karaoke-helden.de\/playbackshop\/wp-json\/wp\/v2\/pages\/365\/revisions"}],"wp:featuredmedia":[{"embeddable":true,"href":"https:\/\/www.karaoke-helden.de\/playbackshop\/wp-json\/wp\/v2\/media\/1174"}],"wp:attachment":[{"href":"https:\/\/www.karaoke-helden.de\/playbackshop\/wp-json\/wp\/v2\/media?parent=365"}],"curies":[{"name":"wp","href":"https:\/\/api.w.org\/{rel}","templated":true}]}}