{"id":1797,"date":"2020-08-16T12:54:12","date_gmt":"2020-08-16T10:54:12","guid":{"rendered":"https:\/\/www.karaoke-helden.de\/playbackshop\/?post_type=product&#038;p=1797"},"modified":"2020-08-16T13:35:33","modified_gmt":"2020-08-16T11:35:33","slug":"kontor-festival-sounds-2018-the-opening-season-neue-cd","status":"publish","type":"product","link":"https:\/\/www.karaoke-helden.de\/playbackshop\/kontor-festival-sounds-2018-the-opening-season-neue-cd","title":{"rendered":"Kontor Festival Sounds 2018 &#8211; The Opening Season &#8211; NEUE CD"},"content":{"rendered":"<h2>Kontor Festival Sounds 2018 &#8211; The Opening Season &#8211; NEUE CD &#8211; Als Top-Angebot<\/h2>\n<h3>ARTIKELZUSTAND \/ ENTH\u00c4LT : Nagelneu \/ 3 CDs &#8211; Versand in Deutschland mit DHL-Sendungsnummer &#8230;<\/h3>\n<p><em><strong>CD-Shop &#8211;<\/strong> <\/em>Unz\u00e4hlige Dance J\u00fcnger werden wieder von Festival zu Festival pilgern, um ihre DJ Stars live zu erleben, Beats und B\u00e4sse aufzusaugen und dabei einen ganz speziellen Spirit zu erleben. Tomorrowland, Ultra Music Festival, Parookaville, Airbeat-One, World Club Dome, Defqon.1 um nur einige zu nennen, sind bereits wieder restlos ausverkauft.<\/p>\n<p><strong>KONTOR FESTIVAL SOUNDS 2018 \u2013 THE OPENING SEASON<\/strong> enth\u00e4lt alle Hymnen der diesj\u00e4hrigen Festival Saison in den derzeit angesagtesten Genres EDM, Trance\/Psy-Trance und Hardstyle. 3CDs, vollgepackt mit den Hits der weltweit gr\u00f6\u00dften DJs, u.a.: Martin Garrix, David Guetta, Armin van Buuren, Ti\u00ebsto, Dimitri Vegas &amp; Like Mike, Hardwell, Axwell &amp; Ingrosso, Steve Aoki, Lost Frequencies, Don Diablo, Afrojack, W&amp;W, Vini Vici, Wildstylez und vielen mehr.<\/p>\n<p><strong>Folgende Titel sind auf der CDs (Tracklist):<\/strong><\/p>\n<p><strong>CD1<\/strong><br \/>\n01. Ti\u00ebsto &amp; Mesto \u2013 Coming Home<br \/>\n02. Brooks &amp; GRX \u2013 Boomerang<br \/>\n03. Axwell \u0245 Ingrosso \u2013 Dreamer (Matisse &amp; Sadko Remix)<br \/>\n04. Steve Angello feat. Sam Martin \u2013 Nothing Scares Me Anymore<br \/>\n05. Martin Garrix \u2013 Pizza<br \/>\n06. MC Fioti, J Balvin, Stefflon Don \u2013 Bum Bum Tam Tam (David Guetta Remix)<br \/>\n07. Firebeatz &amp; Madison Mars \u2013 Rock Right Now<br \/>\n08. Bassjackers \u2013 The Riddle<br \/>\n09. Deorro \u2013 Offspring<br \/>\n10. Lost Frequencies &amp; Zonderling \u2013 Crazy (Dash Berlin Remix)<br \/>\n11. Ravitez feat. DJ Afrojack \u2013 2012<br \/>\n12. le Shuuk &amp; Switch Off feat. Amber Revival \u2013 Kaleidoscope Eyes<br \/>\n13. Darius &amp; Finlay X Last Night feat. Max Landry \u2013 Close My Eyes<br \/>\n14. Maurice West &amp; SaberZ \u2013 Rhythm Of The Night<br \/>\n15. Qulinez \u2013 Highway<br \/>\n16. Futuristic Polar Bears &amp; KEVU \u2013 Are Am Eye<br \/>\n17. D\u2019Angello &amp; Francis vs Jaxx &amp; Vega feat. le Shuuk \u2013 Victorum<br \/>\n18. Sophie Francis \u2013 Get Over It<br \/>\n19. Diego Miranda \u2013 Slumber<br \/>\n20. Don Diablo feat. Paije \u2013 People Say<\/p>\n<p><strong>CD2<\/strong><br \/>\n01. Armin van Buuren \u2013 Blah Blah Blah<br \/>\n02. Dimitri Vegas &amp; Like Mike, Vini Vici, Cherrymoon Trax \u2013 The House Of House<br \/>\n03. Steve Aoki &amp; Vini Vici feat. Mama Aoki \u2013 Moshi Moshi<br \/>\n04. Vini Vici &amp; Timmy Trumpet feat. Symphonic \u2013 100<br \/>\n05. Dash Berlin feat. Bo Bruce \u2013 Coming Home (STANDERWICK Remix)<br \/>\n06. Darude &amp; Ashley Wallbridge feat. Foux \u2013 Surrender<br \/>\n07. DRYM x Omnia \u2013 Ethereal<br \/>\n08. Atisha \u2013 The Desert<br \/>\n09. Andrew Rayel &amp; Graham Bell \u2013 Tambores<br \/>\n10. Dimatik, Monik, Carroch \u2013 Giratina<br \/>\n11. ARTY \u2013 Rain<br \/>\n12. Purple Haze \u2013 Bergen<br \/>\n13. Omiki \u2013 Na Le<br \/>\n14. Dirkie Coetzee \u2013 Aether<br \/>\n15. MaRLo \u2013 Enough Echo<br \/>\n16. The Thrillseekers presents Hydra \u2013 Affinity 2018<br \/>\n17. Allen Watts \u2013 Midnight<br \/>\n18. David Gravell \u2013 The Future<br \/>\n19. Maor Levi \u2013 Nova<br \/>\n20. Ben Gold &amp; Ruben de Ronde x Rodg \u2013 Two<\/p>\n<p><strong>CD3<\/strong><br \/>\n01. Steve Aoki &amp; LOOPERS \u2013 Pika Pika<br \/>\n02. Loud Luxury feat. brando \u2013 Body (Mike Hawkins Remix)<br \/>\n03. DJ Afrojack, D.O.D &amp; TIM-BER \u2013 Started<br \/>\n04. Tujamo &amp; Sidney Samson \u2013 Riverside [Reloaded]<br \/>\n05. Dave202 \u2013 Katame<br \/>\n06. Eric Chase \u2013 Time To Shine<br \/>\n07. Manian \u2013 Welcome To The Club [Reloaded]<br \/>\n08. KSHMR &amp; Marnik feat. The Golden Army \u2013 SHIVA<br \/>\n09. Hardwell &amp; Timmy Trumpet \u2013 The Underground<br \/>\n10. Yellow Claw &amp; Stoltenhoff \u2013 Beastmode<br \/>\n11. W&amp;W X Darren Styles Feat. Giin \u2013 Long Way Down<br \/>\n12. Wildstylez feat. Michael Jo \u2013 Colours Of The Night<br \/>\n13. DJ Paul Elstak feat. Jantine \u2013 Demons<br \/>\n14. Brennan Heart feat. Trevor Guthrie \u2013 Won\u2019t Hold Me Down [Gravity]<br \/>\n15. Headhunterz &amp; Sound Rush feat. Eurielle \u2013 Rescue Me<br \/>\n16. Code Black &amp; Toneshifterz \u2013 Before You Go<br \/>\n17. Bass Modulators \u2013 Imagine<br \/>\n18. Klaas \u2013 Close To You (Corevin &amp; ReliQium Hardstyle Remix)<br \/>\n19. Disco Killerz feat. The 9Ds \u2013 Trust (Luca Testa Remix)<br \/>\n20. D-Block &amp; S-Te-Fan \u2013 Twilight Zone<\/p>\n<p><em>SEO: &#8211; <\/em><strong>Kontor Festival Sounds 2018<\/strong> &#8211; <strong>The Opening Season<\/strong> &#8211; <strong>NEUE CD<\/strong> &#8211; <strong>CD-Shop<\/strong> &#8211; <strong>Musik CD kaufen<\/strong> &#8211;<\/p>\n<h3>Service \/ Umwelt \/ Versand und Preishinweis<\/h3>\n<p><strong>Bitte BEACHTEN:<\/strong>\u00a0Bei den Preisen im Shop ist ALLES an Nebenkosten enthalten wenn NICHT anderes ANGEGEBEN (siehe Bild unter dem Preis). Dazu geh\u00f6ren: Abgaben f\u00fcr das Duale-System \u2013 Entsorgung bei Batterien etc.! Ebenfalls sind Verpackung und Versandkosten inkl. Sendungsnummer-Kosten bei der Post \/ DHL enthalten.<\/p>\n<p>Downloads sind GRUNDS\u00c4TZLICH ohne Zusatzkosten. Bei Waren im Download bekommst Du den LINK zur jeweiligen Datei innerhalb von 12.Stunden nach Eingang des Rechnungsbetrages (auch am Wochenende und Feiertagen). Es gibt keinen AUTOMATISCHEN Download. Wir stellen DEINEN Download immer pers\u00f6nlich zusammen.<\/p>\n<p><em>(Keine Karaoke-CD)<\/em><\/p>\n<p><strong>Suchnummer:<\/strong> 1006 &#8211; Kat 31<\/p>\n<div class=\"shariff shariff-align-center shariff-widget-align-center shariff-buttonstretch\"><ul class=\"shariff-buttons theme-color orientation-horizontal buttonsize-small\"><li class=\"shariff-button facebook shariff-nocustomcolor\" style=\"background-color:#4273c8\"><a href=\"https:\/\/www.facebook.com\/sharer\/sharer.php?u=https%3A%2F%2Fwww.karaoke-helden.de%2Fplaybackshop%2Fkontor-festival-sounds-2018-the-opening-season-neue-cd\" title=\"Bei Facebook teilen\" aria-label=\"Bei Facebook teilen\" role=\"button\" rel=\"nofollow\" class=\"shariff-link\" style=\"; background-color:#3b5998; color:#fff\" target=\"_blank\"><span class=\"shariff-icon\" style=\"\"><svg width=\"32px\" height=\"20px\" xmlns=\"http:\/\/www.w3.org\/2000\/svg\" viewBox=\"0 0 18 32\"><path fill=\"#3b5998\" d=\"M17.1 0.2v4.7h-2.8q-1.5 0-2.1 0.6t-0.5 1.9v3.4h5.2l-0.7 5.3h-4.5v13.6h-5.5v-13.6h-4.5v-5.3h4.5v-3.9q0-3.3 1.9-5.2t5-1.8q2.6 0 4.1 0.2z\"\/><\/svg><\/span><span class=\"shariff-text\">teilen<\/span>&nbsp;<\/a><\/li><li class=\"shariff-button twitter shariff-nocustomcolor\" style=\"background-color:#595959\"><a href=\"https:\/\/twitter.com\/share?url=https%3A%2F%2Fwww.karaoke-helden.de%2Fplaybackshop%2Fkontor-festival-sounds-2018-the-opening-season-neue-cd&text=Kontor%20Festival%20Sounds%202018%20%E2%80%93%20The%20Opening%20Season%20%E2%80%93%20NEUE%20CD&via=d24online\" title=\"Bei X teilen\" aria-label=\"Bei X teilen\" role=\"button\" rel=\"noopener nofollow\" class=\"shariff-link\" style=\"; background-color:#000; color:#fff\" target=\"_blank\"><span class=\"shariff-icon\" style=\"\"><svg width=\"32px\" height=\"20px\" xmlns=\"http:\/\/www.w3.org\/2000\/svg\" viewBox=\"0 0 24 24\"><path fill=\"#000\" d=\"M14.258 10.152L23.176 0h-2.113l-7.747 8.813L7.133 0H0l9.352 13.328L0 23.973h2.113l8.176-9.309 6.531 9.309h7.133zm-2.895 3.293l-.949-1.328L2.875 1.56h3.246l6.086 8.523.945 1.328 7.91 11.078h-3.246zm0 0\"\/><\/svg><\/span><span class=\"shariff-text\">teilen<\/span>&nbsp;<\/a><\/li><li class=\"shariff-button linkedin shariff-nocustomcolor\" style=\"background-color:#1488bf\"><a href=\"https:\/\/www.linkedin.com\/sharing\/share-offsite\/?url=https%3A%2F%2Fwww.karaoke-helden.de%2Fplaybackshop%2Fkontor-festival-sounds-2018-the-opening-season-neue-cd\" title=\"Bei LinkedIn teilen\" aria-label=\"Bei LinkedIn teilen\" role=\"button\" rel=\"noopener nofollow\" class=\"shariff-link\" style=\"; background-color:#0077b5; color:#fff\" target=\"_blank\"><span class=\"shariff-icon\" style=\"\"><svg width=\"32px\" height=\"20px\" xmlns=\"http:\/\/www.w3.org\/2000\/svg\" viewBox=\"0 0 27 32\"><path fill=\"#0077b5\" d=\"M6.2 11.2v17.7h-5.9v-17.7h5.9zM6.6 5.7q0 1.3-0.9 2.2t-2.4 0.9h0q-1.5 0-2.4-0.9t-0.9-2.2 0.9-2.2 2.4-0.9 2.4 0.9 0.9 2.2zM27.4 18.7v10.1h-5.9v-9.5q0-1.9-0.7-2.9t-2.3-1.1q-1.1 0-1.9 0.6t-1.2 1.5q-0.2 0.5-0.2 1.4v9.9h-5.9q0-7.1 0-11.6t0-5.3l0-0.9h5.9v2.6h0q0.4-0.6 0.7-1t1-0.9 1.6-0.8 2-0.3q3 0 4.9 2t1.9 6z\"\/><\/svg><\/span><span class=\"shariff-text\">teilen<\/span>&nbsp;<\/a><\/li><li class=\"shariff-button rss shariff-nocustomcolor\" style=\"background-color:#ff8c00\"><a href=\"https:\/\/www.karaoke-helden.de\/playbackshop\/feed\/rss\" title=\"RSS-feed\" aria-label=\"RSS-feed\" role=\"button\" class=\"shariff-link\" style=\"; background-color:#fe9312; color:#fff\" target=\"_blank\"><span class=\"shariff-icon\" style=\"\"><svg width=\"32px\" height=\"20px\" xmlns=\"http:\/\/www.w3.org\/2000\/svg\" viewBox=\"0 0 32 32\"><path fill=\"#fe9312\" d=\"M4.3 23.5c-2.3 0-4.3 1.9-4.3 4.3 0 2.3 1.9 4.2 4.3 4.2 2.4 0 4.3-1.9 4.3-4.2 0-2.3-1.9-4.3-4.3-4.3zM0 10.9v6.1c4 0 7.7 1.6 10.6 4.4 2.8 2.8 4.4 6.6 4.4 10.6h6.2c0-11.7-9.5-21.1-21.1-21.1zM0 0v6.1c14.2 0 25.8 11.6 25.8 25.9h6.2c0-17.6-14.4-32-32-32z\"\/><\/svg><\/span><span class=\"shariff-text\">RSS-feed<\/span>&nbsp;<\/a><\/li><li class=\"shariff-button printer shariff-nocustomcolor\" style=\"background-color:#a8a8a8\"><a href=\"javascript:window.print()\" title=\"drucken\" aria-label=\"drucken\" role=\"button\" rel=\"noopener nofollow\" class=\"shariff-link\" style=\"; background-color:#999; color:#fff\"><span class=\"shariff-icon\" style=\"\"><svg width=\"32px\" height=\"20px\" xmlns=\"http:\/\/www.w3.org\/2000\/svg\" viewBox=\"0 0 30 32\"><path fill=\"#999\" d=\"M6.8 27.4h16v-4.6h-16v4.6zM6.8 16h16v-6.8h-2.8q-0.7 0-1.2-0.5t-0.5-1.2v-2.8h-11.4v11.4zM27.4 17.2q0-0.5-0.3-0.8t-0.8-0.4-0.8 0.4-0.3 0.8 0.3 0.8 0.8 0.3 0.8-0.3 0.3-0.8zM29.7 17.2v7.4q0 0.2-0.2 0.4t-0.4 0.2h-4v2.8q0 0.7-0.5 1.2t-1.2 0.5h-17.2q-0.7 0-1.2-0.5t-0.5-1.2v-2.8h-4q-0.2 0-0.4-0.2t-0.2-0.4v-7.4q0-1.4 1-2.4t2.4-1h1.2v-9.7q0-0.7 0.5-1.2t1.2-0.5h12q0.7 0 1.6 0.4t1.3 0.8l2.7 2.7q0.5 0.5 0.9 1.4t0.4 1.6v4.6h1.1q1.4 0 2.4 1t1 2.4z\"\/><\/svg><\/span><span class=\"shariff-text\">drucken<\/span>&nbsp;<\/a><\/li><li class=\"shariff-button whatsapp shariff-nocustomcolor\" style=\"background-color:#5cbe4a\"><a href=\"https:\/\/api.whatsapp.com\/send?text=https%3A%2F%2Fwww.karaoke-helden.de%2Fplaybackshop%2Fkontor-festival-sounds-2018-the-opening-season-neue-cd%20Kontor%20Festival%20Sounds%202018%20%E2%80%93%20The%20Opening%20Season%20%E2%80%93%20NEUE%20CD\" title=\"Bei Whatsapp teilen\" aria-label=\"Bei Whatsapp teilen\" role=\"button\" rel=\"noopener nofollow\" class=\"shariff-link\" style=\"; background-color:#34af23; color:#fff\" target=\"_blank\"><span class=\"shariff-icon\" style=\"\"><svg width=\"32px\" height=\"20px\" xmlns=\"http:\/\/www.w3.org\/2000\/svg\" viewBox=\"0 0 32 32\"><path fill=\"#34af23\" d=\"M17.6 17.4q0.2 0 1.7 0.8t1.6 0.9q0 0.1 0 0.3 0 0.6-0.3 1.4-0.3 0.7-1.3 1.2t-1.8 0.5q-1 0-3.4-1.1-1.7-0.8-3-2.1t-2.6-3.3q-1.3-1.9-1.3-3.5v-0.1q0.1-1.6 1.3-2.8 0.4-0.4 0.9-0.4 0.1 0 0.3 0t0.3 0q0.3 0 0.5 0.1t0.3 0.5q0.1 0.4 0.6 1.6t0.4 1.3q0 0.4-0.6 1t-0.6 0.8q0 0.1 0.1 0.3 0.6 1.3 1.8 2.4 1 0.9 2.7 1.8 0.2 0.1 0.4 0.1 0.3 0 1-0.9t0.9-0.9zM14 26.9q2.3 0 4.3-0.9t3.6-2.4 2.4-3.6 0.9-4.3-0.9-4.3-2.4-3.6-3.6-2.4-4.3-0.9-4.3 0.9-3.6 2.4-2.4 3.6-0.9 4.3q0 3.6 2.1 6.6l-1.4 4.2 4.3-1.4q2.8 1.9 6.2 1.9zM14 2.2q2.7 0 5.2 1.1t4.3 2.9 2.9 4.3 1.1 5.2-1.1 5.2-2.9 4.3-4.3 2.9-5.2 1.1q-3.5 0-6.5-1.7l-7.4 2.4 2.4-7.2q-1.9-3.2-1.9-6.9 0-2.7 1.1-5.2t2.9-4.3 4.3-2.9 5.2-1.1z\"\/><\/svg><\/span><span class=\"shariff-text\">teilen<\/span>&nbsp;<\/a><\/li><\/ul><\/div>","protected":false},"excerpt":{"rendered":"<p><strong><a href=\"\/playbackshop\/versandarten\/\" target=\"_blank\" rel=\"noopener noreferrer\"><img decoding=\"async\" class=\"aligncenter wp-image-7632 size-full\" src=\"https:\/\/www.karaoke-helden.de\/playbackshop\/wp-content\/uploads\/2020\/10\/Versandkosten-Info-Oktober.jpg\" alt=\"Preis zzgl Versandkostenpauschale\" width=\"550\" height=\"65\" \/><\/a>CD-Shop &#8211; Hot-Angebot:<\/strong> KONTOR FESTIVAL SOUNDS 2018 \u2013 THE OPENING SEASON enth\u00e4lt alle Hymnen der diesj\u00e4hrigen Festival Saison. Top-Musik.<\/p>\n","protected":false},"featured_media":1798,"template":"","meta":{"rank_math_lock_modified_date":false},"product_cat":[824,1110,6529],"product_tag":[1116,1111,1114,1113,1115,1112],"class_list":{"0":"post-1797","1":"product","2":"type-product","3":"status-publish","4":"has-post-thumbnail","6":"product_cat-alle-produkte","7":"product_cat-musik-cd-und-dvd-shop","8":"product_cat-neue-cd-s","9":"product_tag-aktuell","10":"product_tag-kontor-festival-sounds-2018","11":"product_tag-musik","12":"product_tag-neue-cd","13":"product_tag-party","14":"product_tag-the-opening-season","16":"first","17":"instock","18":"taxable","19":"shipping-taxable","20":"product-type-simple","21":"add-to-wishlist-after_add_to_cart"},"_links":{"self":[{"href":"https:\/\/www.karaoke-helden.de\/playbackshop\/wp-json\/wp\/v2\/product\/1797","targetHints":{"allow":["GET"]}}],"collection":[{"href":"https:\/\/www.karaoke-helden.de\/playbackshop\/wp-json\/wp\/v2\/product"}],"about":[{"href":"https:\/\/www.karaoke-helden.de\/playbackshop\/wp-json\/wp\/v2\/types\/product"}],"wp:featuredmedia":[{"embeddable":true,"href":"https:\/\/www.karaoke-helden.de\/playbackshop\/wp-json\/wp\/v2\/media\/1798"}],"wp:attachment":[{"href":"https:\/\/www.karaoke-helden.de\/playbackshop\/wp-json\/wp\/v2\/media?parent=1797"}],"wp:term":[{"taxonomy":"product_cat","embeddable":true,"href":"https:\/\/www.karaoke-helden.de\/playbackshop\/wp-json\/wp\/v2\/product_cat?post=1797"},{"taxonomy":"product_tag","embeddable":true,"href":"https:\/\/www.karaoke-helden.de\/playbackshop\/wp-json\/wp\/v2\/product_tag?post=1797"}],"curies":[{"name":"wp","href":"https:\/\/api.w.org\/{rel}","templated":true}]}}