{"id":1799,"date":"2019-05-01T16:05:38","date_gmt":"2019-05-01T14:05:38","guid":{"rendered":"https:\/\/www.karaoke-helden.de\/playbackshop\/?post_type=product&#038;p=1799"},"modified":"2019-06-02T16:11:58","modified_gmt":"2019-06-02T14:11:58","slug":"born-to-be-wilde-karaoke-version-als-wave-mp3g","status":"publish","type":"product","link":"https:\/\/www.karaoke-helden.de\/playbackshop\/born-to-be-wilde-karaoke-version-als-wave-mp3g","title":{"rendered":"Born To Be Wilde &#8211; Karaoke-Version als MP3"},"content":{"rendered":"<h2>Born To Be Wilde<\/h2>\n<h2>Karaoke-Version als MP3 im Download<\/h2>\n<h3>Im Style von Steppenwolf<\/h3>\n<p><img decoding=\"async\" class=\"size-full wp-image-4479 aligncenter\" src=\"https:\/\/www.karaoke-helden.de\/playbackshop\/wp-content\/uploads\/2019\/06\/World-Of-Karaoke-Karaoke-Helden-Download-Hinweis.jpg\" alt=\"World Of Karaoke - Karaoke Helden - Download-Hinweis\" width=\"1000\" height=\"75\" srcset=\"https:\/\/www.karaoke-helden.de\/playbackshop\/wp-content\/uploads\/2019\/06\/World-Of-Karaoke-Karaoke-Helden-Download-Hinweis.jpg 1000w, https:\/\/www.karaoke-helden.de\/playbackshop\/wp-content\/uploads\/2019\/06\/World-Of-Karaoke-Karaoke-Helden-Download-Hinweis-430x32.jpg 430w, https:\/\/www.karaoke-helden.de\/playbackshop\/wp-content\/uploads\/2019\/06\/World-Of-Karaoke-Karaoke-Helden-Download-Hinweis-64x5.jpg 64w, https:\/\/www.karaoke-helden.de\/playbackshop\/wp-content\/uploads\/2019\/06\/World-Of-Karaoke-Karaoke-Helden-Download-Hinweis-155x12.jpg 155w, https:\/\/www.karaoke-helden.de\/playbackshop\/wp-content\/uploads\/2019\/06\/World-Of-Karaoke-Karaoke-Helden-Download-Hinweis-768x58.jpg 768w, https:\/\/www.karaoke-helden.de\/playbackshop\/wp-content\/uploads\/2019\/06\/World-Of-Karaoke-Karaoke-Helden-Download-Hinweis-150x11.jpg 150w\" sizes=\"(max-width: 1000px) 100vw, 1000px\" \/><\/p>\n<p>Lass mal laut und heftig &#8220;KNATTERN&#8221;, denn auf gehts in die 60-Jahre. Dieser Kult-Hit darf und sollte mit Sicherheit auf keiner Feier fehlen. Bei mir bekommts Du diesen Titel als Mp3 mit 320KB\u00a0 Also weg vom Sofa, RAUF auf den &#8220;BOCK&#8221; und ab auf die B\u00fchne.\u00a0Text ist im Internet zu finden &#8211; Leider d\u00fcrfen wir aus Urheberrechtsgr\u00fcnden keine +G hier AUSLIEFERN!<\/p>\n<h3>Wissenswertes zum Titel:<\/h3>\n<p>Komponist von <em>Born to Be Wild<\/em> ist <a href=\"https:\/\/de.wikipedia.org\/wiki\/Mars_Bonfire\" target=\"_blank\" rel=\"noopener\">Mars Bonfire<\/a>, der K\u00fcnstlername von Dennis Edmonton, dessen Bruder Schlagzeuger bei Steppenwolf war.<\/p>\n<ul>\n<li>Das Album Steppenwolf erschien in den USA am 29. Januar 1968<\/li>\n<li>Das Lied verkaufte \u00fcber eine Million Exemplare<\/li>\n<li>September 1968 erhielt die Single in den GOLDSTATUS in den USA<\/li>\n<li>Es gibt mindestens 66 Coverversionen<\/li>\n<li>Geh\u00f6rt vom Style in den Bereich &#8220;Schweres Metal&#8221;<\/li>\n<li>Titell\u00e4nge 3.36 Minuten<\/li>\n<li>Erstellt in Original-Tonart<\/li>\n<li>OHNE Chorstimmen\/Backings<\/li>\n<li>Einspielung: Band<\/li>\n<\/ul>\n<p>Bestelle dieses Playback doch gleich hier im Shop<\/p>\n<p><em>Coverversion im Style von Steppenwolf &#8211; Ohne den \/ die Original-K\u00fcnstler (Musiker)<\/em><\/p>\n<p>SOFORT-DOWNLOAD nach Bezahlung &#8211; Keine Versandkosten<\/p>\n<p>DU BEKOMMST eine MP3-Datei &#8211;\u00a0Text ist im Internet zu finden &#8211; Leider d\u00fcrfen wir aus Urheberrechtsgr\u00fcnden keine +G hier AUSLIEFERN!<\/p>\n<h3>Hast Du noch eine Frage zum Titel oder m\u00f6chtest vielleicht auch ein DEMO* h\u00f6ren dann Mail an mich senden! <a href=\"mailto:info@midifiles-kaufen.shop\">Klick hier &#8230;<\/a><\/h3>\n<h3>(*Da die GEMA bei den DEMOS gerne etwas ABHABEN m\u00f6chte, wenn die Daten so \u00d6FFENTLICH sind, ich aber Freunde und Bekannte &#8220;Beschenken und Begl\u00fccken&#8221; darf, geht es leider nur \u00fcber diesen pers\u00f6nlichen Weg, so ist die aktuelle Rechtslage, bl\u00f6de oder?!)<\/h3>\n<p><strong>SEO: <\/strong>Born To Be Wilde &#8211; Karaoke-Version als MP3<\/p>\n<p><strong><u>Hinweis GEMA:<\/u><\/strong> &#8220;Alle Urheber- und Leistungsschutzrechte vorbehalten. Kein Verleih! Keine unerlaubte Vervielf\u00e4ltigung, Vermietung, Auff\u00fchrung, Sendung!&#8221; &#8211; &#8220;ALL RIGHTS RESERVED. UNAUTHORISED COPYING, REPRODUCTION, HIRING, LENDING, PUBLIC PERFORMANCE AND BROADCASTING PROHIBITED&#8221;<\/p>\n<p><strong>World-Of-Karaoke &#8211; Das Original seit 1992.<\/strong><\/p>\n<div class=\"shariff shariff-align-center shariff-widget-align-center shariff-buttonstretch\"><ul class=\"shariff-buttons theme-color orientation-horizontal buttonsize-small\"><li class=\"shariff-button facebook shariff-nocustomcolor\" style=\"background-color:#4273c8\"><a href=\"https:\/\/www.facebook.com\/sharer\/sharer.php?u=https%3A%2F%2Fwww.karaoke-helden.de%2Fplaybackshop%2Fborn-to-be-wilde-karaoke-version-als-wave-mp3g\" title=\"Bei Facebook teilen\" aria-label=\"Bei Facebook teilen\" role=\"button\" rel=\"nofollow\" class=\"shariff-link\" style=\"; background-color:#3b5998; color:#fff\" target=\"_blank\"><span class=\"shariff-icon\" style=\"\"><svg width=\"32px\" height=\"20px\" xmlns=\"http:\/\/www.w3.org\/2000\/svg\" viewBox=\"0 0 18 32\"><path fill=\"#3b5998\" d=\"M17.1 0.2v4.7h-2.8q-1.5 0-2.1 0.6t-0.5 1.9v3.4h5.2l-0.7 5.3h-4.5v13.6h-5.5v-13.6h-4.5v-5.3h4.5v-3.9q0-3.3 1.9-5.2t5-1.8q2.6 0 4.1 0.2z\"\/><\/svg><\/span><span class=\"shariff-text\">teilen<\/span>&nbsp;<\/a><\/li><li class=\"shariff-button twitter shariff-nocustomcolor\" style=\"background-color:#595959\"><a href=\"https:\/\/twitter.com\/share?url=https%3A%2F%2Fwww.karaoke-helden.de%2Fplaybackshop%2Fborn-to-be-wilde-karaoke-version-als-wave-mp3g&text=Born%20To%20Be%20Wilde%20%E2%80%93%20Karaoke-Version%20als%20MP3&via=d24online\" title=\"Bei X teilen\" aria-label=\"Bei X teilen\" role=\"button\" rel=\"noopener nofollow\" class=\"shariff-link\" style=\"; background-color:#000; color:#fff\" target=\"_blank\"><span class=\"shariff-icon\" style=\"\"><svg width=\"32px\" height=\"20px\" xmlns=\"http:\/\/www.w3.org\/2000\/svg\" viewBox=\"0 0 24 24\"><path fill=\"#000\" d=\"M14.258 10.152L23.176 0h-2.113l-7.747 8.813L7.133 0H0l9.352 13.328L0 23.973h2.113l8.176-9.309 6.531 9.309h7.133zm-2.895 3.293l-.949-1.328L2.875 1.56h3.246l6.086 8.523.945 1.328 7.91 11.078h-3.246zm0 0\"\/><\/svg><\/span><span class=\"shariff-text\">teilen<\/span>&nbsp;<\/a><\/li><li class=\"shariff-button linkedin shariff-nocustomcolor\" style=\"background-color:#1488bf\"><a href=\"https:\/\/www.linkedin.com\/sharing\/share-offsite\/?url=https%3A%2F%2Fwww.karaoke-helden.de%2Fplaybackshop%2Fborn-to-be-wilde-karaoke-version-als-wave-mp3g\" title=\"Bei LinkedIn teilen\" aria-label=\"Bei LinkedIn teilen\" role=\"button\" rel=\"noopener nofollow\" class=\"shariff-link\" style=\"; background-color:#0077b5; color:#fff\" target=\"_blank\"><span class=\"shariff-icon\" style=\"\"><svg width=\"32px\" height=\"20px\" xmlns=\"http:\/\/www.w3.org\/2000\/svg\" viewBox=\"0 0 27 32\"><path fill=\"#0077b5\" d=\"M6.2 11.2v17.7h-5.9v-17.7h5.9zM6.6 5.7q0 1.3-0.9 2.2t-2.4 0.9h0q-1.5 0-2.4-0.9t-0.9-2.2 0.9-2.2 2.4-0.9 2.4 0.9 0.9 2.2zM27.4 18.7v10.1h-5.9v-9.5q0-1.9-0.7-2.9t-2.3-1.1q-1.1 0-1.9 0.6t-1.2 1.5q-0.2 0.5-0.2 1.4v9.9h-5.9q0-7.1 0-11.6t0-5.3l0-0.9h5.9v2.6h0q0.4-0.6 0.7-1t1-0.9 1.6-0.8 2-0.3q3 0 4.9 2t1.9 6z\"\/><\/svg><\/span><span class=\"shariff-text\">teilen<\/span>&nbsp;<\/a><\/li><li class=\"shariff-button rss shariff-nocustomcolor\" style=\"background-color:#ff8c00\"><a href=\"https:\/\/www.karaoke-helden.de\/playbackshop\/feed\/rss\" title=\"RSS-feed\" aria-label=\"RSS-feed\" role=\"button\" class=\"shariff-link\" style=\"; background-color:#fe9312; color:#fff\" target=\"_blank\"><span class=\"shariff-icon\" style=\"\"><svg width=\"32px\" height=\"20px\" xmlns=\"http:\/\/www.w3.org\/2000\/svg\" viewBox=\"0 0 32 32\"><path fill=\"#fe9312\" d=\"M4.3 23.5c-2.3 0-4.3 1.9-4.3 4.3 0 2.3 1.9 4.2 4.3 4.2 2.4 0 4.3-1.9 4.3-4.2 0-2.3-1.9-4.3-4.3-4.3zM0 10.9v6.1c4 0 7.7 1.6 10.6 4.4 2.8 2.8 4.4 6.6 4.4 10.6h6.2c0-11.7-9.5-21.1-21.1-21.1zM0 0v6.1c14.2 0 25.8 11.6 25.8 25.9h6.2c0-17.6-14.4-32-32-32z\"\/><\/svg><\/span><span class=\"shariff-text\">RSS-feed<\/span>&nbsp;<\/a><\/li><li class=\"shariff-button printer shariff-nocustomcolor\" style=\"background-color:#a8a8a8\"><a href=\"javascript:window.print()\" title=\"drucken\" aria-label=\"drucken\" role=\"button\" rel=\"noopener nofollow\" class=\"shariff-link\" style=\"; background-color:#999; color:#fff\"><span class=\"shariff-icon\" style=\"\"><svg width=\"32px\" height=\"20px\" xmlns=\"http:\/\/www.w3.org\/2000\/svg\" viewBox=\"0 0 30 32\"><path fill=\"#999\" d=\"M6.8 27.4h16v-4.6h-16v4.6zM6.8 16h16v-6.8h-2.8q-0.7 0-1.2-0.5t-0.5-1.2v-2.8h-11.4v11.4zM27.4 17.2q0-0.5-0.3-0.8t-0.8-0.4-0.8 0.4-0.3 0.8 0.3 0.8 0.8 0.3 0.8-0.3 0.3-0.8zM29.7 17.2v7.4q0 0.2-0.2 0.4t-0.4 0.2h-4v2.8q0 0.7-0.5 1.2t-1.2 0.5h-17.2q-0.7 0-1.2-0.5t-0.5-1.2v-2.8h-4q-0.2 0-0.4-0.2t-0.2-0.4v-7.4q0-1.4 1-2.4t2.4-1h1.2v-9.7q0-0.7 0.5-1.2t1.2-0.5h12q0.7 0 1.6 0.4t1.3 0.8l2.7 2.7q0.5 0.5 0.9 1.4t0.4 1.6v4.6h1.1q1.4 0 2.4 1t1 2.4z\"\/><\/svg><\/span><span class=\"shariff-text\">drucken<\/span>&nbsp;<\/a><\/li><li class=\"shariff-button whatsapp shariff-nocustomcolor\" style=\"background-color:#5cbe4a\"><a href=\"https:\/\/api.whatsapp.com\/send?text=https%3A%2F%2Fwww.karaoke-helden.de%2Fplaybackshop%2Fborn-to-be-wilde-karaoke-version-als-wave-mp3g%20Born%20To%20Be%20Wilde%20%E2%80%93%20Karaoke-Version%20als%20MP3\" title=\"Bei Whatsapp teilen\" aria-label=\"Bei Whatsapp teilen\" role=\"button\" rel=\"noopener nofollow\" class=\"shariff-link\" style=\"; background-color:#34af23; color:#fff\" target=\"_blank\"><span class=\"shariff-icon\" style=\"\"><svg width=\"32px\" height=\"20px\" xmlns=\"http:\/\/www.w3.org\/2000\/svg\" viewBox=\"0 0 32 32\"><path fill=\"#34af23\" d=\"M17.6 17.4q0.2 0 1.7 0.8t1.6 0.9q0 0.1 0 0.3 0 0.6-0.3 1.4-0.3 0.7-1.3 1.2t-1.8 0.5q-1 0-3.4-1.1-1.7-0.8-3-2.1t-2.6-3.3q-1.3-1.9-1.3-3.5v-0.1q0.1-1.6 1.3-2.8 0.4-0.4 0.9-0.4 0.1 0 0.3 0t0.3 0q0.3 0 0.5 0.1t0.3 0.5q0.1 0.4 0.6 1.6t0.4 1.3q0 0.4-0.6 1t-0.6 0.8q0 0.1 0.1 0.3 0.6 1.3 1.8 2.4 1 0.9 2.7 1.8 0.2 0.1 0.4 0.1 0.3 0 1-0.9t0.9-0.9zM14 26.9q2.3 0 4.3-0.9t3.6-2.4 2.4-3.6 0.9-4.3-0.9-4.3-2.4-3.6-3.6-2.4-4.3-0.9-4.3 0.9-3.6 2.4-2.4 3.6-0.9 4.3q0 3.6 2.1 6.6l-1.4 4.2 4.3-1.4q2.8 1.9 6.2 1.9zM14 2.2q2.7 0 5.2 1.1t4.3 2.9 2.9 4.3 1.1 5.2-1.1 5.2-2.9 4.3-4.3 2.9-5.2 1.1q-3.5 0-6.5-1.7l-7.4 2.4 2.4-7.2q-1.9-3.2-1.9-6.9 0-2.7 1.1-5.2t2.9-4.3 4.3-2.9 5.2-1.1z\"\/><\/svg><\/span><span class=\"shariff-text\">teilen<\/span>&nbsp;<\/a><\/li><\/ul><\/div>","protected":false},"excerpt":{"rendered":"<p><img decoding=\"async\" class=\"size-full wp-image-1800 aligncenter\" src=\"https:\/\/www.karaoke-helden.de\/playbackshop\/wp-content\/uploads\/2018\/08\/Wok-Gratis-Download-Einzel.gif\" alt=\"Wok-Gratis-Download-Einzel\" width=\"850\" height=\"70\" \/><\/p>\n<p>Lass mal laut und heftig &#8220;KNATTERN&#8221;, denn auf gehts in die 60-Jahre. Dieser Kult-Hit darf und sollte mit Sicherheit auf keiner Feier fehlen.<\/p>\n","protected":false},"featured_media":1166,"template":"","meta":{"rank_math_lock_modified_date":false},"product_cat":[824,11197,828,862,863],"product_tag":[1117,987,1094,1122,1119,1120,1050,1121,1118,1100],"class_list":{"0":"post-1799","1":"product","2":"type-product","3":"status-publish","4":"has-post-thumbnail","6":"product_cat-alle-produkte","7":"product_cat-downloads-karaoke","8":"product_cat-einzel-playbacks-mit-g-karaoke","9":"product_cat-playbacks-nach-hersteller","10":"product_cat-shop-world-of-karaoke","11":"product_tag-born-to-be-wilde","12":"product_tag-karaoke","13":"product_tag-kaufen","14":"product_tag-midifiles-kaufen","15":"product_tag-mp3","16":"product_tag-paket","17":"product_tag-playback","18":"product_tag-text","19":"product_tag-wave","20":"product_tag-world-of-karaoke","22":"first","23":"instock","24":"virtual","25":"taxable","26":"product-type-simple","27":"add-to-wishlist-after_add_to_cart"},"_links":{"self":[{"href":"https:\/\/www.karaoke-helden.de\/playbackshop\/wp-json\/wp\/v2\/product\/1799","targetHints":{"allow":["GET"]}}],"collection":[{"href":"https:\/\/www.karaoke-helden.de\/playbackshop\/wp-json\/wp\/v2\/product"}],"about":[{"href":"https:\/\/www.karaoke-helden.de\/playbackshop\/wp-json\/wp\/v2\/types\/product"}],"wp:featuredmedia":[{"embeddable":true,"href":"https:\/\/www.karaoke-helden.de\/playbackshop\/wp-json\/wp\/v2\/media\/1166"}],"wp:attachment":[{"href":"https:\/\/www.karaoke-helden.de\/playbackshop\/wp-json\/wp\/v2\/media?parent=1799"}],"wp:term":[{"taxonomy":"product_cat","embeddable":true,"href":"https:\/\/www.karaoke-helden.de\/playbackshop\/wp-json\/wp\/v2\/product_cat?post=1799"},{"taxonomy":"product_tag","embeddable":true,"href":"https:\/\/www.karaoke-helden.de\/playbackshop\/wp-json\/wp\/v2\/product_tag?post=1799"}],"curies":[{"name":"wp","href":"https:\/\/api.w.org\/{rel}","templated":true}]}}