{"id":1853,"date":"2020-08-16T12:01:19","date_gmt":"2020-08-16T10:01:19","guid":{"rendered":"https:\/\/www.karaoke-helden.de\/playbackshop\/?post_type=product&#038;p=1853"},"modified":"2020-08-16T13:44:01","modified_gmt":"2020-08-16T11:44:01","slug":"neue-cd-big-city-beats-28-world-club-dome-2018-edition","status":"publish","type":"product","link":"https:\/\/www.karaoke-helden.de\/playbackshop\/neue-cd-big-city-beats-28-world-club-dome-2018-edition","title":{"rendered":"Neue CD &#8211; BIG CITY BEATS 28 &#8211; WORLD CLUB DOME 2018 EDITION"},"content":{"rendered":"<h2>BIG CITY BEATS 28 &#8211; WORLD CLUB DOME 2018 EDITION &#8211; Mixed by Zonderling, Le Shuuk &amp; ASK:ME<\/h2>\n<h3><em>Die offizielle CD zur Hollywood Edition des \u201egr\u00f6\u00dften Clubs der Welt\u201c! Mit dabei Tracks und Chartbreaker von Martin Garrix, Axwell ^ Ingrosso, Robin Schulz, Hardwell, David Guetta, Ti\u00ebsto, Steve Aoki, Dimitri Vegas &amp; Like Mike, Afrojack, Marshmello, Solomun und vielen mehr!<\/em><\/h3>\n<h3><em>Bei mir NEU und OVP &#8211; Versand innerhalb Deutschlands mit DHL und Sendungsnummer. (Musik-CD &#8211; Keine Karaoke)<\/em><\/h3>\n<p><img decoding=\"async\" class=\"alignright size-full wp-image-1854\" src=\"https:\/\/www.karaoke-helden.de\/playbackshop\/wp-content\/uploads\/2018\/08\/Cover-BCB28-rgb_m.jpg\" alt=\"Cover-BCB28-rgb_m\" width=\"430\" height=\"390\" srcset=\"https:\/\/www.karaoke-helden.de\/playbackshop\/wp-content\/uploads\/2018\/08\/Cover-BCB28-rgb_m.jpg 430w, https:\/\/www.karaoke-helden.de\/playbackshop\/wp-content\/uploads\/2018\/08\/Cover-BCB28-rgb_m-64x58.jpg 64w\" sizes=\"(max-width: 430px) 100vw, 430px\" \/><em><strong>Musik-CD-Shop:<\/strong> <\/em>Nachdem das WORLD CLUB DOME Zero Gravity Event in der Schwerelosigkeit einen der gr\u00f6\u00dften Hypes der Clubmusic ausl\u00f6ste &#8211; fast 200 TV-Stationen sowie \u00fcber 500 Print- und Online-Medien weltweit berichteten dar\u00fcber &#8211; steht nun der BigCityBeats WORLD CLUB DOME 2018 &#8211; The Hollywood Edition an.<\/p>\n<p>Wer es bis Anfang Juni nicht mehr aushalten kann, dem sei die offizielle Compilation zum \u201egr\u00f6\u00dften Club der Welt\u201c empfohlen. Passend zu diesem Ereignis ver\u00f6ffentlichen BigCityBeats in Zusammenarbeit mit dem langj\u00e4hrigen Labelpartner Kontor Records am 20. April 2018 die neue Big City Beats Vol. 28 &#8211; WORLD CLUB DOME Edition. Die aufwendig gestaltete CD Box wird der Extravaganz des gro\u00dfen Events in nichts nachstehen und die geballte Energie und Leidenschaft des \u201egr\u00f6\u00dften Clubs der Welt\u201c auf drei CDs komprimieren. Mit exklusiven DJ Mixen sorgen die angesagten DJs Zonderling, Le Shuuk und ASK:ME f\u00fcr das unbeschreibliche BigCityBeats Wochenend-Feeling. Mit dabei Tracks und Chartbreaker von Martin Garrix, Axwell ^ Ingrosso, Robin Schulz, Hardwell, David Guetta, Ti\u00ebsto, Steve Aoki, Dimitri Vegas &amp; Like Mike, Afrojack, Marshmello, Solomun und vielen mehr!<\/p>\n<p>Im Herzen Europas, in der Metropole Frankfurt treffen am 1., 2. und 3. Juni 2018 der \u201egr\u00f6\u00dfte Club der Welt\u201c und die Traumfabrik aus Hollywood zusammen. Wenn sich die Gro\u00dfstadtschl\u00e4ge mit dem Oscar-Glamour verbinden, entsteht ein unbeschreibliches Gef\u00fchl. Der Beat einer globalen, vereinten Metropole empf\u00e4ngt die Besucher, tr\u00e4gt und erhebt sie.<\/p>\n<p>Mit Afrojack, Alle Farben, Axwell ^ Ingrosso, Dimitri Vegas &amp; Like Mike, Eric Prydz, Don Diablo, K\u00f6lsch, Luciano, Martin Garrix, Nervo, Paul Kalkbrenner, Robin Schulz, Steve Aoki, Sven V\u00e4th, Ti\u00ebsto, Timmy Trumpet, Vini Vici, W&amp;W und vielen mehr feiern die gr\u00f6\u00dften Stars der elektronischen Musikszene mit zehntausenden begeisterten Fans ein gigantisches 3-Tages-Spektakel. Die Besucher erwarten mehr als 200 DJs auf \u00fcber 25 B\u00fchnen, die WCD Pool Sessions im Waldschwimmbad, die Forest Area im Clubwald, die Skyline Stage, die Zombie Stage Open Air B\u00fchne, ICE Club Trains, der Clubjet, Helikopter Shuttles, eigene BigCityBeats Hotels, Camping und vieles mehr!<\/p>\n<p><strong>SEO: <\/strong>Neue CD &#8211; <strong>BIG CITY BEATS 28<\/strong> &#8211; <strong>WORLD CLUB DOME 2018 EDITION\u00a0<\/strong>&#8211; <strong>Im Musik-CD-Shop<\/strong> &#8211;<\/p>\n<p><em>Hinweis: WORLD CLUB DOME 2018 EDITION Cover &#8211; Foto: Freigegeben &#8211; Berlini\u00e8ros PR<\/em><\/p>\n<p><strong>FSK:<\/strong> Keine Angabe<\/p>\n<h3>Service \/ Umwelt \/ Versand und Preishinweis<\/h3>\n<p><strong>Bitte BEACHTEN:<\/strong>\u00a0Bei den Preisen im Shop ist ALLES an Nebenkosten enthalten wenn NICHT anderes ANGEGEBEN (siehe Bild unter dem Preis). Dazu geh\u00f6ren: Abgaben f\u00fcr das Duale-System \u2013 Entsorgung bei Batterien etc.! Ebenfalls sind Verpackung und Versandkosten inkl. Sendungsnummer-Kosten bei der Post \/ DHL enthalten.<\/p>\n<p>Downloads sind GRUNDS\u00c4TZLICH ohne Zusatzkosten. Bei Waren im Download bekommst Du den LINK zur jeweiligen Datei innerhalb von 12.Stunden nach Eingang des Rechnungsbetrages (auch am Wochenende und Feiertagen). Es gibt keinen AUTOMATISCHEN Download. Wir stellen DEINEN Download immer pers\u00f6nlich zusammen.<\/p>\n<p><strong>Suchnummer:<\/strong> 1027 &#8211; K31<\/p>\n<div class=\"shariff shariff-align-center shariff-widget-align-center shariff-buttonstretch\"><ul class=\"shariff-buttons theme-color orientation-horizontal buttonsize-small\"><li class=\"shariff-button facebook shariff-nocustomcolor\" style=\"background-color:#4273c8\"><a href=\"https:\/\/www.facebook.com\/sharer\/sharer.php?u=https%3A%2F%2Fwww.karaoke-helden.de%2Fplaybackshop%2Fneue-cd-big-city-beats-28-world-club-dome-2018-edition\" title=\"Bei Facebook teilen\" aria-label=\"Bei Facebook teilen\" role=\"button\" rel=\"nofollow\" class=\"shariff-link\" style=\"; background-color:#3b5998; color:#fff\" target=\"_blank\"><span class=\"shariff-icon\" style=\"\"><svg width=\"32px\" height=\"20px\" xmlns=\"http:\/\/www.w3.org\/2000\/svg\" viewBox=\"0 0 18 32\"><path fill=\"#3b5998\" d=\"M17.1 0.2v4.7h-2.8q-1.5 0-2.1 0.6t-0.5 1.9v3.4h5.2l-0.7 5.3h-4.5v13.6h-5.5v-13.6h-4.5v-5.3h4.5v-3.9q0-3.3 1.9-5.2t5-1.8q2.6 0 4.1 0.2z\"\/><\/svg><\/span><span class=\"shariff-text\">teilen<\/span>&nbsp;<\/a><\/li><li class=\"shariff-button twitter shariff-nocustomcolor\" style=\"background-color:#595959\"><a href=\"https:\/\/twitter.com\/share?url=https%3A%2F%2Fwww.karaoke-helden.de%2Fplaybackshop%2Fneue-cd-big-city-beats-28-world-club-dome-2018-edition&text=Neue%20CD%20%E2%80%93%20BIG%20CITY%20BEATS%2028%20%E2%80%93%20WORLD%20CLUB%20DOME%202018%20EDITION&via=d24online\" title=\"Bei X teilen\" aria-label=\"Bei X teilen\" role=\"button\" rel=\"noopener nofollow\" class=\"shariff-link\" style=\"; background-color:#000; color:#fff\" target=\"_blank\"><span class=\"shariff-icon\" style=\"\"><svg width=\"32px\" height=\"20px\" xmlns=\"http:\/\/www.w3.org\/2000\/svg\" viewBox=\"0 0 24 24\"><path fill=\"#000\" d=\"M14.258 10.152L23.176 0h-2.113l-7.747 8.813L7.133 0H0l9.352 13.328L0 23.973h2.113l8.176-9.309 6.531 9.309h7.133zm-2.895 3.293l-.949-1.328L2.875 1.56h3.246l6.086 8.523.945 1.328 7.91 11.078h-3.246zm0 0\"\/><\/svg><\/span><span class=\"shariff-text\">teilen<\/span>&nbsp;<\/a><\/li><li class=\"shariff-button linkedin shariff-nocustomcolor\" style=\"background-color:#1488bf\"><a href=\"https:\/\/www.linkedin.com\/sharing\/share-offsite\/?url=https%3A%2F%2Fwww.karaoke-helden.de%2Fplaybackshop%2Fneue-cd-big-city-beats-28-world-club-dome-2018-edition\" title=\"Bei LinkedIn teilen\" aria-label=\"Bei LinkedIn teilen\" role=\"button\" rel=\"noopener nofollow\" class=\"shariff-link\" style=\"; background-color:#0077b5; color:#fff\" target=\"_blank\"><span class=\"shariff-icon\" style=\"\"><svg width=\"32px\" height=\"20px\" xmlns=\"http:\/\/www.w3.org\/2000\/svg\" viewBox=\"0 0 27 32\"><path fill=\"#0077b5\" d=\"M6.2 11.2v17.7h-5.9v-17.7h5.9zM6.6 5.7q0 1.3-0.9 2.2t-2.4 0.9h0q-1.5 0-2.4-0.9t-0.9-2.2 0.9-2.2 2.4-0.9 2.4 0.9 0.9 2.2zM27.4 18.7v10.1h-5.9v-9.5q0-1.9-0.7-2.9t-2.3-1.1q-1.1 0-1.9 0.6t-1.2 1.5q-0.2 0.5-0.2 1.4v9.9h-5.9q0-7.1 0-11.6t0-5.3l0-0.9h5.9v2.6h0q0.4-0.6 0.7-1t1-0.9 1.6-0.8 2-0.3q3 0 4.9 2t1.9 6z\"\/><\/svg><\/span><span class=\"shariff-text\">teilen<\/span>&nbsp;<\/a><\/li><li class=\"shariff-button rss shariff-nocustomcolor\" style=\"background-color:#ff8c00\"><a href=\"https:\/\/www.karaoke-helden.de\/playbackshop\/feed\/rss\" title=\"RSS-feed\" aria-label=\"RSS-feed\" role=\"button\" class=\"shariff-link\" style=\"; background-color:#fe9312; color:#fff\" target=\"_blank\"><span class=\"shariff-icon\" style=\"\"><svg width=\"32px\" height=\"20px\" xmlns=\"http:\/\/www.w3.org\/2000\/svg\" viewBox=\"0 0 32 32\"><path fill=\"#fe9312\" d=\"M4.3 23.5c-2.3 0-4.3 1.9-4.3 4.3 0 2.3 1.9 4.2 4.3 4.2 2.4 0 4.3-1.9 4.3-4.2 0-2.3-1.9-4.3-4.3-4.3zM0 10.9v6.1c4 0 7.7 1.6 10.6 4.4 2.8 2.8 4.4 6.6 4.4 10.6h6.2c0-11.7-9.5-21.1-21.1-21.1zM0 0v6.1c14.2 0 25.8 11.6 25.8 25.9h6.2c0-17.6-14.4-32-32-32z\"\/><\/svg><\/span><span class=\"shariff-text\">RSS-feed<\/span>&nbsp;<\/a><\/li><li class=\"shariff-button printer shariff-nocustomcolor\" style=\"background-color:#a8a8a8\"><a href=\"javascript:window.print()\" title=\"drucken\" aria-label=\"drucken\" role=\"button\" rel=\"noopener nofollow\" class=\"shariff-link\" style=\"; background-color:#999; color:#fff\"><span class=\"shariff-icon\" style=\"\"><svg width=\"32px\" height=\"20px\" xmlns=\"http:\/\/www.w3.org\/2000\/svg\" viewBox=\"0 0 30 32\"><path fill=\"#999\" d=\"M6.8 27.4h16v-4.6h-16v4.6zM6.8 16h16v-6.8h-2.8q-0.7 0-1.2-0.5t-0.5-1.2v-2.8h-11.4v11.4zM27.4 17.2q0-0.5-0.3-0.8t-0.8-0.4-0.8 0.4-0.3 0.8 0.3 0.8 0.8 0.3 0.8-0.3 0.3-0.8zM29.7 17.2v7.4q0 0.2-0.2 0.4t-0.4 0.2h-4v2.8q0 0.7-0.5 1.2t-1.2 0.5h-17.2q-0.7 0-1.2-0.5t-0.5-1.2v-2.8h-4q-0.2 0-0.4-0.2t-0.2-0.4v-7.4q0-1.4 1-2.4t2.4-1h1.2v-9.7q0-0.7 0.5-1.2t1.2-0.5h12q0.7 0 1.6 0.4t1.3 0.8l2.7 2.7q0.5 0.5 0.9 1.4t0.4 1.6v4.6h1.1q1.4 0 2.4 1t1 2.4z\"\/><\/svg><\/span><span class=\"shariff-text\">drucken<\/span>&nbsp;<\/a><\/li><li class=\"shariff-button whatsapp shariff-nocustomcolor\" style=\"background-color:#5cbe4a\"><a href=\"https:\/\/api.whatsapp.com\/send?text=https%3A%2F%2Fwww.karaoke-helden.de%2Fplaybackshop%2Fneue-cd-big-city-beats-28-world-club-dome-2018-edition%20Neue%20CD%20%E2%80%93%20BIG%20CITY%20BEATS%2028%20%E2%80%93%20WORLD%20CLUB%20DOME%202018%20EDITION\" title=\"Bei Whatsapp teilen\" aria-label=\"Bei Whatsapp teilen\" role=\"button\" rel=\"noopener nofollow\" class=\"shariff-link\" style=\"; background-color:#34af23; color:#fff\" target=\"_blank\"><span class=\"shariff-icon\" style=\"\"><svg width=\"32px\" height=\"20px\" xmlns=\"http:\/\/www.w3.org\/2000\/svg\" viewBox=\"0 0 32 32\"><path fill=\"#34af23\" d=\"M17.6 17.4q0.2 0 1.7 0.8t1.6 0.9q0 0.1 0 0.3 0 0.6-0.3 1.4-0.3 0.7-1.3 1.2t-1.8 0.5q-1 0-3.4-1.1-1.7-0.8-3-2.1t-2.6-3.3q-1.3-1.9-1.3-3.5v-0.1q0.1-1.6 1.3-2.8 0.4-0.4 0.9-0.4 0.1 0 0.3 0t0.3 0q0.3 0 0.5 0.1t0.3 0.5q0.1 0.4 0.6 1.6t0.4 1.3q0 0.4-0.6 1t-0.6 0.8q0 0.1 0.1 0.3 0.6 1.3 1.8 2.4 1 0.9 2.7 1.8 0.2 0.1 0.4 0.1 0.3 0 1-0.9t0.9-0.9zM14 26.9q2.3 0 4.3-0.9t3.6-2.4 2.4-3.6 0.9-4.3-0.9-4.3-2.4-3.6-3.6-2.4-4.3-0.9-4.3 0.9-3.6 2.4-2.4 3.6-0.9 4.3q0 3.6 2.1 6.6l-1.4 4.2 4.3-1.4q2.8 1.9 6.2 1.9zM14 2.2q2.7 0 5.2 1.1t4.3 2.9 2.9 4.3 1.1 5.2-1.1 5.2-2.9 4.3-4.3 2.9-5.2 1.1q-3.5 0-6.5-1.7l-7.4 2.4 2.4-7.2q-1.9-3.2-1.9-6.9 0-2.7 1.1-5.2t2.9-4.3 4.3-2.9 5.2-1.1z\"\/><\/svg><\/span><span class=\"shariff-text\">teilen<\/span>&nbsp;<\/a><\/li><\/ul><\/div>","protected":false},"excerpt":{"rendered":"<p><em><strong><a href=\"\/playbackshop\/versandarten\/\" target=\"_blank\" rel=\"noopener noreferrer\"><img decoding=\"async\" class=\"aligncenter wp-image-7632 size-full\" src=\"https:\/\/www.karaoke-helden.de\/playbackshop\/wp-content\/uploads\/2020\/10\/Versandkosten-Info-Oktober.jpg\" alt=\"Preis zzgl Versandkostenpauschale\" width=\"550\" height=\"65\" \/><\/a>CD-Shop:<\/strong><\/em> BIG CITY BEATS 28. WORLD CLUB DOME 2018 EDITION Mixed by Zonderling, Le Shuuk &amp; ASK:ME &#8211; Diese Club-CD braucht ein jeder DJ. Einfach Geile Mucke. Nur noch 1x z.Z. im Shop vorhanden.<\/p>\n<p>&nbsp;<\/p>\n","protected":false},"featured_media":1854,"template":"","meta":{"rank_math_lock_modified_date":false},"product_cat":[6847,824,7524,7581,10743,1110,6529,938],"product_tag":[1246,1242,1229,1094,1245,1247,1244,1231,1114,849,850,1248,1243],"class_list":{"0":"post-1853","1":"product","2":"type-product","3":"status-publish","4":"has-post-thumbnail","6":"product_cat-alben","7":"product_cat-alle-produkte","8":"product_cat-chillout-und-lounge-music","9":"product_cat-electronic","10":"product_cat-hip-house-und-rap","11":"product_cat-musik-cd-und-dvd-shop","12":"product_cat-neue-cd-s","13":"product_cat-top-angebote","14":"product_tag-ask","15":"product_tag-big-city-beats-28","16":"product_tag-club","17":"product_tag-kaufen","18":"product_tag-le-shuuk","19":"product_tag-me","20":"product_tag-mixed-by-zonderling","21":"product_tag-mucke","22":"product_tag-musik","23":"product_tag-neu","24":"product_tag-ovp","25":"product_tag-sound","26":"product_tag-world-club-dome-2018-edition","28":"first","29":"instock","30":"taxable","31":"shipping-taxable","32":"product-type-simple","33":"add-to-wishlist-after_add_to_cart"},"_links":{"self":[{"href":"https:\/\/www.karaoke-helden.de\/playbackshop\/wp-json\/wp\/v2\/product\/1853","targetHints":{"allow":["GET"]}}],"collection":[{"href":"https:\/\/www.karaoke-helden.de\/playbackshop\/wp-json\/wp\/v2\/product"}],"about":[{"href":"https:\/\/www.karaoke-helden.de\/playbackshop\/wp-json\/wp\/v2\/types\/product"}],"wp:featuredmedia":[{"embeddable":true,"href":"https:\/\/www.karaoke-helden.de\/playbackshop\/wp-json\/wp\/v2\/media\/1854"}],"wp:attachment":[{"href":"https:\/\/www.karaoke-helden.de\/playbackshop\/wp-json\/wp\/v2\/media?parent=1853"}],"wp:term":[{"taxonomy":"product_cat","embeddable":true,"href":"https:\/\/www.karaoke-helden.de\/playbackshop\/wp-json\/wp\/v2\/product_cat?post=1853"},{"taxonomy":"product_tag","embeddable":true,"href":"https:\/\/www.karaoke-helden.de\/playbackshop\/wp-json\/wp\/v2\/product_tag?post=1853"}],"curies":[{"name":"wp","href":"https:\/\/api.w.org\/{rel}","templated":true}]}}