{"id":1903,"date":"2020-08-16T13:06:48","date_gmt":"2020-08-16T11:06:48","guid":{"rendered":"https:\/\/www.karaoke-helden.de\/playbackshop\/?post_type=product&#038;p=1903"},"modified":"2020-08-16T13:54:34","modified_gmt":"2020-08-16T11:54:34","slug":"summer-sessions-2018-compiled-and-mixed-by-milksugar","status":"publish","type":"product","link":"https:\/\/www.karaoke-helden.de\/playbackshop\/summer-sessions-2018-compiled-and-mixed-by-milksugar","title":{"rendered":"CD-Shop &#8211; SUMMER SESSIONS 2018 &#8211; Compiled and Mixed by Milk&#038;Sugar"},"content":{"rendered":"<h2>SUMMER SESSIONS 2018 &#8211; Compiled and Mixed by Milk&amp;Sugar.<\/h2>\n<h2>Kurz vor dem Start in den hei\u00df ersehnten Sommer ver\u00f6ffentlichten Milk &amp; Sugar Recordings in geliebter Tradition seine \u201eSummer Sessions\u201c \u2013 eine Compilation, die zu dieser Jahreszeit passt wie Himbeereis und Sonnencreme.<\/h2>\n<h3>Bei mir hier im Shop NEU\/OVP &#8211; Lieferung per DHL mit Sendungsnummer!<\/h3>\n<p>Zusammengestellt und gemixt von den beiden Label-Masterminds selbst, gibt es auch 2018 wieder eine feine Selektion aktueller wie unver\u00f6ffentlichter Deep House-Tunes und balearischer House-Tracks, mit denen sich das Ibiza-Strand-Feeling nach Hause holen und konservieren l\u00e4sst.<\/p>\n<p>Auf zwei CDs finden sich 30 Produktionen so gro\u00dfartiger K\u00fcnstler wie Maya Jane Coles, andhim, Full Intention, Danny Howells, David Penn und Angelo Ferreri, zusammengef\u00fcgt zu zwei eigenst\u00e4ndigen wie eing\u00e4ngigen DJ-Mixes. Mit \u201eCanto Del Pil\u00f3n\u201c im Remix von Zwette und \u201eI Got A Feeling\u201c sind Milk &amp; Sugar au\u00dferdem selbst mit zwei eigenen St\u00fccken vertreten.<\/p>\n<p><strong>Summer Sessions 2018 ist am\u00a0<\/strong>15.06.18 als limitierte Doppel-CD ins Regal gekommen.<\/p>\n<p>Auf <strong>zwei CDs<\/strong> finden sich <strong>30 Produktionen<\/strong> so gro\u00dfartiger K\u00fcnstler wie <strong>Maya Jane Coles, andhim, Full Intention, Danny Howells, David Penn <\/strong>und<strong> Angelo Ferreri,<\/strong> zusammengef\u00fcgt zu zwei eigenst\u00e4ndigen wie eing\u00e4ngigen DJ-Mixes. Mit \u201cCanto Del Pil\u00f3n\u201c im Remix von Zwette und \u201cI Got A Feeling\u201c sind Milk &amp; Sugar au\u00dferdem selbst mit zwei eigenen St\u00fccken vertreten.<\/p>\n<h3>Tracklisting<\/h3>\n<p><strong>CD 1<\/strong><\/p>\n<p>01. Nebs Jack &#8211; Elegija (Original Mix)<\/p>\n<p>02. Luttrell &#8211; Wake Me Up Tomorrow (Original Mix)<\/p>\n<p>03. L. Doblado &#8211; Lie Alone (16 Bit Lolitas Remix)<\/p>\n<p>04. Dole &amp; Kom &#8211; Phara Oh (Mollono.Bass Remix)<\/p>\n<p>05. Sweed feat. Jalana &#8211; Finally (Dayne S Deep Mix)<\/p>\n<p>06. Monolink &#8211; Swallow (Original Mix)<\/p>\n<p>07. King Sfiso feat. Mbuso Khoza &#8211; Ilanga (Enoo Napa Travellerz Remix)<\/p>\n<p>08. Tibau &#8211; Melodia (Mollono.Bass Remix)<\/p>\n<p>09. Milk &amp; Sugar feat. Maria Marquez &#8211; Canto Del Pilon (Zwette Remix)<\/p>\n<p>10. Hanne &amp; Lore &#8211; Chateau De Krawall (Andhim Remix)<\/p>\n<p>11. KDA feat. Patrick Cash &#8211; Hate Me (Maya Jane Coles Remix)<\/p>\n<p>12. Danny Howells &#8211; Seabirds (Original Mix)<\/p>\n<p>13. Haldo feat. Micky G &#8211; Tell Me (Dario D&#8217;Attis Remix)<\/p>\n<p>14. Ryan Murgatroyd &#8211; Something Said (Original Mix)<\/p>\n<p>15. Turm 3 feat. Inga &#8211; Love It, Like It (Original Mix)<\/p>\n<p><strong>CD 2<\/strong><\/p>\n<p>01. Angelo Ferreri &#8211; Positive Humour (Original Mix)<\/p>\n<p>02. David Penn feat. Lisa Millett &#8211; Join Us (Full Intention Remix)<\/p>\n<p>03. Risk Assessment feat. Jemini G &#8211; Remember Me (Original Mix)<\/p>\n<p>04. T. Williams &amp; James Jacob feat. Tim Deluxe &#8211; The Learning Process (Original Mix)<\/p>\n<p>05. Ben Delay &#8211; To Be Free (Extended Mix)<\/p>\n<p>06. David Caballero feat. Nia Martin &#8211; Back From The Stars (CASSIMM Remix)<\/p>\n<p>07. Valentin Ilie &amp; Kataa &#8211; Belief (Misha Klein &amp; No Hopes Remix)<\/p>\n<p>08. Milk &amp; Sugar &#8211; I Got A Feeling (Club Mix)<\/p>\n<p>09. Saison &#8211; Sahara Rising (Original Mix)<\/p>\n<p>10. AVA (IT) &#8211; It&#8217;s Gone (Original Mix)<\/p>\n<p>11. ATFC &amp; David Penn &#8211; Hipcats (Original Mix)<\/p>\n<p>12. Milk &amp; Sugar feat. Ron Carroll &#8211; House Dimension (Dario D&#8217;Attis Remix)<\/p>\n<p>13. Alaia &amp; Gallo &amp; Lupe Fuentes &#8211; Lose My Mind (Original Mix)<\/p>\n<p>14. Marc Vedo &amp; DJ Rae &#8211; Make Me Better (VIP Mix)<\/p>\n<p>15. Rosario Galati &amp; Yves Murasca &#8211; Kalura (Original Mix)<\/p>\n<p><strong>Keine Karaoke<\/strong><\/p>\n<p><em><strong>SEO:\u00a0<\/strong><\/em> \u2013 <strong>CD-Shop<\/strong> &#8211; <strong>SUMMER SESSIONS 2018<\/strong> &#8211; <strong>Compiled and Mixed by Milk&amp;Sugar<\/strong> &#8211; <strong>Keine-Karaoke<\/strong> &#8211; <strong>Musik-CD<\/strong> &#8211;<\/p>\n<h3>Service \/ Umwelt \/ Versand und Preishinweis<\/h3>\n<p><strong>Bitte BEACHTEN:<\/strong> Bei den Preisen im Shop ist ALLES an Nebenkosten enthalten wenn NICHT anderes ANGEGEBEN (siehe Bild unter dem Preis). Dazu geh\u00f6ren: Abgaben f\u00fcr das Duale-System \u2013 Entsorgung bei Batterien etc.! Ebenfalls sind Verpackung und Versandkosten inkl. Sendungsnummer-Kosten bei der Post \/ DHL enthalten wenn nicht anders ANGEGEBEN.<\/p>\n<p>Downloads sind GRUNDS\u00c4TZLICH ohne Zusatzkosten. Bei Waren im Download bekommst Du den LINK zur jeweiligen Datei innerhalb von 12.Stunden nach Eingang des Rechnungsbetrages (auch am Wochenende und Feiertagen). Es gibt keinen AUTOMATISCHEN Download. Wir stellen DEINEN Download immer pers\u00f6nlich zusammen.<\/p>\n<p><strong>Suchnummer:<\/strong> 1032 &#8211; K31<\/p>\n<div class=\"shariff shariff-align-center shariff-widget-align-center shariff-buttonstretch\"><ul class=\"shariff-buttons theme-color orientation-horizontal buttonsize-small\"><li class=\"shariff-button facebook shariff-nocustomcolor\" style=\"background-color:#4273c8\"><a href=\"https:\/\/www.facebook.com\/sharer\/sharer.php?u=https%3A%2F%2Fwww.karaoke-helden.de%2Fplaybackshop%2Fsummer-sessions-2018-compiled-and-mixed-by-milksugar\" title=\"Bei Facebook teilen\" aria-label=\"Bei Facebook teilen\" role=\"button\" rel=\"nofollow\" class=\"shariff-link\" style=\"; background-color:#3b5998; color:#fff\" target=\"_blank\"><span class=\"shariff-icon\" style=\"\"><svg width=\"32px\" height=\"20px\" xmlns=\"http:\/\/www.w3.org\/2000\/svg\" viewBox=\"0 0 18 32\"><path fill=\"#3b5998\" d=\"M17.1 0.2v4.7h-2.8q-1.5 0-2.1 0.6t-0.5 1.9v3.4h5.2l-0.7 5.3h-4.5v13.6h-5.5v-13.6h-4.5v-5.3h4.5v-3.9q0-3.3 1.9-5.2t5-1.8q2.6 0 4.1 0.2z\"\/><\/svg><\/span><span class=\"shariff-text\">teilen<\/span>&nbsp;<\/a><\/li><li class=\"shariff-button twitter shariff-nocustomcolor\" style=\"background-color:#595959\"><a href=\"https:\/\/twitter.com\/share?url=https%3A%2F%2Fwww.karaoke-helden.de%2Fplaybackshop%2Fsummer-sessions-2018-compiled-and-mixed-by-milksugar&text=CD-Shop%20%E2%80%93%20SUMMER%20SESSIONS%202018%20%E2%80%93%20Compiled%20and%20Mixed%20by%20Milk%26Sugar&via=d24online\" title=\"Bei X teilen\" aria-label=\"Bei X teilen\" role=\"button\" rel=\"noopener nofollow\" class=\"shariff-link\" style=\"; background-color:#000; color:#fff\" target=\"_blank\"><span class=\"shariff-icon\" style=\"\"><svg width=\"32px\" height=\"20px\" xmlns=\"http:\/\/www.w3.org\/2000\/svg\" viewBox=\"0 0 24 24\"><path fill=\"#000\" d=\"M14.258 10.152L23.176 0h-2.113l-7.747 8.813L7.133 0H0l9.352 13.328L0 23.973h2.113l8.176-9.309 6.531 9.309h7.133zm-2.895 3.293l-.949-1.328L2.875 1.56h3.246l6.086 8.523.945 1.328 7.91 11.078h-3.246zm0 0\"\/><\/svg><\/span><span class=\"shariff-text\">teilen<\/span>&nbsp;<\/a><\/li><li class=\"shariff-button linkedin shariff-nocustomcolor\" style=\"background-color:#1488bf\"><a href=\"https:\/\/www.linkedin.com\/sharing\/share-offsite\/?url=https%3A%2F%2Fwww.karaoke-helden.de%2Fplaybackshop%2Fsummer-sessions-2018-compiled-and-mixed-by-milksugar\" title=\"Bei LinkedIn teilen\" aria-label=\"Bei LinkedIn teilen\" role=\"button\" rel=\"noopener nofollow\" class=\"shariff-link\" style=\"; background-color:#0077b5; color:#fff\" target=\"_blank\"><span class=\"shariff-icon\" style=\"\"><svg width=\"32px\" height=\"20px\" xmlns=\"http:\/\/www.w3.org\/2000\/svg\" viewBox=\"0 0 27 32\"><path fill=\"#0077b5\" d=\"M6.2 11.2v17.7h-5.9v-17.7h5.9zM6.6 5.7q0 1.3-0.9 2.2t-2.4 0.9h0q-1.5 0-2.4-0.9t-0.9-2.2 0.9-2.2 2.4-0.9 2.4 0.9 0.9 2.2zM27.4 18.7v10.1h-5.9v-9.5q0-1.9-0.7-2.9t-2.3-1.1q-1.1 0-1.9 0.6t-1.2 1.5q-0.2 0.5-0.2 1.4v9.9h-5.9q0-7.1 0-11.6t0-5.3l0-0.9h5.9v2.6h0q0.4-0.6 0.7-1t1-0.9 1.6-0.8 2-0.3q3 0 4.9 2t1.9 6z\"\/><\/svg><\/span><span class=\"shariff-text\">teilen<\/span>&nbsp;<\/a><\/li><li class=\"shariff-button rss shariff-nocustomcolor\" style=\"background-color:#ff8c00\"><a href=\"https:\/\/www.karaoke-helden.de\/playbackshop\/feed\/rss\" title=\"RSS-feed\" aria-label=\"RSS-feed\" role=\"button\" class=\"shariff-link\" style=\"; background-color:#fe9312; color:#fff\" target=\"_blank\"><span class=\"shariff-icon\" style=\"\"><svg width=\"32px\" height=\"20px\" xmlns=\"http:\/\/www.w3.org\/2000\/svg\" viewBox=\"0 0 32 32\"><path fill=\"#fe9312\" d=\"M4.3 23.5c-2.3 0-4.3 1.9-4.3 4.3 0 2.3 1.9 4.2 4.3 4.2 2.4 0 4.3-1.9 4.3-4.2 0-2.3-1.9-4.3-4.3-4.3zM0 10.9v6.1c4 0 7.7 1.6 10.6 4.4 2.8 2.8 4.4 6.6 4.4 10.6h6.2c0-11.7-9.5-21.1-21.1-21.1zM0 0v6.1c14.2 0 25.8 11.6 25.8 25.9h6.2c0-17.6-14.4-32-32-32z\"\/><\/svg><\/span><span class=\"shariff-text\">RSS-feed<\/span>&nbsp;<\/a><\/li><li class=\"shariff-button printer shariff-nocustomcolor\" style=\"background-color:#a8a8a8\"><a href=\"javascript:window.print()\" title=\"drucken\" aria-label=\"drucken\" role=\"button\" rel=\"noopener nofollow\" class=\"shariff-link\" style=\"; background-color:#999; color:#fff\"><span class=\"shariff-icon\" style=\"\"><svg width=\"32px\" height=\"20px\" xmlns=\"http:\/\/www.w3.org\/2000\/svg\" viewBox=\"0 0 30 32\"><path fill=\"#999\" d=\"M6.8 27.4h16v-4.6h-16v4.6zM6.8 16h16v-6.8h-2.8q-0.7 0-1.2-0.5t-0.5-1.2v-2.8h-11.4v11.4zM27.4 17.2q0-0.5-0.3-0.8t-0.8-0.4-0.8 0.4-0.3 0.8 0.3 0.8 0.8 0.3 0.8-0.3 0.3-0.8zM29.7 17.2v7.4q0 0.2-0.2 0.4t-0.4 0.2h-4v2.8q0 0.7-0.5 1.2t-1.2 0.5h-17.2q-0.7 0-1.2-0.5t-0.5-1.2v-2.8h-4q-0.2 0-0.4-0.2t-0.2-0.4v-7.4q0-1.4 1-2.4t2.4-1h1.2v-9.7q0-0.7 0.5-1.2t1.2-0.5h12q0.7 0 1.6 0.4t1.3 0.8l2.7 2.7q0.5 0.5 0.9 1.4t0.4 1.6v4.6h1.1q1.4 0 2.4 1t1 2.4z\"\/><\/svg><\/span><span class=\"shariff-text\">drucken<\/span>&nbsp;<\/a><\/li><li class=\"shariff-button whatsapp shariff-nocustomcolor\" style=\"background-color:#5cbe4a\"><a href=\"https:\/\/api.whatsapp.com\/send?text=https%3A%2F%2Fwww.karaoke-helden.de%2Fplaybackshop%2Fsummer-sessions-2018-compiled-and-mixed-by-milksugar%20CD-Shop%20%E2%80%93%20SUMMER%20SESSIONS%202018%20%E2%80%93%20Compiled%20and%20Mixed%20by%20Milk%26Sugar\" title=\"Bei Whatsapp teilen\" aria-label=\"Bei Whatsapp teilen\" role=\"button\" rel=\"noopener nofollow\" class=\"shariff-link\" style=\"; background-color:#34af23; color:#fff\" target=\"_blank\"><span class=\"shariff-icon\" style=\"\"><svg width=\"32px\" height=\"20px\" xmlns=\"http:\/\/www.w3.org\/2000\/svg\" viewBox=\"0 0 32 32\"><path fill=\"#34af23\" d=\"M17.6 17.4q0.2 0 1.7 0.8t1.6 0.9q0 0.1 0 0.3 0 0.6-0.3 1.4-0.3 0.7-1.3 1.2t-1.8 0.5q-1 0-3.4-1.1-1.7-0.8-3-2.1t-2.6-3.3q-1.3-1.9-1.3-3.5v-0.1q0.1-1.6 1.3-2.8 0.4-0.4 0.9-0.4 0.1 0 0.3 0t0.3 0q0.3 0 0.5 0.1t0.3 0.5q0.1 0.4 0.6 1.6t0.4 1.3q0 0.4-0.6 1t-0.6 0.8q0 0.1 0.1 0.3 0.6 1.3 1.8 2.4 1 0.9 2.7 1.8 0.2 0.1 0.4 0.1 0.3 0 1-0.9t0.9-0.9zM14 26.9q2.3 0 4.3-0.9t3.6-2.4 2.4-3.6 0.9-4.3-0.9-4.3-2.4-3.6-3.6-2.4-4.3-0.9-4.3 0.9-3.6 2.4-2.4 3.6-0.9 4.3q0 3.6 2.1 6.6l-1.4 4.2 4.3-1.4q2.8 1.9 6.2 1.9zM14 2.2q2.7 0 5.2 1.1t4.3 2.9 2.9 4.3 1.1 5.2-1.1 5.2-2.9 4.3-4.3 2.9-5.2 1.1q-3.5 0-6.5-1.7l-7.4 2.4 2.4-7.2q-1.9-3.2-1.9-6.9 0-2.7 1.1-5.2t2.9-4.3 4.3-2.9 5.2-1.1z\"\/><\/svg><\/span><span class=\"shariff-text\">teilen<\/span>&nbsp;<\/a><\/li><\/ul><\/div>","protected":false},"excerpt":{"rendered":"<p><em><strong><a href=\"\/playbackshop\/versandarten\/\" target=\"_blank\" rel=\"noopener noreferrer\"><img decoding=\"async\" class=\"aligncenter wp-image-7632 size-full\" src=\"https:\/\/www.karaoke-helden.de\/playbackshop\/wp-content\/uploads\/2020\/10\/Versandkosten-Info-Oktober.jpg\" alt=\"Preis zzgl Versandkostenpauschale\" width=\"550\" height=\"65\" \/><\/a>CD-Musik-Shop:<\/strong> <\/em>Hier kommt wieder eine Top-CD in den CD-Musik-Shop, nat\u00fcrlich Nagelneu SUMMER SESSIONS 2018 &#8211; Compiled and Mixed by Milk&amp;Sugar. Auf zwei CDs finden sich 30 Produktionen so gro\u00dfartiger K\u00fcnstler wie Maya Jane Coles, andhim&#8230;<\/p>\n","protected":false},"featured_media":994,"template":"","meta":{"rank_math_lock_modified_date":false},"product_cat":[6847,824,7581,10743,1110,6529],"product_tag":[1278,1277,1255,1257,1094,1114,15277,850,1276],"class_list":{"0":"post-1903","1":"product","2":"type-product","3":"status-publish","4":"has-post-thumbnail","6":"product_cat-alben","7":"product_cat-alle-produkte","8":"product_cat-electronic","9":"product_cat-hip-house-und-rap","10":"product_cat-musik-cd-und-dvd-shop","11":"product_cat-neue-cd-s","12":"product_tag-by-milksugar","13":"product_tag-compiled-and-mixed","14":"product_tag-dj","15":"product_tag-guenstig","16":"product_tag-kaufen","17":"product_tag-musik","18":"product_tag-nagelneu","19":"product_tag-ovp","20":"product_tag-summer-sessions-2018","22":"first","23":"instock","24":"taxable","25":"shipping-taxable","26":"product-type-simple","27":"add-to-wishlist-after_add_to_cart"},"_links":{"self":[{"href":"https:\/\/www.karaoke-helden.de\/playbackshop\/wp-json\/wp\/v2\/product\/1903","targetHints":{"allow":["GET"]}}],"collection":[{"href":"https:\/\/www.karaoke-helden.de\/playbackshop\/wp-json\/wp\/v2\/product"}],"about":[{"href":"https:\/\/www.karaoke-helden.de\/playbackshop\/wp-json\/wp\/v2\/types\/product"}],"wp:featuredmedia":[{"embeddable":true,"href":"https:\/\/www.karaoke-helden.de\/playbackshop\/wp-json\/wp\/v2\/media\/994"}],"wp:attachment":[{"href":"https:\/\/www.karaoke-helden.de\/playbackshop\/wp-json\/wp\/v2\/media?parent=1903"}],"wp:term":[{"taxonomy":"product_cat","embeddable":true,"href":"https:\/\/www.karaoke-helden.de\/playbackshop\/wp-json\/wp\/v2\/product_cat?post=1903"},{"taxonomy":"product_tag","embeddable":true,"href":"https:\/\/www.karaoke-helden.de\/playbackshop\/wp-json\/wp\/v2\/product_tag?post=1903"}],"curies":[{"name":"wp","href":"https:\/\/api.w.org\/{rel}","templated":true}]}}