{"id":1915,"date":"2020-08-16T12:15:08","date_gmt":"2020-08-16T10:15:08","guid":{"rendered":"https:\/\/www.karaoke-helden.de\/playbackshop\/?post_type=product&#038;p=1915"},"modified":"2020-08-16T14:04:44","modified_gmt":"2020-08-16T12:04:44","slug":"top-cd-shop-deepalma-ibiza-winter-moods","status":"publish","type":"product","link":"https:\/\/www.karaoke-helden.de\/playbackshop\/top-cd-shop-deepalma-ibiza-winter-moods","title":{"rendered":"TOP-CD-Shop &#8211; D\u00e9epalma Ibiza Winter Moods"},"content":{"rendered":"<h2>D\u00e9epalma Ibiza Winter Moods.<\/h2>\n<h2>Sonne, Palmen, Meeresrauschen.<\/h2>\n<h3>Hier im Shop NEU\/OVP &#8211; Versand via DHL mit Sendungsnummer &#8230;<\/h3>\n<p><em><strong>Jetzt im CD-Shop:<\/strong><\/em> Wer auch im Winter Sehnsucht nach Ibizas sch\u00f6nsten Seiten versp\u00fcrt, f\u00fcr den ist die neue Compilation <strong>\u201aIbiza Winter Moods\u2019 <\/strong>von D\u00e9epalma Records beinahe schon ein Muss: Erstmals ver\u00f6ffentlicht das deutsch-ibizenkische Label im Rahmen seiner beliebten Ibiza Compilation-Reihe eine Winter-Ausgabe. Die warmen Sounds der Neuerscheinung begegnen mit eing\u00e4ngigen Rhythmen und Kl\u00e4ngen den Sehns\u00fcchten aller Sonnenanbeter und Ibiza-Liebhaber nach ein bisschen s\u00fcdlicher W\u00e4rme im Winter.<\/p>\n<p>Mit diesem Album beweist D\u00e9epalma Records erneut seine musikalische Sensibilit\u00e4t. Das Label arbeitet stets am musikalischen Puls der Zeit, was die vielen Top-Positionierungen der vergangenen Jahre in diversen Charts rund um den Globus beweisen. D\u00e9epalma Records gelangen mehrere <strong>Nummer-1-Platzierungen <\/strong>in den deutschen iTunes Electronic-Charts und auch die Millionen Klicks auf Spotify, YouTube und Soundcloud zeigen, dass dieses Label Musik produziert, die Menschen ber\u00fchrt. Mit mittlerweile 70 EP-Ver\u00f6ffentlichungen, zahlreichen Samplern und Mix-Alben ist die erst vor vier Jahren gegr\u00fcndete Musikcompany eine kleine, aber feine Plattenfirma, die sich in der kurzen Zeit beachtlichen Respekt in der Szene erarbeitet hat.<\/p>\n<p>\u201eF\u00fcr alle, die wie ich die Sonne Ibizas lieben, ist der Winter bei uns schon eine Herausforderung\u201c, sagt Labelchef <strong>Yves Murasca<\/strong>. \u201eDa hatten wir die Idee, die Sonne einfach musikalisch einzufangen.\u201c Und so entwickelte er gemeinsam mit seinen DJ-Kollegen <strong>Rosario Galati <\/strong>und <strong>Keyano <\/strong>(eine H\u00e4lfte des Wiener Duos <strong>Holter &amp; Mogyoro<\/strong>) das Konzept f\u00fcr diese erste Winter- Edition der labeleigenen Ibiza Compilation-Reihe. Das Ergebnis hei\u00dft \u201e<strong>D\u00e9epalma Ibiza Winter Moods<\/strong>\u201c, eine Kopplung, die in Form dreier Mixe auf beeindruckende Weise die musikalische Vielschichtigkeit der Label-Marke sowie der Insel widerspiegelt und wunderbar nebenbei den H\u00f6rer in eine sonnig-warme Traumwelt von Palmen, Strand und Meer entf\u00fchrt.<\/p>\n<p><strong>Tracklists <\/strong><\/p>\n<p><strong>CD1 &#8211; LOUNGE MOODS <\/strong><\/p>\n<p>01. Soultekk &#8211; Sunset (Soultekk&#8217;s Ibiza Sunset Mix) 02. Aguizi &amp; Fahim &#8211; Inside The Blue Castle (Original Mix) 03. Tube &amp; Berger &#8211; Kleines Traumparadies (Original Mix) 04. Chasing Kurt &#8211; Cloud Dancer (Original Mix) 05. Matan Arkin &#8211; Moksha (Original Mix) 06. Lexer &#8211; It Will Be All Over Soon (Extended) 07. Keyano &#8211; Dan Dale (Original Mix) 08. Ucha &#8211; Sonsondergang (Original Mix) 09. Djuma Soundsystem &#8211; Small Fries (Original Mix) 10. Kant &#8211; Never U Mind (Original Mix) 11. West.K &#8211; Let\u2019s Take Control (Original Mix) 12. Mike D&#8217;Jais &#8211; How To Find You (Original Mix) 13. Velker &amp; Maria Estrella &#8211; Second Chance (Original Mix) 14. Rosario Galati &amp; Yves Murasca &#8211; From The Stars (Vocal Mix) 15. Baltic Weather &#8211; Back Where I Belong (Original Mix)<\/p>\n<p><strong>CD2 &#8211; HOUSE GROOVES <\/strong><\/p>\n<p>01. Yves Murasca &#8211; Right On (Monoteq &amp; Grisha Gerrus Remix) 02. Mousse T &amp; Lovebirds &#8211; Do Anything (Original Mix) 03. Robosonic &amp; Ferreck Dawn &#8211; Nine To Phife (Original Mix) 04. Promonova &#8211; It&#8217;s Gonna Be (Original Mix) 05. Purple Disco Machine &#8211; Song For O (Original Mix) 06. Milk &amp; Sugar feat. Ron Carroll &#8211; House Dimension (Album Version) 07. Vanilla Ace &#8211; Get It On (Saison Remix) 08. Sllash &amp; Doppe &#8211; A Sex Thing (Original Mix) 09. Full Intention feat. Cevin Fisher &#8211; Keys To My House (Full Intention Dub) 10. Ben Delay &#8211; No One (Superdope Mix) 11. Holter &amp; Mogyoro &#8211; Hundred Lives (Juloboy Remix) 12. Mitch LJ &amp; Gil Martin &#8211; Feel Like You Wanna Sing (Milk &amp; Sugar Remix) 13. Superlover &#8211; Blow Up (Original Mix) 14. Sant\u00e9 &#8211; The Way (Original Mix) 15. Giangi Cappai feat. Nia Martin &#8211; Black Queen (Yves Murasca &amp; Rosario Galati Remix)<\/p>\n<p><strong>CD3 &#8211; AFTERHOUR VISIONS<\/strong><\/p>\n<p>01. Matthew1626 &#8211; Don&#8217;t Give Up (Original Mix) 02. Bondi &#8211; Diversity (Original Mix) 03. Yves Murasca &amp; Rosario Galati feat. Chasing Kurt &#8211; The Light (Original Mix) 04. Chemical Surf &amp; Bondi &#8211; Losing Abilities (Original Mix) 05. Dayne S &#8211; Fluegel (Original Mix) 06. Karol XVII &amp; MB Valence &#8211; Intro Price [Burnin&#8217; In My Soul] (Original Mix) 07. Jules &amp; Moss &#8211; Nans Et Moots (Oliver Schories Remix) 08. Few Nolder &#8211; Clouds (Boso Reversion) 09. David Caballero feat. Nia Martin &#8211; Back From The Stars (Original Mix) 10. Arco feat. John Vermont &#8211; Let It Go (Original Mix) 11. Andhim &#8211; Spayce (Original Mix) 12. Dark Matter &#8211; Drawn In (Original Mix) 13. The Tone Ranger &#8211; Sundance Kid (Original Mix) 14. K\u00f6lsch &#8211; Grau (Original Mix)<\/p>\n<p><strong>SEO: <\/strong> &#8211; <strong>TOP-CD<\/strong> &#8211; D\u00e9epalma Ibiza Winter Moods &#8211; <strong>CD-Shop<\/strong> &#8211; <strong>DJ-Shop<\/strong> &#8211;<\/p>\n<p><strong>Hinweis:<\/strong> Musik-CD &#8211; Keine Karaoke<\/p>\n<p><strong>Bildhinweis: <\/strong>Freigegeben &#8211; Berlini\u00e8ros PR<\/p>\n<p><strong>FSK:<\/strong> Keine Angabe vorhanden<\/p>\n<h3>Service \/ Umwelt \/ Versand und Preishinweis<\/h3>\n<p><strong>Bitte BEACHTEN:<\/strong>\u00a0Bei den Preisen im Shop ist ALLES an Nebenkosten enthalten wenn NICHT anderes ANGEGEBEN (siehe Bild unter dem Preis). Dazu geh\u00f6ren: Abgaben f\u00fcr das Duale-System \u2013 Entsorgung bei Batterien etc.! Ebenfalls sind Verpackung und Versandkosten inkl. Sendungsnummer-Kosten bei der Post \/ DHL enthalten.<\/p>\n<p>Downloads sind GRUNDS\u00c4TZLICH ohne Zusatzkosten. Bei Waren im Download bekommst Du den LINK zur jeweiligen Datei innerhalb von 12.Stunden nach Eingang des Rechnungsbetrages (auch am Wochenende und Feiertagen). Es gibt keinen AUTOMATISCHEN Download. Wir stellen DEINEN Download immer pers\u00f6nlich zusammen.<\/p>\n<p><em><strong>Suchnummer:<\/strong> <\/em>1036 &#8211; K31<\/p>\n<div class=\"shariff shariff-align-center shariff-widget-align-center shariff-buttonstretch\"><ul class=\"shariff-buttons theme-color orientation-horizontal buttonsize-small\"><li class=\"shariff-button facebook shariff-nocustomcolor\" style=\"background-color:#4273c8\"><a href=\"https:\/\/www.facebook.com\/sharer\/sharer.php?u=https%3A%2F%2Fwww.karaoke-helden.de%2Fplaybackshop%2Ftop-cd-shop-deepalma-ibiza-winter-moods\" title=\"Bei Facebook teilen\" aria-label=\"Bei Facebook teilen\" role=\"button\" rel=\"nofollow\" class=\"shariff-link\" style=\"; background-color:#3b5998; color:#fff\" target=\"_blank\"><span class=\"shariff-icon\" style=\"\"><svg width=\"32px\" height=\"20px\" xmlns=\"http:\/\/www.w3.org\/2000\/svg\" viewBox=\"0 0 18 32\"><path fill=\"#3b5998\" d=\"M17.1 0.2v4.7h-2.8q-1.5 0-2.1 0.6t-0.5 1.9v3.4h5.2l-0.7 5.3h-4.5v13.6h-5.5v-13.6h-4.5v-5.3h4.5v-3.9q0-3.3 1.9-5.2t5-1.8q2.6 0 4.1 0.2z\"\/><\/svg><\/span><span class=\"shariff-text\">teilen<\/span>&nbsp;<\/a><\/li><li class=\"shariff-button twitter shariff-nocustomcolor\" style=\"background-color:#595959\"><a href=\"https:\/\/twitter.com\/share?url=https%3A%2F%2Fwww.karaoke-helden.de%2Fplaybackshop%2Ftop-cd-shop-deepalma-ibiza-winter-moods&text=TOP-CD-Shop%20%E2%80%93%20D%C3%A9epalma%20Ibiza%20Winter%20Moods&via=d24online\" title=\"Bei X teilen\" aria-label=\"Bei X teilen\" role=\"button\" rel=\"noopener nofollow\" class=\"shariff-link\" style=\"; background-color:#000; color:#fff\" target=\"_blank\"><span class=\"shariff-icon\" style=\"\"><svg width=\"32px\" height=\"20px\" xmlns=\"http:\/\/www.w3.org\/2000\/svg\" viewBox=\"0 0 24 24\"><path fill=\"#000\" d=\"M14.258 10.152L23.176 0h-2.113l-7.747 8.813L7.133 0H0l9.352 13.328L0 23.973h2.113l8.176-9.309 6.531 9.309h7.133zm-2.895 3.293l-.949-1.328L2.875 1.56h3.246l6.086 8.523.945 1.328 7.91 11.078h-3.246zm0 0\"\/><\/svg><\/span><span class=\"shariff-text\">teilen<\/span>&nbsp;<\/a><\/li><li class=\"shariff-button linkedin shariff-nocustomcolor\" style=\"background-color:#1488bf\"><a href=\"https:\/\/www.linkedin.com\/sharing\/share-offsite\/?url=https%3A%2F%2Fwww.karaoke-helden.de%2Fplaybackshop%2Ftop-cd-shop-deepalma-ibiza-winter-moods\" title=\"Bei LinkedIn teilen\" aria-label=\"Bei LinkedIn teilen\" role=\"button\" rel=\"noopener nofollow\" class=\"shariff-link\" style=\"; background-color:#0077b5; color:#fff\" target=\"_blank\"><span class=\"shariff-icon\" style=\"\"><svg width=\"32px\" height=\"20px\" xmlns=\"http:\/\/www.w3.org\/2000\/svg\" viewBox=\"0 0 27 32\"><path fill=\"#0077b5\" d=\"M6.2 11.2v17.7h-5.9v-17.7h5.9zM6.6 5.7q0 1.3-0.9 2.2t-2.4 0.9h0q-1.5 0-2.4-0.9t-0.9-2.2 0.9-2.2 2.4-0.9 2.4 0.9 0.9 2.2zM27.4 18.7v10.1h-5.9v-9.5q0-1.9-0.7-2.9t-2.3-1.1q-1.1 0-1.9 0.6t-1.2 1.5q-0.2 0.5-0.2 1.4v9.9h-5.9q0-7.1 0-11.6t0-5.3l0-0.9h5.9v2.6h0q0.4-0.6 0.7-1t1-0.9 1.6-0.8 2-0.3q3 0 4.9 2t1.9 6z\"\/><\/svg><\/span><span class=\"shariff-text\">teilen<\/span>&nbsp;<\/a><\/li><li class=\"shariff-button rss shariff-nocustomcolor\" style=\"background-color:#ff8c00\"><a href=\"https:\/\/www.karaoke-helden.de\/playbackshop\/feed\/rss\" title=\"RSS-feed\" aria-label=\"RSS-feed\" role=\"button\" class=\"shariff-link\" style=\"; background-color:#fe9312; color:#fff\" target=\"_blank\"><span class=\"shariff-icon\" style=\"\"><svg width=\"32px\" height=\"20px\" xmlns=\"http:\/\/www.w3.org\/2000\/svg\" viewBox=\"0 0 32 32\"><path fill=\"#fe9312\" d=\"M4.3 23.5c-2.3 0-4.3 1.9-4.3 4.3 0 2.3 1.9 4.2 4.3 4.2 2.4 0 4.3-1.9 4.3-4.2 0-2.3-1.9-4.3-4.3-4.3zM0 10.9v6.1c4 0 7.7 1.6 10.6 4.4 2.8 2.8 4.4 6.6 4.4 10.6h6.2c0-11.7-9.5-21.1-21.1-21.1zM0 0v6.1c14.2 0 25.8 11.6 25.8 25.9h6.2c0-17.6-14.4-32-32-32z\"\/><\/svg><\/span><span class=\"shariff-text\">RSS-feed<\/span>&nbsp;<\/a><\/li><li class=\"shariff-button printer shariff-nocustomcolor\" style=\"background-color:#a8a8a8\"><a href=\"javascript:window.print()\" title=\"drucken\" aria-label=\"drucken\" role=\"button\" rel=\"noopener nofollow\" class=\"shariff-link\" style=\"; background-color:#999; color:#fff\"><span class=\"shariff-icon\" style=\"\"><svg width=\"32px\" height=\"20px\" xmlns=\"http:\/\/www.w3.org\/2000\/svg\" viewBox=\"0 0 30 32\"><path fill=\"#999\" d=\"M6.8 27.4h16v-4.6h-16v4.6zM6.8 16h16v-6.8h-2.8q-0.7 0-1.2-0.5t-0.5-1.2v-2.8h-11.4v11.4zM27.4 17.2q0-0.5-0.3-0.8t-0.8-0.4-0.8 0.4-0.3 0.8 0.3 0.8 0.8 0.3 0.8-0.3 0.3-0.8zM29.7 17.2v7.4q0 0.2-0.2 0.4t-0.4 0.2h-4v2.8q0 0.7-0.5 1.2t-1.2 0.5h-17.2q-0.7 0-1.2-0.5t-0.5-1.2v-2.8h-4q-0.2 0-0.4-0.2t-0.2-0.4v-7.4q0-1.4 1-2.4t2.4-1h1.2v-9.7q0-0.7 0.5-1.2t1.2-0.5h12q0.7 0 1.6 0.4t1.3 0.8l2.7 2.7q0.5 0.5 0.9 1.4t0.4 1.6v4.6h1.1q1.4 0 2.4 1t1 2.4z\"\/><\/svg><\/span><span class=\"shariff-text\">drucken<\/span>&nbsp;<\/a><\/li><li class=\"shariff-button whatsapp shariff-nocustomcolor\" style=\"background-color:#5cbe4a\"><a href=\"https:\/\/api.whatsapp.com\/send?text=https%3A%2F%2Fwww.karaoke-helden.de%2Fplaybackshop%2Ftop-cd-shop-deepalma-ibiza-winter-moods%20TOP-CD-Shop%20%E2%80%93%20D%C3%A9epalma%20Ibiza%20Winter%20Moods\" title=\"Bei Whatsapp teilen\" aria-label=\"Bei Whatsapp teilen\" role=\"button\" rel=\"noopener nofollow\" class=\"shariff-link\" style=\"; background-color:#34af23; color:#fff\" target=\"_blank\"><span class=\"shariff-icon\" style=\"\"><svg width=\"32px\" height=\"20px\" xmlns=\"http:\/\/www.w3.org\/2000\/svg\" viewBox=\"0 0 32 32\"><path fill=\"#34af23\" d=\"M17.6 17.4q0.2 0 1.7 0.8t1.6 0.9q0 0.1 0 0.3 0 0.6-0.3 1.4-0.3 0.7-1.3 1.2t-1.8 0.5q-1 0-3.4-1.1-1.7-0.8-3-2.1t-2.6-3.3q-1.3-1.9-1.3-3.5v-0.1q0.1-1.6 1.3-2.8 0.4-0.4 0.9-0.4 0.1 0 0.3 0t0.3 0q0.3 0 0.5 0.1t0.3 0.5q0.1 0.4 0.6 1.6t0.4 1.3q0 0.4-0.6 1t-0.6 0.8q0 0.1 0.1 0.3 0.6 1.3 1.8 2.4 1 0.9 2.7 1.8 0.2 0.1 0.4 0.1 0.3 0 1-0.9t0.9-0.9zM14 26.9q2.3 0 4.3-0.9t3.6-2.4 2.4-3.6 0.9-4.3-0.9-4.3-2.4-3.6-3.6-2.4-4.3-0.9-4.3 0.9-3.6 2.4-2.4 3.6-0.9 4.3q0 3.6 2.1 6.6l-1.4 4.2 4.3-1.4q2.8 1.9 6.2 1.9zM14 2.2q2.7 0 5.2 1.1t4.3 2.9 2.9 4.3 1.1 5.2-1.1 5.2-2.9 4.3-4.3 2.9-5.2 1.1q-3.5 0-6.5-1.7l-7.4 2.4 2.4-7.2q-1.9-3.2-1.9-6.9 0-2.7 1.1-5.2t2.9-4.3 4.3-2.9 5.2-1.1z\"\/><\/svg><\/span><span class=\"shariff-text\">teilen<\/span>&nbsp;<\/a><\/li><\/ul><\/div>","protected":false},"excerpt":{"rendered":"<p><strong><a href=\"\/playbackshop\/versandarten\/\" target=\"_blank\" rel=\"noopener noreferrer\"><img decoding=\"async\" class=\"aligncenter wp-image-7632 size-full\" src=\"https:\/\/www.karaoke-helden.de\/playbackshop\/wp-content\/uploads\/2020\/10\/Versandkosten-Info-Oktober.jpg\" alt=\"Preis zzgl Versandkostenpauschale\" width=\"550\" height=\"65\" \/><\/a>Jetzt im Karaoke-Helden &#8211; CD-Shop:<\/strong> TOP-CD &#8211; D\u00e9epalma Ibiza Winter Moods. Wer auch im Winter Sehnsucht nach Ibizas sch\u00f6nsten Seiten versp\u00fcrt, f\u00fcr den ist die Compilation \u201aIbiza Winter Moods\u2019.<\/p>\n<p>&nbsp;<\/p>\n","protected":false},"featured_media":1916,"template":"","meta":{"rank_math_lock_modified_date":false},"product_cat":[6847,824,7524,7581,10743,1110,6529],"product_tag":[1299,1304,1300,1302,1303,1114,849,850,1115,1301],"class_list":{"0":"post-1915","1":"product","2":"type-product","3":"status-publish","4":"has-post-thumbnail","6":"product_cat-alben","7":"product_cat-alle-produkte","8":"product_cat-chillout-und-lounge-music","9":"product_cat-electronic","10":"product_cat-hip-house-und-rap","11":"product_cat-musik-cd-und-dvd-shop","12":"product_cat-neue-cd-s","13":"product_tag-deepalma","14":"product_tag-deepalma-records","15":"product_tag-ibiza-winter-moods","16":"product_tag-keyano","17":"product_tag-mix","18":"product_tag-musik","19":"product_tag-neu","20":"product_tag-ovp","21":"product_tag-party","22":"product_tag-rosario-galati","24":"first","25":"instock","26":"taxable","27":"shipping-taxable","28":"product-type-simple","29":"add-to-wishlist-after_add_to_cart"},"_links":{"self":[{"href":"https:\/\/www.karaoke-helden.de\/playbackshop\/wp-json\/wp\/v2\/product\/1915","targetHints":{"allow":["GET"]}}],"collection":[{"href":"https:\/\/www.karaoke-helden.de\/playbackshop\/wp-json\/wp\/v2\/product"}],"about":[{"href":"https:\/\/www.karaoke-helden.de\/playbackshop\/wp-json\/wp\/v2\/types\/product"}],"wp:featuredmedia":[{"embeddable":true,"href":"https:\/\/www.karaoke-helden.de\/playbackshop\/wp-json\/wp\/v2\/media\/1916"}],"wp:attachment":[{"href":"https:\/\/www.karaoke-helden.de\/playbackshop\/wp-json\/wp\/v2\/media?parent=1915"}],"wp:term":[{"taxonomy":"product_cat","embeddable":true,"href":"https:\/\/www.karaoke-helden.de\/playbackshop\/wp-json\/wp\/v2\/product_cat?post=1915"},{"taxonomy":"product_tag","embeddable":true,"href":"https:\/\/www.karaoke-helden.de\/playbackshop\/wp-json\/wp\/v2\/product_tag?post=1915"}],"curies":[{"name":"wp","href":"https:\/\/api.w.org\/{rel}","templated":true}]}}