{"id":2059,"date":"2020-04-11T13:22:44","date_gmt":"2020-04-11T11:22:44","guid":{"rendered":"https:\/\/www.karaoke-helden.de\/playbackshop\/?post_type=product&#038;p=2059"},"modified":"2020-04-11T14:47:57","modified_gmt":"2020-04-11T12:47:57","slug":"neil-diamond-karaoke-anthology-by-radio-starz","status":"publish","type":"product","link":"https:\/\/www.karaoke-helden.de\/playbackshop\/neil-diamond-karaoke-anthology-by-radio-starz","title":{"rendered":"NEIL DIAMOND Karaoke Playbacks Anthology by Radio Starz"},"content":{"rendered":"<h2>Radio Starz NEIL DIAMOND Karaoke Playbacks Anthology.<\/h2>\n<h2>F\u00fcr mich einer der BESTEN Musiker der Welt. EINZELST\u00dcCK &#8230;<\/h2>\n<h3>Neu \/ OVP &#8211; Versand mit Sendungsnummer per Post\/DHL.<\/h3>\n<p><img decoding=\"async\" class=\"alignright size-full wp-image-2060\" src=\"https:\/\/www.karaoke-helden.de\/playbackshop\/wp-content\/uploads\/2018\/09\/Neil-Diamond-Karaoke-CD.jpg\" alt=\"Neil-Diamond-Karaoke-CD\" width=\"430\" height=\"427\" srcset=\"https:\/\/www.karaoke-helden.de\/playbackshop\/wp-content\/uploads\/2018\/09\/Neil-Diamond-Karaoke-CD.jpg 430w, https:\/\/www.karaoke-helden.de\/playbackshop\/wp-content\/uploads\/2018\/09\/Neil-Diamond-Karaoke-CD-100x100.jpg 100w, https:\/\/www.karaoke-helden.de\/playbackshop\/wp-content\/uploads\/2018\/09\/Neil-Diamond-Karaoke-CD-64x64.jpg 64w, https:\/\/www.karaoke-helden.de\/playbackshop\/wp-content\/uploads\/2018\/09\/Neil-Diamond-Karaoke-CD-155x155.jpg 155w, https:\/\/www.karaoke-helden.de\/playbackshop\/wp-content\/uploads\/2018\/09\/Neil-Diamond-Karaoke-CD-150x150.jpg 150w, https:\/\/www.karaoke-helden.de\/playbackshop\/wp-content\/uploads\/2018\/09\/Neil-Diamond-Karaoke-CD-95x95.jpg 95w, https:\/\/www.karaoke-helden.de\/playbackshop\/wp-content\/uploads\/2018\/09\/Neil-Diamond-Karaoke-CD-300x298.jpg 300w\" sizes=\"(max-width: 430px) 100vw, 430px\" \/><em><strong>Karaoke-Shop &#8211;<\/strong><\/em> Hier kommen die Karaoke Playbacks die nie fehlen d\u00fcrfen in einer Karaoke-Sammlung.<\/p>\n<p><em>Zitat Wikipedia:<\/em><\/p>\n<p><strong>&#8220;Neil Leslie Diamond<\/strong> (* <a href=\"https:\/\/de.wikipedia.org\/wiki\/24._Januar\" target=\"_blank\" rel=\"noopener\">24. Januar<\/a> <a href=\"https:\/\/de.wikipedia.org\/wiki\/1941\" target=\"_blank\" rel=\"noopener\">1941<\/a> in <a href=\"https:\/\/de.wikipedia.org\/wiki\/New_York_City\" target=\"_blank\" rel=\"noopener\">New York City<\/a>) ist ein US-amerikanischer S\u00e4nger und Songwriter. Er hatte vor allem in den sp\u00e4ten 1960er und in den 1970er Jahren Top-Ten-Hits wie <em>Sweet Caroline<\/em>, <em>I Am\u2026 I Said<\/em>,<a href=\"https:\/\/de.wikipedia.org\/wiki\/Neil_Diamond#cite_note-1\" target=\"_blank\" rel=\"noopener\">[1]<\/a> <em>Song Sung Blue<\/em> und <em>Cracklin&#8217; Rosie<\/em>. Mit \u00fcber 125 Millionen verkauften Schallplatten (bis Mai 2009) ist Neil Diamond einer der erfolgreichsten Musiker weltweit.&#8221;<\/p>\n<p>Jetzt bei mir im Shop zum Top-Preis als Karaoke-Version.<\/p>\n<p><strong>Auf der CD+G sind folgende St\u00fccke:<\/strong><\/p>\n<p>1. America \u2013 Neil Diamond<\/p>\n<p>2. Sweet Caroline &#8211; Neil Diamond<\/p>\n<p>3. You Don\u2019t Bring Me Flowers (Duet) &#8211; Neil Diamond<\/p>\n<p>4. Forever In Blue Jeans &#8211; Neil Diamond<\/p>\n<p>5. Kentucky Woman &#8211; Neil Diamond<\/p>\n<p>6. Hello Again &#8211; Neil Diamond<\/p>\n<p>7. Girl, You\u2019ll Be A Woman Soon &#8211; Neil Diamond<\/p>\n<p>8. Holly Holy &#8211; Neil Diamond<\/p>\n<p>9. Cherry Cherry &#8211; Neil Diamond<\/p>\n<p>10. Love On The Rocks &#8211; Neil Diamond<\/p>\n<p>11. Play Me &#8211; Neil Diamond<\/p>\n<p>12. Song Sung Blue &#8211; Neil Diamond<\/p>\n<p>13. I Am\u2026I Said &#8211; Neil Diamond<\/p>\n<p>14. Cracklin\u2019 Rosie &#8211; Neil Diamond<\/p>\n<p>15. September Morn &#8211; Neil Diamond<\/p>\n<p>16. Solitary Man &#8211; Neil Diamond<\/p>\n<p>17. Longfellow Serenade &#8211; Neil Diamond<\/p>\n<p><em>Coverversionen im Style der genannten K\u00fcnstler \/ Bands &#8211; Ohne den \/ die Original-K\u00fcnstler (Musiker).<\/em><\/p>\n<p><em>Teilweise mit &#8220;Live-Band&#8221; aufgenommen &#8211; Teilweise Backings vorhanden.<\/em><\/p>\n<p>Im Vertrieb der World-Of-Karaoke &#8211; Neuer Artikel &#8211; Unge\u00f6ffnet &#8211; OVP.<\/p>\n<p><strong>Hinweis:<\/strong> <em>Midifiles-Kaufen \/ World-Of-Karaoke ber\u00fccksichtigt immer s\u00e4mtliche Urheberrechte. Alle Rechte f\u00fcr die musikalischen Werke auf dieser Website\/Shop sind vorbehalten. Die angebotenen Songs d\u00fcrfen ohne schriftliche Genehmigung Word-of-Karaoke nur f\u00fcr private Zwecke genutzt werden. Alle musikalischen Werke auf dieser Website sind Neuaufnahmen im Style der Original-K\u00fcnstler\/Bands und beinhalten in keinster Weise die Originalstimmen oder sonstige Segmente des Originaltitels.<\/em><\/p>\n<p><em><strong>FORMAT: CD+G<\/strong><br \/>\n<\/em><\/p>\n<p><em>Alle Urheber und Leistungsschutzrechte vorbehalten.<\/em><\/p>\n<p><em>Kein Verleih, Keine unerlaubte Kopien, Auff\u00fchrung, Sendung. Beachte die GEMA-Rechte<\/em>.<\/p>\n<p><strong>World-Of-Karaoke<\/strong> &#8211; <strong>Karaokesongs<\/strong> und Playbacks immer GENADENLOS, <strong>GENIAL G\u00dcNSTIG<\/strong> kaufen!<\/p>\n<p>&nbsp;<\/p>\n<p><em><strong>SEO:\u00a0<\/strong><\/em> \u2013\u00a0 <strong>Radio Starz<\/strong> &#8211; <strong>NEIL DIAMOND<\/strong> &#8211; <strong>Karaoke<\/strong> &#8211; <strong>Playbacks<\/strong> &#8211; <strong>Anthology<\/strong> \u2013\u00a0<strong>Neu<\/strong>\u00a0\u2013\u00a0<strong>Mit Sendungsnummer<\/strong>\u00a0\u2013\u00a0<strong>DHL<\/strong>\u00a0\u2013<\/p>\n<h3>Service \/ Umwelt \/ Versand und Preishinweis<\/h3>\n<p><strong>Bitte BEACHTEN:<\/strong>\u00a0Bei den Preisen im Shop ist ALLES an Nebenkosten enthalten wenn NICHT anderes ANGEGEBEN (siehe Bild unter dem Preis). Dazu geh\u00f6ren: Abgaben f\u00fcr das Duale-System \u2013 Entsorgung bei Batterien etc.! Ebenfalls sind Verpackung und Versandkosten inkl. Sendungsnummer-Kosten bei der Post \/ DHL enthalten wenn nicht anders ANGEGEBEN.<\/p>\n<p>Downloads sind GRUNDS\u00c4TZLICH ohne Zusatzkosten. Bei Waren im Download bekommst Du den LINK zur jeweiligen Datei innerhalb von 12.Stunden nach Eingang des Rechnungsbetrages (auch am Wochenende und Feiertagen). Es gibt keinen AUTOMATISCHEN Download. Wir stellen DEINEN Download immer pers\u00f6nlich zusammen.<\/p>\n<p><strong>Suchnummer:<\/strong> 1120 \u2013 K5<\/p>\n<p><strong>FSK:<\/strong>\u00a0Nicht gepr\u00fcft<\/p>\n<div class=\"shariff shariff-align-center shariff-widget-align-center shariff-buttonstretch\"><ul class=\"shariff-buttons theme-color orientation-horizontal buttonsize-small\"><li class=\"shariff-button facebook shariff-nocustomcolor\" style=\"background-color:#4273c8\"><a href=\"https:\/\/www.facebook.com\/sharer\/sharer.php?u=https%3A%2F%2Fwww.karaoke-helden.de%2Fplaybackshop%2Fneil-diamond-karaoke-anthology-by-radio-starz\" title=\"Bei Facebook teilen\" aria-label=\"Bei Facebook teilen\" role=\"button\" rel=\"nofollow\" class=\"shariff-link\" style=\"; background-color:#3b5998; color:#fff\" target=\"_blank\"><span class=\"shariff-icon\" style=\"\"><svg width=\"32px\" height=\"20px\" xmlns=\"http:\/\/www.w3.org\/2000\/svg\" viewBox=\"0 0 18 32\"><path fill=\"#3b5998\" d=\"M17.1 0.2v4.7h-2.8q-1.5 0-2.1 0.6t-0.5 1.9v3.4h5.2l-0.7 5.3h-4.5v13.6h-5.5v-13.6h-4.5v-5.3h4.5v-3.9q0-3.3 1.9-5.2t5-1.8q2.6 0 4.1 0.2z\"\/><\/svg><\/span><span class=\"shariff-text\">teilen<\/span>&nbsp;<\/a><\/li><li class=\"shariff-button twitter shariff-nocustomcolor\" style=\"background-color:#595959\"><a href=\"https:\/\/twitter.com\/share?url=https%3A%2F%2Fwww.karaoke-helden.de%2Fplaybackshop%2Fneil-diamond-karaoke-anthology-by-radio-starz&text=NEIL%20DIAMOND%20Karaoke%20Playbacks%20Anthology%20by%20Radio%20Starz&via=d24online\" title=\"Bei X teilen\" aria-label=\"Bei X teilen\" role=\"button\" rel=\"noopener nofollow\" class=\"shariff-link\" style=\"; background-color:#000; color:#fff\" target=\"_blank\"><span class=\"shariff-icon\" style=\"\"><svg width=\"32px\" height=\"20px\" xmlns=\"http:\/\/www.w3.org\/2000\/svg\" viewBox=\"0 0 24 24\"><path fill=\"#000\" d=\"M14.258 10.152L23.176 0h-2.113l-7.747 8.813L7.133 0H0l9.352 13.328L0 23.973h2.113l8.176-9.309 6.531 9.309h7.133zm-2.895 3.293l-.949-1.328L2.875 1.56h3.246l6.086 8.523.945 1.328 7.91 11.078h-3.246zm0 0\"\/><\/svg><\/span><span class=\"shariff-text\">teilen<\/span>&nbsp;<\/a><\/li><li class=\"shariff-button linkedin shariff-nocustomcolor\" style=\"background-color:#1488bf\"><a href=\"https:\/\/www.linkedin.com\/sharing\/share-offsite\/?url=https%3A%2F%2Fwww.karaoke-helden.de%2Fplaybackshop%2Fneil-diamond-karaoke-anthology-by-radio-starz\" title=\"Bei LinkedIn teilen\" aria-label=\"Bei LinkedIn teilen\" role=\"button\" rel=\"noopener nofollow\" class=\"shariff-link\" style=\"; background-color:#0077b5; color:#fff\" target=\"_blank\"><span class=\"shariff-icon\" style=\"\"><svg width=\"32px\" height=\"20px\" xmlns=\"http:\/\/www.w3.org\/2000\/svg\" viewBox=\"0 0 27 32\"><path fill=\"#0077b5\" d=\"M6.2 11.2v17.7h-5.9v-17.7h5.9zM6.6 5.7q0 1.3-0.9 2.2t-2.4 0.9h0q-1.5 0-2.4-0.9t-0.9-2.2 0.9-2.2 2.4-0.9 2.4 0.9 0.9 2.2zM27.4 18.7v10.1h-5.9v-9.5q0-1.9-0.7-2.9t-2.3-1.1q-1.1 0-1.9 0.6t-1.2 1.5q-0.2 0.5-0.2 1.4v9.9h-5.9q0-7.1 0-11.6t0-5.3l0-0.9h5.9v2.6h0q0.4-0.6 0.7-1t1-0.9 1.6-0.8 2-0.3q3 0 4.9 2t1.9 6z\"\/><\/svg><\/span><span class=\"shariff-text\">teilen<\/span>&nbsp;<\/a><\/li><li class=\"shariff-button rss shariff-nocustomcolor\" style=\"background-color:#ff8c00\"><a href=\"https:\/\/www.karaoke-helden.de\/playbackshop\/feed\/rss\" title=\"RSS-feed\" aria-label=\"RSS-feed\" role=\"button\" class=\"shariff-link\" style=\"; background-color:#fe9312; color:#fff\" target=\"_blank\"><span class=\"shariff-icon\" style=\"\"><svg width=\"32px\" height=\"20px\" xmlns=\"http:\/\/www.w3.org\/2000\/svg\" viewBox=\"0 0 32 32\"><path fill=\"#fe9312\" d=\"M4.3 23.5c-2.3 0-4.3 1.9-4.3 4.3 0 2.3 1.9 4.2 4.3 4.2 2.4 0 4.3-1.9 4.3-4.2 0-2.3-1.9-4.3-4.3-4.3zM0 10.9v6.1c4 0 7.7 1.6 10.6 4.4 2.8 2.8 4.4 6.6 4.4 10.6h6.2c0-11.7-9.5-21.1-21.1-21.1zM0 0v6.1c14.2 0 25.8 11.6 25.8 25.9h6.2c0-17.6-14.4-32-32-32z\"\/><\/svg><\/span><span class=\"shariff-text\">RSS-feed<\/span>&nbsp;<\/a><\/li><li class=\"shariff-button printer shariff-nocustomcolor\" style=\"background-color:#a8a8a8\"><a href=\"javascript:window.print()\" title=\"drucken\" aria-label=\"drucken\" role=\"button\" rel=\"noopener nofollow\" class=\"shariff-link\" style=\"; background-color:#999; color:#fff\"><span class=\"shariff-icon\" style=\"\"><svg width=\"32px\" height=\"20px\" xmlns=\"http:\/\/www.w3.org\/2000\/svg\" viewBox=\"0 0 30 32\"><path fill=\"#999\" d=\"M6.8 27.4h16v-4.6h-16v4.6zM6.8 16h16v-6.8h-2.8q-0.7 0-1.2-0.5t-0.5-1.2v-2.8h-11.4v11.4zM27.4 17.2q0-0.5-0.3-0.8t-0.8-0.4-0.8 0.4-0.3 0.8 0.3 0.8 0.8 0.3 0.8-0.3 0.3-0.8zM29.7 17.2v7.4q0 0.2-0.2 0.4t-0.4 0.2h-4v2.8q0 0.7-0.5 1.2t-1.2 0.5h-17.2q-0.7 0-1.2-0.5t-0.5-1.2v-2.8h-4q-0.2 0-0.4-0.2t-0.2-0.4v-7.4q0-1.4 1-2.4t2.4-1h1.2v-9.7q0-0.7 0.5-1.2t1.2-0.5h12q0.7 0 1.6 0.4t1.3 0.8l2.7 2.7q0.5 0.5 0.9 1.4t0.4 1.6v4.6h1.1q1.4 0 2.4 1t1 2.4z\"\/><\/svg><\/span><span class=\"shariff-text\">drucken<\/span>&nbsp;<\/a><\/li><li class=\"shariff-button whatsapp shariff-nocustomcolor\" style=\"background-color:#5cbe4a\"><a href=\"https:\/\/api.whatsapp.com\/send?text=https%3A%2F%2Fwww.karaoke-helden.de%2Fplaybackshop%2Fneil-diamond-karaoke-anthology-by-radio-starz%20NEIL%20DIAMOND%20Karaoke%20Playbacks%20Anthology%20by%20Radio%20Starz\" title=\"Bei Whatsapp teilen\" aria-label=\"Bei Whatsapp teilen\" role=\"button\" rel=\"noopener nofollow\" class=\"shariff-link\" style=\"; background-color:#34af23; color:#fff\" target=\"_blank\"><span class=\"shariff-icon\" style=\"\"><svg width=\"32px\" height=\"20px\" xmlns=\"http:\/\/www.w3.org\/2000\/svg\" viewBox=\"0 0 32 32\"><path fill=\"#34af23\" d=\"M17.6 17.4q0.2 0 1.7 0.8t1.6 0.9q0 0.1 0 0.3 0 0.6-0.3 1.4-0.3 0.7-1.3 1.2t-1.8 0.5q-1 0-3.4-1.1-1.7-0.8-3-2.1t-2.6-3.3q-1.3-1.9-1.3-3.5v-0.1q0.1-1.6 1.3-2.8 0.4-0.4 0.9-0.4 0.1 0 0.3 0t0.3 0q0.3 0 0.5 0.1t0.3 0.5q0.1 0.4 0.6 1.6t0.4 1.3q0 0.4-0.6 1t-0.6 0.8q0 0.1 0.1 0.3 0.6 1.3 1.8 2.4 1 0.9 2.7 1.8 0.2 0.1 0.4 0.1 0.3 0 1-0.9t0.9-0.9zM14 26.9q2.3 0 4.3-0.9t3.6-2.4 2.4-3.6 0.9-4.3-0.9-4.3-2.4-3.6-3.6-2.4-4.3-0.9-4.3 0.9-3.6 2.4-2.4 3.6-0.9 4.3q0 3.6 2.1 6.6l-1.4 4.2 4.3-1.4q2.8 1.9 6.2 1.9zM14 2.2q2.7 0 5.2 1.1t4.3 2.9 2.9 4.3 1.1 5.2-1.1 5.2-2.9 4.3-4.3 2.9-5.2 1.1q-3.5 0-6.5-1.7l-7.4 2.4 2.4-7.2q-1.9-3.2-1.9-6.9 0-2.7 1.1-5.2t2.9-4.3 4.3-2.9 5.2-1.1z\"\/><\/svg><\/span><span class=\"shariff-text\">teilen<\/span>&nbsp;<\/a><\/li><\/ul><\/div>","protected":false},"excerpt":{"rendered":"<p><a href=\"\/playbackshop\/versandarten\/\" target=\"_blank\" rel=\"noopener noreferrer\"><img decoding=\"async\" class=\"aligncenter wp-image-7632 size-full\" src=\"https:\/\/www.karaoke-helden.de\/playbackshop\/wp-content\/uploads\/2020\/10\/Versandkosten-Info-Oktober.jpg\" alt=\"Preis zzgl Versandkostenpauschale\" width=\"550\" height=\"65\" \/><\/a><strong>Top-Playbacks f\u00fcr Dich ausgew\u00e4hlt:<\/strong> Radio Starz NEIL DIAMOND Karaoke Anthology. Neil Leslie Diamond (* 24. Januar 1941 in New York City) ist ein US-amerikanischer S\u00e4nger und Songwriter.<\/p>\n","protected":false},"featured_media":2060,"template":"","meta":{"rank_math_lock_modified_date":false},"product_cat":[824,926,934,932,923,936,825,862,917,867,939],"product_tag":[1764,1772,1777,1766,1769,1768,1771,1776,1724,1767,1780,1773,1391,849,850,1774,1662,1778,1779,1775,1390,1765,1770],"class_list":{"0":"post-2059","1":"product","2":"type-product","3":"status-publish","4":"has-post-thumbnail","6":"product_cat-alle-produkte","7":"product_cat-country","8":"product_cat-karaoke-weltweit","9":"product_cat-lovesongs","10":"product_cat-oldies-englisch","11":"product_cat-partyhits","12":"product_cat-playback-cdg","13":"product_cat-playbacks-nach-hersteller","14":"product_cat-playbacks-nach-musik-kategorie","15":"product_cat-shop-diverse","16":"product_cat-weitere-musikstyle","17":"product_tag-america","18":"product_tag-cherry-cherry","19":"product_tag-cracklin-rosie","20":"product_tag-forever-in-blue-jeans","21":"product_tag-girl","22":"product_tag-hello-again","23":"product_tag-holly-holy","24":"product_tag-i-ami-said","25":"product_tag-karaoke-anthology","26":"product_tag-kentucky-woman","27":"product_tag-longfellow-serenade","28":"product_tag-love-on-the-rocks","29":"product_tag-neil-diamond","30":"product_tag-neu","31":"product_tag-ovp","32":"product_tag-play-me","33":"product_tag-radio-starz","34":"product_tag-september-morn","35":"product_tag-solitary-man","36":"product_tag-song-sung-blue","37":"product_tag-sweet-caroline","38":"product_tag-you-dont-bring-me-flowers","39":"product_tag-youll-be-a-woman-soon","41":"first","42":"instock","43":"taxable","44":"shipping-taxable","45":"product-type-simple","46":"add-to-wishlist-after_add_to_cart"},"_links":{"self":[{"href":"https:\/\/www.karaoke-helden.de\/playbackshop\/wp-json\/wp\/v2\/product\/2059","targetHints":{"allow":["GET"]}}],"collection":[{"href":"https:\/\/www.karaoke-helden.de\/playbackshop\/wp-json\/wp\/v2\/product"}],"about":[{"href":"https:\/\/www.karaoke-helden.de\/playbackshop\/wp-json\/wp\/v2\/types\/product"}],"wp:featuredmedia":[{"embeddable":true,"href":"https:\/\/www.karaoke-helden.de\/playbackshop\/wp-json\/wp\/v2\/media\/2060"}],"wp:attachment":[{"href":"https:\/\/www.karaoke-helden.de\/playbackshop\/wp-json\/wp\/v2\/media?parent=2059"}],"wp:term":[{"taxonomy":"product_cat","embeddable":true,"href":"https:\/\/www.karaoke-helden.de\/playbackshop\/wp-json\/wp\/v2\/product_cat?post=2059"},{"taxonomy":"product_tag","embeddable":true,"href":"https:\/\/www.karaoke-helden.de\/playbackshop\/wp-json\/wp\/v2\/product_tag?post=2059"}],"curies":[{"name":"wp","href":"https:\/\/api.w.org\/{rel}","templated":true}]}}