{"id":2076,"date":"2020-04-07T13:40:18","date_gmt":"2020-04-07T11:40:18","guid":{"rendered":"https:\/\/www.karaoke-helden.de\/playbackshop\/?post_type=product&#038;p=2076"},"modified":"2020-04-07T14:46:30","modified_gmt":"2020-04-07T12:46:30","slug":"big-hitz-karaoke-pop-megahits-2006-vol-1","status":"publish","type":"product","link":"https:\/\/www.karaoke-helden.de\/playbackshop\/big-hitz-karaoke-pop-megahits-2006-vol-1","title":{"rendered":"Big Hitz Karaoke: Pop Megahits 2006, Vol. 1"},"content":{"rendered":"<h2>Big Hitz Karaoke Playbacks: Pop Megahits 2006, Vol. 1!<\/h2>\n<h2>Ein Meilenstein in jeder Karaoke-Playback-Sammlung.<\/h2>\n<h3>NEU\/OVP und Versand mit DHL\/Post und Sendungsnummer!<\/h3>\n<p><em><strong><img decoding=\"async\" class=\"size-full wp-image-2077 alignright\" src=\"https:\/\/www.karaoke-helden.de\/playbackshop\/wp-content\/uploads\/2018\/09\/BIG-HITZ-Pop-Megahits-2006-Vol-1.jpg\" alt=\"BIG-HITZ-Pop-Megahits-2006-Vol-1\" width=\"430\" height=\"430\" srcset=\"https:\/\/www.karaoke-helden.de\/playbackshop\/wp-content\/uploads\/2018\/09\/BIG-HITZ-Pop-Megahits-2006-Vol-1.jpg 430w, https:\/\/www.karaoke-helden.de\/playbackshop\/wp-content\/uploads\/2018\/09\/BIG-HITZ-Pop-Megahits-2006-Vol-1-100x100.jpg 100w, https:\/\/www.karaoke-helden.de\/playbackshop\/wp-content\/uploads\/2018\/09\/BIG-HITZ-Pop-Megahits-2006-Vol-1-64x64.jpg 64w, https:\/\/www.karaoke-helden.de\/playbackshop\/wp-content\/uploads\/2018\/09\/BIG-HITZ-Pop-Megahits-2006-Vol-1-320x320.jpg 320w, https:\/\/www.karaoke-helden.de\/playbackshop\/wp-content\/uploads\/2018\/09\/BIG-HITZ-Pop-Megahits-2006-Vol-1-155x155.jpg 155w, https:\/\/www.karaoke-helden.de\/playbackshop\/wp-content\/uploads\/2018\/09\/BIG-HITZ-Pop-Megahits-2006-Vol-1-150x150.jpg 150w, https:\/\/www.karaoke-helden.de\/playbackshop\/wp-content\/uploads\/2018\/09\/BIG-HITZ-Pop-Megahits-2006-Vol-1-95x95.jpg 95w, https:\/\/www.karaoke-helden.de\/playbackshop\/wp-content\/uploads\/2018\/09\/BIG-HITZ-Pop-Megahits-2006-Vol-1-300x300.jpg 300w\" sizes=\"(max-width: 430px) 100vw, 430px\" \/>Playback-Shop &#8211;<\/strong> <\/em>Darf in keine Sammlung fehlen:Hier ist der 1te Teil der Top-Songs aus dem Bereich POP 2006. Einfach Mega diese Hits.\u00a0 Diese Scheibe ist nahezu WELTWEIT nicht zu erhalten, wir konnten eine kleine Anzahl f\u00fcr unsere Kunden direkt aus der USA erhalten.<\/p>\n<p><span style=\"text-decoration: underline;\"><strong>Mit der CD kommen folgende Titel mit:<\/strong><\/span><\/p>\n<p>1.Where&#8217;d You Go &#8211; Fort Minor \/ Holly Brook<\/p>\n<p>2.Hips Don&#8217;t Lie &#8211; Shakira \/ Wyclef Jean<\/p>\n<p>3.Be Without You &#8211; Mary J. Blige<\/p>\n<p>4.Unfaithful &#8211; Rihanna<\/p>\n<p>5.SOS &#8211; Rihanna<\/p>\n<p>6.Buttons &#8211; Pussycat Dolls \/ Snoop Dogg<\/p>\n<p>7.Beep &#8211; Pussycat Dolls \/ Will.I.Am<\/p>\n<p>8.Promiscuous &#8211; Nelly Furtado<\/p>\n<p>9.Always On Your Side &#8211; Sheryl Crow &amp; Sting<\/p>\n<p>10.Check On It &#8211; Beyonce<\/p>\n<p>11.Pump It &#8211; Black Eyed Peas<\/p>\n<p>12.Bad Day &#8211; Daniel Powter<\/p>\n<p>13.Walk Away &#8211; Kelly Clarkson<\/p>\n<p>14.Unwritten &#8211; Natasha Bedingfield<\/p>\n<p>15.You&#8217;re Beautiful &#8211; James Blunt<\/p>\n<p>16.Black Horse And A Cherry Tree &#8211; K.T. Tunstall<\/p>\n<p><em>Coverversionen im Style der genannten K\u00fcnstler \/ Bands &#8211; Ohne den \/ die Original-K\u00fcnstler (Musiker).<\/em><\/p>\n<p><em>Teilweise mit &#8220;Live-Band&#8221; aufgenommen &#8211; Teilweise Backings vorhanden.<\/em><\/p>\n<p>Den Teil 2 haben wir auch im Shop &#8211; <a href=\"https:\/\/www.karaoke-helden.de\/playbackshop\/big-hitz-pop-megahits-2006-vol-2-karaoke\" target=\"_blank\" rel=\"noopener noreferrer\">KLICK mal hier!<\/a><\/p>\n<p>Textablauf bei geeigneten CD-Playern im Display. (CD+G Format).<\/p>\n<p>Im Vertrieb der World-Of-Karaoke &#8211; Neuer Artikel &#8211; Unge\u00f6ffnet &#8211; OVP.<\/p>\n<p><strong>Hinweis:<\/strong> <em>Midifiles-Kaufen \/ World-Of-Karaoke ber\u00fccksichtigt immer s\u00e4mtliche Urheberrechte. Alle Rechte f\u00fcr die musikalischen Werke auf dieser Website\/Shop sind vorbehalten. Die angebotenen Songs d\u00fcrfen ohne schriftliche Genehmigung Word-of-Karaoke nur f\u00fcr private Zwecke genutzt werden. Alle musikalischen Werke auf dieser Website sind Neuaufnahmen im Style der Original-K\u00fcnstler\/Bands und beinhalten in keinster Weise die Originalstimmen oder sonstige Segmente des Originaltitels.<\/em><\/p>\n<p><strong>Spezialformat der CD im Format +G.<\/strong><\/p>\n<p><em>Alle Urheber und Leistungsschutzrechte vorbehalten.<\/em><\/p>\n<p><em>Kein Verleih, Keine unerlaubte Kopien, Auff\u00fchrung, Sendung. Beachte die GEMA-Rechte<\/em>.<\/p>\n<p><strong>World-Of-Karaoke<\/strong> &#8211; <strong>Karaokesongs<\/strong> und <strong>Playbacks<\/strong> immer GENADENLOS, <strong>GENIAL G\u00dcNSTIG<\/strong> kaufen!<\/p>\n<p><em><strong>SEO:\u00a0<\/strong><\/em> \u2013 <strong>Big Hitz Karaoke<\/strong> &#8211; <strong>Pop Megahits 2006<\/strong> &#8211; <strong>Vol. 1.\u00a0<\/strong>\u2013\u00a0<strong>Neu<\/strong>\u00a0\u2013\u00a0<strong>Mit Sendungsnummer<\/strong>\u00a0\u2013\u00a0<strong>DHL<\/strong>\u00a0\u2013<\/p>\n<h3>Service \/ Umwelt \/ Versand und Preishinweis<\/h3>\n<p><strong>Bitte BEACHTEN:<\/strong>\u00a0Bei den Preisen im Shop ist ALLES an Nebenkosten enthalten wenn NICHT anderes ANGEGEBEN (siehe Bild unter dem Preis). Dazu geh\u00f6ren: Abgaben f\u00fcr das Duale-System \u2013 Entsorgung bei Batterien etc.! Ebenfalls sind Verpackung und Versandkosten inkl. Sendungsnummer-Kosten bei der Post \/ DHL enthalten wenn nicht anders ANGEGEBEN.<\/p>\n<p>Downloads sind GRUNDS\u00c4TZLICH ohne Zusatzkosten. Bei Waren im Download bekommst Du den LINK zur jeweiligen Datei innerhalb von 12.Stunden nach Eingang des Rechnungsbetrages (auch am Wochenende und Feiertagen). Es gibt keinen AUTOMATISCHEN Download. Wir stellen DEINEN Download immer pers\u00f6nlich zusammen.<\/p>\n<p><strong>Suchnummer:<\/strong> 1114 &#8211; K5<\/p>\n<p><strong>FSK:<\/strong>\u00a0Nicht gepr\u00fcft<\/p>\n<div class=\"shariff shariff-align-center shariff-widget-align-center shariff-buttonstretch\"><ul class=\"shariff-buttons theme-color orientation-horizontal buttonsize-small\"><li class=\"shariff-button facebook shariff-nocustomcolor\" style=\"background-color:#4273c8\"><a href=\"https:\/\/www.facebook.com\/sharer\/sharer.php?u=https%3A%2F%2Fwww.karaoke-helden.de%2Fplaybackshop%2Fbig-hitz-karaoke-pop-megahits-2006-vol-1\" title=\"Bei Facebook teilen\" aria-label=\"Bei Facebook teilen\" role=\"button\" rel=\"nofollow\" class=\"shariff-link\" style=\"; background-color:#3b5998; color:#fff\" target=\"_blank\"><span class=\"shariff-icon\" style=\"\"><svg width=\"32px\" height=\"20px\" xmlns=\"http:\/\/www.w3.org\/2000\/svg\" viewBox=\"0 0 18 32\"><path fill=\"#3b5998\" d=\"M17.1 0.2v4.7h-2.8q-1.5 0-2.1 0.6t-0.5 1.9v3.4h5.2l-0.7 5.3h-4.5v13.6h-5.5v-13.6h-4.5v-5.3h4.5v-3.9q0-3.3 1.9-5.2t5-1.8q2.6 0 4.1 0.2z\"\/><\/svg><\/span><span class=\"shariff-text\">teilen<\/span>&nbsp;<\/a><\/li><li class=\"shariff-button twitter shariff-nocustomcolor\" style=\"background-color:#595959\"><a href=\"https:\/\/twitter.com\/share?url=https%3A%2F%2Fwww.karaoke-helden.de%2Fplaybackshop%2Fbig-hitz-karaoke-pop-megahits-2006-vol-1&text=Big%20Hitz%20Karaoke%3A%20Pop%20Megahits%202006%2C%20Vol.%201&via=d24online\" title=\"Bei X teilen\" aria-label=\"Bei X teilen\" role=\"button\" rel=\"noopener nofollow\" class=\"shariff-link\" style=\"; background-color:#000; color:#fff\" target=\"_blank\"><span class=\"shariff-icon\" style=\"\"><svg width=\"32px\" height=\"20px\" xmlns=\"http:\/\/www.w3.org\/2000\/svg\" viewBox=\"0 0 24 24\"><path fill=\"#000\" d=\"M14.258 10.152L23.176 0h-2.113l-7.747 8.813L7.133 0H0l9.352 13.328L0 23.973h2.113l8.176-9.309 6.531 9.309h7.133zm-2.895 3.293l-.949-1.328L2.875 1.56h3.246l6.086 8.523.945 1.328 7.91 11.078h-3.246zm0 0\"\/><\/svg><\/span><span class=\"shariff-text\">teilen<\/span>&nbsp;<\/a><\/li><li class=\"shariff-button linkedin shariff-nocustomcolor\" style=\"background-color:#1488bf\"><a href=\"https:\/\/www.linkedin.com\/sharing\/share-offsite\/?url=https%3A%2F%2Fwww.karaoke-helden.de%2Fplaybackshop%2Fbig-hitz-karaoke-pop-megahits-2006-vol-1\" title=\"Bei LinkedIn teilen\" aria-label=\"Bei LinkedIn teilen\" role=\"button\" rel=\"noopener nofollow\" class=\"shariff-link\" style=\"; background-color:#0077b5; color:#fff\" target=\"_blank\"><span class=\"shariff-icon\" style=\"\"><svg width=\"32px\" height=\"20px\" xmlns=\"http:\/\/www.w3.org\/2000\/svg\" viewBox=\"0 0 27 32\"><path fill=\"#0077b5\" d=\"M6.2 11.2v17.7h-5.9v-17.7h5.9zM6.6 5.7q0 1.3-0.9 2.2t-2.4 0.9h0q-1.5 0-2.4-0.9t-0.9-2.2 0.9-2.2 2.4-0.9 2.4 0.9 0.9 2.2zM27.4 18.7v10.1h-5.9v-9.5q0-1.9-0.7-2.9t-2.3-1.1q-1.1 0-1.9 0.6t-1.2 1.5q-0.2 0.5-0.2 1.4v9.9h-5.9q0-7.1 0-11.6t0-5.3l0-0.9h5.9v2.6h0q0.4-0.6 0.7-1t1-0.9 1.6-0.8 2-0.3q3 0 4.9 2t1.9 6z\"\/><\/svg><\/span><span class=\"shariff-text\">teilen<\/span>&nbsp;<\/a><\/li><li class=\"shariff-button rss shariff-nocustomcolor\" style=\"background-color:#ff8c00\"><a href=\"https:\/\/www.karaoke-helden.de\/playbackshop\/feed\/rss\" title=\"RSS-feed\" aria-label=\"RSS-feed\" role=\"button\" class=\"shariff-link\" style=\"; background-color:#fe9312; color:#fff\" target=\"_blank\"><span class=\"shariff-icon\" style=\"\"><svg width=\"32px\" height=\"20px\" xmlns=\"http:\/\/www.w3.org\/2000\/svg\" viewBox=\"0 0 32 32\"><path fill=\"#fe9312\" d=\"M4.3 23.5c-2.3 0-4.3 1.9-4.3 4.3 0 2.3 1.9 4.2 4.3 4.2 2.4 0 4.3-1.9 4.3-4.2 0-2.3-1.9-4.3-4.3-4.3zM0 10.9v6.1c4 0 7.7 1.6 10.6 4.4 2.8 2.8 4.4 6.6 4.4 10.6h6.2c0-11.7-9.5-21.1-21.1-21.1zM0 0v6.1c14.2 0 25.8 11.6 25.8 25.9h6.2c0-17.6-14.4-32-32-32z\"\/><\/svg><\/span><span class=\"shariff-text\">RSS-feed<\/span>&nbsp;<\/a><\/li><li class=\"shariff-button printer shariff-nocustomcolor\" style=\"background-color:#a8a8a8\"><a href=\"javascript:window.print()\" title=\"drucken\" aria-label=\"drucken\" role=\"button\" rel=\"noopener nofollow\" class=\"shariff-link\" style=\"; background-color:#999; color:#fff\"><span class=\"shariff-icon\" style=\"\"><svg width=\"32px\" height=\"20px\" xmlns=\"http:\/\/www.w3.org\/2000\/svg\" viewBox=\"0 0 30 32\"><path fill=\"#999\" d=\"M6.8 27.4h16v-4.6h-16v4.6zM6.8 16h16v-6.8h-2.8q-0.7 0-1.2-0.5t-0.5-1.2v-2.8h-11.4v11.4zM27.4 17.2q0-0.5-0.3-0.8t-0.8-0.4-0.8 0.4-0.3 0.8 0.3 0.8 0.8 0.3 0.8-0.3 0.3-0.8zM29.7 17.2v7.4q0 0.2-0.2 0.4t-0.4 0.2h-4v2.8q0 0.7-0.5 1.2t-1.2 0.5h-17.2q-0.7 0-1.2-0.5t-0.5-1.2v-2.8h-4q-0.2 0-0.4-0.2t-0.2-0.4v-7.4q0-1.4 1-2.4t2.4-1h1.2v-9.7q0-0.7 0.5-1.2t1.2-0.5h12q0.7 0 1.6 0.4t1.3 0.8l2.7 2.7q0.5 0.5 0.9 1.4t0.4 1.6v4.6h1.1q1.4 0 2.4 1t1 2.4z\"\/><\/svg><\/span><span class=\"shariff-text\">drucken<\/span>&nbsp;<\/a><\/li><li class=\"shariff-button whatsapp shariff-nocustomcolor\" style=\"background-color:#5cbe4a\"><a href=\"https:\/\/api.whatsapp.com\/send?text=https%3A%2F%2Fwww.karaoke-helden.de%2Fplaybackshop%2Fbig-hitz-karaoke-pop-megahits-2006-vol-1%20Big%20Hitz%20Karaoke%3A%20Pop%20Megahits%202006%2C%20Vol.%201\" title=\"Bei Whatsapp teilen\" aria-label=\"Bei Whatsapp teilen\" role=\"button\" rel=\"noopener nofollow\" class=\"shariff-link\" style=\"; background-color:#34af23; color:#fff\" target=\"_blank\"><span class=\"shariff-icon\" style=\"\"><svg width=\"32px\" height=\"20px\" xmlns=\"http:\/\/www.w3.org\/2000\/svg\" viewBox=\"0 0 32 32\"><path fill=\"#34af23\" d=\"M17.6 17.4q0.2 0 1.7 0.8t1.6 0.9q0 0.1 0 0.3 0 0.6-0.3 1.4-0.3 0.7-1.3 1.2t-1.8 0.5q-1 0-3.4-1.1-1.7-0.8-3-2.1t-2.6-3.3q-1.3-1.9-1.3-3.5v-0.1q0.1-1.6 1.3-2.8 0.4-0.4 0.9-0.4 0.1 0 0.3 0t0.3 0q0.3 0 0.5 0.1t0.3 0.5q0.1 0.4 0.6 1.6t0.4 1.3q0 0.4-0.6 1t-0.6 0.8q0 0.1 0.1 0.3 0.6 1.3 1.8 2.4 1 0.9 2.7 1.8 0.2 0.1 0.4 0.1 0.3 0 1-0.9t0.9-0.9zM14 26.9q2.3 0 4.3-0.9t3.6-2.4 2.4-3.6 0.9-4.3-0.9-4.3-2.4-3.6-3.6-2.4-4.3-0.9-4.3 0.9-3.6 2.4-2.4 3.6-0.9 4.3q0 3.6 2.1 6.6l-1.4 4.2 4.3-1.4q2.8 1.9 6.2 1.9zM14 2.2q2.7 0 5.2 1.1t4.3 2.9 2.9 4.3 1.1 5.2-1.1 5.2-2.9 4.3-4.3 2.9-5.2 1.1q-3.5 0-6.5-1.7l-7.4 2.4 2.4-7.2q-1.9-3.2-1.9-6.9 0-2.7 1.1-5.2t2.9-4.3 4.3-2.9 5.2-1.1z\"\/><\/svg><\/span><span class=\"shariff-text\">teilen<\/span>&nbsp;<\/a><\/li><\/ul><\/div>","protected":false},"excerpt":{"rendered":"<p><em><strong><a href=\"\/playbackshop\/versandarten\/\" target=\"_blank\" rel=\"noopener noreferrer\"><img decoding=\"async\" class=\"aligncenter wp-image-7632 size-full\" src=\"https:\/\/www.karaoke-helden.de\/playbackshop\/wp-content\/uploads\/2020\/10\/Versandkosten-Info-Oktober.jpg\" alt=\"Preis zzgl Versandkostenpauschale\" width=\"550\" height=\"65\" \/><\/a>Big Hitz Karaoke Playbacks:<\/strong><\/em> Pop Megahits 2006, Vol. 1. Hier ist der 1te Teil der Top-Songs aus dem Bereich POP 2006. Einfach Mega diese Hits. Jetzt NEU im Shop aufgenommen, diese Scheibe geh\u00f6rt zu den Rarit\u00e4ten&#8230;<\/p>\n<p>&nbsp;<\/p>\n","protected":false},"featured_media":2077,"template":"","meta":{"rank_math_lock_modified_date":false},"product_cat":[824,925,934,932,825,862,917,930,867,938,939],"product_tag":[1906,1912,1895,1902,1909,15304,1887,1911,1920,1899,1908,1913,1891,1893,1892,1919,1921,1915,1896,1917,1905,849,850,1888,1904,1910,1900,1898,970,1907,1901,1030,1897,1916,1889,1914,1890,1903,1894,1918],"class_list":{"0":"post-2076","1":"product","2":"type-product","3":"status-publish","4":"has-post-thumbnail","6":"product_cat-alle-produkte","7":"product_cat-disco","8":"product_cat-karaoke-weltweit","9":"product_cat-lovesongs","10":"product_cat-playback-cdg","11":"product_cat-playbacks-nach-hersteller","12":"product_cat-playbacks-nach-musik-kategorie","13":"product_cat-rock-pop","14":"product_cat-shop-diverse","15":"product_cat-top-angebote","16":"product_cat-weitere-musikstyle","17":"product_tag-always-on-your-side","18":"product_tag-bad-day","19":"product_tag-be-without-you","20":"product_tag-beep","21":"product_tag-beyonce","22":"product_tag-bhk-310","23":"product_tag-big-hitz-karaoke","24":"product_tag-black-eyed-peas","25":"product_tag-black-horse-and-a-cherry-tree","26":"product_tag-buttons","27":"product_tag-check-on-it","28":"product_tag-daniel-powter","29":"product_tag-fort-minor","30":"product_tag-hips-dont-lie","31":"product_tag-holly-brook","32":"product_tag-james-blunt","33":"product_tag-k-t-tunstall","34":"product_tag-kelly-clarkson","35":"product_tag-mary-j-blige","36":"product_tag-natasha-bedingfield","37":"product_tag-nelly-furtado","38":"product_tag-neu","39":"product_tag-ovp","40":"product_tag-pop-megahits-2006","41":"product_tag-promiscuous","42":"product_tag-pump-it","43":"product_tag-pussycat-dolls","44":"product_tag-rihanna","45":"product_tag-shakira","46":"product_tag-sheryl-crow-sting","47":"product_tag-snoop-dogg","48":"product_tag-sos","49":"product_tag-unfaithful","50":"product_tag-unwritten","51":"product_tag-vol-1","52":"product_tag-walk-away","53":"product_tag-whered-you-go","54":"product_tag-will-i-am","55":"product_tag-wyclef-jean","56":"product_tag-youre-beautiful","58":"first","59":"instock","60":"taxable","61":"shipping-taxable","62":"product-type-simple","63":"add-to-wishlist-after_add_to_cart"},"_links":{"self":[{"href":"https:\/\/www.karaoke-helden.de\/playbackshop\/wp-json\/wp\/v2\/product\/2076","targetHints":{"allow":["GET"]}}],"collection":[{"href":"https:\/\/www.karaoke-helden.de\/playbackshop\/wp-json\/wp\/v2\/product"}],"about":[{"href":"https:\/\/www.karaoke-helden.de\/playbackshop\/wp-json\/wp\/v2\/types\/product"}],"wp:featuredmedia":[{"embeddable":true,"href":"https:\/\/www.karaoke-helden.de\/playbackshop\/wp-json\/wp\/v2\/media\/2077"}],"wp:attachment":[{"href":"https:\/\/www.karaoke-helden.de\/playbackshop\/wp-json\/wp\/v2\/media?parent=2076"}],"wp:term":[{"taxonomy":"product_cat","embeddable":true,"href":"https:\/\/www.karaoke-helden.de\/playbackshop\/wp-json\/wp\/v2\/product_cat?post=2076"},{"taxonomy":"product_tag","embeddable":true,"href":"https:\/\/www.karaoke-helden.de\/playbackshop\/wp-json\/wp\/v2\/product_tag?post=2076"}],"curies":[{"name":"wp","href":"https:\/\/api.w.org\/{rel}","templated":true}]}}