{"id":2168,"date":"2020-04-10T06:36:40","date_gmt":"2020-04-10T04:36:40","guid":{"rendered":"https:\/\/www.karaoke-helden.de\/playbackshop\/?post_type=product&#038;p=2168"},"modified":"2020-04-10T13:13:13","modified_gmt":"2020-04-10T11:13:13","slug":"classic-country-karaoke-songs-cd-g-sava10","status":"publish","type":"product","link":"https:\/\/www.karaoke-helden.de\/playbackshop\/classic-country-karaoke-songs-cd-g-sava10","title":{"rendered":"Classic Country Karaoke Songs CD G SAVA10"},"content":{"rendered":"<h2>Classic Country Karaoke Songs CD G SAVA10.<\/h2>\n<h2>Classic Country Music Karaoke CD G Male and female Country Karaoke Songs.<\/h2>\n<h3>NEU\/OVP &#8211; PappCover &#8211; Versand mit Post\/DHL (inkl. Sendungsverfolgung)<\/h3>\n<p><img decoding=\"async\" class=\"alignright size-full wp-image-2169\" src=\"https:\/\/www.karaoke-helden.de\/playbackshop\/wp-content\/uploads\/2018\/09\/SAV-Karaoke-Disc-SAV-A10-NuTech.jpg\" alt=\"SAV-Karaoke-Disc-SAV-A10-NuTech\" width=\"430\" height=\"430\" srcset=\"https:\/\/www.karaoke-helden.de\/playbackshop\/wp-content\/uploads\/2018\/09\/SAV-Karaoke-Disc-SAV-A10-NuTech.jpg 430w, https:\/\/www.karaoke-helden.de\/playbackshop\/wp-content\/uploads\/2018\/09\/SAV-Karaoke-Disc-SAV-A10-NuTech-100x100.jpg 100w, https:\/\/www.karaoke-helden.de\/playbackshop\/wp-content\/uploads\/2018\/09\/SAV-Karaoke-Disc-SAV-A10-NuTech-64x64.jpg 64w, https:\/\/www.karaoke-helden.de\/playbackshop\/wp-content\/uploads\/2018\/09\/SAV-Karaoke-Disc-SAV-A10-NuTech-320x320.jpg 320w, https:\/\/www.karaoke-helden.de\/playbackshop\/wp-content\/uploads\/2018\/09\/SAV-Karaoke-Disc-SAV-A10-NuTech-155x155.jpg 155w, https:\/\/www.karaoke-helden.de\/playbackshop\/wp-content\/uploads\/2018\/09\/SAV-Karaoke-Disc-SAV-A10-NuTech-150x150.jpg 150w, https:\/\/www.karaoke-helden.de\/playbackshop\/wp-content\/uploads\/2018\/09\/SAV-Karaoke-Disc-SAV-A10-NuTech-95x95.jpg 95w, https:\/\/www.karaoke-helden.de\/playbackshop\/wp-content\/uploads\/2018\/09\/SAV-Karaoke-Disc-SAV-A10-NuTech-300x300.jpg 300w\" sizes=\"(max-width: 430px) 100vw, 430px\" \/><em><strong>Karaoke-Country-Shop &#8211;<\/strong> <\/em>Nochmal ind den WILDEN-WESTEN: Und wieder auf den Planwagen mit diesen TOP-Country-Songs sattelst Du auf jeder Karaoke-Party die Pferde. &#8211; Eine RARIT\u00c4T &#8211;<\/p>\n<p>Ein MUSS f\u00fcr jeden Country-Fan. Aber auch jeder Trucker h\u00e4tte mit SICHERHEIT seinen Spa\u00df im LKW.<\/p>\n<p>Ich lege hier mal als &#8220;Geschenk&#8221; eine &#8220;ECHTE&#8221; CD-H\u00fclle mit bei.<\/p>\n<p><u><strong>Die CD+G enth\u00e4lt folgende Titel:<\/strong><\/u><\/p>\n<ol>\n<li>Put It Off Until Tomorrow &#8211; The Kendalls<\/li>\n<li>Scarlet Ribbons &#8211; The Browns<\/li>\n<li>You Mean The World To Me &#8211; David Houston<\/li>\n<li>The Wild Side Of Life &#8211; Hank Thompson<\/li>\n<li>Under Your Spell Again &#8211; Buck Owens<\/li>\n<li>A Picture Of Me Without You &#8211; Lorrie Morgan<\/li>\n<li>He&#8217;ll Have To Go &#8211; Jim Reeves<\/li>\n<li>Yes, Mr. Peters &#8211; Roy Drusky\/Priscilla Mitchell<\/li>\n<li>Together Again &#8211; Buck Owens<\/li>\n<li>The Last Thing On My Mind &#8211; Dolly Parton\/Porter Wagoner<\/li>\n<li>Stand By Your Man &#8211; Tammy Wynette<\/li>\n<li>Sunday Sunrise &#8211; Brenda Lee<\/li>\n<li>Dreams Of The Everyday Housewife &#8211; Glen Campbell<\/li>\n<li>Almost Persuaded &#8211; David Houston<\/li>\n<li>The Ways To Love A Man &#8211; Tammy Wynette<\/li>\n<li>Try A Little Kindness &#8211; Glen Campbell<\/li>\n<li>Distant Drums &#8211; Jim Reeves<\/li>\n<li>I Got You &#8211; Waylon Jennings\/Anita Carter<\/li>\n<li>Lovesick Blues &#8211; Hank Williams<\/li>\n<\/ol>\n<p><em>Coverversionen im Style der genannten K\u00fcnstler \/ Bands &#8211; Ohne den \/ die Original-K\u00fcnstler (Musiker).<\/em><\/p>\n<p><em>Teilweise mit &#8220;Live-Band&#8221; aufgenommen &#8211; Teilweise Backings vorhanden.<\/em><\/p>\n<p>Im Vertrieb der World-Of-Karaoke &#8211; Neuer Artikel &#8211; Unge\u00f6ffnet &#8211; OVP.<\/p>\n<p><em><strong>Format:<\/strong> <\/em>CD+G.<\/p>\n<p><strong>Hinweis:<\/strong>\u00a0<em>Midifiles-Kaufen \/ World-Of-Karaoke ber\u00fccksichtigt immer s\u00e4mtliche Urheberrechte. Alle Rechte f\u00fcr die musikalischen Werke auf dieser Website\/Shop sind vorbehalten. Die angebotenen Songs d\u00fcrfen ohne schriftliche Genehmigung Word-of-Karaoke nur f\u00fcr private Zwecke genutzt werden. Alle musikalischen Werke auf dieser Website sind Neuaufnahmen im Style der Original-K\u00fcnstler\/Bands und beinhalten in keinster Weise die Originalstimmen oder sonstige Segmente des Originaltitels.<\/em><\/p>\n<p><em>Alle Urheber und Leistungsschutzrechte vorbehalten.<\/em><\/p>\n<p><em>Kein Verleih, Keine unerlaubte Kopien, Auff\u00fchrung, Sendung. Beachte die GEMA-Rechte<\/em>.<\/p>\n<p><strong>World-Of-Karaoke<\/strong>\u00a0&#8211;\u00a0<strong>Karaokesongs<\/strong>\u00a0und Playbacks immer GENADENLOS,\u00a0<strong>GENIAL G\u00dcNSTIG<\/strong>\u00a0kaufen!<\/p>\n<p>&nbsp;<\/p>\n<p><em><strong>SEO:\u00a0<\/strong><\/em> \u2013\u00a0 <strong>Classic Country Karaoke Songs<\/strong> &#8211; <strong>CD G<\/strong> &#8211; <strong>SAVA10\u00a0<\/strong> &#8211; Playbacks\u00a0\u2013\u00a0<strong>Neu<\/strong>\u00a0\u2013\u00a0<strong>Mit Sendungsnummer<\/strong>\u00a0\u2013\u00a0<strong>DHL<\/strong>\u00a0\u2013<\/p>\n<h3>Service \/ Umwelt \/ Versand und Preishinweis<\/h3>\n<p><strong>Bitte BEACHTEN:<\/strong>\u00a0Bei den Preisen im Shop ist ALLES an Nebenkosten enthalten wenn NICHT anderes ANGEGEBEN (siehe Bild unter dem Preis). Dazu geh\u00f6ren: Abgaben f\u00fcr das Duale-System \u2013 Entsorgung bei Batterien etc.! Ebenfalls sind Verpackung und Versandkosten inkl. Sendungsnummer-Kosten bei der Post \/ DHL enthalten wenn nicht anders ANGEGEBEN.<\/p>\n<p>Downloads sind GRUNDS\u00c4TZLICH ohne Zusatzkosten. Bei Waren im Download bekommst Du den LINK zur jeweiligen Datei innerhalb von 12.Stunden nach Eingang des Rechnungsbetrages (auch am Wochenende und Feiertagen). Es gibt keinen AUTOMATISCHEN Download. Wir stellen DEINEN Download immer pers\u00f6nlich zusammen.<\/p>\n<p><strong>Suchnummer:<\/strong> 1147 \u2013 Pok-K-1<\/p>\n<p><strong>FSK:<\/strong>\u00a0Nicht gepr\u00fcft<\/p>\n<div class=\"shariff shariff-align-center shariff-widget-align-center shariff-buttonstretch\"><ul class=\"shariff-buttons theme-color orientation-horizontal buttonsize-small\"><li class=\"shariff-button facebook shariff-nocustomcolor\" style=\"background-color:#4273c8\"><a href=\"https:\/\/www.facebook.com\/sharer\/sharer.php?u=https%3A%2F%2Fwww.karaoke-helden.de%2Fplaybackshop%2Fclassic-country-karaoke-songs-cd-g-sava10\" title=\"Bei Facebook teilen\" aria-label=\"Bei Facebook teilen\" role=\"button\" rel=\"nofollow\" class=\"shariff-link\" style=\"; background-color:#3b5998; color:#fff\" target=\"_blank\"><span class=\"shariff-icon\" style=\"\"><svg width=\"32px\" height=\"20px\" xmlns=\"http:\/\/www.w3.org\/2000\/svg\" viewBox=\"0 0 18 32\"><path fill=\"#3b5998\" d=\"M17.1 0.2v4.7h-2.8q-1.5 0-2.1 0.6t-0.5 1.9v3.4h5.2l-0.7 5.3h-4.5v13.6h-5.5v-13.6h-4.5v-5.3h4.5v-3.9q0-3.3 1.9-5.2t5-1.8q2.6 0 4.1 0.2z\"\/><\/svg><\/span><span class=\"shariff-text\">teilen<\/span>&nbsp;<\/a><\/li><li class=\"shariff-button twitter shariff-nocustomcolor\" style=\"background-color:#595959\"><a href=\"https:\/\/twitter.com\/share?url=https%3A%2F%2Fwww.karaoke-helden.de%2Fplaybackshop%2Fclassic-country-karaoke-songs-cd-g-sava10&text=Classic%20Country%20Karaoke%20Songs%20CD%20G%20SAVA10&via=d24online\" title=\"Bei X teilen\" aria-label=\"Bei X teilen\" role=\"button\" rel=\"noopener nofollow\" class=\"shariff-link\" style=\"; background-color:#000; color:#fff\" target=\"_blank\"><span class=\"shariff-icon\" style=\"\"><svg width=\"32px\" height=\"20px\" xmlns=\"http:\/\/www.w3.org\/2000\/svg\" viewBox=\"0 0 24 24\"><path fill=\"#000\" d=\"M14.258 10.152L23.176 0h-2.113l-7.747 8.813L7.133 0H0l9.352 13.328L0 23.973h2.113l8.176-9.309 6.531 9.309h7.133zm-2.895 3.293l-.949-1.328L2.875 1.56h3.246l6.086 8.523.945 1.328 7.91 11.078h-3.246zm0 0\"\/><\/svg><\/span><span class=\"shariff-text\">teilen<\/span>&nbsp;<\/a><\/li><li class=\"shariff-button linkedin shariff-nocustomcolor\" style=\"background-color:#1488bf\"><a href=\"https:\/\/www.linkedin.com\/sharing\/share-offsite\/?url=https%3A%2F%2Fwww.karaoke-helden.de%2Fplaybackshop%2Fclassic-country-karaoke-songs-cd-g-sava10\" title=\"Bei LinkedIn teilen\" aria-label=\"Bei LinkedIn teilen\" role=\"button\" rel=\"noopener nofollow\" class=\"shariff-link\" style=\"; background-color:#0077b5; color:#fff\" target=\"_blank\"><span class=\"shariff-icon\" style=\"\"><svg width=\"32px\" height=\"20px\" xmlns=\"http:\/\/www.w3.org\/2000\/svg\" viewBox=\"0 0 27 32\"><path fill=\"#0077b5\" d=\"M6.2 11.2v17.7h-5.9v-17.7h5.9zM6.6 5.7q0 1.3-0.9 2.2t-2.4 0.9h0q-1.5 0-2.4-0.9t-0.9-2.2 0.9-2.2 2.4-0.9 2.4 0.9 0.9 2.2zM27.4 18.7v10.1h-5.9v-9.5q0-1.9-0.7-2.9t-2.3-1.1q-1.1 0-1.9 0.6t-1.2 1.5q-0.2 0.5-0.2 1.4v9.9h-5.9q0-7.1 0-11.6t0-5.3l0-0.9h5.9v2.6h0q0.4-0.6 0.7-1t1-0.9 1.6-0.8 2-0.3q3 0 4.9 2t1.9 6z\"\/><\/svg><\/span><span class=\"shariff-text\">teilen<\/span>&nbsp;<\/a><\/li><li class=\"shariff-button rss shariff-nocustomcolor\" style=\"background-color:#ff8c00\"><a href=\"https:\/\/www.karaoke-helden.de\/playbackshop\/feed\/rss\" title=\"RSS-feed\" aria-label=\"RSS-feed\" role=\"button\" class=\"shariff-link\" style=\"; background-color:#fe9312; color:#fff\" target=\"_blank\"><span class=\"shariff-icon\" style=\"\"><svg width=\"32px\" height=\"20px\" xmlns=\"http:\/\/www.w3.org\/2000\/svg\" viewBox=\"0 0 32 32\"><path fill=\"#fe9312\" d=\"M4.3 23.5c-2.3 0-4.3 1.9-4.3 4.3 0 2.3 1.9 4.2 4.3 4.2 2.4 0 4.3-1.9 4.3-4.2 0-2.3-1.9-4.3-4.3-4.3zM0 10.9v6.1c4 0 7.7 1.6 10.6 4.4 2.8 2.8 4.4 6.6 4.4 10.6h6.2c0-11.7-9.5-21.1-21.1-21.1zM0 0v6.1c14.2 0 25.8 11.6 25.8 25.9h6.2c0-17.6-14.4-32-32-32z\"\/><\/svg><\/span><span class=\"shariff-text\">RSS-feed<\/span>&nbsp;<\/a><\/li><li class=\"shariff-button printer shariff-nocustomcolor\" style=\"background-color:#a8a8a8\"><a href=\"javascript:window.print()\" title=\"drucken\" aria-label=\"drucken\" role=\"button\" rel=\"noopener nofollow\" class=\"shariff-link\" style=\"; background-color:#999; color:#fff\"><span class=\"shariff-icon\" style=\"\"><svg width=\"32px\" height=\"20px\" xmlns=\"http:\/\/www.w3.org\/2000\/svg\" viewBox=\"0 0 30 32\"><path fill=\"#999\" d=\"M6.8 27.4h16v-4.6h-16v4.6zM6.8 16h16v-6.8h-2.8q-0.7 0-1.2-0.5t-0.5-1.2v-2.8h-11.4v11.4zM27.4 17.2q0-0.5-0.3-0.8t-0.8-0.4-0.8 0.4-0.3 0.8 0.3 0.8 0.8 0.3 0.8-0.3 0.3-0.8zM29.7 17.2v7.4q0 0.2-0.2 0.4t-0.4 0.2h-4v2.8q0 0.7-0.5 1.2t-1.2 0.5h-17.2q-0.7 0-1.2-0.5t-0.5-1.2v-2.8h-4q-0.2 0-0.4-0.2t-0.2-0.4v-7.4q0-1.4 1-2.4t2.4-1h1.2v-9.7q0-0.7 0.5-1.2t1.2-0.5h12q0.7 0 1.6 0.4t1.3 0.8l2.7 2.7q0.5 0.5 0.9 1.4t0.4 1.6v4.6h1.1q1.4 0 2.4 1t1 2.4z\"\/><\/svg><\/span><span class=\"shariff-text\">drucken<\/span>&nbsp;<\/a><\/li><li class=\"shariff-button whatsapp shariff-nocustomcolor\" style=\"background-color:#5cbe4a\"><a href=\"https:\/\/api.whatsapp.com\/send?text=https%3A%2F%2Fwww.karaoke-helden.de%2Fplaybackshop%2Fclassic-country-karaoke-songs-cd-g-sava10%20Classic%20Country%20Karaoke%20Songs%20CD%20G%20SAVA10\" title=\"Bei Whatsapp teilen\" aria-label=\"Bei Whatsapp teilen\" role=\"button\" rel=\"noopener nofollow\" class=\"shariff-link\" style=\"; background-color:#34af23; color:#fff\" target=\"_blank\"><span class=\"shariff-icon\" style=\"\"><svg width=\"32px\" height=\"20px\" xmlns=\"http:\/\/www.w3.org\/2000\/svg\" viewBox=\"0 0 32 32\"><path fill=\"#34af23\" d=\"M17.6 17.4q0.2 0 1.7 0.8t1.6 0.9q0 0.1 0 0.3 0 0.6-0.3 1.4-0.3 0.7-1.3 1.2t-1.8 0.5q-1 0-3.4-1.1-1.7-0.8-3-2.1t-2.6-3.3q-1.3-1.9-1.3-3.5v-0.1q0.1-1.6 1.3-2.8 0.4-0.4 0.9-0.4 0.1 0 0.3 0t0.3 0q0.3 0 0.5 0.1t0.3 0.5q0.1 0.4 0.6 1.6t0.4 1.3q0 0.4-0.6 1t-0.6 0.8q0 0.1 0.1 0.3 0.6 1.3 1.8 2.4 1 0.9 2.7 1.8 0.2 0.1 0.4 0.1 0.3 0 1-0.9t0.9-0.9zM14 26.9q2.3 0 4.3-0.9t3.6-2.4 2.4-3.6 0.9-4.3-0.9-4.3-2.4-3.6-3.6-2.4-4.3-0.9-4.3 0.9-3.6 2.4-2.4 3.6-0.9 4.3q0 3.6 2.1 6.6l-1.4 4.2 4.3-1.4q2.8 1.9 6.2 1.9zM14 2.2q2.7 0 5.2 1.1t4.3 2.9 2.9 4.3 1.1 5.2-1.1 5.2-2.9 4.3-4.3 2.9-5.2 1.1q-3.5 0-6.5-1.7l-7.4 2.4 2.4-7.2q-1.9-3.2-1.9-6.9 0-2.7 1.1-5.2t2.9-4.3 4.3-2.9 5.2-1.1z\"\/><\/svg><\/span><span class=\"shariff-text\">teilen<\/span>&nbsp;<\/a><\/li><\/ul><\/div>","protected":false},"excerpt":{"rendered":"<p><em><strong><a href=\"\/playbackshop\/versandarten\/\" target=\"_blank\" rel=\"noopener noreferrer\"><img decoding=\"async\" class=\"aligncenter wp-image-7632 size-full\" src=\"https:\/\/www.karaoke-helden.de\/playbackshop\/wp-content\/uploads\/2020\/10\/Versandkosten-Info-Oktober.jpg\" alt=\"Preis zzgl Versandkostenpauschale\" width=\"550\" height=\"65\" \/><\/a>Country-Playbacks &#8211;<\/strong><\/em> Schon eine kleine Rarit\u00e4t: Classic Country Karaoke Songs CD G SAVA10. &#8211; Classic Country Music Karaoke CD G Male and female Country Karaoke Songs. World-Of-Karaoke Online-Shop wir haben (fast) alles f\u00fcr den Karaoke-Musiker &#8230;<\/p>\n<p>&nbsp;<\/p>\n","protected":false},"featured_media":2169,"template":"","meta":{"rank_math_lock_modified_date":false},"product_cat":[824,926,934,2402,923,825,862,917,939],"product_tag":[2310,2328,2333,2325,2309,1020,2297,2305,2331,2320,2326,2299,2327,2307,2312,2332,2313,1160,2311,2334,2315,849,850,2321,2317,2300,2316,2298,2302,2322,2324,2323,2303,2301,2319,2329,2306,2318,2330,2308,2314,2304],"class_list":{"0":"post-2168","1":"product","2":"type-product","3":"status-publish","4":"has-post-thumbnail","6":"product_cat-alle-produkte","7":"product_cat-country","8":"product_cat-karaoke-weltweit","9":"product_cat-nutech","10":"product_cat-oldies-englisch","11":"product_cat-playback-cdg","12":"product_cat-playbacks-nach-hersteller","13":"product_cat-playbacks-nach-musik-kategorie","14":"product_cat-weitere-musikstyle","15":"product_tag-a-picture-of-me-without-you","16":"product_tag-almost-persuaded","17":"product_tag-anita-carter","18":"product_tag-brenda-lee","19":"product_tag-buck-owens","20":"product_tag-cdg","21":"product_tag-classic-country","22":"product_tag-david-houston","23":"product_tag-distant-drums","24":"product_tag-dolly-parton","25":"product_tag-dreams-of-the-everyday-housewife","26":"product_tag-extra-case","27":"product_tag-glen-campbell","28":"product_tag-hank-thompson","29":"product_tag-hell-have-to-go","30":"product_tag-i-got-you-waylon-jennings","31":"product_tag-jim-reeves","32":"product_tag-karaoke-songs","33":"product_tag-lorrie-morgan","34":"product_tag-lovesick-blues","35":"product_tag-mr-peters","36":"product_tag-neu","37":"product_tag-ovp","38":"product_tag-porter-wagoner","39":"product_tag-priscilla-mitchell","40":"product_tag-put-it-off-until-tomorrow","41":"product_tag-roy-drusky","42":"product_tag-sava10","43":"product_tag-scarlet-ribbons","44":"product_tag-stand-by-your-man","45":"product_tag-sunday-sunrise","46":"product_tag-tammy-wynette","47":"product_tag-the-browns","48":"product_tag-the-kendalls","49":"product_tag-the-last-thing-on-my-mind","50":"product_tag-the-ways-to-love-a-man","51":"product_tag-the-wild-side-of-life","52":"product_tag-together-again","53":"product_tag-try-a-little-kindness","54":"product_tag-under-your-spell-again","55":"product_tag-yes","56":"product_tag-you-mean-the-world-to-me","58":"first","59":"instock","60":"taxable","61":"shipping-taxable","62":"product-type-simple","63":"add-to-wishlist-after_add_to_cart"},"_links":{"self":[{"href":"https:\/\/www.karaoke-helden.de\/playbackshop\/wp-json\/wp\/v2\/product\/2168","targetHints":{"allow":["GET"]}}],"collection":[{"href":"https:\/\/www.karaoke-helden.de\/playbackshop\/wp-json\/wp\/v2\/product"}],"about":[{"href":"https:\/\/www.karaoke-helden.de\/playbackshop\/wp-json\/wp\/v2\/types\/product"}],"wp:featuredmedia":[{"embeddable":true,"href":"https:\/\/www.karaoke-helden.de\/playbackshop\/wp-json\/wp\/v2\/media\/2169"}],"wp:attachment":[{"href":"https:\/\/www.karaoke-helden.de\/playbackshop\/wp-json\/wp\/v2\/media?parent=2168"}],"wp:term":[{"taxonomy":"product_cat","embeddable":true,"href":"https:\/\/www.karaoke-helden.de\/playbackshop\/wp-json\/wp\/v2\/product_cat?post=2168"},{"taxonomy":"product_tag","embeddable":true,"href":"https:\/\/www.karaoke-helden.de\/playbackshop\/wp-json\/wp\/v2\/product_tag?post=2168"}],"curies":[{"name":"wp","href":"https:\/\/api.w.org\/{rel}","templated":true}]}}