{"id":2425,"date":"2020-05-23T13:09:14","date_gmt":"2020-05-23T11:09:14","guid":{"rendered":"https:\/\/www.karaoke-helden.de\/playbackshop\/?post_type=product&#038;p=2425"},"modified":"2020-05-23T13:22:34","modified_gmt":"2020-05-23T11:22:34","slug":"nutech-p-39-karaoke-super-hits-cdg","status":"publish","type":"product","link":"https:\/\/www.karaoke-helden.de\/playbackshop\/nutech-p-39-karaoke-super-hits-cdg","title":{"rendered":"Nutech-P-39 &#8211; Karaoke -Super Hits &#8211; CD+G"},"content":{"rendered":"<h2>Nutech-P-39 &#8211; Karaoke -Super Hits &#8211; CD+G.<\/h2>\n<h2>Tolle Karaoke Hits zum Super-Preis.<\/h2>\n<h3>Neu\/OVP (Papp-Cover) &#8211; Versand in Deutschland via DHL mit Sendungsnummer &#8230;<\/h3>\n<p><em><strong>Karaoke-Shop-Aktuell:<\/strong><\/em> Nutech-P-39 bietet tolle Super-Hits in Karaoke-Versionen f\u00fcr jede Karaokeparty zum kleinen Preis.<\/p>\n<p><span style=\"text-decoration: underline;\"><em><strong>Auf dieser CD+G enthalten:<\/strong><\/em><\/span><\/p>\n<ol>\n<li>A Deeper Love &#8211; Clivilles and Cole<\/li>\n<li>A Girl Like You &#8211; The Smithereens<\/li>\n<li>Confused &#8211; Tevin Campbell<\/li>\n<li>Delta Dawn &#8211; Helen Reddy<\/li>\n<li>Elusive Butterfly &#8211; Bob Lind<\/li>\n<li>Every Breath I Take &#8211; Gene Pitney<\/li>\n<li>Goin&#8217; Steady &#8211; Faron Young<\/li>\n<li>I Believe In You &#8211; Don Williams<\/li>\n<li>I&#8217;m Still Waiting &#8211; Jodeci<\/li>\n<li>Just For Old Time&#8217;s Sake &#8211; Jim Ed Brown<\/li>\n<li>Love&#8217;s Taken Over &#8211; Chante Moore<\/li>\n<li>Marianne &#8211; The Hilltoppers<\/li>\n<li>Needles and Pins &#8211; Tom Petty and Stevie Nicks<\/li>\n<li>Right Now &#8211; Al B. Sure<\/li>\n<li>Romeo and Juliet &#8211; Stacy Earl<\/li>\n<li>Someone Loves You Honey &#8211; Charley Pride<\/li>\n<li>That&#8217;s The Way &#8211; Katrina and The Waves<\/li>\n<li>Man On The Flying Trapeze &#8211; Standards\/Traditional<\/li>\n<li>This One&#8217;s For The Children &#8211; New Kids On The Block<\/li>\n<\/ol>\n<p><em>Coverversionen im Style der genannten K\u00fcnstler \/ Bands \u2013 Ohne den \/ die Original-K\u00fcnstler (Musiker).<\/em><\/p>\n<p><em>Teilweise mit \u201eLive-Band\u201c aufgenommen \u2013 Teilweise Backings vorhanden.<\/em><\/p>\n<p>Im Vertrieb der World-Of-Karaoke \u2013 Neuer Artikel \u2013 Unge\u00f6ffnet \u2013 OVP.<\/p>\n<p><strong><em>Format:<\/em><\/strong>\u00a0CD+G. \u2013 CD+G laufen zu 99% auch auf NORMALEN CD-Playern \u2013 Dennoch kann es hier und da zu AUSSETZERN kommen! Multi-Plex: ?.<\/p>\n<p><strong>Hinweis:<\/strong>\u00a0<em>Midifiles-Kaufen \/ World-Of-Karaoke ber\u00fccksichtigt immer s\u00e4mtliche Urheberrechte. Alle Rechte f\u00fcr die musikalischen Werke auf dieser Website\/Shop sind vorbehalten. Die angebotenen Songs d\u00fcrfen ohne schriftliche Genehmigung Word-of-Karaoke nur f\u00fcr private Zwecke genutzt werden. Alle musikalischen Werke auf dieser Website sind Neuaufnahmen im Style der Original-K\u00fcnstler\/Bands und beinhalten in keinster Weise die Originalstimmen oder sonstige Segmente des Originaltitels.<\/em><\/p>\n<p><em>Alle Urheber und Leistungsschutzrechte vorbehalten.<\/em><\/p>\n<p><em>Kein Verleih, Keine unerlaubte Kopien, Auff\u00fchrung, Sendung. Beachte die GEMA-Rechte<\/em>.<\/p>\n<p><strong>World-Of-Karaoke<\/strong>\u00a0\u2013\u00a0<strong>Karaokesongs<\/strong>\u00a0und Playbacks immer GENADENLOS,\u00a0<strong>GENIAL G\u00dcNSTIG<\/strong>\u00a0kaufen!<\/p>\n<p><strong>SEO: <\/strong>&#8211; <strong>Nutech-P-39<\/strong> &#8211; <strong>Karaoke<\/strong> &#8211; <strong>Super Hits<\/strong> &#8211; <strong>CD+G<\/strong> &#8211; <strong>Karaoke-Playbacks<\/strong> &#8211;<\/p>\n<p>&nbsp;<\/p>\n<h3>Service \/ Umwelt \/ Versand und Preishinweis<\/h3>\n<p><strong>Bitte BEACHTEN:<\/strong>\u00a0Bei den Preisen im Shop ist ALLES an Nebenkosten enthalten wenn NICHT anderes ANGEGEBEN (siehe Bild unter dem Preis). Dazu geh\u00f6ren: Abgaben f\u00fcr das Duale-System \u2013 Entsorgung bei Batterien etc.! Ebenfalls sind Verpackung und Versandkosten inkl. Sendungsnummer-Kosten bei der Post \/ DHL enthalten.<\/p>\n<p>Downloads sind GRUNDS\u00c4TZLICH ohne Zusatzkosten. Bei Waren im Download bekommst Du den LINK zur jeweiligen Datei innerhalb von 12.Stunden nach Eingang des Rechnungsbetrages (auch am Wochenende und Feiertagen). Es gibt keinen AUTOMATISCHEN Download. Wir stellen DEINEN Download immer pers\u00f6nlich zusammen.<\/p>\n<p><em><strong>Suchnummer:<\/strong><\/em> 1239 \u2013 Pok-K-2<\/p>\n<p><strong>FSK:<\/strong>\u00a0Nicht gepr\u00fcft<\/p>\n<div class=\"shariff shariff-align-center shariff-widget-align-center shariff-buttonstretch\"><ul class=\"shariff-buttons theme-color orientation-horizontal buttonsize-small\"><li class=\"shariff-button facebook shariff-nocustomcolor\" style=\"background-color:#4273c8\"><a href=\"https:\/\/www.facebook.com\/sharer\/sharer.php?u=https%3A%2F%2Fwww.karaoke-helden.de%2Fplaybackshop%2Fnutech-p-39-karaoke-super-hits-cdg\" title=\"Bei Facebook teilen\" aria-label=\"Bei Facebook teilen\" role=\"button\" rel=\"nofollow\" class=\"shariff-link\" style=\"; background-color:#3b5998; color:#fff\" target=\"_blank\"><span class=\"shariff-icon\" style=\"\"><svg width=\"32px\" height=\"20px\" xmlns=\"http:\/\/www.w3.org\/2000\/svg\" viewBox=\"0 0 18 32\"><path fill=\"#3b5998\" d=\"M17.1 0.2v4.7h-2.8q-1.5 0-2.1 0.6t-0.5 1.9v3.4h5.2l-0.7 5.3h-4.5v13.6h-5.5v-13.6h-4.5v-5.3h4.5v-3.9q0-3.3 1.9-5.2t5-1.8q2.6 0 4.1 0.2z\"\/><\/svg><\/span><span class=\"shariff-text\">teilen<\/span>&nbsp;<\/a><\/li><li class=\"shariff-button twitter shariff-nocustomcolor\" style=\"background-color:#595959\"><a href=\"https:\/\/twitter.com\/share?url=https%3A%2F%2Fwww.karaoke-helden.de%2Fplaybackshop%2Fnutech-p-39-karaoke-super-hits-cdg&text=Nutech-P-39%20%E2%80%93%20Karaoke%20-Super%20Hits%20%E2%80%93%20CD%2BG&via=d24online\" title=\"Bei X teilen\" aria-label=\"Bei X teilen\" role=\"button\" rel=\"noopener nofollow\" class=\"shariff-link\" style=\"; background-color:#000; color:#fff\" target=\"_blank\"><span class=\"shariff-icon\" style=\"\"><svg width=\"32px\" height=\"20px\" xmlns=\"http:\/\/www.w3.org\/2000\/svg\" viewBox=\"0 0 24 24\"><path fill=\"#000\" d=\"M14.258 10.152L23.176 0h-2.113l-7.747 8.813L7.133 0H0l9.352 13.328L0 23.973h2.113l8.176-9.309 6.531 9.309h7.133zm-2.895 3.293l-.949-1.328L2.875 1.56h3.246l6.086 8.523.945 1.328 7.91 11.078h-3.246zm0 0\"\/><\/svg><\/span><span class=\"shariff-text\">teilen<\/span>&nbsp;<\/a><\/li><li class=\"shariff-button linkedin shariff-nocustomcolor\" style=\"background-color:#1488bf\"><a href=\"https:\/\/www.linkedin.com\/sharing\/share-offsite\/?url=https%3A%2F%2Fwww.karaoke-helden.de%2Fplaybackshop%2Fnutech-p-39-karaoke-super-hits-cdg\" title=\"Bei LinkedIn teilen\" aria-label=\"Bei LinkedIn teilen\" role=\"button\" rel=\"noopener nofollow\" class=\"shariff-link\" style=\"; background-color:#0077b5; color:#fff\" target=\"_blank\"><span class=\"shariff-icon\" style=\"\"><svg width=\"32px\" height=\"20px\" xmlns=\"http:\/\/www.w3.org\/2000\/svg\" viewBox=\"0 0 27 32\"><path fill=\"#0077b5\" d=\"M6.2 11.2v17.7h-5.9v-17.7h5.9zM6.6 5.7q0 1.3-0.9 2.2t-2.4 0.9h0q-1.5 0-2.4-0.9t-0.9-2.2 0.9-2.2 2.4-0.9 2.4 0.9 0.9 2.2zM27.4 18.7v10.1h-5.9v-9.5q0-1.9-0.7-2.9t-2.3-1.1q-1.1 0-1.9 0.6t-1.2 1.5q-0.2 0.5-0.2 1.4v9.9h-5.9q0-7.1 0-11.6t0-5.3l0-0.9h5.9v2.6h0q0.4-0.6 0.7-1t1-0.9 1.6-0.8 2-0.3q3 0 4.9 2t1.9 6z\"\/><\/svg><\/span><span class=\"shariff-text\">teilen<\/span>&nbsp;<\/a><\/li><li class=\"shariff-button rss shariff-nocustomcolor\" style=\"background-color:#ff8c00\"><a href=\"https:\/\/www.karaoke-helden.de\/playbackshop\/feed\/rss\" title=\"RSS-feed\" aria-label=\"RSS-feed\" role=\"button\" class=\"shariff-link\" style=\"; background-color:#fe9312; color:#fff\" target=\"_blank\"><span class=\"shariff-icon\" style=\"\"><svg width=\"32px\" height=\"20px\" xmlns=\"http:\/\/www.w3.org\/2000\/svg\" viewBox=\"0 0 32 32\"><path fill=\"#fe9312\" d=\"M4.3 23.5c-2.3 0-4.3 1.9-4.3 4.3 0 2.3 1.9 4.2 4.3 4.2 2.4 0 4.3-1.9 4.3-4.2 0-2.3-1.9-4.3-4.3-4.3zM0 10.9v6.1c4 0 7.7 1.6 10.6 4.4 2.8 2.8 4.4 6.6 4.4 10.6h6.2c0-11.7-9.5-21.1-21.1-21.1zM0 0v6.1c14.2 0 25.8 11.6 25.8 25.9h6.2c0-17.6-14.4-32-32-32z\"\/><\/svg><\/span><span class=\"shariff-text\">RSS-feed<\/span>&nbsp;<\/a><\/li><li class=\"shariff-button printer shariff-nocustomcolor\" style=\"background-color:#a8a8a8\"><a href=\"javascript:window.print()\" title=\"drucken\" aria-label=\"drucken\" role=\"button\" rel=\"noopener nofollow\" class=\"shariff-link\" style=\"; background-color:#999; color:#fff\"><span class=\"shariff-icon\" style=\"\"><svg width=\"32px\" height=\"20px\" xmlns=\"http:\/\/www.w3.org\/2000\/svg\" viewBox=\"0 0 30 32\"><path fill=\"#999\" d=\"M6.8 27.4h16v-4.6h-16v4.6zM6.8 16h16v-6.8h-2.8q-0.7 0-1.2-0.5t-0.5-1.2v-2.8h-11.4v11.4zM27.4 17.2q0-0.5-0.3-0.8t-0.8-0.4-0.8 0.4-0.3 0.8 0.3 0.8 0.8 0.3 0.8-0.3 0.3-0.8zM29.7 17.2v7.4q0 0.2-0.2 0.4t-0.4 0.2h-4v2.8q0 0.7-0.5 1.2t-1.2 0.5h-17.2q-0.7 0-1.2-0.5t-0.5-1.2v-2.8h-4q-0.2 0-0.4-0.2t-0.2-0.4v-7.4q0-1.4 1-2.4t2.4-1h1.2v-9.7q0-0.7 0.5-1.2t1.2-0.5h12q0.7 0 1.6 0.4t1.3 0.8l2.7 2.7q0.5 0.5 0.9 1.4t0.4 1.6v4.6h1.1q1.4 0 2.4 1t1 2.4z\"\/><\/svg><\/span><span class=\"shariff-text\">drucken<\/span>&nbsp;<\/a><\/li><li class=\"shariff-button whatsapp shariff-nocustomcolor\" style=\"background-color:#5cbe4a\"><a href=\"https:\/\/api.whatsapp.com\/send?text=https%3A%2F%2Fwww.karaoke-helden.de%2Fplaybackshop%2Fnutech-p-39-karaoke-super-hits-cdg%20Nutech-P-39%20%E2%80%93%20Karaoke%20-Super%20Hits%20%E2%80%93%20CD%2BG\" title=\"Bei Whatsapp teilen\" aria-label=\"Bei Whatsapp teilen\" role=\"button\" rel=\"noopener nofollow\" class=\"shariff-link\" style=\"; background-color:#34af23; color:#fff\" target=\"_blank\"><span class=\"shariff-icon\" style=\"\"><svg width=\"32px\" height=\"20px\" xmlns=\"http:\/\/www.w3.org\/2000\/svg\" viewBox=\"0 0 32 32\"><path fill=\"#34af23\" d=\"M17.6 17.4q0.2 0 1.7 0.8t1.6 0.9q0 0.1 0 0.3 0 0.6-0.3 1.4-0.3 0.7-1.3 1.2t-1.8 0.5q-1 0-3.4-1.1-1.7-0.8-3-2.1t-2.6-3.3q-1.3-1.9-1.3-3.5v-0.1q0.1-1.6 1.3-2.8 0.4-0.4 0.9-0.4 0.1 0 0.3 0t0.3 0q0.3 0 0.5 0.1t0.3 0.5q0.1 0.4 0.6 1.6t0.4 1.3q0 0.4-0.6 1t-0.6 0.8q0 0.1 0.1 0.3 0.6 1.3 1.8 2.4 1 0.9 2.7 1.8 0.2 0.1 0.4 0.1 0.3 0 1-0.9t0.9-0.9zM14 26.9q2.3 0 4.3-0.9t3.6-2.4 2.4-3.6 0.9-4.3-0.9-4.3-2.4-3.6-3.6-2.4-4.3-0.9-4.3 0.9-3.6 2.4-2.4 3.6-0.9 4.3q0 3.6 2.1 6.6l-1.4 4.2 4.3-1.4q2.8 1.9 6.2 1.9zM14 2.2q2.7 0 5.2 1.1t4.3 2.9 2.9 4.3 1.1 5.2-1.1 5.2-2.9 4.3-4.3 2.9-5.2 1.1q-3.5 0-6.5-1.7l-7.4 2.4 2.4-7.2q-1.9-3.2-1.9-6.9 0-2.7 1.1-5.2t2.9-4.3 4.3-2.9 5.2-1.1z\"\/><\/svg><\/span><span class=\"shariff-text\">teilen<\/span>&nbsp;<\/a><\/li><\/ul><\/div>","protected":false},"excerpt":{"rendered":"<p><em><strong><a href=\"\/playbackshop\/versandarten\/\" target=\"_blank\" rel=\"noopener noreferrer\"><img decoding=\"async\" class=\"aligncenter wp-image-7632 size-full\" src=\"https:\/\/www.karaoke-helden.de\/playbackshop\/wp-content\/uploads\/2020\/10\/Versandkosten-Info-Oktober.jpg\" alt=\"Preis zzgl Versandkostenpauschale\" width=\"550\" height=\"65\" \/><\/a>Playback-Shop:<\/strong><\/em> NuTech-P-39 bietet tolle Super-Hits f\u00fcr jede Karaokeparty zum kleinen Preis. Schau auf die Trackliste in der Artikelbeschreibung. World of Karaoke Shop.<\/p>\n<p>&nbsp;<\/p>\n","protected":false},"featured_media":2424,"template":"","meta":{"rank_math_lock_modified_date":false},"product_cat":[824,926,934,932,2402,936,862,917,930],"product_tag":[4245,4247,4271,4254,1020,4265,4275,4246,4249,4251,4166,4253,4255,4258,4256,4257,4252,4259,4260,4263,4261,4262,4244,4277,4264,4278,4266,4268,849,4281,4243,850,4270,4272,4274,4273,4279,4250,4276,4267,4248,4280,4269],"class_list":{"0":"post-2425","1":"product","2":"type-product","3":"status-publish","4":"has-post-thumbnail","6":"product_cat-alle-produkte","7":"product_cat-country","8":"product_cat-karaoke-weltweit","9":"product_cat-lovesongs","10":"product_cat-nutech","11":"product_cat-partyhits","12":"product_cat-playbacks-nach-hersteller","13":"product_cat-playbacks-nach-musik-kategorie","14":"product_cat-rock-pop","15":"product_tag-a-deeper-love","16":"product_tag-a-girl-like-you","17":"product_tag-al-b-sure","18":"product_tag-bob-lind","19":"product_tag-cdg","20":"product_tag-chante-moore","21":"product_tag-charley-pride","22":"product_tag-clivilles-and-cole","23":"product_tag-confused","24":"product_tag-delta-dawn","25":"product_tag-don-williams","26":"product_tag-elusive-butterfly","27":"product_tag-every-breath-i-take","28":"product_tag-faron-young","29":"product_tag-gene-pitney","30":"product_tag-goin-steady","31":"product_tag-helen-reddy","32":"product_tag-i-believe-in-you","33":"product_tag-im-still-waiting","34":"product_tag-jim-ed-brown","35":"product_tag-jodeci","36":"product_tag-just-for-old-times-sake","37":"product_tag-karaoke-super-hits","38":"product_tag-katrina-and-the-waves","39":"product_tag-loves-taken-over","40":"product_tag-man-on-the-flying-trapeze","41":"product_tag-marianne","42":"product_tag-needles-and-pins","43":"product_tag-neu","44":"product_tag-new-kids-on-the-block","45":"product_tag-nutech-p-39","46":"product_tag-ovp","47":"product_tag-right-now","48":"product_tag-romeo-and-juliet","49":"product_tag-someone-loves-you-honey","50":"product_tag-stacy-earl","51":"product_tag-standards-traditional","52":"product_tag-tevin-campbell","53":"product_tag-thats-the-way","54":"product_tag-the-hilltoppers","55":"product_tag-the-smithereens","56":"product_tag-this-ones-for-the-children","57":"product_tag-tom-petty-and-stevie-nicks","59":"first","60":"instock","61":"taxable","62":"shipping-taxable","63":"product-type-simple","64":"add-to-wishlist-after_add_to_cart"},"_links":{"self":[{"href":"https:\/\/www.karaoke-helden.de\/playbackshop\/wp-json\/wp\/v2\/product\/2425","targetHints":{"allow":["GET"]}}],"collection":[{"href":"https:\/\/www.karaoke-helden.de\/playbackshop\/wp-json\/wp\/v2\/product"}],"about":[{"href":"https:\/\/www.karaoke-helden.de\/playbackshop\/wp-json\/wp\/v2\/types\/product"}],"wp:featuredmedia":[{"embeddable":true,"href":"https:\/\/www.karaoke-helden.de\/playbackshop\/wp-json\/wp\/v2\/media\/2424"}],"wp:attachment":[{"href":"https:\/\/www.karaoke-helden.de\/playbackshop\/wp-json\/wp\/v2\/media?parent=2425"}],"wp:term":[{"taxonomy":"product_cat","embeddable":true,"href":"https:\/\/www.karaoke-helden.de\/playbackshop\/wp-json\/wp\/v2\/product_cat?post=2425"},{"taxonomy":"product_tag","embeddable":true,"href":"https:\/\/www.karaoke-helden.de\/playbackshop\/wp-json\/wp\/v2\/product_tag?post=2425"}],"curies":[{"name":"wp","href":"https:\/\/api.w.org\/{rel}","templated":true}]}}