{"id":2446,"date":"2020-07-05T17:39:08","date_gmt":"2020-07-05T15:39:08","guid":{"rendered":"https:\/\/www.karaoke-helden.de\/playbackshop\/?post_type=product&#038;p=2446"},"modified":"2020-07-05T18:30:23","modified_gmt":"2020-07-05T16:30:23","slug":"nutech-p-38-karaoke-pop-love-song-playbacks-cdg","status":"publish","type":"product","link":"https:\/\/www.karaoke-helden.de\/playbackshop\/nutech-p-38-karaoke-pop-love-song-playbacks-cdg","title":{"rendered":"NuTech-P-38-Karaoke \u2013 Pop, Love Song Playbacks &#8211; CD+G"},"content":{"rendered":"<h2>NuTech-P-38-Karaoke \u2013 Pop, Love Song und MEHR Karaoke Playbacks &#8211; CD+G<\/h2>\n<h2>Gro\u00dfe Karaokesongs &#8211; F\u00fcr Deine Sammlung.<\/h2>\n<h3>Neu\/OVP (Papp-Cover) &#8211; Versand mit Sendungsnummer &#8230;<\/h3>\n<p><em><strong>Jetzt ZUSCHLAGEN:<\/strong><\/em> Mit der NuTech-P-38-Karaoke \u2013 Pop, Love Song Playbacks kommen wieder beste Songs in Deine Sammlung. Auch hier die letzte Chance. Nur noch EINE am Lager, wenn WEG dann WEG!<\/p>\n<p><em><strong>Auf dieser CD+G findest Du folgende Songs:<\/strong><\/em><\/p>\n<ol>\n<li>Can&#8217;t Get Enough Of Your Love &#8211; Taylor Dayne<\/li>\n<li>Enjoy Yourself &#8211; The Jackson 5<\/li>\n<li>I Got A Woman &#8211; Ray Charles<\/li>\n<li>I&#8217;ll Be Around &#8211; The Spinners<\/li>\n<li>I&#8217;m Gonna Be Five Hundred Miles &#8211; The Proclaimers<\/li>\n<li>I&#8217;m In Love &#8211; Aretha Franklin<\/li>\n<li>I&#8217;m So Into You &#8211; SWV<\/li>\n<li>I&#8217;m Stone In Love With You &#8211; The Stylistics<\/li>\n<li>Love Is &#8211; Vanessa Williams and Brian McKnight<\/li>\n<li>Love Is A Losing Game &#8211; Kirk Whalum and Javetta Steele<\/li>\n<li>Love Won&#8217;t Let Me Wait &#8211; Major Harris<\/li>\n<li>Old Friend &#8211; Phyllis Hyman<\/li>\n<li>People Get Ready &#8211; Rod Stewart<\/li>\n<li>Put Your Hands Together &#8211; The O&#8217;Jays<\/li>\n<li>See You When I Get There &#8211; Lou Rawls<\/li>\n<li>Spend The Night &#8211; The Isley Brothers<\/li>\n<li>Turn Off The Lights &#8211; Teddy Pendergrass<\/li>\n<li>Weak &#8211; SWV<\/li>\n<li>You&#8217;re Gonna Make Me Love Somebody &#8211; The Fresh Prince and DJ Jazzy Jeff<\/li>\n<\/ol>\n<p><em>Coverversionen im Style der genannten K\u00fcnstler \/ Bands \u2013 Ohne den \/ die Original-K\u00fcnstler (Musiker).<\/em><\/p>\n<p><em>Teilweise mit \u201eLive-Band\u201c aufgenommen \u2013 Teilweise Backings vorhanden.<\/em><\/p>\n<p>Im Vertrieb der World-Of-Karaoke \u2013 Neuer Artikel \u2013 Unge\u00f6ffnet \u2013 OVP.<\/p>\n<p><strong><em>Format:<\/em><\/strong>\u00a0CD+G. \u2013 CD+G laufen zu 99% auch auf NORMALEN CD-Playern \u2013 Dennoch kann es hier und da zu AUSSETZERN kommen! Multi-Plex: ?.<\/p>\n<p><strong>Hinweis:<\/strong>\u00a0<em>Midifiles-Kaufen \/ World-Of-Karaoke ber\u00fccksichtigt immer s\u00e4mtliche Urheberrechte. Alle Rechte f\u00fcr die musikalischen Werke auf dieser Website\/Shop sind vorbehalten. Die angebotenen Songs d\u00fcrfen ohne schriftliche Genehmigung Word-of-Karaoke nur f\u00fcr private Zwecke genutzt werden. Alle musikalischen Werke auf dieser Website sind Neuaufnahmen im Style der Original-K\u00fcnstler\/Bands und beinhalten in keinster Weise die Originalstimmen oder sonstige Segmente des Originaltitels.<\/em><\/p>\n<p><em>Alle Urheber und Leistungsschutzrechte vorbehalten.<\/em><\/p>\n<p><em>Kein Verleih, Keine unerlaubte Kopien, Auff\u00fchrung, Sendung. Beachte die GEMA-Rechte<\/em>.<\/p>\n<p><strong>World-Of-Karaoke<\/strong>\u00a0\u2013\u00a0<strong>Karaokesongs<\/strong>\u00a0und Playbacks immer GENADENLOS,\u00a0<strong>GENIAL G\u00dcNSTIG<\/strong>\u00a0kaufen!<\/p>\n<p><em><strong>SEO:<\/strong><\/em> &#8211; <strong>NuTech-P-38-Karaoke<\/strong> \u2013 <strong>Pop, Love Song<\/strong> &#8211; <strong>Playbacks<\/strong> &#8211; <strong>CD+G<\/strong> &#8211; <strong>CD+G-Shop<\/strong> &#8211; <strong>Deutschland<\/strong> &#8211;<\/p>\n<h3>Service \/ Umwelt \/ Versand und Preishinweis<\/h3>\n<p><strong>Bitte BEACHTEN:<\/strong>\u00a0Bei den Preisen im Shop ist ALLES an Nebenkosten enthalten wenn NICHT anderes ANGEGEBEN (siehe Bild unter dem Preis). Dazu geh\u00f6ren: Abgaben f\u00fcr das Duale-System \u2013 Entsorgung bei Batterien etc.! Ebenfalls sind Verpackung und Versandkosten inkl. Sendungsnummer-Kosten bei der Post \/ DHL enthalten.<\/p>\n<p>Downloads sind GRUNDS\u00c4TZLICH ohne Zusatzkosten. Bei Waren im Download bekommst Du den LINK zur jeweiligen Datei innerhalb von 12.Stunden nach Eingang des Rechnungsbetrages (auch am Wochenende und Feiertagen). Es gibt keinen AUTOMATISCHEN Download. Wir stellen DEINEN Download immer pers\u00f6nlich zusammen.<\/p>\n<p><strong>Suchnummer:<\/strong> 1247 &#8211; Pok-K-2<\/p>\n<p><strong>FSK:<\/strong>\u00a0Nicht gepr\u00fcft<\/p>\n<div class=\"shariff shariff-align-center shariff-widget-align-center shariff-buttonstretch\"><ul class=\"shariff-buttons theme-color orientation-horizontal buttonsize-small\"><li class=\"shariff-button facebook shariff-nocustomcolor\" style=\"background-color:#4273c8\"><a href=\"https:\/\/www.facebook.com\/sharer\/sharer.php?u=https%3A%2F%2Fwww.karaoke-helden.de%2Fplaybackshop%2Fnutech-p-38-karaoke-pop-love-song-playbacks-cdg\" title=\"Bei Facebook teilen\" aria-label=\"Bei Facebook teilen\" role=\"button\" rel=\"nofollow\" class=\"shariff-link\" style=\"; background-color:#3b5998; color:#fff\" target=\"_blank\"><span class=\"shariff-icon\" style=\"\"><svg width=\"32px\" height=\"20px\" xmlns=\"http:\/\/www.w3.org\/2000\/svg\" viewBox=\"0 0 18 32\"><path fill=\"#3b5998\" d=\"M17.1 0.2v4.7h-2.8q-1.5 0-2.1 0.6t-0.5 1.9v3.4h5.2l-0.7 5.3h-4.5v13.6h-5.5v-13.6h-4.5v-5.3h4.5v-3.9q0-3.3 1.9-5.2t5-1.8q2.6 0 4.1 0.2z\"\/><\/svg><\/span><span class=\"shariff-text\">teilen<\/span>&nbsp;<\/a><\/li><li class=\"shariff-button twitter shariff-nocustomcolor\" style=\"background-color:#595959\"><a href=\"https:\/\/twitter.com\/share?url=https%3A%2F%2Fwww.karaoke-helden.de%2Fplaybackshop%2Fnutech-p-38-karaoke-pop-love-song-playbacks-cdg&text=NuTech-P-38-Karaoke%20%E2%80%93%20Pop%2C%20Love%20Song%20Playbacks%20%E2%80%93%20CD%2BG&via=d24online\" title=\"Bei X teilen\" aria-label=\"Bei X teilen\" role=\"button\" rel=\"noopener nofollow\" class=\"shariff-link\" style=\"; background-color:#000; color:#fff\" target=\"_blank\"><span class=\"shariff-icon\" style=\"\"><svg width=\"32px\" height=\"20px\" xmlns=\"http:\/\/www.w3.org\/2000\/svg\" viewBox=\"0 0 24 24\"><path fill=\"#000\" d=\"M14.258 10.152L23.176 0h-2.113l-7.747 8.813L7.133 0H0l9.352 13.328L0 23.973h2.113l8.176-9.309 6.531 9.309h7.133zm-2.895 3.293l-.949-1.328L2.875 1.56h3.246l6.086 8.523.945 1.328 7.91 11.078h-3.246zm0 0\"\/><\/svg><\/span><span class=\"shariff-text\">teilen<\/span>&nbsp;<\/a><\/li><li class=\"shariff-button linkedin shariff-nocustomcolor\" style=\"background-color:#1488bf\"><a href=\"https:\/\/www.linkedin.com\/sharing\/share-offsite\/?url=https%3A%2F%2Fwww.karaoke-helden.de%2Fplaybackshop%2Fnutech-p-38-karaoke-pop-love-song-playbacks-cdg\" title=\"Bei LinkedIn teilen\" aria-label=\"Bei LinkedIn teilen\" role=\"button\" rel=\"noopener nofollow\" class=\"shariff-link\" style=\"; background-color:#0077b5; color:#fff\" target=\"_blank\"><span class=\"shariff-icon\" style=\"\"><svg width=\"32px\" height=\"20px\" xmlns=\"http:\/\/www.w3.org\/2000\/svg\" viewBox=\"0 0 27 32\"><path fill=\"#0077b5\" d=\"M6.2 11.2v17.7h-5.9v-17.7h5.9zM6.6 5.7q0 1.3-0.9 2.2t-2.4 0.9h0q-1.5 0-2.4-0.9t-0.9-2.2 0.9-2.2 2.4-0.9 2.4 0.9 0.9 2.2zM27.4 18.7v10.1h-5.9v-9.5q0-1.9-0.7-2.9t-2.3-1.1q-1.1 0-1.9 0.6t-1.2 1.5q-0.2 0.5-0.2 1.4v9.9h-5.9q0-7.1 0-11.6t0-5.3l0-0.9h5.9v2.6h0q0.4-0.6 0.7-1t1-0.9 1.6-0.8 2-0.3q3 0 4.9 2t1.9 6z\"\/><\/svg><\/span><span class=\"shariff-text\">teilen<\/span>&nbsp;<\/a><\/li><li class=\"shariff-button rss shariff-nocustomcolor\" style=\"background-color:#ff8c00\"><a href=\"https:\/\/www.karaoke-helden.de\/playbackshop\/feed\/rss\" title=\"RSS-feed\" aria-label=\"RSS-feed\" role=\"button\" class=\"shariff-link\" style=\"; background-color:#fe9312; color:#fff\" target=\"_blank\"><span class=\"shariff-icon\" style=\"\"><svg width=\"32px\" height=\"20px\" xmlns=\"http:\/\/www.w3.org\/2000\/svg\" viewBox=\"0 0 32 32\"><path fill=\"#fe9312\" d=\"M4.3 23.5c-2.3 0-4.3 1.9-4.3 4.3 0 2.3 1.9 4.2 4.3 4.2 2.4 0 4.3-1.9 4.3-4.2 0-2.3-1.9-4.3-4.3-4.3zM0 10.9v6.1c4 0 7.7 1.6 10.6 4.4 2.8 2.8 4.4 6.6 4.4 10.6h6.2c0-11.7-9.5-21.1-21.1-21.1zM0 0v6.1c14.2 0 25.8 11.6 25.8 25.9h6.2c0-17.6-14.4-32-32-32z\"\/><\/svg><\/span><span class=\"shariff-text\">RSS-feed<\/span>&nbsp;<\/a><\/li><li class=\"shariff-button printer shariff-nocustomcolor\" style=\"background-color:#a8a8a8\"><a href=\"javascript:window.print()\" title=\"drucken\" aria-label=\"drucken\" role=\"button\" rel=\"noopener nofollow\" class=\"shariff-link\" style=\"; background-color:#999; color:#fff\"><span class=\"shariff-icon\" style=\"\"><svg width=\"32px\" height=\"20px\" xmlns=\"http:\/\/www.w3.org\/2000\/svg\" viewBox=\"0 0 30 32\"><path fill=\"#999\" d=\"M6.8 27.4h16v-4.6h-16v4.6zM6.8 16h16v-6.8h-2.8q-0.7 0-1.2-0.5t-0.5-1.2v-2.8h-11.4v11.4zM27.4 17.2q0-0.5-0.3-0.8t-0.8-0.4-0.8 0.4-0.3 0.8 0.3 0.8 0.8 0.3 0.8-0.3 0.3-0.8zM29.7 17.2v7.4q0 0.2-0.2 0.4t-0.4 0.2h-4v2.8q0 0.7-0.5 1.2t-1.2 0.5h-17.2q-0.7 0-1.2-0.5t-0.5-1.2v-2.8h-4q-0.2 0-0.4-0.2t-0.2-0.4v-7.4q0-1.4 1-2.4t2.4-1h1.2v-9.7q0-0.7 0.5-1.2t1.2-0.5h12q0.7 0 1.6 0.4t1.3 0.8l2.7 2.7q0.5 0.5 0.9 1.4t0.4 1.6v4.6h1.1q1.4 0 2.4 1t1 2.4z\"\/><\/svg><\/span><span class=\"shariff-text\">drucken<\/span>&nbsp;<\/a><\/li><li class=\"shariff-button whatsapp shariff-nocustomcolor\" style=\"background-color:#5cbe4a\"><a href=\"https:\/\/api.whatsapp.com\/send?text=https%3A%2F%2Fwww.karaoke-helden.de%2Fplaybackshop%2Fnutech-p-38-karaoke-pop-love-song-playbacks-cdg%20NuTech-P-38-Karaoke%20%E2%80%93%20Pop%2C%20Love%20Song%20Playbacks%20%E2%80%93%20CD%2BG\" title=\"Bei Whatsapp teilen\" aria-label=\"Bei Whatsapp teilen\" role=\"button\" rel=\"noopener nofollow\" class=\"shariff-link\" style=\"; background-color:#34af23; color:#fff\" target=\"_blank\"><span class=\"shariff-icon\" style=\"\"><svg width=\"32px\" height=\"20px\" xmlns=\"http:\/\/www.w3.org\/2000\/svg\" viewBox=\"0 0 32 32\"><path fill=\"#34af23\" d=\"M17.6 17.4q0.2 0 1.7 0.8t1.6 0.9q0 0.1 0 0.3 0 0.6-0.3 1.4-0.3 0.7-1.3 1.2t-1.8 0.5q-1 0-3.4-1.1-1.7-0.8-3-2.1t-2.6-3.3q-1.3-1.9-1.3-3.5v-0.1q0.1-1.6 1.3-2.8 0.4-0.4 0.9-0.4 0.1 0 0.3 0t0.3 0q0.3 0 0.5 0.1t0.3 0.5q0.1 0.4 0.6 1.6t0.4 1.3q0 0.4-0.6 1t-0.6 0.8q0 0.1 0.1 0.3 0.6 1.3 1.8 2.4 1 0.9 2.7 1.8 0.2 0.1 0.4 0.1 0.3 0 1-0.9t0.9-0.9zM14 26.9q2.3 0 4.3-0.9t3.6-2.4 2.4-3.6 0.9-4.3-0.9-4.3-2.4-3.6-3.6-2.4-4.3-0.9-4.3 0.9-3.6 2.4-2.4 3.6-0.9 4.3q0 3.6 2.1 6.6l-1.4 4.2 4.3-1.4q2.8 1.9 6.2 1.9zM14 2.2q2.7 0 5.2 1.1t4.3 2.9 2.9 4.3 1.1 5.2-1.1 5.2-2.9 4.3-4.3 2.9-5.2 1.1q-3.5 0-6.5-1.7l-7.4 2.4 2.4-7.2q-1.9-3.2-1.9-6.9 0-2.7 1.1-5.2t2.9-4.3 4.3-2.9 5.2-1.1z\"\/><\/svg><\/span><span class=\"shariff-text\">teilen<\/span>&nbsp;<\/a><\/li><\/ul><\/div>","protected":false},"excerpt":{"rendered":"<p><strong><em><a href=\"\/playbackshop\/versandarten\/\" target=\"_blank\" rel=\"noopener noreferrer\"><img decoding=\"async\" class=\"aligncenter wp-image-8471 size-full\" src=\"https:\/\/www.karaoke-helden.de\/playbackshop\/wp-content\/uploads\/2020\/10\/Versandkosten-Info-Oktober.jpg\" alt=\"Versandinfo-Kosten-Neu\" width=\"550\" height=\"125\" \/><\/a>Wieder eine Rarit\u00e4t:<\/em><\/strong> Mit der NuTech-P-38-Karaoke \u2013 Pop, Love Song Playbacks kommen wieder beste Songs in Deine Sammlung. Auch hier die letzte Chance. Nur noch EINE am Lager. World Of Karaoke &#8211; Playback-Shop.<\/p>\n<p>&nbsp;<\/p>\n","protected":false},"featured_media":2445,"template":"","meta":{"rank_math_lock_modified_date":false},"product_cat":[824,926,934,932,2402,923,936,825,862,917,931,939],"product_tag":[4501,1020,4503,4504,4506,4507,4509,4510,4512,4515,4382,4513,3729,3980,4516,4517,849,4500,4518,850,4520,4519,874,4354,4521,4505,1395,4522,4523,4511,4502,4526,4529,4524,3053,3047,4508,4380,4366,4525,4514,4527,4528],"class_list":{"0":"post-2446","1":"product","2":"type-product","3":"status-publish","4":"has-post-thumbnail","6":"product_cat-alle-produkte","7":"product_cat-country","8":"product_cat-karaoke-weltweit","9":"product_cat-lovesongs","10":"product_cat-nutech","11":"product_cat-oldies-englisch","12":"product_cat-partyhits","13":"product_cat-playback-cdg","14":"product_cat-playbacks-nach-hersteller","15":"product_cat-playbacks-nach-musik-kategorie","16":"product_cat-rock-roll","17":"product_cat-weitere-musikstyle","18":"product_tag-cant-get-enough-of-your-love","19":"product_tag-cdg","20":"product_tag-enjoy-yourself","21":"product_tag-i-got-a-woman","22":"product_tag-ill-be-around","23":"product_tag-im-gonna-be-five-hundred-miles","24":"product_tag-im-in-love-aretha-franklin","25":"product_tag-im-so-into-you","26":"product_tag-im-stone-in-love-with-you","27":"product_tag-kirk-whalum-and-javetta-steele","28":"product_tag-lou-rawls","29":"product_tag-love-is","30":"product_tag-love-is-a-losing-game","31":"product_tag-love-song","32":"product_tag-love-wont-let-me-wait","33":"product_tag-major-harris","34":"product_tag-neu","35":"product_tag-nutech-p-38-karaoke","36":"product_tag-old-friend","37":"product_tag-ovp","38":"product_tag-people-get-ready","39":"product_tag-phyllis-hyman","40":"product_tag-playbacks","41":"product_tag-pop","42":"product_tag-put-your-hands-together","43":"product_tag-ray-charles","44":"product_tag-rod-stewart","45":"product_tag-see-you-when-i-get-there","46":"product_tag-spend-the-night","47":"product_tag-swv","48":"product_tag-taylor-dayne","49":"product_tag-teddy-pendergrass","50":"product_tag-the-fresh-prince-and-dj-jazzy-jeff","51":"product_tag-the-isley-brothers","52":"product_tag-the-jackson-5","53":"product_tag-the-ojays","54":"product_tag-the-proclaimers","55":"product_tag-the-spinners","56":"product_tag-the-stylistics","57":"product_tag-turn-off-the-lights","58":"product_tag-vanessa-williams-and-brian-mcknight","59":"product_tag-weak","60":"product_tag-youre-gonna-make-me-love-somebody","62":"first","63":"instock","64":"taxable","65":"shipping-taxable","66":"product-type-simple","67":"add-to-wishlist-after_add_to_cart"},"_links":{"self":[{"href":"https:\/\/www.karaoke-helden.de\/playbackshop\/wp-json\/wp\/v2\/product\/2446","targetHints":{"allow":["GET"]}}],"collection":[{"href":"https:\/\/www.karaoke-helden.de\/playbackshop\/wp-json\/wp\/v2\/product"}],"about":[{"href":"https:\/\/www.karaoke-helden.de\/playbackshop\/wp-json\/wp\/v2\/types\/product"}],"wp:featuredmedia":[{"embeddable":true,"href":"https:\/\/www.karaoke-helden.de\/playbackshop\/wp-json\/wp\/v2\/media\/2445"}],"wp:attachment":[{"href":"https:\/\/www.karaoke-helden.de\/playbackshop\/wp-json\/wp\/v2\/media?parent=2446"}],"wp:term":[{"taxonomy":"product_cat","embeddable":true,"href":"https:\/\/www.karaoke-helden.de\/playbackshop\/wp-json\/wp\/v2\/product_cat?post=2446"},{"taxonomy":"product_tag","embeddable":true,"href":"https:\/\/www.karaoke-helden.de\/playbackshop\/wp-json\/wp\/v2\/product_tag?post=2446"}],"curies":[{"name":"wp","href":"https:\/\/api.w.org\/{rel}","templated":true}]}}