{"id":2542,"date":"2020-08-10T10:30:00","date_gmt":"2020-08-10T08:30:00","guid":{"rendered":"https:\/\/www.karaoke-helden.de\/playbackshop\/?post_type=product&#038;p=2542"},"modified":"2020-08-10T11:04:18","modified_gmt":"2020-08-10T09:04:18","slug":"sweet-georgia-brown-karaoke-sgb0051-oldies-pop-country","status":"publish","type":"product","link":"https:\/\/www.karaoke-helden.de\/playbackshop\/sweet-georgia-brown-karaoke-sgb0051-oldies-pop-country","title":{"rendered":"Sweet Georgia Brown Karaoke &#8211; SGB0051 &#8211; Oldies-Pop-Country"},"content":{"rendered":"<h2>Sweet Georgia Brown Karaoke &#8211; SGB0051 &#8211; Oldies-Pop-Country.<\/h2>\n<h2>Verdammt DICHT am ORIGINAL.<\/h2>\n<h3>Neu\/OVP (PVC-Cover) &#8211; Versand in Deutschland mit Sendungsnummer &#8230;<\/h3>\n<p><em><strong>Jetzt zum Sparpreis:<\/strong><\/em> Mit der Ausgabe Sweet Georgia Brown Karaoke &#8211; SGB0051 &#8211; Oldies-Pop-Country kannst Du wieder eine tolle Mischung an SUPER-SONGS erwarten. Nat\u00fcrlich wieder mit ECHTEN Musikern eingespielt in den USA. Einfach nur Top!<\/p>\n<p>Diese CD + Graphics-CD kann sowohl in normalen CD-Playern als auch in Karaoke-Maschinen verwendet werden.<\/p>\n<p><em><strong>Auf dieser CD+G sind folgende Titel:<\/strong><\/em><\/p>\n<p>1. &#8211; Shes Like The Wind &#8211; Patrick Swayze<br \/>\n2. &#8211; After All &#8211; Al Jarreau<br \/>\n3. &#8211; Reflections Of My Life &#8211; Marmalade<br \/>\n4. &#8211; Sooner Or Later &#8211; Grass Roots<br \/>\n5. &#8211; Garden Party &#8211; Ricky Nelson<br \/>\n6. &#8211; Limbo Rock &#8211; Chubby Checker<br \/>\n7. &#8211; Saving All My Love For You &#8211; Whitney Houston<br \/>\n8. &#8211; Alone Again Naturally &#8211; Gilbert Osullivan<br \/>\n9. &#8211; Carolina In My Mind &#8211; James Taylor<br \/>\n10. &#8211; Aint No Way To Treat A Lady &#8211; Helen Reddy<br \/>\n11. &#8211; When Im Sixty Four &#8211; Beatles<br \/>\n12. &#8211; Crying &#8211; Roy Orbison<br \/>\n13. &#8211; Question #67 &amp; 68 &#8211; Chicago<br \/>\n14. &#8211; Blue Monday &#8211; Fats Domino<br \/>\n15. &#8211; Just Dont Want To Be Lonely &#8211; Main Ingredient<br \/>\n16. &#8211; Saturday Night &#8211; Bay City Rollers<br \/>\n17. &#8211; The Twist &#8211; Chubby Checker<br \/>\n18. &#8211; Tie A Yellow Ribbon Round The Old Oak Tree &#8211; Tony Orlando<br \/>\n19. &#8211; Whats New Pussycat &#8211; Tom Jones<br \/>\n20. &#8211; Whos Sorry Now &#8211; Brenda Lee<\/p>\n<p><em>Coverversionen im Style der genannten K\u00fcnstler \/ Bands \u2013 Ohne den \/ die Original-K\u00fcnstler (Musiker).<\/em><\/p>\n<p><em>Teilweise mit \u201eLive-Band\u201c aufgenommen \u2013 Teilweise Backings vorhanden.<\/em><\/p>\n<p>Im Vertrieb der World-Of-Karaoke \u2013 Neuer Artikel \u2013 Unge\u00f6ffnet \u2013 OVP.<\/p>\n<p><strong><em>Format:<\/em><\/strong>\u00a0CD+G. \u2013 CD+G laufen zu 99% auch auf NORMALEN CD-Playern \u2013 Dennoch kann es hier und da zu AUSSETZERN kommen! Multi-Plex: ?.<\/p>\n<p><strong>Hinweis:<\/strong>\u00a0<em>Midifiles-Kaufen \/ World-Of-Karaoke ber\u00fccksichtigt immer s\u00e4mtliche Urheberrechte. Alle Rechte f\u00fcr die musikalischen Werke auf dieser Website\/Shop sind vorbehalten. Die angebotenen Songs d\u00fcrfen ohne schriftliche Genehmigung Word-of-Karaoke nur f\u00fcr private Zwecke genutzt werden. Alle musikalischen Werke auf dieser Website sind Neuaufnahmen im Style der Original-K\u00fcnstler\/Bands und beinhalten in keinster Weise die Originalstimmen oder sonstige Segmente des Originaltitels.<\/em><\/p>\n<p><em>Alle Urheber und Leistungsschutzrechte vorbehalten.<\/em><\/p>\n<p><em>Kein Verleih, Keine unerlaubte Kopien, Auff\u00fchrung, Sendung. Beachte die GEMA-Rechte<\/em>.<\/p>\n<p><strong>World-Of-Karaoke<\/strong>\u00a0\u2013\u00a0<strong>Karaokesongs<\/strong>\u00a0und Playbacks immer GENADENLOS,\u00a0<strong>GENIAL G\u00dcNSTIG<\/strong>\u00a0kaufen!<\/p>\n<p><strong>SEO: <\/strong>&#8211;\u00a0<strong>Sweet Georgia Brown<\/strong>\u00a0 &#8211; <strong>Karaoke Playbacks<\/strong> &#8211; <strong>SGB0051<\/strong> &#8211; <strong>Oldies<\/strong> &#8211; <strong>Pop<\/strong> &#8211; <strong>Country<\/strong>.<\/p>\n<h3>Service \/ Umwelt \/ Versand und Preishinweis<\/h3>\n<p><strong>Bitte BEACHTEN:<\/strong>\u00a0Bei den Preisen im Shop ist ALLES an Nebenkosten enthalten wenn NICHT anderes ANGEGEBEN (siehe Bild unter dem Preis). Dazu geh\u00f6ren: Abgaben f\u00fcr das Duale-System \u2013 Entsorgung bei Batterien etc.! Ebenfalls sind Verpackung und Versandkosten inkl. Sendungsnummer-Kosten bei der Post \/ DHL enthalten.<\/p>\n<p>Downloads sind GRUNDS\u00c4TZLICH ohne Zusatzkosten. Bei Waren im Download bekommst Du den LINK zur jeweiligen Datei innerhalb von 12.Stunden nach Eingang des Rechnungsbetrages (auch am Wochenende und Feiertagen). Es gibt keinen AUTOMATISCHEN Download. Wir stellen DEINEN Download immer pers\u00f6nlich zusammen.<\/p>\n<p><strong>Suchnummer:<\/strong> 1288 &#8211; Pok-K-2 &#8211; Bulk-P-2<\/p>\n<p><strong>FSK:<\/strong>\u00a0Nicht gepr\u00fcft<\/p>\n<div class=\"shariff shariff-align-center shariff-widget-align-center shariff-buttonstretch\"><ul class=\"shariff-buttons theme-color orientation-horizontal buttonsize-small\"><li class=\"shariff-button facebook shariff-nocustomcolor\" style=\"background-color:#4273c8\"><a href=\"https:\/\/www.facebook.com\/sharer\/sharer.php?u=https%3A%2F%2Fwww.karaoke-helden.de%2Fplaybackshop%2Fsweet-georgia-brown-karaoke-sgb0051-oldies-pop-country\" title=\"Bei Facebook teilen\" aria-label=\"Bei Facebook teilen\" role=\"button\" rel=\"nofollow\" class=\"shariff-link\" style=\"; background-color:#3b5998; color:#fff\" target=\"_blank\"><span class=\"shariff-icon\" style=\"\"><svg width=\"32px\" height=\"20px\" xmlns=\"http:\/\/www.w3.org\/2000\/svg\" viewBox=\"0 0 18 32\"><path fill=\"#3b5998\" d=\"M17.1 0.2v4.7h-2.8q-1.5 0-2.1 0.6t-0.5 1.9v3.4h5.2l-0.7 5.3h-4.5v13.6h-5.5v-13.6h-4.5v-5.3h4.5v-3.9q0-3.3 1.9-5.2t5-1.8q2.6 0 4.1 0.2z\"\/><\/svg><\/span><span class=\"shariff-text\">teilen<\/span>&nbsp;<\/a><\/li><li class=\"shariff-button twitter shariff-nocustomcolor\" style=\"background-color:#595959\"><a href=\"https:\/\/twitter.com\/share?url=https%3A%2F%2Fwww.karaoke-helden.de%2Fplaybackshop%2Fsweet-georgia-brown-karaoke-sgb0051-oldies-pop-country&text=Sweet%20Georgia%20Brown%20Karaoke%20%E2%80%93%20SGB0051%20%E2%80%93%20Oldies-Pop-Country&via=d24online\" title=\"Bei X teilen\" aria-label=\"Bei X teilen\" role=\"button\" rel=\"noopener nofollow\" class=\"shariff-link\" style=\"; background-color:#000; color:#fff\" target=\"_blank\"><span class=\"shariff-icon\" style=\"\"><svg width=\"32px\" height=\"20px\" xmlns=\"http:\/\/www.w3.org\/2000\/svg\" viewBox=\"0 0 24 24\"><path fill=\"#000\" d=\"M14.258 10.152L23.176 0h-2.113l-7.747 8.813L7.133 0H0l9.352 13.328L0 23.973h2.113l8.176-9.309 6.531 9.309h7.133zm-2.895 3.293l-.949-1.328L2.875 1.56h3.246l6.086 8.523.945 1.328 7.91 11.078h-3.246zm0 0\"\/><\/svg><\/span><span class=\"shariff-text\">teilen<\/span>&nbsp;<\/a><\/li><li class=\"shariff-button linkedin shariff-nocustomcolor\" style=\"background-color:#1488bf\"><a href=\"https:\/\/www.linkedin.com\/sharing\/share-offsite\/?url=https%3A%2F%2Fwww.karaoke-helden.de%2Fplaybackshop%2Fsweet-georgia-brown-karaoke-sgb0051-oldies-pop-country\" title=\"Bei LinkedIn teilen\" aria-label=\"Bei LinkedIn teilen\" role=\"button\" rel=\"noopener nofollow\" class=\"shariff-link\" style=\"; background-color:#0077b5; color:#fff\" target=\"_blank\"><span class=\"shariff-icon\" style=\"\"><svg width=\"32px\" height=\"20px\" xmlns=\"http:\/\/www.w3.org\/2000\/svg\" viewBox=\"0 0 27 32\"><path fill=\"#0077b5\" d=\"M6.2 11.2v17.7h-5.9v-17.7h5.9zM6.6 5.7q0 1.3-0.9 2.2t-2.4 0.9h0q-1.5 0-2.4-0.9t-0.9-2.2 0.9-2.2 2.4-0.9 2.4 0.9 0.9 2.2zM27.4 18.7v10.1h-5.9v-9.5q0-1.9-0.7-2.9t-2.3-1.1q-1.1 0-1.9 0.6t-1.2 1.5q-0.2 0.5-0.2 1.4v9.9h-5.9q0-7.1 0-11.6t0-5.3l0-0.9h5.9v2.6h0q0.4-0.6 0.7-1t1-0.9 1.6-0.8 2-0.3q3 0 4.9 2t1.9 6z\"\/><\/svg><\/span><span class=\"shariff-text\">teilen<\/span>&nbsp;<\/a><\/li><li class=\"shariff-button rss shariff-nocustomcolor\" style=\"background-color:#ff8c00\"><a href=\"https:\/\/www.karaoke-helden.de\/playbackshop\/feed\/rss\" title=\"RSS-feed\" aria-label=\"RSS-feed\" role=\"button\" class=\"shariff-link\" style=\"; background-color:#fe9312; color:#fff\" target=\"_blank\"><span class=\"shariff-icon\" style=\"\"><svg width=\"32px\" height=\"20px\" xmlns=\"http:\/\/www.w3.org\/2000\/svg\" viewBox=\"0 0 32 32\"><path fill=\"#fe9312\" d=\"M4.3 23.5c-2.3 0-4.3 1.9-4.3 4.3 0 2.3 1.9 4.2 4.3 4.2 2.4 0 4.3-1.9 4.3-4.2 0-2.3-1.9-4.3-4.3-4.3zM0 10.9v6.1c4 0 7.7 1.6 10.6 4.4 2.8 2.8 4.4 6.6 4.4 10.6h6.2c0-11.7-9.5-21.1-21.1-21.1zM0 0v6.1c14.2 0 25.8 11.6 25.8 25.9h6.2c0-17.6-14.4-32-32-32z\"\/><\/svg><\/span><span class=\"shariff-text\">RSS-feed<\/span>&nbsp;<\/a><\/li><li class=\"shariff-button printer shariff-nocustomcolor\" style=\"background-color:#a8a8a8\"><a href=\"javascript:window.print()\" title=\"drucken\" aria-label=\"drucken\" role=\"button\" rel=\"noopener nofollow\" class=\"shariff-link\" style=\"; background-color:#999; color:#fff\"><span class=\"shariff-icon\" style=\"\"><svg width=\"32px\" height=\"20px\" xmlns=\"http:\/\/www.w3.org\/2000\/svg\" viewBox=\"0 0 30 32\"><path fill=\"#999\" d=\"M6.8 27.4h16v-4.6h-16v4.6zM6.8 16h16v-6.8h-2.8q-0.7 0-1.2-0.5t-0.5-1.2v-2.8h-11.4v11.4zM27.4 17.2q0-0.5-0.3-0.8t-0.8-0.4-0.8 0.4-0.3 0.8 0.3 0.8 0.8 0.3 0.8-0.3 0.3-0.8zM29.7 17.2v7.4q0 0.2-0.2 0.4t-0.4 0.2h-4v2.8q0 0.7-0.5 1.2t-1.2 0.5h-17.2q-0.7 0-1.2-0.5t-0.5-1.2v-2.8h-4q-0.2 0-0.4-0.2t-0.2-0.4v-7.4q0-1.4 1-2.4t2.4-1h1.2v-9.7q0-0.7 0.5-1.2t1.2-0.5h12q0.7 0 1.6 0.4t1.3 0.8l2.7 2.7q0.5 0.5 0.9 1.4t0.4 1.6v4.6h1.1q1.4 0 2.4 1t1 2.4z\"\/><\/svg><\/span><span class=\"shariff-text\">drucken<\/span>&nbsp;<\/a><\/li><li class=\"shariff-button whatsapp shariff-nocustomcolor\" style=\"background-color:#5cbe4a\"><a href=\"https:\/\/api.whatsapp.com\/send?text=https%3A%2F%2Fwww.karaoke-helden.de%2Fplaybackshop%2Fsweet-georgia-brown-karaoke-sgb0051-oldies-pop-country%20Sweet%20Georgia%20Brown%20Karaoke%20%E2%80%93%20SGB0051%20%E2%80%93%20Oldies-Pop-Country\" title=\"Bei Whatsapp teilen\" aria-label=\"Bei Whatsapp teilen\" role=\"button\" rel=\"noopener nofollow\" class=\"shariff-link\" style=\"; background-color:#34af23; color:#fff\" target=\"_blank\"><span class=\"shariff-icon\" style=\"\"><svg width=\"32px\" height=\"20px\" xmlns=\"http:\/\/www.w3.org\/2000\/svg\" viewBox=\"0 0 32 32\"><path fill=\"#34af23\" d=\"M17.6 17.4q0.2 0 1.7 0.8t1.6 0.9q0 0.1 0 0.3 0 0.6-0.3 1.4-0.3 0.7-1.3 1.2t-1.8 0.5q-1 0-3.4-1.1-1.7-0.8-3-2.1t-2.6-3.3q-1.3-1.9-1.3-3.5v-0.1q0.1-1.6 1.3-2.8 0.4-0.4 0.9-0.4 0.1 0 0.3 0t0.3 0q0.3 0 0.5 0.1t0.3 0.5q0.1 0.4 0.6 1.6t0.4 1.3q0 0.4-0.6 1t-0.6 0.8q0 0.1 0.1 0.3 0.6 1.3 1.8 2.4 1 0.9 2.7 1.8 0.2 0.1 0.4 0.1 0.3 0 1-0.9t0.9-0.9zM14 26.9q2.3 0 4.3-0.9t3.6-2.4 2.4-3.6 0.9-4.3-0.9-4.3-2.4-3.6-3.6-2.4-4.3-0.9-4.3 0.9-3.6 2.4-2.4 3.6-0.9 4.3q0 3.6 2.1 6.6l-1.4 4.2 4.3-1.4q2.8 1.9 6.2 1.9zM14 2.2q2.7 0 5.2 1.1t4.3 2.9 2.9 4.3 1.1 5.2-1.1 5.2-2.9 4.3-4.3 2.9-5.2 1.1q-3.5 0-6.5-1.7l-7.4 2.4 2.4-7.2q-1.9-3.2-1.9-6.9 0-2.7 1.1-5.2t2.9-4.3 4.3-2.9 5.2-1.1z\"\/><\/svg><\/span><span class=\"shariff-text\">teilen<\/span>&nbsp;<\/a><\/li><\/ul><\/div>","protected":false},"excerpt":{"rendered":"<p><em><strong><a href=\"\/playbackshop\/versandarten\/\" target=\"_blank\" rel=\"noopener noreferrer\"><img decoding=\"async\" class=\"aligncenter wp-image-8471 size-full\" src=\"https:\/\/www.karaoke-helden.de\/playbackshop\/wp-content\/uploads\/2020\/10\/Versandkosten-Info-Oktober.jpg\" alt=\"Versandinfo-Kosten-Neu\" width=\"550\" height=\"125\" \/><\/a>Karaoke-Shop-Aktuell:<\/strong><\/em> Mit der Ausgabe Sweet Georgia Brown Karaoke &#8211; SGB0051 &#8211; Oldies-Pop-Country kannst Du wieder eine tolle Mischung an SUPER-SONGS erwarten. Von ECHTEN Musiker in den USA eingespielt&#8230;<\/p>\n<p>&nbsp;<\/p>\n","protected":false},"featured_media":5742,"template":"","meta":{"rank_math_lock_modified_date":false},"product_cat":[824,926,934,932,923,936,825,862,930,931,1156,939],"product_tag":[5323,5333,5330,5338,1393,4335,2325,5332,1020,4913,5328,4149,4322,5326,5331,4729,4252,1723,5336,5327,5299,5325,849,5320,850,5322,1128,5335,5324,4150,2986,5337,5329,5319,5321,2480,5164,5339,5340,5342,5012,5341,5334,4108,5343],"class_list":{"0":"post-2542","1":"product","2":"type-product","3":"status-publish","4":"has-post-thumbnail","6":"product_cat-alle-produkte","7":"product_cat-country","8":"product_cat-karaoke-weltweit","9":"product_cat-lovesongs","10":"product_cat-oldies-englisch","11":"product_cat-partyhits","12":"product_cat-playback-cdg","13":"product_cat-playbacks-nach-hersteller","14":"product_cat-rock-pop","15":"product_cat-rock-roll","16":"product_cat-swett-georgia-brown","17":"product_cat-weitere-musikstyle","18":"product_tag-after-all-al-jarreau","19":"product_tag-aint-no-way-to-treat-a-lady","20":"product_tag-alone-again-naturally","21":"product_tag-bay-city-rollers","22":"product_tag-beatles","23":"product_tag-blue-monday","24":"product_tag-brenda-lee","25":"product_tag-carolina-in-my-mind","26":"product_tag-cdg","27":"product_tag-chicago","28":"product_tag-chubby-checker","29":"product_tag-crying","30":"product_tag-fats-domino","31":"product_tag-garden-party","32":"product_tag-gilbert-osullivan","33":"product_tag-grass-roots","34":"product_tag-helen-reddy","35":"product_tag-james-taylor","36":"product_tag-just-dont-want-to-be-lonely","37":"product_tag-limbo-rock","38":"product_tag-main-ingredient","39":"product_tag-marmalade","40":"product_tag-neu","41":"product_tag-oldies-pop-country","42":"product_tag-ovp","43":"product_tag-patrick-swayze","44":"product_tag-playback-kaufen","45":"product_tag-question-67-68","46":"product_tag-reflections-of-my-life","47":"product_tag-ricky-nelson","48":"product_tag-roy-orbison","49":"product_tag-saturday-night","50":"product_tag-saving-all-my-love-for-you","51":"product_tag-sgb0051","52":"product_tag-shes-like-the-wind","53":"product_tag-sooner-or-later","54":"product_tag-sweet-georgia-brown-karaoke","55":"product_tag-the-twist","56":"product_tag-tie-a-yellow-ribbon-round-the-old-oak-tree","57":"product_tag-tom-jone","58":"product_tag-tony-orlando","59":"product_tag-whats-new-pussycat","60":"product_tag-when-im-sixty-four","61":"product_tag-whitney-houston","62":"product_tag-whos-sorry-now","64":"first","65":"instock","66":"taxable","67":"shipping-taxable","68":"product-type-simple","69":"add-to-wishlist-after_add_to_cart"},"_links":{"self":[{"href":"https:\/\/www.karaoke-helden.de\/playbackshop\/wp-json\/wp\/v2\/product\/2542","targetHints":{"allow":["GET"]}}],"collection":[{"href":"https:\/\/www.karaoke-helden.de\/playbackshop\/wp-json\/wp\/v2\/product"}],"about":[{"href":"https:\/\/www.karaoke-helden.de\/playbackshop\/wp-json\/wp\/v2\/types\/product"}],"wp:featuredmedia":[{"embeddable":true,"href":"https:\/\/www.karaoke-helden.de\/playbackshop\/wp-json\/wp\/v2\/media\/5742"}],"wp:attachment":[{"href":"https:\/\/www.karaoke-helden.de\/playbackshop\/wp-json\/wp\/v2\/media?parent=2542"}],"wp:term":[{"taxonomy":"product_cat","embeddable":true,"href":"https:\/\/www.karaoke-helden.de\/playbackshop\/wp-json\/wp\/v2\/product_cat?post=2542"},{"taxonomy":"product_tag","embeddable":true,"href":"https:\/\/www.karaoke-helden.de\/playbackshop\/wp-json\/wp\/v2\/product_tag?post=2542"}],"curies":[{"name":"wp","href":"https:\/\/api.w.org\/{rel}","templated":true}]}}