{"id":2548,"date":"2020-06-21T11:00:39","date_gmt":"2020-06-21T09:00:39","guid":{"rendered":"https:\/\/www.karaoke-helden.de\/playbackshop\/?post_type=product&#038;p=2548"},"modified":"2020-06-21T11:14:46","modified_gmt":"2020-06-21T09:14:46","slug":"sweet-georgia-brown-karaoke-sgb0030-top-hits-deluxe","status":"publish","type":"product","link":"https:\/\/www.karaoke-helden.de\/playbackshop\/sweet-georgia-brown-karaoke-sgb0030-top-hits-deluxe","title":{"rendered":"Sweet Georgia Brown Karaoke &#8211; SGB0030 &#8211; Top Hits Deluxe"},"content":{"rendered":"<h2>Sweet Georgia Brown Karaoke &#8211; SGB0030 &#8211; Top Hits Deluxe.<\/h2>\n<h2>World Hottest Karaoke-Songs f\u00fcr Deine Sammlung &#8230;<\/h2>\n<h3>Neu\/OVP (PVC-Cover) &#8211; Versand in Deutschland mit der Post und Sendungsnummer &#8230;<\/h3>\n<p><em><strong>Playback-Shop:<\/strong> <\/em>Top Hits Deluxe findest Du auf der Sweet Georgia Brown Karaoke &#8211; SGB0030. Diese Playbacks sind so DICHT am ORIGINAL, total Genial! Aufgenommen in den USA mit ECHTEN Musikern in h\u00f6chster Qualit\u00e4t. Diese CD+G sollte in keiner Sammlung fehlen &#8230;<\/p>\n<p>Diese CD + Graphics-CD kann sowohl in normalen CD-Playern als auch in Karaoke-Maschinen verwendet werden.<\/p>\n<p><span style=\"text-decoration: underline;\"><em><strong>Auf dieser Silberscheibe-Deluxe findest Du:<\/strong><\/em><\/span><\/p>\n<p>1.\u00a0 Mambo No 5 &#8211; Lou Bega.<br \/>\n2.\u00a0 Thats The Way It Is &#8211; Celine Dion.<br \/>\n3.\u00a0 All Or Nothing &#8211; Cher.<br \/>\n4.\u00a0 Smooth &#8211; Santana &amp; Rob Thomas.<br \/>\n5.\u00a0 Bug A Boo &#8211; Destinys Child.<br \/>\n6.\u00a0 Crazy You Drive Me &#8211; Britney Spears.<br \/>\n7.\u00a0 Ice Cream &#8211; Sarah McLachlan.<br \/>\n8.\u00a0 A Thousand Oceans &#8211; Tori Amos.<br \/>\n9.\u00a0 I Knew I Loved You &#8211; Savage Garden.<br \/>\n10.\u00a0 There She Goes &#8211; Sixpence None The Richer.<br \/>\n11.\u00a0 Angels Would Fall &#8211; Melissa Etheridge.<br \/>\n12.\u00a0 Everything Is Everything &#8211; Lauren Hill.<br \/>\n13.\u00a0 The Difficult Kind &#8211; Sheryl Crow.<br \/>\n14.\u00a0 So Pure &#8211; Alanis Morissette.<br \/>\n15.\u00a0 I Need To Know &#8211; Marc Anthony.<br \/>\n16.\u00a0 Unpretty &#8211; Tlc.<br \/>\n17.\u00a0 Blue Eyes Blue &#8211; Eric Clapton.<br \/>\n18.\u00a0 From The Bottom Of My Broken Heart &#8211; Britney Spears.<br \/>\n19. All Star &#8211; Smash Mouth.<\/p>\n<p><em>Coverversionen im Style der genannten K\u00fcnstler \/ Bands \u2013 Ohne den \/ die Original-K\u00fcnstler (Musiker).<\/em><\/p>\n<p><em>Teilweise mit \u201eLive-Band\u201c aufgenommen \u2013 Teilweise Backings vorhanden.<\/em><\/p>\n<p>Im Vertrieb der World-Of-Karaoke \u2013 Neuer Artikel \u2013 Unge\u00f6ffnet \u2013 OVP.<\/p>\n<p><strong><em>Format:<\/em><\/strong>\u00a0CD+G. \u2013 CD+G laufen zu 99% auch auf NORMALEN CD-Playern \u2013 Dennoch kann es hier und da zu AUSSETZERN kommen! Multi-Plex: ?.<\/p>\n<p><strong>Hinweis:<\/strong>\u00a0<em>Midifiles-Kaufen \/ World-Of-Karaoke ber\u00fccksichtigt immer s\u00e4mtliche Urheberrechte. Alle Rechte f\u00fcr die musikalischen Werke auf dieser Website\/Shop sind vorbehalten. Die angebotenen Songs d\u00fcrfen ohne schriftliche Genehmigung Word-of-Karaoke nur f\u00fcr private Zwecke genutzt werden. Alle musikalischen Werke auf dieser Website sind Neuaufnahmen im Style der Original-K\u00fcnstler\/Bands und beinhalten in keinster Weise die Originalstimmen oder sonstige Segmente des Originaltitels.<\/em><\/p>\n<p><em>Alle Urheber und Leistungsschutzrechte vorbehalten.<\/em><\/p>\n<p><em>Kein Verleih, Keine unerlaubte Kopien, Auff\u00fchrung, Sendung. Beachte die GEMA-Rechte<\/em>.<\/p>\n<p><strong>World-Of-Karaoke<\/strong>\u00a0\u2013\u00a0<strong>Karaokesongs<\/strong>\u00a0und Playbacks immer GENADENLOS,\u00a0<strong>GENIAL G\u00dcNSTIG<\/strong>\u00a0kaufen!<\/p>\n<p><strong>SEO:\u00a0<\/strong> &#8211; <strong>Sweet Georgia Brown<\/strong> &#8211; <strong>Karaoke Playbacks<\/strong> &#8211; <strong>SGB0030<\/strong> &#8211; <strong>Top Hits Deluxe<\/strong>.<\/p>\n<h3>Service \/ Umwelt \/ Versand und Preishinweis<\/h3>\n<p><strong>Bitte BEACHTEN:<\/strong>\u00a0Bei den Preisen im Shop ist ALLES an Nebenkosten enthalten wenn NICHT anderes ANGEGEBEN (siehe Bild unter dem Preis). Dazu geh\u00f6ren: Abgaben f\u00fcr das Duale-System \u2013 Entsorgung bei Batterien etc.! Ebenfalls sind Verpackung und Versandkosten inkl. Sendungsnummer-Kosten bei der Post \/ DHL enthalten.<\/p>\n<p>Downloads sind GRUNDS\u00c4TZLICH ohne Zusatzkosten. Bei Waren im Download bekommst Du den LINK zur jeweiligen Datei innerhalb von 12.Stunden nach Eingang des Rechnungsbetrages (auch am Wochenende und Feiertagen). Es gibt keinen AUTOMATISCHEN Download. Wir stellen DEINEN Download immer pers\u00f6nlich zusammen.<\/p>\n<p><strong>Suchnummer:<\/strong> 1291 &#8211; Pok-K-2 &#8211; Bulk-P-2<\/p>\n<p><strong>FSK:<\/strong>\u00a0Nicht gepr\u00fcft<\/p>\n<div class=\"shariff shariff-align-center shariff-widget-align-center shariff-buttonstretch\"><ul class=\"shariff-buttons theme-color orientation-horizontal buttonsize-small\"><li class=\"shariff-button facebook shariff-nocustomcolor\" style=\"background-color:#4273c8\"><a href=\"https:\/\/www.facebook.com\/sharer\/sharer.php?u=https%3A%2F%2Fwww.karaoke-helden.de%2Fplaybackshop%2Fsweet-georgia-brown-karaoke-sgb0030-top-hits-deluxe\" title=\"Bei Facebook teilen\" aria-label=\"Bei Facebook teilen\" role=\"button\" rel=\"nofollow\" class=\"shariff-link\" style=\"; background-color:#3b5998; color:#fff\" target=\"_blank\"><span class=\"shariff-icon\" style=\"\"><svg width=\"32px\" height=\"20px\" xmlns=\"http:\/\/www.w3.org\/2000\/svg\" viewBox=\"0 0 18 32\"><path fill=\"#3b5998\" d=\"M17.1 0.2v4.7h-2.8q-1.5 0-2.1 0.6t-0.5 1.9v3.4h5.2l-0.7 5.3h-4.5v13.6h-5.5v-13.6h-4.5v-5.3h4.5v-3.9q0-3.3 1.9-5.2t5-1.8q2.6 0 4.1 0.2z\"\/><\/svg><\/span><span class=\"shariff-text\">teilen<\/span>&nbsp;<\/a><\/li><li class=\"shariff-button twitter shariff-nocustomcolor\" style=\"background-color:#595959\"><a href=\"https:\/\/twitter.com\/share?url=https%3A%2F%2Fwww.karaoke-helden.de%2Fplaybackshop%2Fsweet-georgia-brown-karaoke-sgb0030-top-hits-deluxe&text=Sweet%20Georgia%20Brown%20Karaoke%20%E2%80%93%20SGB0030%20%E2%80%93%20Top%20Hits%20Deluxe&via=d24online\" title=\"Bei X teilen\" aria-label=\"Bei X teilen\" role=\"button\" rel=\"noopener nofollow\" class=\"shariff-link\" style=\"; background-color:#000; color:#fff\" target=\"_blank\"><span class=\"shariff-icon\" style=\"\"><svg width=\"32px\" height=\"20px\" xmlns=\"http:\/\/www.w3.org\/2000\/svg\" viewBox=\"0 0 24 24\"><path fill=\"#000\" d=\"M14.258 10.152L23.176 0h-2.113l-7.747 8.813L7.133 0H0l9.352 13.328L0 23.973h2.113l8.176-9.309 6.531 9.309h7.133zm-2.895 3.293l-.949-1.328L2.875 1.56h3.246l6.086 8.523.945 1.328 7.91 11.078h-3.246zm0 0\"\/><\/svg><\/span><span class=\"shariff-text\">teilen<\/span>&nbsp;<\/a><\/li><li class=\"shariff-button linkedin shariff-nocustomcolor\" style=\"background-color:#1488bf\"><a href=\"https:\/\/www.linkedin.com\/sharing\/share-offsite\/?url=https%3A%2F%2Fwww.karaoke-helden.de%2Fplaybackshop%2Fsweet-georgia-brown-karaoke-sgb0030-top-hits-deluxe\" title=\"Bei LinkedIn teilen\" aria-label=\"Bei LinkedIn teilen\" role=\"button\" rel=\"noopener nofollow\" class=\"shariff-link\" style=\"; background-color:#0077b5; color:#fff\" target=\"_blank\"><span class=\"shariff-icon\" style=\"\"><svg width=\"32px\" height=\"20px\" xmlns=\"http:\/\/www.w3.org\/2000\/svg\" viewBox=\"0 0 27 32\"><path fill=\"#0077b5\" d=\"M6.2 11.2v17.7h-5.9v-17.7h5.9zM6.6 5.7q0 1.3-0.9 2.2t-2.4 0.9h0q-1.5 0-2.4-0.9t-0.9-2.2 0.9-2.2 2.4-0.9 2.4 0.9 0.9 2.2zM27.4 18.7v10.1h-5.9v-9.5q0-1.9-0.7-2.9t-2.3-1.1q-1.1 0-1.9 0.6t-1.2 1.5q-0.2 0.5-0.2 1.4v9.9h-5.9q0-7.1 0-11.6t0-5.3l0-0.9h5.9v2.6h0q0.4-0.6 0.7-1t1-0.9 1.6-0.8 2-0.3q3 0 4.9 2t1.9 6z\"\/><\/svg><\/span><span class=\"shariff-text\">teilen<\/span>&nbsp;<\/a><\/li><li class=\"shariff-button rss shariff-nocustomcolor\" style=\"background-color:#ff8c00\"><a href=\"https:\/\/www.karaoke-helden.de\/playbackshop\/feed\/rss\" title=\"RSS-feed\" aria-label=\"RSS-feed\" role=\"button\" class=\"shariff-link\" style=\"; background-color:#fe9312; color:#fff\" target=\"_blank\"><span class=\"shariff-icon\" style=\"\"><svg width=\"32px\" height=\"20px\" xmlns=\"http:\/\/www.w3.org\/2000\/svg\" viewBox=\"0 0 32 32\"><path fill=\"#fe9312\" d=\"M4.3 23.5c-2.3 0-4.3 1.9-4.3 4.3 0 2.3 1.9 4.2 4.3 4.2 2.4 0 4.3-1.9 4.3-4.2 0-2.3-1.9-4.3-4.3-4.3zM0 10.9v6.1c4 0 7.7 1.6 10.6 4.4 2.8 2.8 4.4 6.6 4.4 10.6h6.2c0-11.7-9.5-21.1-21.1-21.1zM0 0v6.1c14.2 0 25.8 11.6 25.8 25.9h6.2c0-17.6-14.4-32-32-32z\"\/><\/svg><\/span><span class=\"shariff-text\">RSS-feed<\/span>&nbsp;<\/a><\/li><li class=\"shariff-button printer shariff-nocustomcolor\" style=\"background-color:#a8a8a8\"><a href=\"javascript:window.print()\" title=\"drucken\" aria-label=\"drucken\" role=\"button\" rel=\"noopener nofollow\" class=\"shariff-link\" style=\"; background-color:#999; color:#fff\"><span class=\"shariff-icon\" style=\"\"><svg width=\"32px\" height=\"20px\" xmlns=\"http:\/\/www.w3.org\/2000\/svg\" viewBox=\"0 0 30 32\"><path fill=\"#999\" d=\"M6.8 27.4h16v-4.6h-16v4.6zM6.8 16h16v-6.8h-2.8q-0.7 0-1.2-0.5t-0.5-1.2v-2.8h-11.4v11.4zM27.4 17.2q0-0.5-0.3-0.8t-0.8-0.4-0.8 0.4-0.3 0.8 0.3 0.8 0.8 0.3 0.8-0.3 0.3-0.8zM29.7 17.2v7.4q0 0.2-0.2 0.4t-0.4 0.2h-4v2.8q0 0.7-0.5 1.2t-1.2 0.5h-17.2q-0.7 0-1.2-0.5t-0.5-1.2v-2.8h-4q-0.2 0-0.4-0.2t-0.2-0.4v-7.4q0-1.4 1-2.4t2.4-1h1.2v-9.7q0-0.7 0.5-1.2t1.2-0.5h12q0.7 0 1.6 0.4t1.3 0.8l2.7 2.7q0.5 0.5 0.9 1.4t0.4 1.6v4.6h1.1q1.4 0 2.4 1t1 2.4z\"\/><\/svg><\/span><span class=\"shariff-text\">drucken<\/span>&nbsp;<\/a><\/li><li class=\"shariff-button whatsapp shariff-nocustomcolor\" style=\"background-color:#5cbe4a\"><a href=\"https:\/\/api.whatsapp.com\/send?text=https%3A%2F%2Fwww.karaoke-helden.de%2Fplaybackshop%2Fsweet-georgia-brown-karaoke-sgb0030-top-hits-deluxe%20Sweet%20Georgia%20Brown%20Karaoke%20%E2%80%93%20SGB0030%20%E2%80%93%20Top%20Hits%20Deluxe\" title=\"Bei Whatsapp teilen\" aria-label=\"Bei Whatsapp teilen\" role=\"button\" rel=\"noopener nofollow\" class=\"shariff-link\" style=\"; background-color:#34af23; color:#fff\" target=\"_blank\"><span class=\"shariff-icon\" style=\"\"><svg width=\"32px\" height=\"20px\" xmlns=\"http:\/\/www.w3.org\/2000\/svg\" viewBox=\"0 0 32 32\"><path fill=\"#34af23\" d=\"M17.6 17.4q0.2 0 1.7 0.8t1.6 0.9q0 0.1 0 0.3 0 0.6-0.3 1.4-0.3 0.7-1.3 1.2t-1.8 0.5q-1 0-3.4-1.1-1.7-0.8-3-2.1t-2.6-3.3q-1.3-1.9-1.3-3.5v-0.1q0.1-1.6 1.3-2.8 0.4-0.4 0.9-0.4 0.1 0 0.3 0t0.3 0q0.3 0 0.5 0.1t0.3 0.5q0.1 0.4 0.6 1.6t0.4 1.3q0 0.4-0.6 1t-0.6 0.8q0 0.1 0.1 0.3 0.6 1.3 1.8 2.4 1 0.9 2.7 1.8 0.2 0.1 0.4 0.1 0.3 0 1-0.9t0.9-0.9zM14 26.9q2.3 0 4.3-0.9t3.6-2.4 2.4-3.6 0.9-4.3-0.9-4.3-2.4-3.6-3.6-2.4-4.3-0.9-4.3 0.9-3.6 2.4-2.4 3.6-0.9 4.3q0 3.6 2.1 6.6l-1.4 4.2 4.3-1.4q2.8 1.9 6.2 1.9zM14 2.2q2.7 0 5.2 1.1t4.3 2.9 2.9 4.3 1.1 5.2-1.1 5.2-2.9 4.3-4.3 2.9-5.2 1.1q-3.5 0-6.5-1.7l-7.4 2.4 2.4-7.2q-1.9-3.2-1.9-6.9 0-2.7 1.1-5.2t2.9-4.3 4.3-2.9 5.2-1.1z\"\/><\/svg><\/span><span class=\"shariff-text\">teilen<\/span>&nbsp;<\/a><\/li><\/ul><\/div>","protected":false},"excerpt":{"rendered":"<p><em><strong><a href=\"\/playbackshop\/versandarten\/\" target=\"_blank\" rel=\"noopener noreferrer\"><img decoding=\"async\" class=\"aligncenter wp-image-8471 size-full\" src=\"https:\/\/www.karaoke-helden.de\/playbackshop\/wp-content\/uploads\/2020\/10\/Versandkosten-Info-Oktober.jpg\" alt=\"Versandinfo-Kosten-Neu\" width=\"550\" height=\"125\" \/><\/a>Mega-Karaoke-Shop:<\/strong> <\/em>Top Hits Deluxe findest Du auf der Sweet Georgia Brown Karaoke &#8211; SGB0030. Diese Playbacks sind so DICHT am ORIGINAL, total Genial! World Of Karaoke Online-Shop. Es sind 19 Top-Karaoke Versionen die in h\u00f6chster Qualit\u00e4t von ECHTEN Musikern in den USA erstellt wurden &#8230;<\/p>\n<p>&nbsp;<\/p>\n","protected":false},"featured_media":5804,"template":"","meta":{"rank_math_lock_modified_date":false},"product_cat":[824,925,934,932,936,825,862,917,930,1156,939],"product_tag":[5399,2042,5393,5415,5405,5414,1354,5396,1020,1219,1086,2503,4880,4852,5407,2737,5401,5411,5397,987,1164,5408,5391,1345,5239,5406,849,850,874,1002,5395,5398,5402,5389,5404,5282,5394,5410,4470,5392,5409,5403,5413,5390,5400,5412],"class_list":{"0":"post-2548","1":"product","2":"type-product","3":"status-publish","4":"has-post-thumbnail","6":"product_cat-alle-produkte","7":"product_cat-disco","8":"product_cat-karaoke-weltweit","9":"product_cat-lovesongs","10":"product_cat-partyhits","11":"product_cat-playback-cdg","12":"product_cat-playbacks-nach-hersteller","13":"product_cat-playbacks-nach-musik-kategorie","14":"product_cat-rock-pop","15":"product_cat-swett-georgia-brown","16":"product_cat-weitere-musikstyle","17":"product_tag-a-thousand-oceans","18":"product_tag-alanis-morissette","19":"product_tag-all-or-nothing","20":"product_tag-all-star","21":"product_tag-angels-would-fall","22":"product_tag-blue-eyes-blue","23":"product_tag-britney-spears","24":"product_tag-bug-a-boo","25":"product_tag-cdg","26":"product_tag-celine-dion","27":"product_tag-cher","28":"product_tag-crazy-you-drive-me","29":"product_tag-destinys-child","30":"product_tag-eric-clapton","31":"product_tag-everything-is-everything","32":"product_tag-from-the-bottom-of-my-broken-heart","33":"product_tag-i-knew-i-loved-you","34":"product_tag-i-need-to-know","35":"product_tag-ice-cream","36":"product_tag-karaoke","37":"product_tag-karaoke-kaufen","38":"product_tag-lauren-hill","39":"product_tag-lou-bega","40":"product_tag-mambo-no-5","41":"product_tag-marc-anthony","42":"product_tag-melissa-etheridge","43":"product_tag-neu","44":"product_tag-ovp","45":"product_tag-playbacks","46":"product_tag-playbacks-kaufen","47":"product_tag-santana-rob-thomas","48":"product_tag-sarah-mclachlan","49":"product_tag-savage-garden","50":"product_tag-sgb0030","51":"product_tag-sixpence-none-the-richer","52":"product_tag-smash-mouth","53":"product_tag-smooth","54":"product_tag-so-pure","55":"product_tag-sweet-georgia-brown","56":"product_tag-thats-the-way-it-is","57":"product_tag-the-difficult-kind-sheryl-crow","58":"product_tag-there-she-goes","59":"product_tag-tlc","60":"product_tag-top-hits-deluxe","61":"product_tag-tori-amos","62":"product_tag-unpretty","64":"first","65":"instock","66":"taxable","67":"shipping-taxable","68":"product-type-simple","69":"add-to-wishlist-after_add_to_cart"},"_links":{"self":[{"href":"https:\/\/www.karaoke-helden.de\/playbackshop\/wp-json\/wp\/v2\/product\/2548","targetHints":{"allow":["GET"]}}],"collection":[{"href":"https:\/\/www.karaoke-helden.de\/playbackshop\/wp-json\/wp\/v2\/product"}],"about":[{"href":"https:\/\/www.karaoke-helden.de\/playbackshop\/wp-json\/wp\/v2\/types\/product"}],"wp:featuredmedia":[{"embeddable":true,"href":"https:\/\/www.karaoke-helden.de\/playbackshop\/wp-json\/wp\/v2\/media\/5804"}],"wp:attachment":[{"href":"https:\/\/www.karaoke-helden.de\/playbackshop\/wp-json\/wp\/v2\/media?parent=2548"}],"wp:term":[{"taxonomy":"product_cat","embeddable":true,"href":"https:\/\/www.karaoke-helden.de\/playbackshop\/wp-json\/wp\/v2\/product_cat?post=2548"},{"taxonomy":"product_tag","embeddable":true,"href":"https:\/\/www.karaoke-helden.de\/playbackshop\/wp-json\/wp\/v2\/product_tag?post=2548"}],"curies":[{"name":"wp","href":"https:\/\/api.w.org\/{rel}","templated":true}]}}