{"id":3021,"date":"2020-06-02T09:24:06","date_gmt":"2020-06-02T07:24:06","guid":{"rendered":"https:\/\/www.karaoke-helden.de\/playbackshop\/?post_type=product&#038;p=3021"},"modified":"2020-06-02T09:39:13","modified_gmt":"2020-06-02T07:39:13","slug":"soultec-selected-vol-1-mixed-by-martin-brodin","status":"publish","type":"product","link":"https:\/\/www.karaoke-helden.de\/playbackshop\/soultec-selected-vol-1-mixed-by-martin-brodin","title":{"rendered":"CD-Shop &#8211; Soultec Selected &#8211; Vol. 1 &#8211; Mixed By Martin Brodin"},"content":{"rendered":"<h2>Soultec Selected &#8211; Vol. 1 &#8211; Mixed By Martin Brodin.<\/h2>\n<h2>Musik aus dem Bereich Electronic &#8230;<\/h2>\n<h3>NEU\/OVP &#8211; Versand in Deutschland via DHL mit Sendungsnummer &#8230;<\/h3>\n<p><em><strong>CD-Shop:<\/strong><\/em> Soultec Selected &#8211; Vol. 1 &#8211; Mixed By <em><strong>Martin Brodin<\/strong><\/em> ist abermals ein &#8220;Dachbodenfund&#8221; der aber immernoch sehr beliebt ist. Beim gro\u00dfen A. f\u00fcr 19,90 Euronen bei mir inklusive Versand f\u00fcr 9,90 \u20ac.<\/p>\n<p><strong>Nur noch wenige St\u00fcck sind vorhanden.<\/strong><\/p>\n<p><em><strong>Trackliste:<\/strong><\/em><\/p>\n<p>1. Lindstr\u00f8m And Christabelle -Music (In My Mind) (Prins Thomas Remix)<br \/>\n2. Dibaba &#8211; Love Train<br \/>\n3. Del 5 &#8211; The Booty People (Original Kingsland Mix)<br \/>\n4. AN-2 &#8211; Nu Boogie<br \/>\n5. Mei Lwun -Too Late (Behrouz And Andy&#8217;s Back To Basics Remix)<br \/>\n6. Blackwatch &#8211; I&#8217;m Here (Soul Mekanik Version)<br \/>\n7. DJ Gregory &#8211; The Joburg Theme (Main Mix)<br \/>\n8. Danny Tenaglia &amp; Celeda -Music Is The Answer (Dancin&#8217; &amp; Prancin&#8217;) (Cevin Fisher Kiss The Sky Mix)<br \/>\n9. Gus Gus* &#8211; Call Of The Wild (Sam La More&#8217;s G&#8217;day Mate Mix)<br \/>\n10. Mothersole &amp; Haris &#8211; Dumbek (Jay Tripwire&#8217;s Unreleased Mix)<br \/>\n11. Metro Area &#8211; Miura<br \/>\n12. Jussipekka* &#8211; Forced<br \/>\n13. Aril Brikha &#8211; Groove La&#8217; Chord<br \/>\n14. Dalminjo &#8211; And She Said (Terry Lee Brown Jr. Remix).<br \/>\n15. D&#8217;Malicious &#8211; Alive<\/p>\n<h4>Fakten zur CD:<\/h4>\n<p><strong>Genre:<\/strong> Electronic \/ Sampler<br \/>\n<strong>Datentr\u00e4ger:<\/strong> CD<br \/>\n<strong>Datentr\u00e4ger Anzahl:<\/strong> 1<br \/>\n<strong>Interpret:<\/strong> VARIOUS<br \/>\n<strong>Label:<\/strong> Deeplay Music<br \/>\n<strong>Titel:<\/strong> Soultec Selected &#8211; Vol. 1 &#8211; Mixed By Martin Brodin<br \/>\n<strong>Altersfreigabe (FSK):<\/strong> Nicht erforderlich<\/p>\n<p><em>Musik-CD &#8211; Kein Playback oder Karaoke &#8211; NO CD+G<\/em><\/p>\n<p><em><strong>SEO:<\/strong><\/em> <strong>CD-Shop<\/strong> &#8211; <strong>Soultec Selected<\/strong> &#8211; <strong>Vol. 1<\/strong> &#8211; <strong>Mixed By Martin Brodin<\/strong><\/p>\n<h3>Service \/ Umwelt \/ Versand und Preishinweis<\/h3>\n<p><strong>Bitte BEACHTEN:<\/strong>\u00a0Bei den Preisen im Shop ist ALLES an Nebenkosten enthalten wenn NICHT anderes ANGEGEBEN (siehe Bild unter dem Preis). Dazu geh\u00f6ren: Abgaben f\u00fcr das Duale-System \u2013 Entsorgung bei Batterien etc.! Ebenfalls sind Verpackung und Versandkosten inkl. Sendungsnummer-Kosten bei der Post \/ DHL enthalten.<\/p>\n<p>Downloads sind GRUNDS\u00c4TZLICH ohne Zusatzkosten. Bei Waren im Download bekommst Du den LINK zur jeweiligen Datei innerhalb von 12.Stunden nach Eingang des Rechnungsbetrages (auch am Wochenende und Feiertagen). Es gibt keinen AUTOMATISCHEN Download. Wir stellen DEINEN Download immer pers\u00f6nlich zusammen.<\/p>\n<p><strong>Suchnummer:<\/strong> 1441 &#8211; K10<\/p>\n<div class=\"shariff shariff-align-center shariff-widget-align-center shariff-buttonstretch\"><ul class=\"shariff-buttons theme-color orientation-horizontal buttonsize-small\"><li class=\"shariff-button facebook shariff-nocustomcolor\" style=\"background-color:#4273c8\"><a href=\"https:\/\/www.facebook.com\/sharer\/sharer.php?u=https%3A%2F%2Fwww.karaoke-helden.de%2Fplaybackshop%2Fsoultec-selected-vol-1-mixed-by-martin-brodin\" title=\"Bei Facebook teilen\" aria-label=\"Bei Facebook teilen\" role=\"button\" rel=\"nofollow\" class=\"shariff-link\" style=\"; background-color:#3b5998; color:#fff\" target=\"_blank\"><span class=\"shariff-icon\" style=\"\"><svg width=\"32px\" height=\"20px\" xmlns=\"http:\/\/www.w3.org\/2000\/svg\" viewBox=\"0 0 18 32\"><path fill=\"#3b5998\" d=\"M17.1 0.2v4.7h-2.8q-1.5 0-2.1 0.6t-0.5 1.9v3.4h5.2l-0.7 5.3h-4.5v13.6h-5.5v-13.6h-4.5v-5.3h4.5v-3.9q0-3.3 1.9-5.2t5-1.8q2.6 0 4.1 0.2z\"\/><\/svg><\/span><span class=\"shariff-text\">teilen<\/span>&nbsp;<\/a><\/li><li class=\"shariff-button twitter shariff-nocustomcolor\" style=\"background-color:#595959\"><a href=\"https:\/\/twitter.com\/share?url=https%3A%2F%2Fwww.karaoke-helden.de%2Fplaybackshop%2Fsoultec-selected-vol-1-mixed-by-martin-brodin&text=CD-Shop%20%E2%80%93%20Soultec%20Selected%20%E2%80%93%20Vol.%201%20%E2%80%93%20Mixed%20By%20Martin%20Brodin&via=d24online\" title=\"Bei X teilen\" aria-label=\"Bei X teilen\" role=\"button\" rel=\"noopener nofollow\" class=\"shariff-link\" style=\"; background-color:#000; color:#fff\" target=\"_blank\"><span class=\"shariff-icon\" style=\"\"><svg width=\"32px\" height=\"20px\" xmlns=\"http:\/\/www.w3.org\/2000\/svg\" viewBox=\"0 0 24 24\"><path fill=\"#000\" d=\"M14.258 10.152L23.176 0h-2.113l-7.747 8.813L7.133 0H0l9.352 13.328L0 23.973h2.113l8.176-9.309 6.531 9.309h7.133zm-2.895 3.293l-.949-1.328L2.875 1.56h3.246l6.086 8.523.945 1.328 7.91 11.078h-3.246zm0 0\"\/><\/svg><\/span><span class=\"shariff-text\">teilen<\/span>&nbsp;<\/a><\/li><li class=\"shariff-button linkedin shariff-nocustomcolor\" style=\"background-color:#1488bf\"><a href=\"https:\/\/www.linkedin.com\/sharing\/share-offsite\/?url=https%3A%2F%2Fwww.karaoke-helden.de%2Fplaybackshop%2Fsoultec-selected-vol-1-mixed-by-martin-brodin\" title=\"Bei LinkedIn teilen\" aria-label=\"Bei LinkedIn teilen\" role=\"button\" rel=\"noopener nofollow\" class=\"shariff-link\" style=\"; background-color:#0077b5; color:#fff\" target=\"_blank\"><span class=\"shariff-icon\" style=\"\"><svg width=\"32px\" height=\"20px\" xmlns=\"http:\/\/www.w3.org\/2000\/svg\" viewBox=\"0 0 27 32\"><path fill=\"#0077b5\" d=\"M6.2 11.2v17.7h-5.9v-17.7h5.9zM6.6 5.7q0 1.3-0.9 2.2t-2.4 0.9h0q-1.5 0-2.4-0.9t-0.9-2.2 0.9-2.2 2.4-0.9 2.4 0.9 0.9 2.2zM27.4 18.7v10.1h-5.9v-9.5q0-1.9-0.7-2.9t-2.3-1.1q-1.1 0-1.9 0.6t-1.2 1.5q-0.2 0.5-0.2 1.4v9.9h-5.9q0-7.1 0-11.6t0-5.3l0-0.9h5.9v2.6h0q0.4-0.6 0.7-1t1-0.9 1.6-0.8 2-0.3q3 0 4.9 2t1.9 6z\"\/><\/svg><\/span><span class=\"shariff-text\">teilen<\/span>&nbsp;<\/a><\/li><li class=\"shariff-button rss shariff-nocustomcolor\" style=\"background-color:#ff8c00\"><a href=\"https:\/\/www.karaoke-helden.de\/playbackshop\/feed\/rss\" title=\"RSS-feed\" aria-label=\"RSS-feed\" role=\"button\" class=\"shariff-link\" style=\"; background-color:#fe9312; color:#fff\" target=\"_blank\"><span class=\"shariff-icon\" style=\"\"><svg width=\"32px\" height=\"20px\" xmlns=\"http:\/\/www.w3.org\/2000\/svg\" viewBox=\"0 0 32 32\"><path fill=\"#fe9312\" d=\"M4.3 23.5c-2.3 0-4.3 1.9-4.3 4.3 0 2.3 1.9 4.2 4.3 4.2 2.4 0 4.3-1.9 4.3-4.2 0-2.3-1.9-4.3-4.3-4.3zM0 10.9v6.1c4 0 7.7 1.6 10.6 4.4 2.8 2.8 4.4 6.6 4.4 10.6h6.2c0-11.7-9.5-21.1-21.1-21.1zM0 0v6.1c14.2 0 25.8 11.6 25.8 25.9h6.2c0-17.6-14.4-32-32-32z\"\/><\/svg><\/span><span class=\"shariff-text\">RSS-feed<\/span>&nbsp;<\/a><\/li><li class=\"shariff-button printer shariff-nocustomcolor\" style=\"background-color:#a8a8a8\"><a href=\"javascript:window.print()\" title=\"drucken\" aria-label=\"drucken\" role=\"button\" rel=\"noopener nofollow\" class=\"shariff-link\" style=\"; background-color:#999; color:#fff\"><span class=\"shariff-icon\" style=\"\"><svg width=\"32px\" height=\"20px\" xmlns=\"http:\/\/www.w3.org\/2000\/svg\" viewBox=\"0 0 30 32\"><path fill=\"#999\" d=\"M6.8 27.4h16v-4.6h-16v4.6zM6.8 16h16v-6.8h-2.8q-0.7 0-1.2-0.5t-0.5-1.2v-2.8h-11.4v11.4zM27.4 17.2q0-0.5-0.3-0.8t-0.8-0.4-0.8 0.4-0.3 0.8 0.3 0.8 0.8 0.3 0.8-0.3 0.3-0.8zM29.7 17.2v7.4q0 0.2-0.2 0.4t-0.4 0.2h-4v2.8q0 0.7-0.5 1.2t-1.2 0.5h-17.2q-0.7 0-1.2-0.5t-0.5-1.2v-2.8h-4q-0.2 0-0.4-0.2t-0.2-0.4v-7.4q0-1.4 1-2.4t2.4-1h1.2v-9.7q0-0.7 0.5-1.2t1.2-0.5h12q0.7 0 1.6 0.4t1.3 0.8l2.7 2.7q0.5 0.5 0.9 1.4t0.4 1.6v4.6h1.1q1.4 0 2.4 1t1 2.4z\"\/><\/svg><\/span><span class=\"shariff-text\">drucken<\/span>&nbsp;<\/a><\/li><li class=\"shariff-button whatsapp shariff-nocustomcolor\" style=\"background-color:#5cbe4a\"><a href=\"https:\/\/api.whatsapp.com\/send?text=https%3A%2F%2Fwww.karaoke-helden.de%2Fplaybackshop%2Fsoultec-selected-vol-1-mixed-by-martin-brodin%20CD-Shop%20%E2%80%93%20Soultec%20Selected%20%E2%80%93%20Vol.%201%20%E2%80%93%20Mixed%20By%20Martin%20Brodin\" title=\"Bei Whatsapp teilen\" aria-label=\"Bei Whatsapp teilen\" role=\"button\" rel=\"noopener nofollow\" class=\"shariff-link\" style=\"; background-color:#34af23; color:#fff\" target=\"_blank\"><span class=\"shariff-icon\" style=\"\"><svg width=\"32px\" height=\"20px\" xmlns=\"http:\/\/www.w3.org\/2000\/svg\" viewBox=\"0 0 32 32\"><path fill=\"#34af23\" d=\"M17.6 17.4q0.2 0 1.7 0.8t1.6 0.9q0 0.1 0 0.3 0 0.6-0.3 1.4-0.3 0.7-1.3 1.2t-1.8 0.5q-1 0-3.4-1.1-1.7-0.8-3-2.1t-2.6-3.3q-1.3-1.9-1.3-3.5v-0.1q0.1-1.6 1.3-2.8 0.4-0.4 0.9-0.4 0.1 0 0.3 0t0.3 0q0.3 0 0.5 0.1t0.3 0.5q0.1 0.4 0.6 1.6t0.4 1.3q0 0.4-0.6 1t-0.6 0.8q0 0.1 0.1 0.3 0.6 1.3 1.8 2.4 1 0.9 2.7 1.8 0.2 0.1 0.4 0.1 0.3 0 1-0.9t0.9-0.9zM14 26.9q2.3 0 4.3-0.9t3.6-2.4 2.4-3.6 0.9-4.3-0.9-4.3-2.4-3.6-3.6-2.4-4.3-0.9-4.3 0.9-3.6 2.4-2.4 3.6-0.9 4.3q0 3.6 2.1 6.6l-1.4 4.2 4.3-1.4q2.8 1.9 6.2 1.9zM14 2.2q2.7 0 5.2 1.1t4.3 2.9 2.9 4.3 1.1 5.2-1.1 5.2-2.9 4.3-4.3 2.9-5.2 1.1q-3.5 0-6.5-1.7l-7.4 2.4 2.4-7.2q-1.9-3.2-1.9-6.9 0-2.7 1.1-5.2t2.9-4.3 4.3-2.9 5.2-1.1z\"\/><\/svg><\/span><span class=\"shariff-text\">teilen<\/span>&nbsp;<\/a><\/li><\/ul><\/div>","protected":false},"excerpt":{"rendered":"<p><em><strong><img decoding=\"async\" class=\"aligncenter size-full wp-image-7632\" src=\"https:\/\/www.karaoke-helden.de\/playbackshop\/wp-content\/uploads\/2020\/10\/Versandkosten-Info-Oktober.jpg\" alt=\"Preis zzgl Versandkostenpauschale\" width=\"550\" height=\"65\" \/>CD-Shop-Aktuell:<\/strong><\/em> Soultec Selected &#8211; Vol. 1 &#8211; Ein Angebot aus dem CD-Shop (NEU). Mixed By Martin Brodin ist abermals ein &#8220;Dachbodenfund&#8221; der aber immernoch sehr beliebt ist. Beim gro\u00dfen A. f\u00fcr 19,90 Euronen bei mir inklusive Versand f\u00fcr 9,90 \u20ac (6,40 CD &#8211; 3,50 Versand)<\/p>\n<p>&nbsp;<\/p>\n","protected":false},"featured_media":3020,"template":"","meta":{"rank_math_lock_modified_date":false},"product_cat":[6847,824,7581,1110,6529],"product_tag":[],"class_list":{"0":"post-3021","1":"product","2":"type-product","3":"status-publish","4":"has-post-thumbnail","6":"product_cat-alben","7":"product_cat-alle-produkte","8":"product_cat-electronic","9":"product_cat-musik-cd-und-dvd-shop","10":"product_cat-neue-cd-s","12":"first","13":"instock","14":"taxable","15":"shipping-taxable","16":"product-type-simple","17":"add-to-wishlist-after_add_to_cart"},"_links":{"self":[{"href":"https:\/\/www.karaoke-helden.de\/playbackshop\/wp-json\/wp\/v2\/product\/3021","targetHints":{"allow":["GET"]}}],"collection":[{"href":"https:\/\/www.karaoke-helden.de\/playbackshop\/wp-json\/wp\/v2\/product"}],"about":[{"href":"https:\/\/www.karaoke-helden.de\/playbackshop\/wp-json\/wp\/v2\/types\/product"}],"wp:featuredmedia":[{"embeddable":true,"href":"https:\/\/www.karaoke-helden.de\/playbackshop\/wp-json\/wp\/v2\/media\/3020"}],"wp:attachment":[{"href":"https:\/\/www.karaoke-helden.de\/playbackshop\/wp-json\/wp\/v2\/media?parent=3021"}],"wp:term":[{"taxonomy":"product_cat","embeddable":true,"href":"https:\/\/www.karaoke-helden.de\/playbackshop\/wp-json\/wp\/v2\/product_cat?post=3021"},{"taxonomy":"product_tag","embeddable":true,"href":"https:\/\/www.karaoke-helden.de\/playbackshop\/wp-json\/wp\/v2\/product_tag?post=3021"}],"curies":[{"name":"wp","href":"https:\/\/api.w.org\/{rel}","templated":true}]}}