{"id":3678,"date":"2020-06-17T08:46:54","date_gmt":"2020-06-17T06:46:54","guid":{"rendered":"https:\/\/www.karaoke-helden.de\/playbackshop\/?post_type=product&#038;p=3678"},"modified":"2020-06-17T09:01:30","modified_gmt":"2020-06-17T07:01:30","slug":"playbacks-vol-14-30-bestseller-karaoke-playbacks","status":"publish","type":"product","link":"https:\/\/www.karaoke-helden.de\/playbackshop\/playbacks-vol-14-30-bestseller-karaoke-playbacks","title":{"rendered":"Playbacks Vol.14 &#8211; 30 Bestseller &#8211; Karaoke Playbacks"},"content":{"rendered":"<h2>Playbacks Vol.14 &#8211; 30 Bestseller &#8211; Karaoke Playbacks.<\/h2>\n<h2>Top-Karaoke-Versionen f\u00fcr Musiker &#8230;<\/h2>\n<h3>Neu\/OVP &#8211; Versand in Deutschland mit Sendungsnummer &#8230;<\/h3>\n<p><img decoding=\"async\" class=\"alignright size-full wp-image-3677\" src=\"https:\/\/www.karaoke-helden.de\/playbackshop\/wp-content\/uploads\/2018\/12\/Playbacks-Vol.14-30-Bestseller-Karaoke-Playbacks-CD-Front.jpg\" alt=\"Playbacks Vol.14 - 30 Bestseller - Karaoke Playbacks - CD-Front\" width=\"430\" height=\"430\" srcset=\"https:\/\/www.karaoke-helden.de\/playbackshop\/wp-content\/uploads\/2018\/12\/Playbacks-Vol.14-30-Bestseller-Karaoke-Playbacks-CD-Front.jpg 430w, https:\/\/www.karaoke-helden.de\/playbackshop\/wp-content\/uploads\/2018\/12\/Playbacks-Vol.14-30-Bestseller-Karaoke-Playbacks-CD-Front-100x100.jpg 100w, https:\/\/www.karaoke-helden.de\/playbackshop\/wp-content\/uploads\/2018\/12\/Playbacks-Vol.14-30-Bestseller-Karaoke-Playbacks-CD-Front-64x64.jpg 64w, https:\/\/www.karaoke-helden.de\/playbackshop\/wp-content\/uploads\/2018\/12\/Playbacks-Vol.14-30-Bestseller-Karaoke-Playbacks-CD-Front-320x320.jpg 320w, https:\/\/www.karaoke-helden.de\/playbackshop\/wp-content\/uploads\/2018\/12\/Playbacks-Vol.14-30-Bestseller-Karaoke-Playbacks-CD-Front-155x155.jpg 155w, https:\/\/www.karaoke-helden.de\/playbackshop\/wp-content\/uploads\/2018\/12\/Playbacks-Vol.14-30-Bestseller-Karaoke-Playbacks-CD-Front-150x150.jpg 150w, https:\/\/www.karaoke-helden.de\/playbackshop\/wp-content\/uploads\/2018\/12\/Playbacks-Vol.14-30-Bestseller-Karaoke-Playbacks-CD-Front-95x95.jpg 95w, https:\/\/www.karaoke-helden.de\/playbackshop\/wp-content\/uploads\/2018\/12\/Playbacks-Vol.14-30-Bestseller-Karaoke-Playbacks-CD-Front-300x300.jpg 300w\" sizes=\"(max-width: 430px) 100vw, 430px\" \/><em><strong>Jetzt in Shop:<\/strong><\/em> Bist Du bereit f\u00fcr Top Karaoke Playbacks die auch mal ohne Textablauf (CD+G) auskommen? Mit dieser CD bekommst Du 15 Hits INTERNATIONAL und 15 Hits in DEUTSCHER SPRACHE.<\/p>\n<p>Hier sind wieder Top-K\u00fcnstler vertreten die nicht weiter KOMMENTIERT werden m\u00fcssen. Die Texte findest Du alle im Internet.<\/p>\n<p><span style=\"text-decoration: underline;\"><em><strong>Die Hits sind dabei:<\/strong><\/em><\/span><\/p>\n<p><em>Playback \/ Karaoke Sammlung &#8211; 2 CDs &#8211; Ohne Textbooklet.<\/em><\/p>\n<p><strong>International:<\/strong><\/p>\n<ul>\n<li>Escape &#8211; Enrique Iglesias.<\/li>\n<li>I\u2019m Not A Girl &#8211; Britney Spears.<\/li>\n<li>World Of Our Own &#8211; Westlife.<\/li>\n<li>Alive Again &#8211; Cher.<\/li>\n<li>Whenever Wherever &#8211; Shakira.<\/li>\n<li>In Your Eyes &#8211; Kylie Minogue.<\/li>\n<li>What If &#8211; Kate Winslet.<\/li>\n<li>Ready For The Victory &#8211; Modern Talking.<\/li>\n<li>Something About Us &#8211; No Angels.<\/li>\n<li>I Can\u2019t Live Without Music &#8211; Corinna May.<\/li>\n<li>Will My Heart Survive &#8211; Isabel.<\/li>\n<li>One Day In Your Life &#8211; Anastacia.<\/li>\n<li>A New Day Has Come &#8211; Celine Dion.<\/li>\n<li>I Will Follow Him &#8211; Sister Act.<\/li>\n<li>Boom &#8211; Anastacia.<\/li>\n<\/ul>\n<p><strong>Deutsche Hits:<\/strong><\/p>\n<ul>\n<li>Ich mache meine Augen &#8211; Nino de Angelo &amp; Chris Norman.<\/li>\n<li>7 Tage 7 N\u00e4chte &#8211; Wolfgang Petry.<\/li>\n<li>Mitten Im Meer &#8211; Brunner &amp; Brunner.<\/li>\n<li>Wenn du lachst &#8211; Nino de Angelo.<\/li>\n<li>Latino, Latino &#8211; Kristina Bach.<\/li>\n<li>Sexy &#8211; M. M. Westernhagen.<\/li>\n<li>Eleni &#8211; Vicky Leandros.<\/li>\n<li>Engel &#8211; Ben feat. Gim.<\/li>\n<li>Es ist niemals zu sp\u00e4t &#8211; Bernhard Brink &amp; Ireen Sheer.<\/li>\n<li>Ohne Holland &#8211; Helmut a. Mallorca Feat. Jojos.<\/li>\n<li>Geh doch wenn Du Sie liebst &#8211; Andrea Berg.<\/li>\n<li>Tausendmal st\u00e4rker &#8211; Stefanie Hertel.<\/li>\n<li>Fremder Mann &#8211; Marianne Rosenberg.<\/li>\n<li>Yo, wir schaffen das &#8211; Bob der Baumeister.<\/li>\n<li>Wo willst Du hin &#8211; Xavier Naidoo.<\/li>\n<\/ul>\n<p><em>Coverversionen im Style der genannten K\u00fcnstler \/ Bands \u2013 Ohne den \/ die Original-K\u00fcnstler (Musiker).<\/em><\/p>\n<p><em>Mit \u201eLive-Band\u201c aufgenommen \u2013 Teilweise Backings vorhanden.<\/em><\/p>\n<p>Im Vertrieb der World-Of-Karaoke \u2013 Neuer Artikel \u2013 Unge\u00f6ffnet \u2013 OVP.<\/p>\n<p><strong><em>Format:<\/em><\/strong>\u00a0Audio-Playbacks \u2013 Kein CD+G \u2013 Texte im Internet.<\/p>\n<p><em><strong>Multi-Plex:<\/strong><\/em>\u00a0Keine Angabe.<\/p>\n<p><strong>Hinweis:<\/strong>\u00a0<em>Midifiles-Kaufen \/ World-Of-Karaoke ber\u00fccksichtigt immer s\u00e4mtliche Urheberrechte. Alle Rechte f\u00fcr die musikalischen Werke auf dieser Website\/Shop sind vorbehalten. Die angebotenen Songs d\u00fcrfen ohne schriftliche Genehmigung Word-of-Karaoke nur f\u00fcr private Zwecke genutzt werden. Alle musikalischen Werke auf dieser Website sind Neuaufnahmen im Style der Original-K\u00fcnstler\/Bands und beinhalten in keinster Weise die Originalstimmen oder sonstige Segmente des Originaltitels.<\/em><\/p>\n<p><em>Alle Urheber und Leistungsschutzrechte vorbehalten.<\/em><\/p>\n<p><em>Kein Verleih, Keine unerlaubte Kopien, Auff\u00fchrung, Sendung. Beachte die GEMA-Rechte<\/em>.<\/p>\n<p><strong>World-Of-Karaoke<\/strong>\u00a0\u2013\u00a0<strong>Karaokesongs<\/strong>\u00a0und Playbacks immer GENADENLOS,\u00a0<strong>GENIAL G\u00dcNSTIG<\/strong>\u00a0kaufen!<\/p>\n<p><strong>SEO:\u00a0<\/strong> &#8211; <strong>Playbacks Vol.14<\/strong> &#8211; <strong>30 Bestseller<\/strong> &#8211; <strong>Karaoke Playbacks<\/strong> &#8211; <strong>Deutsche-Playbacks<\/strong> &#8211; <strong>Schlager<\/strong>.<\/p>\n<p><strong><span style=\"text-decoration: underline;\">Produktdetails:<\/span><\/strong><\/p>\n<p>2 CDs<br \/>\nEAN: 4005946221621<br \/>\nErscheinungsdatum: 2002<\/p>\n<h3>Service \/ Umwelt \/ Versand und Preishinweis<\/h3>\n<p><strong>Bitte BEACHTEN:<\/strong>\u00a0Bei den Preisen im Shop ist ALLES an Nebenkosten enthalten wenn NICHT anderes ANGEGEBEN (siehe Bild unter dem Preis). Dazu geh\u00f6ren: Abgaben f\u00fcr das Duale-System \u2013 Entsorgung bei Batterien etc.! Ebenfalls sind Verpackung und Versandkosten inkl. Sendungsnummer-Kosten bei der Post \/ DHL enthalten.<\/p>\n<p>Downloads sind GRUNDS\u00c4TZLICH ohne Zusatzkosten. Bei Waren im Download bekommst Du den LINK zur jeweiligen Datei innerhalb von 12.Stunden nach Eingang des Rechnungsbetrages (auch am Wochenende und Feiertagen). Es gibt keinen AUTOMATISCHEN Download. Wir stellen DEINEN Download immer pers\u00f6nlich zusammen.<\/p>\n<p><em><strong>Suchnummer:<\/strong><\/em> 1684 &#8211; K21<\/p>\n<div class=\"shariff shariff-align-center shariff-widget-align-center shariff-buttonstretch\"><ul class=\"shariff-buttons theme-color orientation-horizontal buttonsize-small\"><li class=\"shariff-button facebook shariff-nocustomcolor\" style=\"background-color:#4273c8\"><a href=\"https:\/\/www.facebook.com\/sharer\/sharer.php?u=https%3A%2F%2Fwww.karaoke-helden.de%2Fplaybackshop%2Fplaybacks-vol-14-30-bestseller-karaoke-playbacks\" title=\"Bei Facebook teilen\" aria-label=\"Bei Facebook teilen\" role=\"button\" rel=\"nofollow\" class=\"shariff-link\" style=\"; background-color:#3b5998; color:#fff\" target=\"_blank\"><span class=\"shariff-icon\" style=\"\"><svg width=\"32px\" height=\"20px\" xmlns=\"http:\/\/www.w3.org\/2000\/svg\" viewBox=\"0 0 18 32\"><path fill=\"#3b5998\" d=\"M17.1 0.2v4.7h-2.8q-1.5 0-2.1 0.6t-0.5 1.9v3.4h5.2l-0.7 5.3h-4.5v13.6h-5.5v-13.6h-4.5v-5.3h4.5v-3.9q0-3.3 1.9-5.2t5-1.8q2.6 0 4.1 0.2z\"\/><\/svg><\/span><span class=\"shariff-text\">teilen<\/span>&nbsp;<\/a><\/li><li class=\"shariff-button twitter shariff-nocustomcolor\" style=\"background-color:#595959\"><a href=\"https:\/\/twitter.com\/share?url=https%3A%2F%2Fwww.karaoke-helden.de%2Fplaybackshop%2Fplaybacks-vol-14-30-bestseller-karaoke-playbacks&text=Playbacks%20Vol.14%20%E2%80%93%2030%20Bestseller%20%E2%80%93%20Karaoke%20Playbacks&via=d24online\" title=\"Bei X teilen\" aria-label=\"Bei X teilen\" role=\"button\" rel=\"noopener nofollow\" class=\"shariff-link\" style=\"; background-color:#000; color:#fff\" target=\"_blank\"><span class=\"shariff-icon\" style=\"\"><svg width=\"32px\" height=\"20px\" xmlns=\"http:\/\/www.w3.org\/2000\/svg\" viewBox=\"0 0 24 24\"><path fill=\"#000\" d=\"M14.258 10.152L23.176 0h-2.113l-7.747 8.813L7.133 0H0l9.352 13.328L0 23.973h2.113l8.176-9.309 6.531 9.309h7.133zm-2.895 3.293l-.949-1.328L2.875 1.56h3.246l6.086 8.523.945 1.328 7.91 11.078h-3.246zm0 0\"\/><\/svg><\/span><span class=\"shariff-text\">teilen<\/span>&nbsp;<\/a><\/li><li class=\"shariff-button linkedin shariff-nocustomcolor\" style=\"background-color:#1488bf\"><a href=\"https:\/\/www.linkedin.com\/sharing\/share-offsite\/?url=https%3A%2F%2Fwww.karaoke-helden.de%2Fplaybackshop%2Fplaybacks-vol-14-30-bestseller-karaoke-playbacks\" title=\"Bei LinkedIn teilen\" aria-label=\"Bei LinkedIn teilen\" role=\"button\" rel=\"noopener nofollow\" class=\"shariff-link\" style=\"; background-color:#0077b5; color:#fff\" target=\"_blank\"><span class=\"shariff-icon\" style=\"\"><svg width=\"32px\" height=\"20px\" xmlns=\"http:\/\/www.w3.org\/2000\/svg\" viewBox=\"0 0 27 32\"><path fill=\"#0077b5\" d=\"M6.2 11.2v17.7h-5.9v-17.7h5.9zM6.6 5.7q0 1.3-0.9 2.2t-2.4 0.9h0q-1.5 0-2.4-0.9t-0.9-2.2 0.9-2.2 2.4-0.9 2.4 0.9 0.9 2.2zM27.4 18.7v10.1h-5.9v-9.5q0-1.9-0.7-2.9t-2.3-1.1q-1.1 0-1.9 0.6t-1.2 1.5q-0.2 0.5-0.2 1.4v9.9h-5.9q0-7.1 0-11.6t0-5.3l0-0.9h5.9v2.6h0q0.4-0.6 0.7-1t1-0.9 1.6-0.8 2-0.3q3 0 4.9 2t1.9 6z\"\/><\/svg><\/span><span class=\"shariff-text\">teilen<\/span>&nbsp;<\/a><\/li><li class=\"shariff-button rss shariff-nocustomcolor\" style=\"background-color:#ff8c00\"><a href=\"https:\/\/www.karaoke-helden.de\/playbackshop\/feed\/rss\" title=\"RSS-feed\" aria-label=\"RSS-feed\" role=\"button\" class=\"shariff-link\" style=\"; background-color:#fe9312; color:#fff\" target=\"_blank\"><span class=\"shariff-icon\" style=\"\"><svg width=\"32px\" height=\"20px\" xmlns=\"http:\/\/www.w3.org\/2000\/svg\" viewBox=\"0 0 32 32\"><path fill=\"#fe9312\" d=\"M4.3 23.5c-2.3 0-4.3 1.9-4.3 4.3 0 2.3 1.9 4.2 4.3 4.2 2.4 0 4.3-1.9 4.3-4.2 0-2.3-1.9-4.3-4.3-4.3zM0 10.9v6.1c4 0 7.7 1.6 10.6 4.4 2.8 2.8 4.4 6.6 4.4 10.6h6.2c0-11.7-9.5-21.1-21.1-21.1zM0 0v6.1c14.2 0 25.8 11.6 25.8 25.9h6.2c0-17.6-14.4-32-32-32z\"\/><\/svg><\/span><span class=\"shariff-text\">RSS-feed<\/span>&nbsp;<\/a><\/li><li class=\"shariff-button printer shariff-nocustomcolor\" style=\"background-color:#a8a8a8\"><a href=\"javascript:window.print()\" title=\"drucken\" aria-label=\"drucken\" role=\"button\" rel=\"noopener nofollow\" class=\"shariff-link\" style=\"; background-color:#999; color:#fff\"><span class=\"shariff-icon\" style=\"\"><svg width=\"32px\" height=\"20px\" xmlns=\"http:\/\/www.w3.org\/2000\/svg\" viewBox=\"0 0 30 32\"><path fill=\"#999\" d=\"M6.8 27.4h16v-4.6h-16v4.6zM6.8 16h16v-6.8h-2.8q-0.7 0-1.2-0.5t-0.5-1.2v-2.8h-11.4v11.4zM27.4 17.2q0-0.5-0.3-0.8t-0.8-0.4-0.8 0.4-0.3 0.8 0.3 0.8 0.8 0.3 0.8-0.3 0.3-0.8zM29.7 17.2v7.4q0 0.2-0.2 0.4t-0.4 0.2h-4v2.8q0 0.7-0.5 1.2t-1.2 0.5h-17.2q-0.7 0-1.2-0.5t-0.5-1.2v-2.8h-4q-0.2 0-0.4-0.2t-0.2-0.4v-7.4q0-1.4 1-2.4t2.4-1h1.2v-9.7q0-0.7 0.5-1.2t1.2-0.5h12q0.7 0 1.6 0.4t1.3 0.8l2.7 2.7q0.5 0.5 0.9 1.4t0.4 1.6v4.6h1.1q1.4 0 2.4 1t1 2.4z\"\/><\/svg><\/span><span class=\"shariff-text\">drucken<\/span>&nbsp;<\/a><\/li><li class=\"shariff-button whatsapp shariff-nocustomcolor\" style=\"background-color:#5cbe4a\"><a href=\"https:\/\/api.whatsapp.com\/send?text=https%3A%2F%2Fwww.karaoke-helden.de%2Fplaybackshop%2Fplaybacks-vol-14-30-bestseller-karaoke-playbacks%20Playbacks%20Vol.14%20%E2%80%93%2030%20Bestseller%20%E2%80%93%20Karaoke%20Playbacks\" title=\"Bei Whatsapp teilen\" aria-label=\"Bei Whatsapp teilen\" role=\"button\" rel=\"noopener nofollow\" class=\"shariff-link\" style=\"; background-color:#34af23; color:#fff\" target=\"_blank\"><span class=\"shariff-icon\" style=\"\"><svg width=\"32px\" height=\"20px\" xmlns=\"http:\/\/www.w3.org\/2000\/svg\" viewBox=\"0 0 32 32\"><path fill=\"#34af23\" d=\"M17.6 17.4q0.2 0 1.7 0.8t1.6 0.9q0 0.1 0 0.3 0 0.6-0.3 1.4-0.3 0.7-1.3 1.2t-1.8 0.5q-1 0-3.4-1.1-1.7-0.8-3-2.1t-2.6-3.3q-1.3-1.9-1.3-3.5v-0.1q0.1-1.6 1.3-2.8 0.4-0.4 0.9-0.4 0.1 0 0.3 0t0.3 0q0.3 0 0.5 0.1t0.3 0.5q0.1 0.4 0.6 1.6t0.4 1.3q0 0.4-0.6 1t-0.6 0.8q0 0.1 0.1 0.3 0.6 1.3 1.8 2.4 1 0.9 2.7 1.8 0.2 0.1 0.4 0.1 0.3 0 1-0.9t0.9-0.9zM14 26.9q2.3 0 4.3-0.9t3.6-2.4 2.4-3.6 0.9-4.3-0.9-4.3-2.4-3.6-3.6-2.4-4.3-0.9-4.3 0.9-3.6 2.4-2.4 3.6-0.9 4.3q0 3.6 2.1 6.6l-1.4 4.2 4.3-1.4q2.8 1.9 6.2 1.9zM14 2.2q2.7 0 5.2 1.1t4.3 2.9 2.9 4.3 1.1 5.2-1.1 5.2-2.9 4.3-4.3 2.9-5.2 1.1q-3.5 0-6.5-1.7l-7.4 2.4 2.4-7.2q-1.9-3.2-1.9-6.9 0-2.7 1.1-5.2t2.9-4.3 4.3-2.9 5.2-1.1z\"\/><\/svg><\/span><span class=\"shariff-text\">teilen<\/span>&nbsp;<\/a><\/li><\/ul><\/div>","protected":false},"excerpt":{"rendered":"<p><em><strong><a href=\"\/playbackshop\/versandarten\/\" target=\"_blank\" rel=\"noopener noreferrer\"><img decoding=\"async\" class=\"aligncenter wp-image-7632 size-full\" src=\"https:\/\/www.karaoke-helden.de\/playbackshop\/wp-content\/uploads\/2020\/10\/Versandkosten-Info-Oktober.jpg\" alt=\"Preis zzgl Versandkostenpauschale\" width=\"550\" height=\"65\" \/><\/a>Playbacks-Aktuell &#8211;<\/strong><\/em> Bist Du bereit f\u00fcr Top Karaoke Playbacks die auch mal ohne Textablauf (CD+G) auskommen? Mit dieser CD bekommst Du 15 Hits INTERNATIONAL und 15 Hits in DEUTSCHER SPRACHE.<\/p>\n<p>&nbsp;<\/p>\n","protected":false},"featured_media":3677,"template":"","meta":{"rank_math_lock_modified_date":false},"product_cat":[824,922,920,934,932,936,1639,862,917,930,867,939],"product_tag":[9686,10038,9501,10025,3561,1320,10046,10047,10055,3560,1354,9734,1020,1219,1086,10029,10035,10044,9886,972,1089,9889,10053,10050,10049,10028,10033,10023,10036,9888,10031,963,9335,2487,10026,1836,1490,10041,9336,10043,1417,10039,6796,849,1834,10037,1352,10048,10032,850,1128,10022,10027,10042,970,10034,9893,10052,10051,10045,10040,5611,7000,1339,10030,9898,1318,10024,1100,6778,10054],"class_list":{"0":"post-3678","1":"product","2":"type-product","3":"status-publish","4":"has-post-thumbnail","6":"product_cat-alle-produkte","7":"product_cat-deutsche-hits-ab-2000","8":"product_cat-deutsche-oldies-70-80-jahre","9":"product_cat-karaoke-weltweit","10":"product_cat-lovesongs","11":"product_cat-partyhits","12":"product_cat-playback-sampler-ohne-texte-nur-playbacks","13":"product_cat-playbacks-nach-hersteller","14":"product_cat-playbacks-nach-musik-kategorie","15":"product_cat-rock-pop","16":"product_cat-shop-diverse","17":"product_cat-weitere-musikstyle","18":"product_tag-30-bestseller","19":"product_tag-7-tage-7-naechte","20":"product_tag-a-new-day-has-come","21":"product_tag-alive-again","22":"product_tag-anastacia","23":"product_tag-andrea-berg","24":"product_tag-ben-feat-gim","25":"product_tag-bernhard-brink-ireen-sheer","26":"product_tag-bob-der-baumeister","27":"product_tag-boom","28":"product_tag-britney-spears","29":"product_tag-brunner-brunner","30":"product_tag-cdg","31":"product_tag-celine-dion","32":"product_tag-cher","33":"product_tag-corinna-may","34":"product_tag-deutsche-hits","35":"product_tag-eleni","36":"product_tag-engel","37":"product_tag-enrique-iglesias","38":"product_tag-es-ist-niemals-zu-spat","39":"product_tag-escape","40":"product_tag-fremder-mann","41":"product_tag-geh-doch-wenn-du-sie-liebst","42":"product_tag-helmut-a-mallorca-feat-jojos","43":"product_tag-i-cant-live-without-music","44":"product_tag-i-will-follow-him","45":"product_tag-im-not-a-girl","46":"product_tag-ich-mache-meine-augen","47":"product_tag-in-your-eyes","48":"product_tag-isabel","49":"product_tag-karaoke-playbacks","50":"product_tag-karaoke-spezialshop","51":"product_tag-karaoke-versionen","52":"product_tag-kate-winslet","53":"product_tag-kristina-bach","54":"product_tag-kylie-minogue","55":"product_tag-latino","56":"product_tag-live-aufgenommen","57":"product_tag-m-m-westernhagen","58":"product_tag-marianne-rosenberg","59":"product_tag-mitten-im-meer","60":"product_tag-modern-talking","61":"product_tag-neu","62":"product_tag-nino-de-angelo","63":"product_tag-nino-de-angelo-chris-norman","64":"product_tag-no-angels","65":"product_tag-ohne-holland","66":"product_tag-one-day-in-your-life","67":"product_tag-ovp","68":"product_tag-playback-kaufen","69":"product_tag-playbacks-vol-14","70":"product_tag-ready-for-the-victory","71":"product_tag-sexy","72":"product_tag-shakira","73":"product_tag-sister-act","74":"product_tag-something-about-us","75":"product_tag-stefanie-hertel","76":"product_tag-tausendmal-staerker","77":"product_tag-vicky-leandros","78":"product_tag-wenn-du-lachst","79":"product_tag-westlife","80":"product_tag-what-if","81":"product_tag-whenever-wherever","82":"product_tag-will-my-heart-survive","83":"product_tag-wo-willst-du-hin","84":"product_tag-wolfgang-petry","85":"product_tag-world-of-our-own","86":"product_tag-world-of-karaoke","87":"product_tag-xavier-naidoo","88":"product_tag-yo-wir-schaffen-das","90":"first","91":"instock","92":"taxable","93":"shipping-taxable","94":"product-type-simple","95":"add-to-wishlist-after_add_to_cart"},"_links":{"self":[{"href":"https:\/\/www.karaoke-helden.de\/playbackshop\/wp-json\/wp\/v2\/product\/3678","targetHints":{"allow":["GET"]}}],"collection":[{"href":"https:\/\/www.karaoke-helden.de\/playbackshop\/wp-json\/wp\/v2\/product"}],"about":[{"href":"https:\/\/www.karaoke-helden.de\/playbackshop\/wp-json\/wp\/v2\/types\/product"}],"wp:featuredmedia":[{"embeddable":true,"href":"https:\/\/www.karaoke-helden.de\/playbackshop\/wp-json\/wp\/v2\/media\/3677"}],"wp:attachment":[{"href":"https:\/\/www.karaoke-helden.de\/playbackshop\/wp-json\/wp\/v2\/media?parent=3678"}],"wp:term":[{"taxonomy":"product_cat","embeddable":true,"href":"https:\/\/www.karaoke-helden.de\/playbackshop\/wp-json\/wp\/v2\/product_cat?post=3678"},{"taxonomy":"product_tag","embeddable":true,"href":"https:\/\/www.karaoke-helden.de\/playbackshop\/wp-json\/wp\/v2\/product_tag?post=3678"}],"curies":[{"name":"wp","href":"https:\/\/api.w.org\/{rel}","templated":true}]}}