{"id":3685,"date":"2020-06-17T06:37:31","date_gmt":"2020-06-17T04:37:31","guid":{"rendered":"https:\/\/www.karaoke-helden.de\/playbackshop\/?post_type=product&#038;p=3685"},"modified":"2020-06-17T06:56:59","modified_gmt":"2020-06-17T04:56:59","slug":"rockin-country-karaoke-playbacks-jtg-191","status":"publish","type":"product","link":"https:\/\/www.karaoke-helden.de\/playbackshop\/rockin-country-karaoke-playbacks-jtg-191","title":{"rendered":"Rockin Country &#8211; Karaoke Playbacks &#8211; JTG 191 &#8211; Country-Karaoke"},"content":{"rendered":"<h2>Rockin Country &#8211; Karaoke Playbacks &#8211; JTG 191.<\/h2>\n<h2>Auf, auf in den Wilden Westen &#8230;<\/h2>\n<h3>Neu \/ OVP &#8211; Versand in Deutschland mit Sendungsnummer &#8230;<\/h3>\n<p><img decoding=\"async\" class=\"alignright size-full wp-image-3684\" src=\"https:\/\/www.karaoke-helden.de\/playbackshop\/wp-content\/uploads\/2018\/12\/Rockin-Country-Karaoke-Playbacks-JTG-191-CD-Front.jpg\" alt=\"Rockin Country - Karaoke Playbacks - JTG 191 - CD-Front\" width=\"430\" height=\"430\" srcset=\"https:\/\/www.karaoke-helden.de\/playbackshop\/wp-content\/uploads\/2018\/12\/Rockin-Country-Karaoke-Playbacks-JTG-191-CD-Front.jpg 430w, https:\/\/www.karaoke-helden.de\/playbackshop\/wp-content\/uploads\/2018\/12\/Rockin-Country-Karaoke-Playbacks-JTG-191-CD-Front-100x100.jpg 100w, https:\/\/www.karaoke-helden.de\/playbackshop\/wp-content\/uploads\/2018\/12\/Rockin-Country-Karaoke-Playbacks-JTG-191-CD-Front-64x64.jpg 64w, https:\/\/www.karaoke-helden.de\/playbackshop\/wp-content\/uploads\/2018\/12\/Rockin-Country-Karaoke-Playbacks-JTG-191-CD-Front-320x320.jpg 320w, https:\/\/www.karaoke-helden.de\/playbackshop\/wp-content\/uploads\/2018\/12\/Rockin-Country-Karaoke-Playbacks-JTG-191-CD-Front-155x155.jpg 155w, https:\/\/www.karaoke-helden.de\/playbackshop\/wp-content\/uploads\/2018\/12\/Rockin-Country-Karaoke-Playbacks-JTG-191-CD-Front-150x150.jpg 150w, https:\/\/www.karaoke-helden.de\/playbackshop\/wp-content\/uploads\/2018\/12\/Rockin-Country-Karaoke-Playbacks-JTG-191-CD-Front-95x95.jpg 95w, https:\/\/www.karaoke-helden.de\/playbackshop\/wp-content\/uploads\/2018\/12\/Rockin-Country-Karaoke-Playbacks-JTG-191-CD-Front-300x300.jpg 300w\" sizes=\"(max-width: 430px) 100vw, 430px\" \/><em><strong>Country-Karaoke &#8211;<\/strong><\/em> Auf die Pferde ihr Karaoke-Stars. Mit der <em>&#8211; Rockin Country &#8211; Karaoke Playbacks &#8211; JTG 191 &#8211;<\/em> geht es wieder in den Wilden Westen. 16 Top-Karaoke-Songs von h\u00f6chster Qualit\u00e4t warten hier darauf in Deiner Karaoke-Sammlung einen Platz zu finden. Und ein Textb\u00fcchlein als Booklet ist auch anbei.<\/p>\n<p>Diese CD + Graphics-CD kann sowohl in normalen CD-Playern als auch in Karaoke-Maschinen verwendet werden.<\/p>\n<p><span style=\"text-decoration: underline;\"><em><strong>Auf dieser CD+G sind folgende Songs:<\/strong><\/em><\/span><\/p>\n<ol>\n<li>Garth Brooks &#8211; Do What You Got To Do &#8211; 03:00<\/li>\n<li>Vince Gill &#8211; Let&#8217;s Make Sure We Kiss Goodbye &#8211; 03:56 &#8211; 39.73 Mb<\/li>\n<li>Lonestar \u2013 Smile &#8211; 03:27<\/li>\n<li>Mark Wills &#8211; Back At Once &#8211; 04:11<\/li>\n<li>Collin Raye &#8211; Couldn&#8217;t Last A Moment &#8211; 03:39<\/li>\n<li>George Strait &#8211; Best Day &#8211; 03:18<\/li>\n<li>Toby Keith &#8211; How Do You Like Me Now &#8211; 03:28<\/li>\n<li>Brooks &amp; Dunn &#8211; Beer Thirty &#8211; 02:32<\/li>\n<li>Shania Twain &#8211; Rock This Country &#8211; 04:01<\/li>\n<li>Martina McBride &#8211; Love&#8217;s The Only House &#8211; 05:31<\/li>\n<li>SheDaisy &#8211; I Will&#8230;but &#8211; 03:38<\/li>\n<li>Trisha Yearwood &#8211; Real Live Woman &#8211; 03:55<\/li>\n<li>Faith Hill &#8211; Way You Love Me &#8211; 03:11<\/li>\n<li>Jessica Andrews &#8211; Unbreakable Heart &#8211; 03:58<\/li>\n<li>Lila McCann &#8211; I Will Be &#8211; 04:04<\/li>\n<li>Lorrie Morgan &#8211; To Get To You &#8211; 03:54<\/li>\n<\/ol>\n<p><em>Mit \u201eLive-Band\u201c aufgenommen \u2013 Teilweise Backings vorhanden.<\/em><\/p>\n<p>Im Vertrieb der World-Of-Karaoke \u2013 Neuer Artikel \u2013 Unge\u00f6ffnet \u2013 OVP.<\/p>\n<p><strong><em>Format:<\/em><\/strong>\u00a0CD+G. \u2013 CD+G laufen zu 99% auch auf NORMALEN CD-Playern \u2013 Dennoch kann es hier und da zu AUSSETZERN kommen!<\/p>\n<p><em><strong>Multi-Plex:<\/strong><\/em>\u00a0NEIN.<\/p>\n<p><strong>Hinweis:<\/strong>\u00a0<em>Midifiles-Kaufen \/ World-Of-Karaoke ber\u00fccksichtigt immer s\u00e4mtliche Urheberrechte. Alle Rechte f\u00fcr die musikalischen Werke auf dieser Website\/Shop sind vorbehalten. Die angebotenen Songs d\u00fcrfen ohne schriftliche Genehmigung Word-of-Karaoke nur f\u00fcr private Zwecke genutzt werden. Alle musikalischen Werke auf dieser Website sind Neuaufnahmen im Style der Original-K\u00fcnstler\/Bands und beinhalten in keinster Weise die Originalstimmen oder sonstige Segmente des Originaltitels.<\/em><\/p>\n<p><em>Alle Urheber und Leistungsschutzrechte vorbehalten.<\/em><\/p>\n<p><em>Kein Verleih, Keine unerlaubte Kopien, Auff\u00fchrung, Sendung. Beachte die GEMA-Rechte<\/em>.<\/p>\n<p><strong>World-Of-Karaoke<\/strong>\u00a0\u2013\u00a0<strong>Karaokesongs<\/strong>\u00a0und Playbacks immer GENADENLOS,\u00a0<strong>GENIAL G\u00dcNSTIG<\/strong>\u00a0kaufen!<\/p>\n<p><strong><em>SEO:<\/em>\u00a0<\/strong> &#8211; <strong>Rockin Country<\/strong> &#8211; <strong>Karaoke Playbacks<\/strong> &#8211; <strong>JTG 191<\/strong> &#8211; <strong>Country-Playbacks<\/strong> &#8211; <strong>Rarit\u00e4t<\/strong>.<\/p>\n<h3>Service \/ Umwelt \/ Versand und Preishinweis<\/h3>\n<p><strong>Bitte BEACHTEN:<\/strong>\u00a0Bei den Preisen im Shop ist ALLES an Nebenkosten enthalten wenn NICHT anderes ANGEGEBEN (siehe Bild unter dem Preis). Dazu geh\u00f6ren: Abgaben f\u00fcr das Duale-System \u2013 Entsorgung bei Batterien etc.! Ebenfalls sind Verpackung und Versandkosten inkl. Sendungsnummer-Kosten bei der Post \/ DHL enthalten.<\/p>\n<p>Downloads sind GRUNDS\u00c4TZLICH ohne Zusatzkosten. Bei Waren im Download bekommst Du den LINK zur jeweiligen Datei innerhalb von 12.Stunden nach Eingang des Rechnungsbetrages (auch am Wochenende und Feiertagen). Es gibt keinen AUTOMATISCHEN Download. Wir stellen DEINEN Download immer pers\u00f6nlich zusammen.<\/p>\n<p><em><strong>Suchnummer:<\/strong><\/em> 1687 &#8211; K21<\/p>\n<div class=\"shariff shariff-align-center shariff-widget-align-center shariff-buttonstretch\"><ul class=\"shariff-buttons theme-color orientation-horizontal buttonsize-small\"><li class=\"shariff-button facebook shariff-nocustomcolor\" style=\"background-color:#4273c8\"><a href=\"https:\/\/www.facebook.com\/sharer\/sharer.php?u=https%3A%2F%2Fwww.karaoke-helden.de%2Fplaybackshop%2Frockin-country-karaoke-playbacks-jtg-191\" title=\"Bei Facebook teilen\" aria-label=\"Bei Facebook teilen\" role=\"button\" rel=\"nofollow\" class=\"shariff-link\" style=\"; background-color:#3b5998; color:#fff\" target=\"_blank\"><span class=\"shariff-icon\" style=\"\"><svg width=\"32px\" height=\"20px\" xmlns=\"http:\/\/www.w3.org\/2000\/svg\" viewBox=\"0 0 18 32\"><path fill=\"#3b5998\" d=\"M17.1 0.2v4.7h-2.8q-1.5 0-2.1 0.6t-0.5 1.9v3.4h5.2l-0.7 5.3h-4.5v13.6h-5.5v-13.6h-4.5v-5.3h4.5v-3.9q0-3.3 1.9-5.2t5-1.8q2.6 0 4.1 0.2z\"\/><\/svg><\/span><span class=\"shariff-text\">teilen<\/span>&nbsp;<\/a><\/li><li class=\"shariff-button twitter shariff-nocustomcolor\" style=\"background-color:#595959\"><a href=\"https:\/\/twitter.com\/share?url=https%3A%2F%2Fwww.karaoke-helden.de%2Fplaybackshop%2Frockin-country-karaoke-playbacks-jtg-191&text=Rockin%20Country%20%E2%80%93%20Karaoke%20Playbacks%20%E2%80%93%20JTG%20191%20%E2%80%93%20Country-Karaoke&via=d24online\" title=\"Bei X teilen\" aria-label=\"Bei X teilen\" role=\"button\" rel=\"noopener nofollow\" class=\"shariff-link\" style=\"; background-color:#000; color:#fff\" target=\"_blank\"><span class=\"shariff-icon\" style=\"\"><svg width=\"32px\" height=\"20px\" xmlns=\"http:\/\/www.w3.org\/2000\/svg\" viewBox=\"0 0 24 24\"><path fill=\"#000\" d=\"M14.258 10.152L23.176 0h-2.113l-7.747 8.813L7.133 0H0l9.352 13.328L0 23.973h2.113l8.176-9.309 6.531 9.309h7.133zm-2.895 3.293l-.949-1.328L2.875 1.56h3.246l6.086 8.523.945 1.328 7.91 11.078h-3.246zm0 0\"\/><\/svg><\/span><span class=\"shariff-text\">teilen<\/span>&nbsp;<\/a><\/li><li class=\"shariff-button linkedin shariff-nocustomcolor\" style=\"background-color:#1488bf\"><a href=\"https:\/\/www.linkedin.com\/sharing\/share-offsite\/?url=https%3A%2F%2Fwww.karaoke-helden.de%2Fplaybackshop%2Frockin-country-karaoke-playbacks-jtg-191\" title=\"Bei LinkedIn teilen\" aria-label=\"Bei LinkedIn teilen\" role=\"button\" rel=\"noopener nofollow\" class=\"shariff-link\" style=\"; background-color:#0077b5; color:#fff\" target=\"_blank\"><span class=\"shariff-icon\" style=\"\"><svg width=\"32px\" height=\"20px\" xmlns=\"http:\/\/www.w3.org\/2000\/svg\" viewBox=\"0 0 27 32\"><path fill=\"#0077b5\" d=\"M6.2 11.2v17.7h-5.9v-17.7h5.9zM6.6 5.7q0 1.3-0.9 2.2t-2.4 0.9h0q-1.5 0-2.4-0.9t-0.9-2.2 0.9-2.2 2.4-0.9 2.4 0.9 0.9 2.2zM27.4 18.7v10.1h-5.9v-9.5q0-1.9-0.7-2.9t-2.3-1.1q-1.1 0-1.9 0.6t-1.2 1.5q-0.2 0.5-0.2 1.4v9.9h-5.9q0-7.1 0-11.6t0-5.3l0-0.9h5.9v2.6h0q0.4-0.6 0.7-1t1-0.9 1.6-0.8 2-0.3q3 0 4.9 2t1.9 6z\"\/><\/svg><\/span><span class=\"shariff-text\">teilen<\/span>&nbsp;<\/a><\/li><li class=\"shariff-button rss shariff-nocustomcolor\" style=\"background-color:#ff8c00\"><a href=\"https:\/\/www.karaoke-helden.de\/playbackshop\/feed\/rss\" title=\"RSS-feed\" aria-label=\"RSS-feed\" role=\"button\" class=\"shariff-link\" style=\"; background-color:#fe9312; color:#fff\" target=\"_blank\"><span class=\"shariff-icon\" style=\"\"><svg width=\"32px\" height=\"20px\" xmlns=\"http:\/\/www.w3.org\/2000\/svg\" viewBox=\"0 0 32 32\"><path fill=\"#fe9312\" d=\"M4.3 23.5c-2.3 0-4.3 1.9-4.3 4.3 0 2.3 1.9 4.2 4.3 4.2 2.4 0 4.3-1.9 4.3-4.2 0-2.3-1.9-4.3-4.3-4.3zM0 10.9v6.1c4 0 7.7 1.6 10.6 4.4 2.8 2.8 4.4 6.6 4.4 10.6h6.2c0-11.7-9.5-21.1-21.1-21.1zM0 0v6.1c14.2 0 25.8 11.6 25.8 25.9h6.2c0-17.6-14.4-32-32-32z\"\/><\/svg><\/span><span class=\"shariff-text\">RSS-feed<\/span>&nbsp;<\/a><\/li><li class=\"shariff-button printer shariff-nocustomcolor\" style=\"background-color:#a8a8a8\"><a href=\"javascript:window.print()\" title=\"drucken\" aria-label=\"drucken\" role=\"button\" rel=\"noopener nofollow\" class=\"shariff-link\" style=\"; background-color:#999; color:#fff\"><span class=\"shariff-icon\" style=\"\"><svg width=\"32px\" height=\"20px\" xmlns=\"http:\/\/www.w3.org\/2000\/svg\" viewBox=\"0 0 30 32\"><path fill=\"#999\" d=\"M6.8 27.4h16v-4.6h-16v4.6zM6.8 16h16v-6.8h-2.8q-0.7 0-1.2-0.5t-0.5-1.2v-2.8h-11.4v11.4zM27.4 17.2q0-0.5-0.3-0.8t-0.8-0.4-0.8 0.4-0.3 0.8 0.3 0.8 0.8 0.3 0.8-0.3 0.3-0.8zM29.7 17.2v7.4q0 0.2-0.2 0.4t-0.4 0.2h-4v2.8q0 0.7-0.5 1.2t-1.2 0.5h-17.2q-0.7 0-1.2-0.5t-0.5-1.2v-2.8h-4q-0.2 0-0.4-0.2t-0.2-0.4v-7.4q0-1.4 1-2.4t2.4-1h1.2v-9.7q0-0.7 0.5-1.2t1.2-0.5h12q0.7 0 1.6 0.4t1.3 0.8l2.7 2.7q0.5 0.5 0.9 1.4t0.4 1.6v4.6h1.1q1.4 0 2.4 1t1 2.4z\"\/><\/svg><\/span><span class=\"shariff-text\">drucken<\/span>&nbsp;<\/a><\/li><li class=\"shariff-button whatsapp shariff-nocustomcolor\" style=\"background-color:#5cbe4a\"><a href=\"https:\/\/api.whatsapp.com\/send?text=https%3A%2F%2Fwww.karaoke-helden.de%2Fplaybackshop%2Frockin-country-karaoke-playbacks-jtg-191%20Rockin%20Country%20%E2%80%93%20Karaoke%20Playbacks%20%E2%80%93%20JTG%20191%20%E2%80%93%20Country-Karaoke\" title=\"Bei Whatsapp teilen\" aria-label=\"Bei Whatsapp teilen\" role=\"button\" rel=\"noopener nofollow\" class=\"shariff-link\" style=\"; background-color:#34af23; color:#fff\" target=\"_blank\"><span class=\"shariff-icon\" style=\"\"><svg width=\"32px\" height=\"20px\" xmlns=\"http:\/\/www.w3.org\/2000\/svg\" viewBox=\"0 0 32 32\"><path fill=\"#34af23\" d=\"M17.6 17.4q0.2 0 1.7 0.8t1.6 0.9q0 0.1 0 0.3 0 0.6-0.3 1.4-0.3 0.7-1.3 1.2t-1.8 0.5q-1 0-3.4-1.1-1.7-0.8-3-2.1t-2.6-3.3q-1.3-1.9-1.3-3.5v-0.1q0.1-1.6 1.3-2.8 0.4-0.4 0.9-0.4 0.1 0 0.3 0t0.3 0q0.3 0 0.5 0.1t0.3 0.5q0.1 0.4 0.6 1.6t0.4 1.3q0 0.4-0.6 1t-0.6 0.8q0 0.1 0.1 0.3 0.6 1.3 1.8 2.4 1 0.9 2.7 1.8 0.2 0.1 0.4 0.1 0.3 0 1-0.9t0.9-0.9zM14 26.9q2.3 0 4.3-0.9t3.6-2.4 2.4-3.6 0.9-4.3-0.9-4.3-2.4-3.6-3.6-2.4-4.3-0.9-4.3 0.9-3.6 2.4-2.4 3.6-0.9 4.3q0 3.6 2.1 6.6l-1.4 4.2 4.3-1.4q2.8 1.9 6.2 1.9zM14 2.2q2.7 0 5.2 1.1t4.3 2.9 2.9 4.3 1.1 5.2-1.1 5.2-2.9 4.3-4.3 2.9-5.2 1.1q-3.5 0-6.5-1.7l-7.4 2.4 2.4-7.2q-1.9-3.2-1.9-6.9 0-2.7 1.1-5.2t2.9-4.3 4.3-2.9 5.2-1.1z\"\/><\/svg><\/span><span class=\"shariff-text\">teilen<\/span>&nbsp;<\/a><\/li><\/ul><\/div>","protected":false},"excerpt":{"rendered":"<p><em><strong><a href=\"\/playbackshop\/versandarten\/\" target=\"_blank\" rel=\"noopener noreferrer\"><img decoding=\"async\" class=\"aligncenter wp-image-7632 size-full\" src=\"https:\/\/www.karaoke-helden.de\/playbackshop\/wp-content\/uploads\/2020\/10\/Versandkosten-Info-Oktober.jpg\" alt=\"Preis zzgl Versandkostenpauschale\" width=\"550\" height=\"65\" \/><\/a>Country-Karaoke-Shop:<\/strong><\/em> Auf die Pferde ihr Karaoke-Stars. Mit der &#8211; Rockin Country &#8211; Karaoke Playbacks &#8211; JTG 191 &#8211; geht es wieder in den Wilden Westen. 16 Top-Karaoke-Songs von h\u00f6chster Qualit\u00e4t warten hier darauf in Deiner Karaoke-Sammlung einen Platz zu finden. \u00dcbrigens die Scheibe z\u00e4hlt zu den Rarit\u00e4ten auf dem Playback-Markt!<\/p>\n<p>&nbsp;<\/p>\n","protected":false},"featured_media":3684,"template":"","meta":{"rank_math_lock_modified_date":false},"product_cat":[824,926,934,932,825,862,917,866,869,939],"product_tag":[10101,10105,10103,2681,1020,5494,10102,10097,2626,2207,2350,10104,5706,8891,8894,10096,963,9335,2487,10098,8895,9336,5423,2311,8890,2195,849,850,1128,8892,6390,10095,1140,5308,10099,10107,2363,2764,8893,2347,10106,10100,1100],"class_list":{"0":"post-3685","1":"product","2":"type-product","3":"status-publish","4":"has-post-thumbnail","6":"product_cat-alle-produkte","7":"product_cat-country","8":"product_cat-karaoke-weltweit","9":"product_cat-lovesongs","10":"product_cat-playback-cdg","11":"product_cat-playbacks-nach-hersteller","12":"product_cat-playbacks-nach-musik-kategorie","13":"product_cat-shop-just-tracks","14":"product_cat-shop-pocket-songs","15":"product_cat-weitere-musikstyle","16":"product_tag-back-at-once","17":"product_tag-beer-thirty","18":"product_tag-best-day","19":"product_tag-brooks-dunn","20":"product_tag-cdg","21":"product_tag-collin-raye","22":"product_tag-couldnt-last-a-moment","23":"product_tag-do-what-you-got-to-do","24":"product_tag-faith-hill","25":"product_tag-garth-brooks","26":"product_tag-george-strait","27":"product_tag-how-do-you-like-me-now","28":"product_tag-i-will-be","29":"product_tag-i-will-but","30":"product_tag-jessica-andrews","31":"product_tag-jtg-191","32":"product_tag-karaoke-playbacks","33":"product_tag-karaoke-spezialshop","34":"product_tag-karaoke-versionen","35":"product_tag-lets-make-sure-we-kiss","36":"product_tag-lila-mccann","37":"product_tag-live-aufgenommen","38":"product_tag-lonestar","39":"product_tag-lorrie-morgan","40":"product_tag-loves-the-only-house","41":"product_tag-martina-mcbride","42":"product_tag-neu","43":"product_tag-ovp","44":"product_tag-playback-kaufen","45":"product_tag-real-live-woman","46":"product_tag-rock-this-country","47":"product_tag-rockin-country","48":"product_tag-shania-twain","49":"product_tag-shedaisy","50":"product_tag-smile-mark","51":"product_tag-to-get-to-yo","52":"product_tag-toby-keith","53":"product_tag-trisha-yearwood","54":"product_tag-unbreakable-heart","55":"product_tag-vince-gill","56":"product_tag-way-you-love-me","57":"product_tag-wills","58":"product_tag-world-of-karaoke","60":"first","61":"instock","62":"taxable","63":"shipping-taxable","64":"product-type-simple","65":"add-to-wishlist-after_add_to_cart"},"_links":{"self":[{"href":"https:\/\/www.karaoke-helden.de\/playbackshop\/wp-json\/wp\/v2\/product\/3685","targetHints":{"allow":["GET"]}}],"collection":[{"href":"https:\/\/www.karaoke-helden.de\/playbackshop\/wp-json\/wp\/v2\/product"}],"about":[{"href":"https:\/\/www.karaoke-helden.de\/playbackshop\/wp-json\/wp\/v2\/types\/product"}],"wp:featuredmedia":[{"embeddable":true,"href":"https:\/\/www.karaoke-helden.de\/playbackshop\/wp-json\/wp\/v2\/media\/3684"}],"wp:attachment":[{"href":"https:\/\/www.karaoke-helden.de\/playbackshop\/wp-json\/wp\/v2\/media?parent=3685"}],"wp:term":[{"taxonomy":"product_cat","embeddable":true,"href":"https:\/\/www.karaoke-helden.de\/playbackshop\/wp-json\/wp\/v2\/product_cat?post=3685"},{"taxonomy":"product_tag","embeddable":true,"href":"https:\/\/www.karaoke-helden.de\/playbackshop\/wp-json\/wp\/v2\/product_tag?post=3685"}],"curies":[{"name":"wp","href":"https:\/\/api.w.org\/{rel}","templated":true}]}}