{"id":4536,"date":"2020-06-02T17:00:36","date_gmt":"2020-06-02T15:00:36","guid":{"rendered":"https:\/\/www.karaoke-helden.de\/playbackshop\/?post_type=product&#038;p=4536"},"modified":"2020-06-02T17:16:35","modified_gmt":"2020-06-02T15:16:35","slug":"universaltasche-muvit-reversible-neopren-sleeve-fuer-tablets-bis-7-schwarz-grau","status":"publish","type":"product","link":"https:\/\/www.karaoke-helden.de\/playbackshop\/universaltasche-muvit-reversible-neopren-sleeve-fuer-tablets-bis-7-schwarz-grau","title":{"rendered":"Universaltasche &#8211; Muvit Reversible Neopren Sleeve f\u00fcr Tablets bis 7&#8243; &#8211; Schwarz \/ Grau"},"content":{"rendered":"<h2>Universaltasche \/ Tabletschutztasche &#8211; Muvit Reversible Neopren Sleeve f\u00fcr Tablets bis 7&#8243;.<\/h2>\n<h2>Bester Schutz f\u00fcr Dein Karaoke-Tablet oder Ger\u00e4te bis 7 Zoll.<\/h2>\n<h3>Neu \/ OVP (Unterschiedliche Verpackungen M\u00d6GLICH (Folie\/Karton). Versand in Deutschland mit DHL und Sendungsnummer &#8230;<\/h3>\n<p><em><strong>Schn\u00e4ppchen-Alarm:<\/strong><\/em> Optimaler Schutz f\u00fcr Dein Karaoke-Tablet: Du bist auf der Suche nach einer UNIVERSAL-Tasche \/ UNIVERSAL-H\u00fclle f\u00fcr ein Phone oder Tablet bis zu einer Gr\u00f6\u00dfe von 7 Zoll (17,8 cm) ? Dann h\u00e4tten wir hier ein tolles Produkt\u00a0 im Karaoke-Zubeh\u00f6r-Shop.<\/p>\n<p>Du bekommst quasi 2-Taschen &#8230; wieso 2? Ganz EINFACH: Die Tasche l\u00e4sst sich UMKREMPELN so wird aus einer SCHWARZEN-Tasche eine GRAUE-Tasche und umgekehrt.<\/p>\n<p><em><strong>Highlights dieser Tasche \/ H\u00fclle:<\/strong><\/em><\/p>\n<ul>\n<li>Sch\u00fctzt vor St\u00f6\u00dfen, Kratzern und Staub<\/li>\n<li>Zweifarbige Wendeh\u00fclle &#8211; wechseln Sie die Seiten nach Lust und Laune<\/li>\n<li>Material: Neopren<\/li>\n<li>F\u00fcr Tablets bis 7&#8243;<\/li>\n<li>Farbe: Schwarz \/ Grau<\/li>\n<\/ul>\n<p><strong>Markenkompatibilit\u00e4t:<\/strong> F\u00fcr Microsoft, F\u00fcr Motorola, F\u00fcr Nokia, F\u00fcr Panasonic, F\u00fcr Samsung, F\u00fcr Sony, F\u00fcr Toshiba, F\u00fcr Acer, F\u00fcr Amazon, F\u00fcr Apple, F\u00fcr Archos, F\u00fcr ASUS, F\u00fcr BlackBerry, F\u00fcr Dell, F\u00fcr Fujitsu, F\u00fcr HP, F\u00fcr HTC, F\u00fcr Huawei, F\u00fcr Lenovo, F\u00fcr LG<\/p>\n<p><strong>Marke:<\/strong> Muvit<\/p>\n<p><strong>Kompatible Produktlinie:<\/strong> Galaxy Tab, Galaxy Tab 2, Galaxy Tab 3, Galaxy Tab 4, iPad mini 1st Generation, iPad mini 2, iPad mini 3, iPad mini 4, Kindle Fire, Kindle Fire HD, Kindle Fire HDX, Kindle Paperwhite, Kindle Touch, Kindle Voyage, Nexus 7<\/p>\n<p><em><strong>Unsere Meinung: <\/strong><\/em>SEHR PRAKTISCH und bei dem Preis schon eigentlich ein &#8220;MUST HAVE SCHN\u00c4PPCHEN&#8221;<em>.<\/em><\/p>\n<p><strong>Hinweis zur Ware:<\/strong><\/p>\n<p>Um unseren Kunden m\u00f6glichst Top-Preise bieten zu k\u00f6nnen, kaufen wir WELTWEIT auch Gro\u00df- und Sonderposten ein. Es kann vorkommen, dass eine Verpackung bereits zu PR\u00dcFZWECKEN ge\u00f6ffnet wurde (in der Regel aber ist die Ware OVP) dieses stellt keinen Mangel da, auch kann eine Verpackung mal einen \u201eKNICK\u201c haben. Bei der Bestellung akzeptiere die Regel unseres Shops.<\/p>\n<p>&nbsp;<\/p>\n<p><em><strong>SEO: <\/strong>&#8211;<strong> Universaltasche <\/strong>&#8211;<strong> Muvit Reversible Neopren Sleeve <\/strong>&#8211;<strong> f\u00fcr Tablets bis 7&#8243; <\/strong>&#8211; <strong>Schwarz \/ Grau <\/strong>&#8211;<strong> Top-Angebot <\/strong>&#8211;<\/em><\/p>\n<h3>Service \/ Umwelt \/ Versand und Preishinweis<\/h3>\n<p><strong>Bitte BEACHTEN:<\/strong>\u00a0Bei den Preisen im Shop ist ALLES an Nebenkosten enthalten wenn NICHT anderes ANGEGEBEN (siehe Bild unter dem Preis). Dazu geh\u00f6ren: Abgaben f\u00fcr das Duale-System \u2013 Entsorgung bei Batterien etc.! Ebenfalls sind Verpackung und Versandkosten inkl. Sendungsnummer-Kosten bei der Post \/ DHL enthalten.<\/p>\n<p>Downloads sind GRUNDS\u00c4TZLICH ohne Zusatzkosten. Bei Waren im Download bekommst Du den LINK zur jeweiligen Datei innerhalb von 12.Stunden nach Eingang des Rechnungsbetrages (auch am Wochenende und Feiertagen). Es gibt keinen AUTOMATISCHEN Download. Wir stellen DEINEN Download immer pers\u00f6nlich zusammen.<\/p>\n<p>&nbsp;<\/p>\n<p><strong>Suchnummer:<\/strong> HG-1014<\/p>\n<div class=\"shariff shariff-align-center shariff-widget-align-center shariff-buttonstretch\"><ul class=\"shariff-buttons theme-color orientation-horizontal buttonsize-small\"><li class=\"shariff-button facebook shariff-nocustomcolor\" style=\"background-color:#4273c8\"><a href=\"https:\/\/www.facebook.com\/sharer\/sharer.php?u=https%3A%2F%2Fwww.karaoke-helden.de%2Fplaybackshop%2Funiversaltasche-muvit-reversible-neopren-sleeve-fuer-tablets-bis-7-schwarz-grau\" title=\"Bei Facebook teilen\" aria-label=\"Bei Facebook teilen\" role=\"button\" rel=\"nofollow\" class=\"shariff-link\" style=\"; background-color:#3b5998; color:#fff\" target=\"_blank\"><span class=\"shariff-icon\" style=\"\"><svg width=\"32px\" height=\"20px\" xmlns=\"http:\/\/www.w3.org\/2000\/svg\" viewBox=\"0 0 18 32\"><path fill=\"#3b5998\" d=\"M17.1 0.2v4.7h-2.8q-1.5 0-2.1 0.6t-0.5 1.9v3.4h5.2l-0.7 5.3h-4.5v13.6h-5.5v-13.6h-4.5v-5.3h4.5v-3.9q0-3.3 1.9-5.2t5-1.8q2.6 0 4.1 0.2z\"\/><\/svg><\/span><span class=\"shariff-text\">teilen<\/span>&nbsp;<\/a><\/li><li class=\"shariff-button twitter shariff-nocustomcolor\" style=\"background-color:#595959\"><a href=\"https:\/\/twitter.com\/share?url=https%3A%2F%2Fwww.karaoke-helden.de%2Fplaybackshop%2Funiversaltasche-muvit-reversible-neopren-sleeve-fuer-tablets-bis-7-schwarz-grau&text=Universaltasche%20%E2%80%93%20Muvit%20Reversible%20Neopren%20Sleeve%20f%C3%BCr%20Tablets%20bis%207%E2%80%B3%20%E2%80%93%20Schwarz%20%2F%20Grau&via=d24online\" title=\"Bei X teilen\" aria-label=\"Bei X teilen\" role=\"button\" rel=\"noopener nofollow\" class=\"shariff-link\" style=\"; background-color:#000; color:#fff\" target=\"_blank\"><span class=\"shariff-icon\" style=\"\"><svg width=\"32px\" height=\"20px\" xmlns=\"http:\/\/www.w3.org\/2000\/svg\" viewBox=\"0 0 24 24\"><path fill=\"#000\" d=\"M14.258 10.152L23.176 0h-2.113l-7.747 8.813L7.133 0H0l9.352 13.328L0 23.973h2.113l8.176-9.309 6.531 9.309h7.133zm-2.895 3.293l-.949-1.328L2.875 1.56h3.246l6.086 8.523.945 1.328 7.91 11.078h-3.246zm0 0\"\/><\/svg><\/span><span class=\"shariff-text\">teilen<\/span>&nbsp;<\/a><\/li><li class=\"shariff-button linkedin shariff-nocustomcolor\" style=\"background-color:#1488bf\"><a href=\"https:\/\/www.linkedin.com\/sharing\/share-offsite\/?url=https%3A%2F%2Fwww.karaoke-helden.de%2Fplaybackshop%2Funiversaltasche-muvit-reversible-neopren-sleeve-fuer-tablets-bis-7-schwarz-grau\" title=\"Bei LinkedIn teilen\" aria-label=\"Bei LinkedIn teilen\" role=\"button\" rel=\"noopener nofollow\" class=\"shariff-link\" style=\"; background-color:#0077b5; color:#fff\" target=\"_blank\"><span class=\"shariff-icon\" style=\"\"><svg width=\"32px\" height=\"20px\" xmlns=\"http:\/\/www.w3.org\/2000\/svg\" viewBox=\"0 0 27 32\"><path fill=\"#0077b5\" d=\"M6.2 11.2v17.7h-5.9v-17.7h5.9zM6.6 5.7q0 1.3-0.9 2.2t-2.4 0.9h0q-1.5 0-2.4-0.9t-0.9-2.2 0.9-2.2 2.4-0.9 2.4 0.9 0.9 2.2zM27.4 18.7v10.1h-5.9v-9.5q0-1.9-0.7-2.9t-2.3-1.1q-1.1 0-1.9 0.6t-1.2 1.5q-0.2 0.5-0.2 1.4v9.9h-5.9q0-7.1 0-11.6t0-5.3l0-0.9h5.9v2.6h0q0.4-0.6 0.7-1t1-0.9 1.6-0.8 2-0.3q3 0 4.9 2t1.9 6z\"\/><\/svg><\/span><span class=\"shariff-text\">teilen<\/span>&nbsp;<\/a><\/li><li class=\"shariff-button rss shariff-nocustomcolor\" style=\"background-color:#ff8c00\"><a href=\"https:\/\/www.karaoke-helden.de\/playbackshop\/feed\/rss\" title=\"RSS-feed\" aria-label=\"RSS-feed\" role=\"button\" class=\"shariff-link\" style=\"; background-color:#fe9312; color:#fff\" target=\"_blank\"><span class=\"shariff-icon\" style=\"\"><svg width=\"32px\" height=\"20px\" xmlns=\"http:\/\/www.w3.org\/2000\/svg\" viewBox=\"0 0 32 32\"><path fill=\"#fe9312\" d=\"M4.3 23.5c-2.3 0-4.3 1.9-4.3 4.3 0 2.3 1.9 4.2 4.3 4.2 2.4 0 4.3-1.9 4.3-4.2 0-2.3-1.9-4.3-4.3-4.3zM0 10.9v6.1c4 0 7.7 1.6 10.6 4.4 2.8 2.8 4.4 6.6 4.4 10.6h6.2c0-11.7-9.5-21.1-21.1-21.1zM0 0v6.1c14.2 0 25.8 11.6 25.8 25.9h6.2c0-17.6-14.4-32-32-32z\"\/><\/svg><\/span><span class=\"shariff-text\">RSS-feed<\/span>&nbsp;<\/a><\/li><li class=\"shariff-button printer shariff-nocustomcolor\" style=\"background-color:#a8a8a8\"><a href=\"javascript:window.print()\" title=\"drucken\" aria-label=\"drucken\" role=\"button\" rel=\"noopener nofollow\" class=\"shariff-link\" style=\"; background-color:#999; color:#fff\"><span class=\"shariff-icon\" style=\"\"><svg width=\"32px\" height=\"20px\" xmlns=\"http:\/\/www.w3.org\/2000\/svg\" viewBox=\"0 0 30 32\"><path fill=\"#999\" d=\"M6.8 27.4h16v-4.6h-16v4.6zM6.8 16h16v-6.8h-2.8q-0.7 0-1.2-0.5t-0.5-1.2v-2.8h-11.4v11.4zM27.4 17.2q0-0.5-0.3-0.8t-0.8-0.4-0.8 0.4-0.3 0.8 0.3 0.8 0.8 0.3 0.8-0.3 0.3-0.8zM29.7 17.2v7.4q0 0.2-0.2 0.4t-0.4 0.2h-4v2.8q0 0.7-0.5 1.2t-1.2 0.5h-17.2q-0.7 0-1.2-0.5t-0.5-1.2v-2.8h-4q-0.2 0-0.4-0.2t-0.2-0.4v-7.4q0-1.4 1-2.4t2.4-1h1.2v-9.7q0-0.7 0.5-1.2t1.2-0.5h12q0.7 0 1.6 0.4t1.3 0.8l2.7 2.7q0.5 0.5 0.9 1.4t0.4 1.6v4.6h1.1q1.4 0 2.4 1t1 2.4z\"\/><\/svg><\/span><span class=\"shariff-text\">drucken<\/span>&nbsp;<\/a><\/li><li class=\"shariff-button whatsapp shariff-nocustomcolor\" style=\"background-color:#5cbe4a\"><a href=\"https:\/\/api.whatsapp.com\/send?text=https%3A%2F%2Fwww.karaoke-helden.de%2Fplaybackshop%2Funiversaltasche-muvit-reversible-neopren-sleeve-fuer-tablets-bis-7-schwarz-grau%20Universaltasche%20%E2%80%93%20Muvit%20Reversible%20Neopren%20Sleeve%20f%C3%BCr%20Tablets%20bis%207%E2%80%B3%20%E2%80%93%20Schwarz%20%2F%20Grau\" title=\"Bei Whatsapp teilen\" aria-label=\"Bei Whatsapp teilen\" role=\"button\" rel=\"noopener nofollow\" class=\"shariff-link\" style=\"; background-color:#34af23; color:#fff\" target=\"_blank\"><span class=\"shariff-icon\" style=\"\"><svg width=\"32px\" height=\"20px\" xmlns=\"http:\/\/www.w3.org\/2000\/svg\" viewBox=\"0 0 32 32\"><path fill=\"#34af23\" d=\"M17.6 17.4q0.2 0 1.7 0.8t1.6 0.9q0 0.1 0 0.3 0 0.6-0.3 1.4-0.3 0.7-1.3 1.2t-1.8 0.5q-1 0-3.4-1.1-1.7-0.8-3-2.1t-2.6-3.3q-1.3-1.9-1.3-3.5v-0.1q0.1-1.6 1.3-2.8 0.4-0.4 0.9-0.4 0.1 0 0.3 0t0.3 0q0.3 0 0.5 0.1t0.3 0.5q0.1 0.4 0.6 1.6t0.4 1.3q0 0.4-0.6 1t-0.6 0.8q0 0.1 0.1 0.3 0.6 1.3 1.8 2.4 1 0.9 2.7 1.8 0.2 0.1 0.4 0.1 0.3 0 1-0.9t0.9-0.9zM14 26.9q2.3 0 4.3-0.9t3.6-2.4 2.4-3.6 0.9-4.3-0.9-4.3-2.4-3.6-3.6-2.4-4.3-0.9-4.3 0.9-3.6 2.4-2.4 3.6-0.9 4.3q0 3.6 2.1 6.6l-1.4 4.2 4.3-1.4q2.8 1.9 6.2 1.9zM14 2.2q2.7 0 5.2 1.1t4.3 2.9 2.9 4.3 1.1 5.2-1.1 5.2-2.9 4.3-4.3 2.9-5.2 1.1q-3.5 0-6.5-1.7l-7.4 2.4 2.4-7.2q-1.9-3.2-1.9-6.9 0-2.7 1.1-5.2t2.9-4.3 4.3-2.9 5.2-1.1z\"\/><\/svg><\/span><span class=\"shariff-text\">teilen<\/span>&nbsp;<\/a><\/li><\/ul><\/div>","protected":false},"excerpt":{"rendered":"<p><em><strong><a href=\"\/playbackshop\/versandarten\/\" target=\"_blank\" rel=\"noopener noreferrer\"><img decoding=\"async\" class=\"aligncenter wp-image-7632 size-full\" src=\"https:\/\/www.karaoke-helden.de\/playbackshop\/wp-content\/uploads\/2020\/10\/Versandkosten-Info-Oktober.jpg\" alt=\"Preis zzgl Versandkostenpauschale\" width=\"550\" height=\"65\" \/><\/a>Schn\u00e4ppchen f\u00fcr Dich:<\/strong><\/em> Optimaler Schutz f\u00fcr Dein Karaoke-Tablet: Du bist auf der Suche nach einer UNIVERSAL-Tasche \/ UNIVERSAL-H\u00fclle f\u00fcr ein Phone oder Tablet PC bis zu einer Gr\u00f6\u00dfe von 7 Zoll (17,8 cm) ? Dann h\u00e4tten wir hier ein tolles Produkt\u00a0 im Karaoke-Zubeh\u00f6r-Shop.<\/p>\n<p>&nbsp;<\/p>\n","protected":false},"featured_media":4535,"template":"","meta":{"rank_math_lock_modified_date":false},"product_cat":[824,10963,10966,10965,938],"product_tag":[11230,11233,11226,11228,1257,11223,11237,11225,11234,11235,10679,11231,11232,11227,11236,11229,11224],"class_list":{"0":"post-4536","1":"product","2":"type-product","3":"status-publish","4":"has-post-thumbnail","6":"product_cat-alle-produkte","7":"product_cat-dies-und-das","8":"product_cat-handytaschen-und-schutzhuellen","9":"product_cat-pc-und-multimedia-zubehoer","10":"product_cat-top-angebote","11":"product_tag-beutel","12":"product_tag-billig","13":"product_tag-fuer-tablets-bis-7","14":"product_tag-grau","15":"product_tag-guenstig","16":"product_tag-karaoke-tablett","17":"product_tag-lieferbar","18":"product_tag-muvit-reversible-neopren-sleeve","19":"product_tag-pad","20":"product_tag-praktisch","21":"product_tag-schnaeppchen","22":"product_tag-schutzhuelle","23":"product_tag-schutztasche","24":"product_tag-schwarz","25":"product_tag-sofort","26":"product_tag-tasche","27":"product_tag-universaltasche","29":"first","30":"instock","31":"taxable","32":"shipping-taxable","33":"product-type-simple","34":"add-to-wishlist-after_add_to_cart"},"_links":{"self":[{"href":"https:\/\/www.karaoke-helden.de\/playbackshop\/wp-json\/wp\/v2\/product\/4536","targetHints":{"allow":["GET"]}}],"collection":[{"href":"https:\/\/www.karaoke-helden.de\/playbackshop\/wp-json\/wp\/v2\/product"}],"about":[{"href":"https:\/\/www.karaoke-helden.de\/playbackshop\/wp-json\/wp\/v2\/types\/product"}],"wp:featuredmedia":[{"embeddable":true,"href":"https:\/\/www.karaoke-helden.de\/playbackshop\/wp-json\/wp\/v2\/media\/4535"}],"wp:attachment":[{"href":"https:\/\/www.karaoke-helden.de\/playbackshop\/wp-json\/wp\/v2\/media?parent=4536"}],"wp:term":[{"taxonomy":"product_cat","embeddable":true,"href":"https:\/\/www.karaoke-helden.de\/playbackshop\/wp-json\/wp\/v2\/product_cat?post=4536"},{"taxonomy":"product_tag","embeddable":true,"href":"https:\/\/www.karaoke-helden.de\/playbackshop\/wp-json\/wp\/v2\/product_tag?post=4536"}],"curies":[{"name":"wp","href":"https:\/\/api.w.org\/{rel}","templated":true}]}}