{"id":5823,"date":"2020-06-21T11:43:24","date_gmt":"2020-06-21T09:43:24","guid":{"rendered":"https:\/\/www.karaoke-helden.de\/playbackshop\/?post_type=product&#038;p=5823"},"modified":"2022-01-10T10:28:42","modified_gmt":"2022-01-10T09:28:42","slug":"sweet-georgia-brown-sgb0061-sinatra-hits-2-swing-karaoke-playbacks","status":"publish","type":"product","link":"https:\/\/www.karaoke-helden.de\/playbackshop\/sweet-georgia-brown-sgb0061-sinatra-hits-2-swing-karaoke-playbacks","title":{"rendered":"Sweet Georgia Brown &#8211; SGB0061 \u2013 Sinatra Hits 2 \u2013 Swing Karaoke Playbacks"},"content":{"rendered":"<h2>Sweet Georgia Brown &#8211; SGB0061 \u2013 Sinatra Hits 2 \u2013 Karaoke Playbacks.<\/h2>\n<h2>Beste Swing und Jazz Karaoke-Playbacks von Frank Sinatra f\u00fcr Deine Sammlung&#8230;<\/h2>\n<h3>NEU \/ OVP ( Papp-H\u00fclle ) &#8211; Versand in Deutschland mit Sendungsnummer &#8230;<\/h3>\n<p><em><strong>Karaoke-Shop:<\/strong><\/em> Hier kommen ganz gro\u00dfe Hits einer musikalischen Legende in den Shop. Mit der &#8211; Sweet Georgia Brown &#8211; SGB0061 \u2013 Sinatra Hits 2 \u2013 Swing Karaoke Playbacks &#8211; bekommst Du 16 All-Time Hits von &#8220;Franky-Boy&#8221; die niemals fehlen sollten. Aufgenommen in den USA nat\u00fcrlich mit ECHTEN Musikern in Top-Qualit\u00e4t die so selten auf dem Markt zu finden ist.<\/p>\n<p>Als Highlight sei der Track 16 angemerkt, hier gibt es Medley bekannter Songs in der SPEZIAL-Version von Frank Sinatra.<\/p>\n<p>Diese CD + Graphics-CD kann sowohl in normalen CD-Playern als auch in Karaoke-Maschinen verwendet werden.<\/p>\n<p><span style=\"text-decoration: underline;\"><em><strong>Diese All-Time-Hits sind auf der CD+G:<\/strong><\/em><\/span><\/p>\n<p>1 After You\u2019ve Gone<br \/>\n2 Didn\u2019t We<br \/>\n3 Embraceable You<br \/>\n4 Fly Me To The Moon<br \/>\n5 Fools Rush In<br \/>\n6 Hey Jealous Lover<br \/>\n7 All Or Nothing At All<br \/>\n8 I\u2019ll Be Seeing You<br \/>\n9 It Was A Very Good Year<br \/>\n10 Second Time Around, The<br \/>\n11 September Song<br \/>\n12 I\u2019ve Got The World On A String<br \/>\n13 I Had The Craziest Dream<br \/>\n14 Someone To Watch Over Me<br \/>\n15 They All Laughed<br \/>\n16 Medley &#8211; God Bless America \/ We Will Rock You \/ We Are The Champions<\/p>\n<p><em>Coverversionen im Style der genannten K\u00fcnstler \/ Bands \u2013 Ohne den \/ die Original-K\u00fcnstler (Musiker).<\/em><\/p>\n<p><em>Mit \u201eLive-Band\u201c aufgenommen \u2013 Teilweise Backings vorhanden.<\/em><\/p>\n<p>Im Vertrieb der World-Of-Karaoke \u2013 Neuer Artikel \u2013 Unge\u00f6ffnet \u2013 OVP.<\/p>\n<p><strong><em>Format:<\/em><\/strong>\u00a0CD+G. \u2013 CD+G laufen zu 99% auch auf NORMALEN CD-Playern \u2013 Dennoch kann es hier und da zu AUSSETZERN kommen!\u00a0<em><strong>Multi-Plex:<\/strong><\/em>\u00a0Keine Angabe.<\/p>\n<p><strong>Hinweis:<\/strong>\u00a0<em>Midifiles-Kaufen \/ World-Of-Karaoke ber\u00fccksichtigt immer s\u00e4mtliche Urheberrechte. Alle Rechte f\u00fcr die musikalischen Werke auf dieser Website\/Shop sind vorbehalten. Die angebotenen Songs d\u00fcrfen ohne schriftliche Genehmigung Word-of-Karaoke nur f\u00fcr private Zwecke genutzt werden. Alle musikalischen Werke auf dieser Website sind Neuaufnahmen im Style der Original-K\u00fcnstler\/Bands und beinhalten in keinster Weise die Originalstimmen oder sonstige Segmente des Originaltitels.<\/em><\/p>\n<p><em>Alle Urheber und Leistungsschutzrechte vorbehalten.<\/em><\/p>\n<p><em>Kein Verleih, Keine unerlaubte Kopien, Auff\u00fchrung, Sendung. Beachte die GEMA-Rechte<\/em>.<\/p>\n<p><strong>World-Of-Karaoke<\/strong>\u00a0\u2013\u00a0<strong>Karaokesongs<\/strong>\u00a0und Playbacks immer GENADENLOS,\u00a0<strong>GENIAL G\u00dcNSTIG<\/strong>\u00a0kaufen!<\/p>\n<p><strong><em>SEO:<\/em>\u00a0<\/strong> &#8211; <strong>Sweet Georgia Brown<\/strong> &#8211; <strong>SGB0061<\/strong> \u2013 <strong>Sinatra Hits 2<\/strong> \u2013 <strong>Swing Karaoke Playbacks<\/strong> .<\/p>\n<h3>Service \/ Umwelt \/ Versand und Preishinweis<\/h3>\n<p><strong>Bitte BEACHTEN:<\/strong>\u00a0Bei den Preisen im Shop ist ALLES an Nebenkosten enthalten wenn NICHT anderes ANGEGEBEN (siehe Bild unter dem Preis). Dazu geh\u00f6ren: Abgaben f\u00fcr das Duale-System \u2013 Entsorgung bei Batterien etc.! Ebenfalls sind Verpackung und Versandkosten inkl. Sendungsnummer-Kosten bei der Post \/ DHL enthalten.<\/p>\n<p>Downloads sind GRUNDS\u00c4TZLICH ohne Zusatzkosten. Bei Waren im Download bekommst Du den LINK zur jeweiligen Datei innerhalb von 12.Stunden nach Eingang des Rechnungsbetrages (auch am Wochenende und Feiertagen). Es gibt keinen AUTOMATISCHEN Download. Wir stellen DEINEN Download immer pers\u00f6nlich zusammen.<\/p>\n<p><em><strong>Suchnummer:<\/strong>\u00a0<\/em>1884 &#8211; Bulk-P-2<\/p>\n<div class=\"shariff shariff-align-center shariff-widget-align-center shariff-buttonstretch\"><ul class=\"shariff-buttons theme-color orientation-horizontal buttonsize-small\"><li class=\"shariff-button facebook shariff-nocustomcolor\" style=\"background-color:#4273c8\"><a href=\"https:\/\/www.facebook.com\/sharer\/sharer.php?u=https%3A%2F%2Fwww.karaoke-helden.de%2Fplaybackshop%2Fsweet-georgia-brown-sgb0061-sinatra-hits-2-swing-karaoke-playbacks\" title=\"Bei Facebook teilen\" aria-label=\"Bei Facebook teilen\" role=\"button\" rel=\"nofollow\" class=\"shariff-link\" style=\"; background-color:#3b5998; color:#fff\" target=\"_blank\"><span class=\"shariff-icon\" style=\"\"><svg width=\"32px\" height=\"20px\" xmlns=\"http:\/\/www.w3.org\/2000\/svg\" viewBox=\"0 0 18 32\"><path fill=\"#3b5998\" d=\"M17.1 0.2v4.7h-2.8q-1.5 0-2.1 0.6t-0.5 1.9v3.4h5.2l-0.7 5.3h-4.5v13.6h-5.5v-13.6h-4.5v-5.3h4.5v-3.9q0-3.3 1.9-5.2t5-1.8q2.6 0 4.1 0.2z\"\/><\/svg><\/span><span class=\"shariff-text\">teilen<\/span>&nbsp;<\/a><\/li><li class=\"shariff-button twitter shariff-nocustomcolor\" style=\"background-color:#595959\"><a href=\"https:\/\/twitter.com\/share?url=https%3A%2F%2Fwww.karaoke-helden.de%2Fplaybackshop%2Fsweet-georgia-brown-sgb0061-sinatra-hits-2-swing-karaoke-playbacks&text=Sweet%20Georgia%20Brown%20%E2%80%93%20SGB0061%20%E2%80%93%20Sinatra%20Hits%202%20%E2%80%93%20Swing%20Karaoke%20Playbacks&via=d24online\" title=\"Bei X teilen\" aria-label=\"Bei X teilen\" role=\"button\" rel=\"noopener nofollow\" class=\"shariff-link\" style=\"; background-color:#000; color:#fff\" target=\"_blank\"><span class=\"shariff-icon\" style=\"\"><svg width=\"32px\" height=\"20px\" xmlns=\"http:\/\/www.w3.org\/2000\/svg\" viewBox=\"0 0 24 24\"><path fill=\"#000\" d=\"M14.258 10.152L23.176 0h-2.113l-7.747 8.813L7.133 0H0l9.352 13.328L0 23.973h2.113l8.176-9.309 6.531 9.309h7.133zm-2.895 3.293l-.949-1.328L2.875 1.56h3.246l6.086 8.523.945 1.328 7.91 11.078h-3.246zm0 0\"\/><\/svg><\/span><span class=\"shariff-text\">teilen<\/span>&nbsp;<\/a><\/li><li class=\"shariff-button linkedin shariff-nocustomcolor\" style=\"background-color:#1488bf\"><a href=\"https:\/\/www.linkedin.com\/sharing\/share-offsite\/?url=https%3A%2F%2Fwww.karaoke-helden.de%2Fplaybackshop%2Fsweet-georgia-brown-sgb0061-sinatra-hits-2-swing-karaoke-playbacks\" title=\"Bei LinkedIn teilen\" aria-label=\"Bei LinkedIn teilen\" role=\"button\" rel=\"noopener nofollow\" class=\"shariff-link\" style=\"; background-color:#0077b5; color:#fff\" target=\"_blank\"><span class=\"shariff-icon\" style=\"\"><svg width=\"32px\" height=\"20px\" xmlns=\"http:\/\/www.w3.org\/2000\/svg\" viewBox=\"0 0 27 32\"><path fill=\"#0077b5\" d=\"M6.2 11.2v17.7h-5.9v-17.7h5.9zM6.6 5.7q0 1.3-0.9 2.2t-2.4 0.9h0q-1.5 0-2.4-0.9t-0.9-2.2 0.9-2.2 2.4-0.9 2.4 0.9 0.9 2.2zM27.4 18.7v10.1h-5.9v-9.5q0-1.9-0.7-2.9t-2.3-1.1q-1.1 0-1.9 0.6t-1.2 1.5q-0.2 0.5-0.2 1.4v9.9h-5.9q0-7.1 0-11.6t0-5.3l0-0.9h5.9v2.6h0q0.4-0.6 0.7-1t1-0.9 1.6-0.8 2-0.3q3 0 4.9 2t1.9 6z\"\/><\/svg><\/span><span class=\"shariff-text\">teilen<\/span>&nbsp;<\/a><\/li><li class=\"shariff-button rss shariff-nocustomcolor\" style=\"background-color:#ff8c00\"><a href=\"https:\/\/www.karaoke-helden.de\/playbackshop\/feed\/rss\" title=\"RSS-feed\" aria-label=\"RSS-feed\" role=\"button\" class=\"shariff-link\" style=\"; background-color:#fe9312; color:#fff\" target=\"_blank\"><span class=\"shariff-icon\" style=\"\"><svg width=\"32px\" height=\"20px\" xmlns=\"http:\/\/www.w3.org\/2000\/svg\" viewBox=\"0 0 32 32\"><path fill=\"#fe9312\" d=\"M4.3 23.5c-2.3 0-4.3 1.9-4.3 4.3 0 2.3 1.9 4.2 4.3 4.2 2.4 0 4.3-1.9 4.3-4.2 0-2.3-1.9-4.3-4.3-4.3zM0 10.9v6.1c4 0 7.7 1.6 10.6 4.4 2.8 2.8 4.4 6.6 4.4 10.6h6.2c0-11.7-9.5-21.1-21.1-21.1zM0 0v6.1c14.2 0 25.8 11.6 25.8 25.9h6.2c0-17.6-14.4-32-32-32z\"\/><\/svg><\/span><span class=\"shariff-text\">RSS-feed<\/span>&nbsp;<\/a><\/li><li class=\"shariff-button printer shariff-nocustomcolor\" style=\"background-color:#a8a8a8\"><a href=\"javascript:window.print()\" title=\"drucken\" aria-label=\"drucken\" role=\"button\" rel=\"noopener nofollow\" class=\"shariff-link\" style=\"; background-color:#999; color:#fff\"><span class=\"shariff-icon\" style=\"\"><svg width=\"32px\" height=\"20px\" xmlns=\"http:\/\/www.w3.org\/2000\/svg\" viewBox=\"0 0 30 32\"><path fill=\"#999\" d=\"M6.8 27.4h16v-4.6h-16v4.6zM6.8 16h16v-6.8h-2.8q-0.7 0-1.2-0.5t-0.5-1.2v-2.8h-11.4v11.4zM27.4 17.2q0-0.5-0.3-0.8t-0.8-0.4-0.8 0.4-0.3 0.8 0.3 0.8 0.8 0.3 0.8-0.3 0.3-0.8zM29.7 17.2v7.4q0 0.2-0.2 0.4t-0.4 0.2h-4v2.8q0 0.7-0.5 1.2t-1.2 0.5h-17.2q-0.7 0-1.2-0.5t-0.5-1.2v-2.8h-4q-0.2 0-0.4-0.2t-0.2-0.4v-7.4q0-1.4 1-2.4t2.4-1h1.2v-9.7q0-0.7 0.5-1.2t1.2-0.5h12q0.7 0 1.6 0.4t1.3 0.8l2.7 2.7q0.5 0.5 0.9 1.4t0.4 1.6v4.6h1.1q1.4 0 2.4 1t1 2.4z\"\/><\/svg><\/span><span class=\"shariff-text\">drucken<\/span>&nbsp;<\/a><\/li><li class=\"shariff-button whatsapp shariff-nocustomcolor\" style=\"background-color:#5cbe4a\"><a href=\"https:\/\/api.whatsapp.com\/send?text=https%3A%2F%2Fwww.karaoke-helden.de%2Fplaybackshop%2Fsweet-georgia-brown-sgb0061-sinatra-hits-2-swing-karaoke-playbacks%20Sweet%20Georgia%20Brown%20%E2%80%93%20SGB0061%20%E2%80%93%20Sinatra%20Hits%202%20%E2%80%93%20Swing%20Karaoke%20Playbacks\" title=\"Bei Whatsapp teilen\" aria-label=\"Bei Whatsapp teilen\" role=\"button\" rel=\"noopener nofollow\" class=\"shariff-link\" style=\"; background-color:#34af23; color:#fff\" target=\"_blank\"><span class=\"shariff-icon\" style=\"\"><svg width=\"32px\" height=\"20px\" xmlns=\"http:\/\/www.w3.org\/2000\/svg\" viewBox=\"0 0 32 32\"><path fill=\"#34af23\" d=\"M17.6 17.4q0.2 0 1.7 0.8t1.6 0.9q0 0.1 0 0.3 0 0.6-0.3 1.4-0.3 0.7-1.3 1.2t-1.8 0.5q-1 0-3.4-1.1-1.7-0.8-3-2.1t-2.6-3.3q-1.3-1.9-1.3-3.5v-0.1q0.1-1.6 1.3-2.8 0.4-0.4 0.9-0.4 0.1 0 0.3 0t0.3 0q0.3 0 0.5 0.1t0.3 0.5q0.1 0.4 0.6 1.6t0.4 1.3q0 0.4-0.6 1t-0.6 0.8q0 0.1 0.1 0.3 0.6 1.3 1.8 2.4 1 0.9 2.7 1.8 0.2 0.1 0.4 0.1 0.3 0 1-0.9t0.9-0.9zM14 26.9q2.3 0 4.3-0.9t3.6-2.4 2.4-3.6 0.9-4.3-0.9-4.3-2.4-3.6-3.6-2.4-4.3-0.9-4.3 0.9-3.6 2.4-2.4 3.6-0.9 4.3q0 3.6 2.1 6.6l-1.4 4.2 4.3-1.4q2.8 1.9 6.2 1.9zM14 2.2q2.7 0 5.2 1.1t4.3 2.9 2.9 4.3 1.1 5.2-1.1 5.2-2.9 4.3-4.3 2.9-5.2 1.1q-3.5 0-6.5-1.7l-7.4 2.4 2.4-7.2q-1.9-3.2-1.9-6.9 0-2.7 1.1-5.2t2.9-4.3 4.3-2.9 5.2-1.1z\"\/><\/svg><\/span><span class=\"shariff-text\">teilen<\/span>&nbsp;<\/a><\/li><\/ul><\/div>","protected":false},"excerpt":{"rendered":"<p><em><strong><a href=\"\/playbackshop\/versandarten\/\" target=\"_blank\" rel=\"noopener noreferrer\"><img decoding=\"async\" class=\"aligncenter wp-image-8471 size-full\" src=\"https:\/\/www.karaoke-helden.de\/playbackshop\/wp-content\/uploads\/2020\/10\/Versandkosten-Info-Oktober.jpg\" alt=\"Versandinfo-Kosten-Neu\" width=\"550\" height=\"125\" \/><\/a>Mega-Karaoke-Shop:<\/strong> <\/em>Hier kommen ganz gro\u00dfe Hits einer musikalischen Legende in den Shop. Mit der &#8211; Sweet Georgia Brown &#8211; SGB0061 \u2013 Sinatra Hits 2 \u2013 Swing Karaoke Playbacks &#8211; bekommst Du 16 All-Time Hits von &#8220;Franky-Boy&#8221; die niemals fehlen sollten. Aufgenommen in den USA nat\u00fcrlich mit ECHTEN Musikern in Top-Qualit\u00e4t&#8230;<\/p>\n<p>&nbsp;<\/p>\n","protected":false},"featured_media":5822,"template":"","meta":{"rank_math_lock_modified_date":false},"product_cat":[824,927,932,825,862,917,930,1156,2140,939],"product_tag":[12782,9374,12783,4464,6759,10648,12790,12784,12788,9530,4598,12785,987,7467,1164,12005,12039,12040,849,12041,1223,850,1002,12786,12787,12779,1222,12780,4782,4470,12781,4631,12789,3568,5885,1100],"class_list":{"0":"post-5823","1":"product","2":"type-product","3":"status-publish","4":"has-post-thumbnail","6":"product_cat-alle-produkte","7":"product_cat-jazz","8":"product_cat-lovesongs","9":"product_cat-playback-cdg","10":"product_cat-playbacks-nach-hersteller","11":"product_cat-playbacks-nach-musik-kategorie","12":"product_cat-rock-pop","13":"product_cat-swett-georgia-brown","14":"product_cat-swing","15":"product_cat-weitere-musikstyle","16":"product_tag-after-youve-gone","17":"product_tag-all-or-nothing-at-all","18":"product_tag-didnt-we","19":"product_tag-embraceable-you","20":"product_tag-fly-me-to-the-moon","21":"product_tag-fools-rush-in","22":"product_tag-god-bless-america","23":"product_tag-hey-jealous-lover","24":"product_tag-i-had-the-craziest-dream","25":"product_tag-ill-be-seeing-you","26":"product_tag-ive-got-the-world-on-a-string","27":"product_tag-it-was-a-very-good-year","28":"product_tag-karaoke","29":"product_tag-karaoke-helden","30":"product_tag-karaoke-kaufen","31":"product_tag-karaoke-gigant","32":"product_tag-karaoke-store","33":"product_tag-mega-karaoke","34":"product_tag-neu","35":"product_tag-neuware","36":"product_tag-online","37":"product_tag-ovp","38":"product_tag-playbacks-kaufen","39":"product_tag-second-time-around","40":"product_tag-september-song","41":"product_tag-sgb0061","42":"product_tag-shop","43":"product_tag-sinatra-hits-2","44":"product_tag-someone-to-watch-over-me","45":"product_tag-sweet-georgia-brown","46":"product_tag-swing-karaoke-playbacks","47":"product_tag-the","48":"product_tag-they-all-laughed-medley","49":"product_tag-we-are-the-champions","50":"product_tag-we-will-rock-you","51":"product_tag-world-of-karaoke","53":"first","54":"instock","55":"taxable","56":"shipping-taxable","57":"product-type-simple","58":"add-to-wishlist-after_add_to_cart"},"_links":{"self":[{"href":"https:\/\/www.karaoke-helden.de\/playbackshop\/wp-json\/wp\/v2\/product\/5823","targetHints":{"allow":["GET"]}}],"collection":[{"href":"https:\/\/www.karaoke-helden.de\/playbackshop\/wp-json\/wp\/v2\/product"}],"about":[{"href":"https:\/\/www.karaoke-helden.de\/playbackshop\/wp-json\/wp\/v2\/types\/product"}],"wp:featuredmedia":[{"embeddable":true,"href":"https:\/\/www.karaoke-helden.de\/playbackshop\/wp-json\/wp\/v2\/media\/5822"}],"wp:attachment":[{"href":"https:\/\/www.karaoke-helden.de\/playbackshop\/wp-json\/wp\/v2\/media?parent=5823"}],"wp:term":[{"taxonomy":"product_cat","embeddable":true,"href":"https:\/\/www.karaoke-helden.de\/playbackshop\/wp-json\/wp\/v2\/product_cat?post=5823"},{"taxonomy":"product_tag","embeddable":true,"href":"https:\/\/www.karaoke-helden.de\/playbackshop\/wp-json\/wp\/v2\/product_tag?post=5823"}],"curies":[{"name":"wp","href":"https:\/\/api.w.org\/{rel}","templated":true}]}}