{"id":7407,"date":"2020-06-03T14:05:09","date_gmt":"2020-06-03T12:05:09","guid":{"rendered":"https:\/\/www.karaoke-helden.de\/playbackshop\/?post_type=product&#038;p=7407"},"modified":"2020-06-03T14:17:28","modified_gmt":"2020-06-03T12:17:28","slug":"gold-country-2-cd-set-gebraucht-top-zustand","status":"publish","type":"product","link":"https:\/\/www.karaoke-helden.de\/playbackshop\/gold-country-2-cd-set-gebraucht-top-zustand","title":{"rendered":"Gold Country 2 CD-Set &#8211; Gebraucht \u2013 Top-Zustand"},"content":{"rendered":"<h2>Gold Country 2 CD-Set &#8211; Gebraucht \u2013 Top-Zustand.<br \/>\nEinmal Wilder-Westen bitte&#8230;<\/h2>\n<h3>Gebraucht \/ Versiegelt \/ Versand in Deutschland per DHL mit Sendungsnummer &#8230;<\/h3>\n<p><em><strong>Jetzt im Musik-Gebraucht-Shop:<\/strong><\/em> Gold Country 2 CD-Set &#8211; Gebraucht \u2013 Top-Zustand &#8211; Hier kommt eine Country CD in unseren Gebrauchtshop f\u00fcr CDs. Erstellt im Jahr 1995, die hier im ANGEBOT stehende CD sieht aus wie direkt aus dem Laden. Minimale Spuren k\u00f6nnen nat\u00fcrlich immer Vorhanden sein. Wir haben diese CD f\u00fcr unsere Kunden gepr\u00fcft (Wir h\u00f6ren uns jede CD an). Grunds\u00e4tzlich verkaufen wir keinen CD-Schrott wie manch ANDERE!<\/p>\n<p><strong>Format:<\/strong> Musik-Audio-CD &#8211; Kein Karaoke.<\/p>\n<p><span style=\"text-decoration: underline;\"><em><strong>Hier der Inhalt:<\/strong><\/em><\/span><\/p>\n<p><em><strong>Tracklist 1<\/strong><\/em><\/p>\n<p>1. Dolly Parton &#8211; Honky Tonk Angels<br \/>\n2. Johnny Cash &#8211; Two Timin&#8217; Woman<br \/>\n3. Freddy Fender &#8211; Baby, I Want to Love You<br \/>\n4. Billie Jo Spears &#8211; I&#8217;ll Never Be Free<br \/>\n5. Donna Fargo &#8211; Sticks and Stones<br \/>\n6. Conway Twitty &#8211; You Made Me What I Am<br \/>\n7. Dolly Parton &#8211; Letter to Heaven<br \/>\n8. Willie Nelson &#8211; Home Is Where You&#8217;re Happy<br \/>\n9. The Pozo-Seco Singers &#8211; Take My Hand for a While<br \/>\n10. Waylon Jennings &#8211; It&#8217;s So Easy<br \/>\n11. Johnny Cash &#8211; Oh, Lonesome Me<br \/>\n12. Johnny Paycheck &#8211; Who Needs Your Love<br \/>\n13. The Pozo-Seco Singers &#8211; Where Do We Go from Here<br \/>\n14. Rex Allen, Jr. &#8211; Dream on Texas Ladies<br \/>\n15. Stu Stevens &#8211; Let&#8217;s Go Johnny<br \/>\n16. The Oak Ridge Boys &#8211; You&#8217;ll Never Walk Alone<\/p>\n<p><strong><em>Tracklist 2<\/em><\/strong><\/p>\n<p>1. Emmylou Harris &#8211; That&#8217;s All It Took<br \/>\n2. Conway Twitty &#8211; Blue Is the Way I Feel<br \/>\n3. Andy Forstman &#8211; My Tennessee Home<br \/>\n4. Sandy Posey &#8211; Single Girl<br \/>\n5. Ray Pillow &#8211; We&#8217;re Together Again<br \/>\n6. Jeannie C. Riley &#8211; Harper Valley P.T.A.<br \/>\n7. Faron Young &#8211; Hello Walls<br \/>\n8. Patti Page &#8211; Tennessee Waltz<br \/>\n9. Dave Dudley &#8211; Cowboy Boots<br \/>\n10. Susan Raye &#8211; I&#8217;ve Got a Happy Heart<br \/>\n11. Freddy Fender &#8211; Silver Wings<br \/>\n12. Donna Fargo &#8211; All That&#8217;s Keeping Me Alive<br \/>\n13. Patsy Cline &#8211; Just out of Reach<br \/>\n14. George Jones &#8211; Worlds Worst Loser<br \/>\n15. Dolly Parton &#8211; (It Wasn&#8217;t God Who Made) Honky Tonk Angels<br \/>\n16. Willie Nelson &#8211; Face of a Fighter<\/p>\n<p><em><strong>SEO:<\/strong><\/em> \u2013 <strong>Gold Country 2 CD-Set<\/strong> &#8211; <strong>Gebraucht<\/strong> \u2013 <strong>Top-Zustand<\/strong> &#8211; <strong>Gebraucht-CD-Musik-Shop<\/strong> &#8211;<\/p>\n<h3>Service \/ Umwelt \/ Versand und Preishinweis<\/h3>\n<p><strong>Bitte BEACHTEN:<\/strong>\u00a0Bei den Preisen im Shop ist ALLES an Nebenkosten enthalten wenn NICHT anderes ANGEGEBEN (siehe Bild unter dem Preis). Dazu geh\u00f6ren: Abgaben f\u00fcr das Duale-System \u2013 Entsorgung bei Batterien etc.! Ebenfalls sind Verpackung und Versandkosten inkl. Sendungsnummer-Kosten bei der Post \/ DHL enthalten.<\/p>\n<p>Downloads sind GRUNDS\u00c4TZLICH ohne Zusatzkosten. Bei Waren im Download bekommst Du den LINK zur jeweiligen Datei innerhalb von 12.Stunden nach Eingang des Rechnungsbetrages (auch am Wochenende und Feiertagen). Es gibt keinen AUTOMATISCHEN Download. Wir stellen DEINEN Download immer pers\u00f6nlich zusammen.<\/p>\n<p><em><strong>Suchnummer:<\/strong><\/em> 1994 \u2013 K28<\/p>\n<div class=\"shariff shariff-align-center shariff-widget-align-center shariff-buttonstretch\"><ul class=\"shariff-buttons theme-color orientation-horizontal buttonsize-small\"><li class=\"shariff-button facebook shariff-nocustomcolor\" style=\"background-color:#4273c8\"><a href=\"https:\/\/www.facebook.com\/sharer\/sharer.php?u=https%3A%2F%2Fwww.karaoke-helden.de%2Fplaybackshop%2Fgold-country-2-cd-set-gebraucht-top-zustand\" title=\"Bei Facebook teilen\" aria-label=\"Bei Facebook teilen\" role=\"button\" rel=\"nofollow\" class=\"shariff-link\" style=\"; background-color:#3b5998; color:#fff\" target=\"_blank\"><span class=\"shariff-icon\" style=\"\"><svg width=\"32px\" height=\"20px\" xmlns=\"http:\/\/www.w3.org\/2000\/svg\" viewBox=\"0 0 18 32\"><path fill=\"#3b5998\" d=\"M17.1 0.2v4.7h-2.8q-1.5 0-2.1 0.6t-0.5 1.9v3.4h5.2l-0.7 5.3h-4.5v13.6h-5.5v-13.6h-4.5v-5.3h4.5v-3.9q0-3.3 1.9-5.2t5-1.8q2.6 0 4.1 0.2z\"\/><\/svg><\/span><span class=\"shariff-text\">teilen<\/span>&nbsp;<\/a><\/li><li class=\"shariff-button twitter shariff-nocustomcolor\" style=\"background-color:#595959\"><a href=\"https:\/\/twitter.com\/share?url=https%3A%2F%2Fwww.karaoke-helden.de%2Fplaybackshop%2Fgold-country-2-cd-set-gebraucht-top-zustand&text=Gold%20Country%202%20CD-Set%20%E2%80%93%20Gebraucht%20%E2%80%93%20Top-Zustand&via=d24online\" title=\"Bei X teilen\" aria-label=\"Bei X teilen\" role=\"button\" rel=\"noopener nofollow\" class=\"shariff-link\" style=\"; background-color:#000; color:#fff\" target=\"_blank\"><span class=\"shariff-icon\" style=\"\"><svg width=\"32px\" height=\"20px\" xmlns=\"http:\/\/www.w3.org\/2000\/svg\" viewBox=\"0 0 24 24\"><path fill=\"#000\" d=\"M14.258 10.152L23.176 0h-2.113l-7.747 8.813L7.133 0H0l9.352 13.328L0 23.973h2.113l8.176-9.309 6.531 9.309h7.133zm-2.895 3.293l-.949-1.328L2.875 1.56h3.246l6.086 8.523.945 1.328 7.91 11.078h-3.246zm0 0\"\/><\/svg><\/span><span class=\"shariff-text\">teilen<\/span>&nbsp;<\/a><\/li><li class=\"shariff-button linkedin shariff-nocustomcolor\" style=\"background-color:#1488bf\"><a href=\"https:\/\/www.linkedin.com\/sharing\/share-offsite\/?url=https%3A%2F%2Fwww.karaoke-helden.de%2Fplaybackshop%2Fgold-country-2-cd-set-gebraucht-top-zustand\" title=\"Bei LinkedIn teilen\" aria-label=\"Bei LinkedIn teilen\" role=\"button\" rel=\"noopener nofollow\" class=\"shariff-link\" style=\"; background-color:#0077b5; color:#fff\" target=\"_blank\"><span class=\"shariff-icon\" style=\"\"><svg width=\"32px\" height=\"20px\" xmlns=\"http:\/\/www.w3.org\/2000\/svg\" viewBox=\"0 0 27 32\"><path fill=\"#0077b5\" d=\"M6.2 11.2v17.7h-5.9v-17.7h5.9zM6.6 5.7q0 1.3-0.9 2.2t-2.4 0.9h0q-1.5 0-2.4-0.9t-0.9-2.2 0.9-2.2 2.4-0.9 2.4 0.9 0.9 2.2zM27.4 18.7v10.1h-5.9v-9.5q0-1.9-0.7-2.9t-2.3-1.1q-1.1 0-1.9 0.6t-1.2 1.5q-0.2 0.5-0.2 1.4v9.9h-5.9q0-7.1 0-11.6t0-5.3l0-0.9h5.9v2.6h0q0.4-0.6 0.7-1t1-0.9 1.6-0.8 2-0.3q3 0 4.9 2t1.9 6z\"\/><\/svg><\/span><span class=\"shariff-text\">teilen<\/span>&nbsp;<\/a><\/li><li class=\"shariff-button rss shariff-nocustomcolor\" style=\"background-color:#ff8c00\"><a href=\"https:\/\/www.karaoke-helden.de\/playbackshop\/feed\/rss\" title=\"RSS-feed\" aria-label=\"RSS-feed\" role=\"button\" class=\"shariff-link\" style=\"; background-color:#fe9312; color:#fff\" target=\"_blank\"><span class=\"shariff-icon\" style=\"\"><svg width=\"32px\" height=\"20px\" xmlns=\"http:\/\/www.w3.org\/2000\/svg\" viewBox=\"0 0 32 32\"><path fill=\"#fe9312\" d=\"M4.3 23.5c-2.3 0-4.3 1.9-4.3 4.3 0 2.3 1.9 4.2 4.3 4.2 2.4 0 4.3-1.9 4.3-4.2 0-2.3-1.9-4.3-4.3-4.3zM0 10.9v6.1c4 0 7.7 1.6 10.6 4.4 2.8 2.8 4.4 6.6 4.4 10.6h6.2c0-11.7-9.5-21.1-21.1-21.1zM0 0v6.1c14.2 0 25.8 11.6 25.8 25.9h6.2c0-17.6-14.4-32-32-32z\"\/><\/svg><\/span><span class=\"shariff-text\">RSS-feed<\/span>&nbsp;<\/a><\/li><li class=\"shariff-button printer shariff-nocustomcolor\" style=\"background-color:#a8a8a8\"><a href=\"javascript:window.print()\" title=\"drucken\" aria-label=\"drucken\" role=\"button\" rel=\"noopener nofollow\" class=\"shariff-link\" style=\"; background-color:#999; color:#fff\"><span class=\"shariff-icon\" style=\"\"><svg width=\"32px\" height=\"20px\" xmlns=\"http:\/\/www.w3.org\/2000\/svg\" viewBox=\"0 0 30 32\"><path fill=\"#999\" d=\"M6.8 27.4h16v-4.6h-16v4.6zM6.8 16h16v-6.8h-2.8q-0.7 0-1.2-0.5t-0.5-1.2v-2.8h-11.4v11.4zM27.4 17.2q0-0.5-0.3-0.8t-0.8-0.4-0.8 0.4-0.3 0.8 0.3 0.8 0.8 0.3 0.8-0.3 0.3-0.8zM29.7 17.2v7.4q0 0.2-0.2 0.4t-0.4 0.2h-4v2.8q0 0.7-0.5 1.2t-1.2 0.5h-17.2q-0.7 0-1.2-0.5t-0.5-1.2v-2.8h-4q-0.2 0-0.4-0.2t-0.2-0.4v-7.4q0-1.4 1-2.4t2.4-1h1.2v-9.7q0-0.7 0.5-1.2t1.2-0.5h12q0.7 0 1.6 0.4t1.3 0.8l2.7 2.7q0.5 0.5 0.9 1.4t0.4 1.6v4.6h1.1q1.4 0 2.4 1t1 2.4z\"\/><\/svg><\/span><span class=\"shariff-text\">drucken<\/span>&nbsp;<\/a><\/li><li class=\"shariff-button whatsapp shariff-nocustomcolor\" style=\"background-color:#5cbe4a\"><a href=\"https:\/\/api.whatsapp.com\/send?text=https%3A%2F%2Fwww.karaoke-helden.de%2Fplaybackshop%2Fgold-country-2-cd-set-gebraucht-top-zustand%20Gold%20Country%202%20CD-Set%20%E2%80%93%20Gebraucht%20%E2%80%93%20Top-Zustand\" title=\"Bei Whatsapp teilen\" aria-label=\"Bei Whatsapp teilen\" role=\"button\" rel=\"noopener nofollow\" class=\"shariff-link\" style=\"; background-color:#34af23; color:#fff\" target=\"_blank\"><span class=\"shariff-icon\" style=\"\"><svg width=\"32px\" height=\"20px\" xmlns=\"http:\/\/www.w3.org\/2000\/svg\" viewBox=\"0 0 32 32\"><path fill=\"#34af23\" d=\"M17.6 17.4q0.2 0 1.7 0.8t1.6 0.9q0 0.1 0 0.3 0 0.6-0.3 1.4-0.3 0.7-1.3 1.2t-1.8 0.5q-1 0-3.4-1.1-1.7-0.8-3-2.1t-2.6-3.3q-1.3-1.9-1.3-3.5v-0.1q0.1-1.6 1.3-2.8 0.4-0.4 0.9-0.4 0.1 0 0.3 0t0.3 0q0.3 0 0.5 0.1t0.3 0.5q0.1 0.4 0.6 1.6t0.4 1.3q0 0.4-0.6 1t-0.6 0.8q0 0.1 0.1 0.3 0.6 1.3 1.8 2.4 1 0.9 2.7 1.8 0.2 0.1 0.4 0.1 0.3 0 1-0.9t0.9-0.9zM14 26.9q2.3 0 4.3-0.9t3.6-2.4 2.4-3.6 0.9-4.3-0.9-4.3-2.4-3.6-3.6-2.4-4.3-0.9-4.3 0.9-3.6 2.4-2.4 3.6-0.9 4.3q0 3.6 2.1 6.6l-1.4 4.2 4.3-1.4q2.8 1.9 6.2 1.9zM14 2.2q2.7 0 5.2 1.1t4.3 2.9 2.9 4.3 1.1 5.2-1.1 5.2-2.9 4.3-4.3 2.9-5.2 1.1q-3.5 0-6.5-1.7l-7.4 2.4 2.4-7.2q-1.9-3.2-1.9-6.9 0-2.7 1.1-5.2t2.9-4.3 4.3-2.9 5.2-1.1z\"\/><\/svg><\/span><span class=\"shariff-text\">teilen<\/span>&nbsp;<\/a><\/li><\/ul><\/div>","protected":false},"excerpt":{"rendered":"<p><em><strong><a href=\"\/playbackshop\/versandarten\/\" target=\"_blank\" rel=\"noopener noreferrer\"><img decoding=\"async\" class=\"aligncenter wp-image-7632 size-full\" src=\"https:\/\/www.karaoke-helden.de\/playbackshop\/wp-content\/uploads\/2020\/10\/Versandkosten-Info-Oktober.jpg\" alt=\"Preis zzgl Versandkostenpauschale\" width=\"550\" height=\"65\" \/><\/a>Jetzt im Country-Musik-Gebraucht-Shop:<\/strong><\/em> Gold Country 2 CD-Set &#8211; Gebraucht \u2013 Top-Zustand &#8211; Hier kommt eine Country CD in unseren Gebrauchtshop f\u00fcr CDs. Erstellt im Jahr 1995, die hier im ANGEBOT stehende CD sieht aus wie direkt aus dem Laden. Minimale Spuren k\u00f6nnen nat\u00fcrlich immer Vorhanden sein. Wir haben diese CD f\u00fcr unsere Kunden gepr\u00fcft (Wir h\u00f6ren uns jede CD an).<\/p>\n","protected":false},"featured_media":7408,"template":"","meta":{"rank_math_lock_modified_date":false},"product_cat":[6847,824,14912,6530,1110],"product_tag":[14917,4146,8239,2320,14919,5385,10900,14914,14913,14915,14918,2592,2339,14927,987,7467,1164,12005,12039,14922,12040,14926,1223,1002,1641,1222,14920,14925,14924,14888,14916,10980,6644,10563,14928,14923,1100,14921],"class_list":{"0":"post-7407","1":"product","2":"type-product","3":"status-publish","4":"has-post-thumbnail","6":"product_cat-alben","7":"product_cat-alle-produkte","8":"product_cat-country-und-western","9":"product_cat-gebrauchte-cd-s","10":"product_cat-musik-cd-und-dvd-shop","11":"product_tag-baby-i-want-to-love-you","12":"product_tag-billie-jo-spears","13":"product_tag-conway-twitty","14":"product_tag-dolly-parton","15":"product_tag-donna-fargo","16":"product_tag-freddy-fender","17":"product_tag-gebraucht","18":"product_tag-gebrauchte-cd","19":"product_tag-gold-country-2-cd-set","20":"product_tag-honky-tonk-angels","21":"product_tag-ill-never-be-free","22":"product_tag-its-so-easy","23":"product_tag-johnny-cash","24":"product_tag-johnny-paycheck","25":"product_tag-karaoke","26":"product_tag-karaoke-helden","27":"product_tag-karaoke-kaufen","28":"product_tag-karaoke-gigant","29":"product_tag-karaoke-store","30":"product_tag-letter-to-heaven","31":"product_tag-mega-karaoke","32":"product_tag-oh-lonesome-me","33":"product_tag-online","34":"product_tag-playbacks-kaufen","35":"product_tag-sammlerstueck","36":"product_tag-shop","37":"product_tag-sticks-and-stones","38":"product_tag-take-my-hand-for-a-while","39":"product_tag-the-pozo-seco-singers","40":"product_tag-top-zustand","41":"product_tag-two-timin-woman","42":"product_tag-versandkostenfrei-in-deutschland","43":"product_tag-waylon-jennings","44":"product_tag-where-do-we-go-from-here","45":"product_tag-who-needs-your-love","46":"product_tag-willie-nelson-home-is-where-youre-happy","47":"product_tag-world-of-karaoke","48":"product_tag-you-made-me-what-i-am","50":"first","51":"instock","52":"product-type-simple","53":"add-to-wishlist-after_add_to_cart"},"_links":{"self":[{"href":"https:\/\/www.karaoke-helden.de\/playbackshop\/wp-json\/wp\/v2\/product\/7407","targetHints":{"allow":["GET"]}}],"collection":[{"href":"https:\/\/www.karaoke-helden.de\/playbackshop\/wp-json\/wp\/v2\/product"}],"about":[{"href":"https:\/\/www.karaoke-helden.de\/playbackshop\/wp-json\/wp\/v2\/types\/product"}],"wp:featuredmedia":[{"embeddable":true,"href":"https:\/\/www.karaoke-helden.de\/playbackshop\/wp-json\/wp\/v2\/media\/7408"}],"wp:attachment":[{"href":"https:\/\/www.karaoke-helden.de\/playbackshop\/wp-json\/wp\/v2\/media?parent=7407"}],"wp:term":[{"taxonomy":"product_cat","embeddable":true,"href":"https:\/\/www.karaoke-helden.de\/playbackshop\/wp-json\/wp\/v2\/product_cat?post=7407"},{"taxonomy":"product_tag","embeddable":true,"href":"https:\/\/www.karaoke-helden.de\/playbackshop\/wp-json\/wp\/v2\/product_tag?post=7407"}],"curies":[{"name":"wp","href":"https:\/\/api.w.org\/{rel}","templated":true}]}}