{"id":7460,"date":"2020-04-06T17:19:53","date_gmt":"2020-04-06T15:19:53","guid":{"rendered":"https:\/\/www.karaoke-helden.de\/playbackshop\/?post_type=product&#038;p=7460"},"modified":"2020-04-06T17:36:53","modified_gmt":"2020-04-06T15:36:53","slug":"formel-eins-38-speed-hits-2-cd-set-gebraucht-top-zustand","status":"publish","type":"product","link":"https:\/\/www.karaoke-helden.de\/playbackshop\/formel-eins-38-speed-hits-2-cd-set-gebraucht-top-zustand","title":{"rendered":"FORMEL EINS &#8211; 38 SPEED HITS &#8211; 2 CD-SET \u2013 Gebraucht &#8211; TOP-Zustand"},"content":{"rendered":"<h2>FORMEL EINS &#8211; 38 SPEED HITS &#8211; 2 CD-SET \u2013 Gebraucht &#8211; TOP-Zustand.<\/h2>\n<h2>Hei\u00dfe Partyhits wie frisch aus dem Laden&#8230;<\/h2>\n<h3>Gebraucht \/ Gereinigt \/ Versiegelt \/ Versand per DHL mit Sendungsnummer.<\/h3>\n<p><em><strong>Gebraucht-CD &#8211;<\/strong><\/em> Es muss ja nicht immer NEU sein, denn mit der FORMEL EINS &#8211; 38 SPEED HITS &#8211; 2 CD-SET, gibt es wieder tolle Musik auf die Ohren f\u00fcr jeden CD-Fan. Diese CD wurde nat\u00fcrlich von uns getestet und VORGEH\u00d6RT (ohne Probleme). Sie sieht fast so aus wie aus dem Laden. Klar, GEBRAUCHSSPUREN k\u00f6nnen immer da sein. Wir haben diese CD auch gereinigt, Schrott kauft man nicht bei uns. Geh\u00f6rt zu den gesuchten Sammlerst\u00fccken.<\/p>\n<p><strong>Format:<\/strong> Audio-CD &#8211; Keine Karaoke.<br \/>\n<strong>Herstellungsland:<\/strong> Deutschland<br \/>\n<strong>Zeit:<\/strong> 142:27<br \/>\n<strong>EAN-Nr.:<\/strong> 731452566720<br \/>\n<strong>Label\/Labelcode:<\/strong> POLYSTAR \/ LC 4324<br \/>\n<strong>Plattenfirma\/Katalog-Nr.:<\/strong> PolyGram GmbH, Hamburg \/ 525 667-2<\/p>\n<p><span style=\"text-decoration: underline;\"><strong>Diese Titel sind drauf auf der DOPPEL-CD:<\/strong><\/span><\/p>\n<p><em><strong>CD 1<\/strong><\/em><\/p>\n<p>01 &#8211; La Bouche &#8211; Be My Lover &#8211; 04:00<br \/>\n02 &#8211; Activate &#8211; I Say What I Want &#8211; 03:52<br \/>\n03 &#8211; Corona &#8211; Baby Baby &#8211; 03:44<br \/>\n04 &#8211; Bobby Brown &#8211; Two Can Play That Game &#8211; 03:30<br \/>\n05 &#8211; The Outhere Brothers &#8211; Boom Boom Boom &#8211; 03:29<br \/>\n06 &#8211; 20 Fingers feat. Roula &#8211; Lick It &#8211; 03:35<br \/>\n07 &#8211; Snap! feat. Summer &#8211; The First The Last Eternity &#8211; 03:53<br \/>\n08 &#8211; Livin&#8217; Joy &#8211; Dreamer &#8211; 03:43<br \/>\n09 &#8211; E-Type &#8211; This Is The Way &#8211; 03:54<br \/>\n10 &#8211; Alex Party &#8211; Don&#8217;t Give Me Your Life &#8211; 03:08<br \/>\n11 &#8211; Duke &#8211; So In Love With You &#8211; 03:55<br \/>\n12 &#8211; Freak Power &#8211; Turn On, Turn In, Cop Out &#8211; 04:16<br \/>\n13 &#8211; Glenn Frey &#8211; This Way To Happiness &#8211; 03:24<br \/>\n14 &#8211; Bed &amp; Breakfast &#8211; You Made Me Believe In Magic &#8211; 03:32<br \/>\n15 &#8211; Fun Factory &#8211; I Wanna B With U &#8211; 03:33<br \/>\n16 &#8211; Soul For Real &#8211; Candy Rain &#8211; 03:28<br \/>\n17 &#8211; Warren G &#8211; Do You See &#8211; 03:57<br \/>\n18 &#8211; Barry White &#8211; Come On &#8211; 03:39<\/p>\n<p><em><strong>CD 2<\/strong><\/em><\/p>\n<p>01 &#8211; Mark &#8216;Oh &#8211; Droste, h\u00f6rst Du mich? &#8211; 03:38<br \/>\n02 &#8211; Star Wash &#8211; Disco Fans &#8211; 03:17<br \/>\n03 &#8211; East 17 &#8211; Let It Rain &#8211; 03:31<br \/>\n04 &#8211; Raver&#8217;s Nature &#8211; Stop Scratchin&#8217; &#8211; 04:52<br \/>\n05 &#8211; Scooter &#8211; Friends (Single Edit) &#8211; 03:47<br \/>\n06 &#8211; K. Da&#8217; Cruz &#8211; Love Is Lifting Me Higher &#8211; 03:44<br \/>\n07 &#8211; RMB &#8211; Love Is An Ocean &#8211; 03:17<br \/>\n08 &#8211; Once Again &#8211; Nessaja &#8211; 04:36<br \/>\n09 &#8211; Pharao &#8211; World Of Magic &#8211; 03:59<br \/>\n10 &#8211; Z:O.E.E. &#8211; Tekkno Wonderland &#8211; 03:30<br \/>\n11 &#8211; Unrest feat. Beverly Skeete &#8211; Feel So High &#8211; 03:35<br \/>\n12 &#8211; Deep Thought &#8211; Push The Feeling On &#8217;95 &#8211; 03:57<br \/>\n13 &#8211; Dune &#8211; Hardcore Vibes &#8211; 04:49<br \/>\n14 &#8211; Perplexer &#8211; Church Of House &#8211; 03:20<br \/>\n15 &#8211; U 96 &#8211; Club Bizarre &#8211; 03:32<br \/>\n16 &#8211; Das Modul &#8211; Kleine Maus &#8211; 03:37<br \/>\n17 &#8211; Cabballero &#8211; Dancing With Tears In My Eyes &#8211; 04:20<br \/>\n18 &#8211; Powersound feat. Lori Glori &#8211; Freedom Forever &#8211; 03:27<br \/>\n19 &#8211; Stefan Raab &amp; Die Bekloppten feat. J\u00fcrgen Drews &amp; B\u00fcrger Lars Dietrich &#8211; Ein Bett im Kornfeld &#8211; 03:59<br \/>\n20 &#8211; Schwester S. &#8211; Hier kommt die Schwester &#8211; 03:15<\/p>\n<p><em><strong>SEO:<\/strong><\/em> \u2013 <strong>FORMEL EINS<\/strong> &#8211; <strong>38 SPEED HITS<\/strong> &#8211; <strong>2 CD-SET<\/strong> \u2013 <strong>Gebraucht<\/strong> &#8211; <strong>TOP-Zustand<\/strong> &#8211;<\/p>\n<h3>Service \/ Umwelt \/ Versand und Preishinweis<\/h3>\n<p><strong>Bitte BEACHTEN:<\/strong>\u00a0Bei den Preisen im Shop ist ALLES an Nebenkosten enthalten wenn NICHT anderes ANGEGEBEN (siehe Bild unter dem Preis). Dazu geh\u00f6ren: Abgaben f\u00fcr das Duale-System \u2013 Entsorgung bei Batterien etc.! Ebenfalls sind Verpackung und Versandkosten inkl. Sendungsnummer-Kosten bei der Post \/ DHL enthalten wenn nicht anders ANGEGEBEN.<\/p>\n<p>Downloads sind GRUNDS\u00c4TZLICH ohne Zusatzkosten. Bei Waren im Download bekommst Du den LINK zur jeweiligen Datei innerhalb von 12.Stunden nach Eingang des Rechnungsbetrages (auch am Wochenende und Feiertagen). Es gibt keinen AUTOMATISCHEN Download. Wir stellen DEINEN Download immer pers\u00f6nlich zusammen.<\/p>\n<p><em><strong>Suchnummer:<\/strong><\/em> 2001 \u2013 K28<\/p>\n<div class=\"shariff shariff-align-center shariff-widget-align-center shariff-buttonstretch\"><ul class=\"shariff-buttons theme-color orientation-horizontal buttonsize-small\"><li class=\"shariff-button facebook shariff-nocustomcolor\" style=\"background-color:#4273c8\"><a href=\"https:\/\/www.facebook.com\/sharer\/sharer.php?u=https%3A%2F%2Fwww.karaoke-helden.de%2Fplaybackshop%2Fformel-eins-38-speed-hits-2-cd-set-gebraucht-top-zustand\" title=\"Bei Facebook teilen\" aria-label=\"Bei Facebook teilen\" role=\"button\" rel=\"nofollow\" class=\"shariff-link\" style=\"; background-color:#3b5998; color:#fff\" target=\"_blank\"><span class=\"shariff-icon\" style=\"\"><svg width=\"32px\" height=\"20px\" xmlns=\"http:\/\/www.w3.org\/2000\/svg\" viewBox=\"0 0 18 32\"><path fill=\"#3b5998\" d=\"M17.1 0.2v4.7h-2.8q-1.5 0-2.1 0.6t-0.5 1.9v3.4h5.2l-0.7 5.3h-4.5v13.6h-5.5v-13.6h-4.5v-5.3h4.5v-3.9q0-3.3 1.9-5.2t5-1.8q2.6 0 4.1 0.2z\"\/><\/svg><\/span><span class=\"shariff-text\">teilen<\/span>&nbsp;<\/a><\/li><li class=\"shariff-button twitter shariff-nocustomcolor\" style=\"background-color:#595959\"><a href=\"https:\/\/twitter.com\/share?url=https%3A%2F%2Fwww.karaoke-helden.de%2Fplaybackshop%2Fformel-eins-38-speed-hits-2-cd-set-gebraucht-top-zustand&text=FORMEL%20EINS%20%E2%80%93%2038%20SPEED%20HITS%20%E2%80%93%202%20CD-SET%20%E2%80%93%20Gebraucht%20%E2%80%93%20TOP-Zustand&via=d24online\" title=\"Bei X teilen\" aria-label=\"Bei X teilen\" role=\"button\" rel=\"noopener nofollow\" class=\"shariff-link\" style=\"; background-color:#000; color:#fff\" target=\"_blank\"><span class=\"shariff-icon\" style=\"\"><svg width=\"32px\" height=\"20px\" xmlns=\"http:\/\/www.w3.org\/2000\/svg\" viewBox=\"0 0 24 24\"><path fill=\"#000\" d=\"M14.258 10.152L23.176 0h-2.113l-7.747 8.813L7.133 0H0l9.352 13.328L0 23.973h2.113l8.176-9.309 6.531 9.309h7.133zm-2.895 3.293l-.949-1.328L2.875 1.56h3.246l6.086 8.523.945 1.328 7.91 11.078h-3.246zm0 0\"\/><\/svg><\/span><span class=\"shariff-text\">teilen<\/span>&nbsp;<\/a><\/li><li class=\"shariff-button linkedin shariff-nocustomcolor\" style=\"background-color:#1488bf\"><a href=\"https:\/\/www.linkedin.com\/sharing\/share-offsite\/?url=https%3A%2F%2Fwww.karaoke-helden.de%2Fplaybackshop%2Fformel-eins-38-speed-hits-2-cd-set-gebraucht-top-zustand\" title=\"Bei LinkedIn teilen\" aria-label=\"Bei LinkedIn teilen\" role=\"button\" rel=\"noopener nofollow\" class=\"shariff-link\" style=\"; background-color:#0077b5; color:#fff\" target=\"_blank\"><span class=\"shariff-icon\" style=\"\"><svg width=\"32px\" height=\"20px\" xmlns=\"http:\/\/www.w3.org\/2000\/svg\" viewBox=\"0 0 27 32\"><path fill=\"#0077b5\" d=\"M6.2 11.2v17.7h-5.9v-17.7h5.9zM6.6 5.7q0 1.3-0.9 2.2t-2.4 0.9h0q-1.5 0-2.4-0.9t-0.9-2.2 0.9-2.2 2.4-0.9 2.4 0.9 0.9 2.2zM27.4 18.7v10.1h-5.9v-9.5q0-1.9-0.7-2.9t-2.3-1.1q-1.1 0-1.9 0.6t-1.2 1.5q-0.2 0.5-0.2 1.4v9.9h-5.9q0-7.1 0-11.6t0-5.3l0-0.9h5.9v2.6h0q0.4-0.6 0.7-1t1-0.9 1.6-0.8 2-0.3q3 0 4.9 2t1.9 6z\"\/><\/svg><\/span><span class=\"shariff-text\">teilen<\/span>&nbsp;<\/a><\/li><li class=\"shariff-button rss shariff-nocustomcolor\" style=\"background-color:#ff8c00\"><a href=\"https:\/\/www.karaoke-helden.de\/playbackshop\/feed\/rss\" title=\"RSS-feed\" aria-label=\"RSS-feed\" role=\"button\" class=\"shariff-link\" style=\"; background-color:#fe9312; color:#fff\" target=\"_blank\"><span class=\"shariff-icon\" style=\"\"><svg width=\"32px\" height=\"20px\" xmlns=\"http:\/\/www.w3.org\/2000\/svg\" viewBox=\"0 0 32 32\"><path fill=\"#fe9312\" d=\"M4.3 23.5c-2.3 0-4.3 1.9-4.3 4.3 0 2.3 1.9 4.2 4.3 4.2 2.4 0 4.3-1.9 4.3-4.2 0-2.3-1.9-4.3-4.3-4.3zM0 10.9v6.1c4 0 7.7 1.6 10.6 4.4 2.8 2.8 4.4 6.6 4.4 10.6h6.2c0-11.7-9.5-21.1-21.1-21.1zM0 0v6.1c14.2 0 25.8 11.6 25.8 25.9h6.2c0-17.6-14.4-32-32-32z\"\/><\/svg><\/span><span class=\"shariff-text\">RSS-feed<\/span>&nbsp;<\/a><\/li><li class=\"shariff-button printer shariff-nocustomcolor\" style=\"background-color:#a8a8a8\"><a href=\"javascript:window.print()\" title=\"drucken\" aria-label=\"drucken\" role=\"button\" rel=\"noopener nofollow\" class=\"shariff-link\" style=\"; background-color:#999; color:#fff\"><span class=\"shariff-icon\" style=\"\"><svg width=\"32px\" height=\"20px\" xmlns=\"http:\/\/www.w3.org\/2000\/svg\" viewBox=\"0 0 30 32\"><path fill=\"#999\" d=\"M6.8 27.4h16v-4.6h-16v4.6zM6.8 16h16v-6.8h-2.8q-0.7 0-1.2-0.5t-0.5-1.2v-2.8h-11.4v11.4zM27.4 17.2q0-0.5-0.3-0.8t-0.8-0.4-0.8 0.4-0.3 0.8 0.3 0.8 0.8 0.3 0.8-0.3 0.3-0.8zM29.7 17.2v7.4q0 0.2-0.2 0.4t-0.4 0.2h-4v2.8q0 0.7-0.5 1.2t-1.2 0.5h-17.2q-0.7 0-1.2-0.5t-0.5-1.2v-2.8h-4q-0.2 0-0.4-0.2t-0.2-0.4v-7.4q0-1.4 1-2.4t2.4-1h1.2v-9.7q0-0.7 0.5-1.2t1.2-0.5h12q0.7 0 1.6 0.4t1.3 0.8l2.7 2.7q0.5 0.5 0.9 1.4t0.4 1.6v4.6h1.1q1.4 0 2.4 1t1 2.4z\"\/><\/svg><\/span><span class=\"shariff-text\">drucken<\/span>&nbsp;<\/a><\/li><li class=\"shariff-button whatsapp shariff-nocustomcolor\" style=\"background-color:#5cbe4a\"><a href=\"https:\/\/api.whatsapp.com\/send?text=https%3A%2F%2Fwww.karaoke-helden.de%2Fplaybackshop%2Fformel-eins-38-speed-hits-2-cd-set-gebraucht-top-zustand%20FORMEL%20EINS%20%E2%80%93%2038%20SPEED%20HITS%20%E2%80%93%202%20CD-SET%20%E2%80%93%20Gebraucht%20%E2%80%93%20TOP-Zustand\" title=\"Bei Whatsapp teilen\" aria-label=\"Bei Whatsapp teilen\" role=\"button\" rel=\"noopener nofollow\" class=\"shariff-link\" style=\"; background-color:#34af23; color:#fff\" target=\"_blank\"><span class=\"shariff-icon\" style=\"\"><svg width=\"32px\" height=\"20px\" xmlns=\"http:\/\/www.w3.org\/2000\/svg\" viewBox=\"0 0 32 32\"><path fill=\"#34af23\" d=\"M17.6 17.4q0.2 0 1.7 0.8t1.6 0.9q0 0.1 0 0.3 0 0.6-0.3 1.4-0.3 0.7-1.3 1.2t-1.8 0.5q-1 0-3.4-1.1-1.7-0.8-3-2.1t-2.6-3.3q-1.3-1.9-1.3-3.5v-0.1q0.1-1.6 1.3-2.8 0.4-0.4 0.9-0.4 0.1 0 0.3 0t0.3 0q0.3 0 0.5 0.1t0.3 0.5q0.1 0.4 0.6 1.6t0.4 1.3q0 0.4-0.6 1t-0.6 0.8q0 0.1 0.1 0.3 0.6 1.3 1.8 2.4 1 0.9 2.7 1.8 0.2 0.1 0.4 0.1 0.3 0 1-0.9t0.9-0.9zM14 26.9q2.3 0 4.3-0.9t3.6-2.4 2.4-3.6 0.9-4.3-0.9-4.3-2.4-3.6-3.6-2.4-4.3-0.9-4.3 0.9-3.6 2.4-2.4 3.6-0.9 4.3q0 3.6 2.1 6.6l-1.4 4.2 4.3-1.4q2.8 1.9 6.2 1.9zM14 2.2q2.7 0 5.2 1.1t4.3 2.9 2.9 4.3 1.1 5.2-1.1 5.2-2.9 4.3-4.3 2.9-5.2 1.1q-3.5 0-6.5-1.7l-7.4 2.4 2.4-7.2q-1.9-3.2-1.9-6.9 0-2.7 1.1-5.2t2.9-4.3 4.3-2.9 5.2-1.1z\"\/><\/svg><\/span><span class=\"shariff-text\">teilen<\/span>&nbsp;<\/a><\/li><\/ul><\/div>","protected":false},"excerpt":{"rendered":"<p><em><strong><a href=\"\/playbackshop\/versandarten\/\" target=\"_blank\" rel=\"noopener noreferrer\"><img decoding=\"async\" class=\"aligncenter wp-image-7632 size-full\" src=\"https:\/\/www.karaoke-helden.de\/playbackshop\/wp-content\/uploads\/2020\/10\/Versandkosten-Info-Oktober.jpg\" alt=\"Preis zzgl Versandkostenpauschale\" width=\"550\" height=\"65\" \/><\/a>Gebraucht-CD-Shop &#8211;<\/strong><\/em> Es muss ja nicht immer NEU sein, denn mit der FORMEL EINS &#8211; 38 SPEED HITS &#8211; 2 CD-SET, gibt es wieder tolle Musik auf die Ohren f\u00fcr jeden CD-Fan. Diese CD wurde nat\u00fcrlich von uns getestet und VORGEH\u00d6RT (ohne Probleme). Sie sieht fast so aus wie aus dem Laden.<\/p>\n","protected":false},"featured_media":7459,"template":"","meta":{"rank_math_lock_modified_date":false},"product_cat":[6847,824,7581,6530,10743,1110,7504,10744],"product_tag":[14010,15061,15054,15056,15058,4375,12755,1608,15060,14977,15070,14234,1268,15076,15066,15019,1270,10900,14914,15057,15068,7467,1164,12005,15055,15062,15065,12040,9890,15073,1223,15074,15071,1641,15077,1222,15063,15069,15072,15064,15059,15067,14888,1607,15075,1100],"class_list":{"0":"post-7460","1":"product","2":"type-product","3":"status-publish","4":"has-post-thumbnail","6":"product_cat-alben","7":"product_cat-alle-produkte","8":"product_cat-electronic","9":"product_cat-gebrauchte-cd-s","10":"product_cat-hip-house-und-rap","11":"product_cat-musik-cd-und-dvd-shop","12":"product_cat-party-und-stimmungsmusik","13":"product_cat-pop-musik","14":"product_tag-2-cd-set","15":"product_tag-20-fingers-feat-roula","16":"product_tag-38-speed-hits","17":"product_tag-activate","18":"product_tag-baby-baby","19":"product_tag-barry-white","20":"product_tag-be-my-lover","21":"product_tag-bobby-brown","22":"product_tag-boom-boom-boom","23":"product_tag-cabballero","24":"product_tag-candy-rain","25":"product_tag-come-on","26":"product_tag-corona","27":"product_tag-dancing-with-tears-in-my-eyes","28":"product_tag-e-type","29":"product_tag-formel-eins","30":"product_tag-fun-factory","31":"product_tag-gebraucht","32":"product_tag-gebrauchte-cd","33":"product_tag-i-say-what-i-want","34":"product_tag-i-wanna-b-with-u","35":"product_tag-karaoke-helden","36":"product_tag-karaoke-kaufen","37":"product_tag-karaoke-gigant","38":"product_tag-la-bouche","39":"product_tag-lick-it","40":"product_tag-livin-joy-dreamer","41":"product_tag-mega-karaoke","42":"product_tag-nessaja","43":"product_tag-once-again","44":"product_tag-online","45":"product_tag-pharao","46":"product_tag-ravers-nature","47":"product_tag-sammlerstueck","48":"product_tag-schwester-s","49":"product_tag-shop","50":"product_tag-snap-feat-summer","51":"product_tag-soul-for-real","52":"product_tag-stop-scratchin","53":"product_tag-the-first-the-last-eternity","54":"product_tag-the-outhere-brothers","55":"product_tag-this-is-the-way","56":"product_tag-top-zustand","57":"product_tag-two-can-play-that-game","58":"product_tag-world-of-magic","59":"product_tag-world-of-karaoke","61":"first","62":"instock","63":"product-type-simple","64":"add-to-wishlist-after_add_to_cart"},"_links":{"self":[{"href":"https:\/\/www.karaoke-helden.de\/playbackshop\/wp-json\/wp\/v2\/product\/7460","targetHints":{"allow":["GET"]}}],"collection":[{"href":"https:\/\/www.karaoke-helden.de\/playbackshop\/wp-json\/wp\/v2\/product"}],"about":[{"href":"https:\/\/www.karaoke-helden.de\/playbackshop\/wp-json\/wp\/v2\/types\/product"}],"wp:featuredmedia":[{"embeddable":true,"href":"https:\/\/www.karaoke-helden.de\/playbackshop\/wp-json\/wp\/v2\/media\/7459"}],"wp:attachment":[{"href":"https:\/\/www.karaoke-helden.de\/playbackshop\/wp-json\/wp\/v2\/media?parent=7460"}],"wp:term":[{"taxonomy":"product_cat","embeddable":true,"href":"https:\/\/www.karaoke-helden.de\/playbackshop\/wp-json\/wp\/v2\/product_cat?post=7460"},{"taxonomy":"product_tag","embeddable":true,"href":"https:\/\/www.karaoke-helden.de\/playbackshop\/wp-json\/wp\/v2\/product_tag?post=7460"}],"curies":[{"name":"wp","href":"https:\/\/api.w.org\/{rel}","templated":true}]}}