{"id":9122,"date":"2020-07-11T13:29:23","date_gmt":"2020-07-11T11:29:23","guid":{"rendered":"https:\/\/www.karaoke-helden.de\/playbackshop\/?post_type=product&#038;p=9122"},"modified":"2020-07-11T13:36:56","modified_gmt":"2020-07-11T11:36:56","slug":"backstage-karaoke-cdg-pop-hits-vol-2-3417-karaoke-playbacks","status":"publish","type":"product","link":"https:\/\/www.karaoke-helden.de\/playbackshop\/backstage-karaoke-cdg-pop-hits-vol-2-3417-karaoke-playbacks","title":{"rendered":"Backstage Karaoke CD+G Pop Hits Vol 2 &#8211; 3417 &#8211; Karaoke Playbacks"},"content":{"rendered":"<h2>BEST OF THE 80\u2019s \u2013 Karaoke \u2013 BS 3817.<\/h2>\n<h2>Mit der Backstage 3817 geht es ab in die 80er Jahre &#8230;<\/h2>\n<h3>Neu \/ OVP (Papp-Cover) &#8211; Versand mit DHL und Sendungsnummer.<\/h3>\n<p><em><strong><img decoding=\"async\" class=\"size-full wp-image-9121 alignright\" src=\"https:\/\/www.karaoke-helden.de\/playbackshop\/wp-content\/uploads\/2020\/07\/BEST-OF-THE-80\u2019s-\u2013-Karaoke-\u2013-BS-3817.jpg\" alt=\"BEST OF THE 80\u2019s \u2013 Karaoke \u2013 BS 3817\" width=\"430\" height=\"430\" srcset=\"https:\/\/www.karaoke-helden.de\/playbackshop\/wp-content\/uploads\/2020\/07\/BEST-OF-THE-80\u2019s-\u2013-Karaoke-\u2013-BS-3817.jpg 430w, https:\/\/www.karaoke-helden.de\/playbackshop\/wp-content\/uploads\/2020\/07\/BEST-OF-THE-80\u2019s-\u2013-Karaoke-\u2013-BS-3817-100x100.jpg 100w, https:\/\/www.karaoke-helden.de\/playbackshop\/wp-content\/uploads\/2020\/07\/BEST-OF-THE-80\u2019s-\u2013-Karaoke-\u2013-BS-3817-64x64.jpg 64w, https:\/\/www.karaoke-helden.de\/playbackshop\/wp-content\/uploads\/2020\/07\/BEST-OF-THE-80\u2019s-\u2013-Karaoke-\u2013-BS-3817-320x320.jpg 320w, https:\/\/www.karaoke-helden.de\/playbackshop\/wp-content\/uploads\/2020\/07\/BEST-OF-THE-80\u2019s-\u2013-Karaoke-\u2013-BS-3817-155x155.jpg 155w, https:\/\/www.karaoke-helden.de\/playbackshop\/wp-content\/uploads\/2020\/07\/BEST-OF-THE-80\u2019s-\u2013-Karaoke-\u2013-BS-3817-150x150.jpg 150w, https:\/\/www.karaoke-helden.de\/playbackshop\/wp-content\/uploads\/2020\/07\/BEST-OF-THE-80\u2019s-\u2013-Karaoke-\u2013-BS-3817-95x95.jpg 95w, https:\/\/www.karaoke-helden.de\/playbackshop\/wp-content\/uploads\/2020\/07\/BEST-OF-THE-80\u2019s-\u2013-Karaoke-\u2013-BS-3817-300x300.jpg 300w\" sizes=\"(max-width: 430px) 100vw, 430px\" \/>Karaoke-Shop:<\/strong><\/em> Ganz NEU haben wir die Backstage 3817 mit dem besten Songs \/ Playbacks aus den 80er Jahren im Karaokeformat f\u00fcr unsere Kunden ergattern k\u00f6nnen. Die CD+G ist im Multi-Plex-Format aufgebaut.<\/p>\n<p>Nat\u00fcrlich kommen wir wieder ECHTE MUSIKER daher, kein Soundkarten &#8220;PingPing&#8221;. Absolut H\u00d6CHSTE Qualit\u00e4t. Lass die Party STARTEN.<\/p>\n<p><span style=\"text-decoration: underline;\"><strong>Und das gibt es auf die Ohren:<\/strong><\/span><\/p>\n<p>1. On The Radio \u2013 Donna Summer<br \/>\n2. Holding Back The Years \u2013 Simply Red<br \/>\n3. Dreaming \u2013 Vanessa Williams<br \/>\n4. Talking In Your Sleep \u2013 Romantics<br \/>\n5. Do That To Me One More Time \u2013 Captain &amp; Tenille<br \/>\n6. Nothing\u2019s Gonna Change My Love \u2013 Glenn Mederios<br \/>\n7. Pink Cadillac \u2013 Natalie Cole<br \/>\n8. Too Shy \u2013 Kaja GooGoo<br \/>\n9. Brass In Pocket \u2013 Pretenders<br \/>\n10. You Got It All \u2013 Jets<br \/>\n11. With You I\u2019m Born Again \u2013 Billy Preston &amp; Syreeta<br \/>\n12. What\u2019s Love Got To Do With It \u2013 Tina Turner<\/p>\n<p><em>Coverversionen im Style der genannten K\u00fcnstler \/ Bands \u2013 Ohne den \/ die Original-K\u00fcnstler (Musiker).<\/em><\/p>\n<p><em>Mit \u201cLive-Band\u201d aufgenommen \u2013 Teilweise Backings vorhanden.<\/em><\/p>\n<p><u>Textablauf bei geeigneten CD-Playern im Display. (CD+G Format).<\/u><\/p>\n<p>Im Vertrieb der\u00a0<strong>World-Of-Karaoke<\/strong>\u00a0\u2013 Neuer Artikel \u2013\u00a0<strong>Frisch vom Presswerk<\/strong>\u00a0und OVP.<\/p>\n<p><em><strong>MultiPlex:<\/strong><\/em> JA<\/p>\n<p><em>Beachte auch den Hinweis zum Widerspruch f\u00fcr den Kauf von CD+G Waren\/Medien.<\/em><\/p>\n<p><strong>Hinweis:\u00a0<\/strong><em>Playback-Kaufen \/ World-Of-Karaoke ber\u00fccksichtigt immer s\u00e4mtliche Urheberrechte. Alle Rechte f\u00fcr die musikalischen Werke auf dieser Website\/Shop sind vorbehalten. Die angebotenen Songs d\u00fcrfen ohne schriftliche Genehmigung Word-of-Karaoke nur f\u00fcr private Zwecke genutzt werden. Alle musikalischen Werke auf dieser Website sind Neuaufnahmen im Style der Original-K\u00fcnstler\/Bands und beinhalten in keinster Weise die Originalstimmen oder sonstige Segmente des Originaltitels.<\/em><\/p>\n<p>Alle Urheber und Leistungsschutzrechte vorbehalten.<\/p>\n<p>Kein Verleih, Keine unerlaubte Kopien, Auff\u00fchrung, Sendung. Beachten Sie die GEMA-Rechte.<\/p>\n<p>World-Of-Karaoke \u2013\u00a0<strong>Karaokesongs<\/strong>\u00a0und Playbacks immer\u00a0<strong>GENADENLOS<\/strong>, GENIAL\u00a0<strong>G\u00dcNSTIG<\/strong>\u00a0kaufen!<\/p>\n<p><strong>SEO:<\/strong>\u00a0\u2013\u00a0<strong>BEST OF THE 80\u2019s<\/strong> \u2013 <strong>Karaoke<\/strong> \u2013 <strong>BS 3817<\/strong> &#8211; <strong>World of Karaoke<\/strong>\u00a0\u2013\u00a0<strong>Playbacks<\/strong> \u2013 <strong>CD+G<\/strong> &#8211; <strong>CD+G-Shop<\/strong> &#8211; <strong>Deutschland<\/strong> &#8211;<\/p>\n<h3>Service \/ Umwelt \/ Versand und Preishinweis<\/h3>\n<p><strong>Bitte BEACHTEN:<\/strong>\u00a0Bei den Preisen im Shop ist ALLES an Nebenkosten enthalten wenn NICHT anderes ANGEGEBEN (siehe Bild unter dem Preis). Dazu geh\u00f6ren: Abgaben f\u00fcr das Duale-System \u2013 Entsorgung bei Batterien etc.! Ebenfalls sind Verpackung und Versandkosten inkl. Sendungsnummer-Kosten bei der Post \/ DHL enthalten.<\/p>\n<p>Downloads sind GRUNDS\u00c4TZLICH ohne Zusatzkosten. Bei Waren im Download bekommst Du den LINK zur jeweiligen Datei innerhalb von 12.Stunden nach Eingang des Rechnungsbetrages (auch am Wochenende und Feiertagen). Es gibt keinen AUTOMATISCHEN Download. Wir stellen DEINEN Download immer pers\u00f6nlich zusammen.<\/p>\n<p><strong>Suchnummer:\u00a0<\/strong>2029 &#8211; Kat 30<\/p>\n<div class=\"shariff shariff-align-center shariff-widget-align-center shariff-buttonstretch\"><ul class=\"shariff-buttons theme-color orientation-horizontal buttonsize-small\"><li class=\"shariff-button facebook shariff-nocustomcolor\" style=\"background-color:#4273c8\"><a href=\"https:\/\/www.facebook.com\/sharer\/sharer.php?u=https%3A%2F%2Fwww.karaoke-helden.de%2Fplaybackshop%2Fbackstage-karaoke-cdg-pop-hits-vol-2-3417-karaoke-playbacks\" title=\"Bei Facebook teilen\" aria-label=\"Bei Facebook teilen\" role=\"button\" rel=\"nofollow\" class=\"shariff-link\" style=\"; background-color:#3b5998; color:#fff\" target=\"_blank\"><span class=\"shariff-icon\" style=\"\"><svg width=\"32px\" height=\"20px\" xmlns=\"http:\/\/www.w3.org\/2000\/svg\" viewBox=\"0 0 18 32\"><path fill=\"#3b5998\" d=\"M17.1 0.2v4.7h-2.8q-1.5 0-2.1 0.6t-0.5 1.9v3.4h5.2l-0.7 5.3h-4.5v13.6h-5.5v-13.6h-4.5v-5.3h4.5v-3.9q0-3.3 1.9-5.2t5-1.8q2.6 0 4.1 0.2z\"\/><\/svg><\/span><span class=\"shariff-text\">teilen<\/span>&nbsp;<\/a><\/li><li class=\"shariff-button twitter shariff-nocustomcolor\" style=\"background-color:#595959\"><a href=\"https:\/\/twitter.com\/share?url=https%3A%2F%2Fwww.karaoke-helden.de%2Fplaybackshop%2Fbackstage-karaoke-cdg-pop-hits-vol-2-3417-karaoke-playbacks&text=Backstage%20Karaoke%20CD%2BG%20Pop%20Hits%20Vol%202%20%E2%80%93%203417%20%E2%80%93%20Karaoke%20Playbacks&via=d24online\" title=\"Bei X teilen\" aria-label=\"Bei X teilen\" role=\"button\" rel=\"noopener nofollow\" class=\"shariff-link\" style=\"; background-color:#000; color:#fff\" target=\"_blank\"><span class=\"shariff-icon\" style=\"\"><svg width=\"32px\" height=\"20px\" xmlns=\"http:\/\/www.w3.org\/2000\/svg\" viewBox=\"0 0 24 24\"><path fill=\"#000\" d=\"M14.258 10.152L23.176 0h-2.113l-7.747 8.813L7.133 0H0l9.352 13.328L0 23.973h2.113l8.176-9.309 6.531 9.309h7.133zm-2.895 3.293l-.949-1.328L2.875 1.56h3.246l6.086 8.523.945 1.328 7.91 11.078h-3.246zm0 0\"\/><\/svg><\/span><span class=\"shariff-text\">teilen<\/span>&nbsp;<\/a><\/li><li class=\"shariff-button linkedin shariff-nocustomcolor\" style=\"background-color:#1488bf\"><a href=\"https:\/\/www.linkedin.com\/sharing\/share-offsite\/?url=https%3A%2F%2Fwww.karaoke-helden.de%2Fplaybackshop%2Fbackstage-karaoke-cdg-pop-hits-vol-2-3417-karaoke-playbacks\" title=\"Bei LinkedIn teilen\" aria-label=\"Bei LinkedIn teilen\" role=\"button\" rel=\"noopener nofollow\" class=\"shariff-link\" style=\"; background-color:#0077b5; color:#fff\" target=\"_blank\"><span class=\"shariff-icon\" style=\"\"><svg width=\"32px\" height=\"20px\" xmlns=\"http:\/\/www.w3.org\/2000\/svg\" viewBox=\"0 0 27 32\"><path fill=\"#0077b5\" d=\"M6.2 11.2v17.7h-5.9v-17.7h5.9zM6.6 5.7q0 1.3-0.9 2.2t-2.4 0.9h0q-1.5 0-2.4-0.9t-0.9-2.2 0.9-2.2 2.4-0.9 2.4 0.9 0.9 2.2zM27.4 18.7v10.1h-5.9v-9.5q0-1.9-0.7-2.9t-2.3-1.1q-1.1 0-1.9 0.6t-1.2 1.5q-0.2 0.5-0.2 1.4v9.9h-5.9q0-7.1 0-11.6t0-5.3l0-0.9h5.9v2.6h0q0.4-0.6 0.7-1t1-0.9 1.6-0.8 2-0.3q3 0 4.9 2t1.9 6z\"\/><\/svg><\/span><span class=\"shariff-text\">teilen<\/span>&nbsp;<\/a><\/li><li class=\"shariff-button rss shariff-nocustomcolor\" style=\"background-color:#ff8c00\"><a href=\"https:\/\/www.karaoke-helden.de\/playbackshop\/feed\/rss\" title=\"RSS-feed\" aria-label=\"RSS-feed\" role=\"button\" class=\"shariff-link\" style=\"; background-color:#fe9312; color:#fff\" target=\"_blank\"><span class=\"shariff-icon\" style=\"\"><svg width=\"32px\" height=\"20px\" xmlns=\"http:\/\/www.w3.org\/2000\/svg\" viewBox=\"0 0 32 32\"><path fill=\"#fe9312\" d=\"M4.3 23.5c-2.3 0-4.3 1.9-4.3 4.3 0 2.3 1.9 4.2 4.3 4.2 2.4 0 4.3-1.9 4.3-4.2 0-2.3-1.9-4.3-4.3-4.3zM0 10.9v6.1c4 0 7.7 1.6 10.6 4.4 2.8 2.8 4.4 6.6 4.4 10.6h6.2c0-11.7-9.5-21.1-21.1-21.1zM0 0v6.1c14.2 0 25.8 11.6 25.8 25.9h6.2c0-17.6-14.4-32-32-32z\"\/><\/svg><\/span><span class=\"shariff-text\">RSS-feed<\/span>&nbsp;<\/a><\/li><li class=\"shariff-button printer shariff-nocustomcolor\" style=\"background-color:#a8a8a8\"><a href=\"javascript:window.print()\" title=\"drucken\" aria-label=\"drucken\" role=\"button\" rel=\"noopener nofollow\" class=\"shariff-link\" style=\"; background-color:#999; color:#fff\"><span class=\"shariff-icon\" style=\"\"><svg width=\"32px\" height=\"20px\" xmlns=\"http:\/\/www.w3.org\/2000\/svg\" viewBox=\"0 0 30 32\"><path fill=\"#999\" d=\"M6.8 27.4h16v-4.6h-16v4.6zM6.8 16h16v-6.8h-2.8q-0.7 0-1.2-0.5t-0.5-1.2v-2.8h-11.4v11.4zM27.4 17.2q0-0.5-0.3-0.8t-0.8-0.4-0.8 0.4-0.3 0.8 0.3 0.8 0.8 0.3 0.8-0.3 0.3-0.8zM29.7 17.2v7.4q0 0.2-0.2 0.4t-0.4 0.2h-4v2.8q0 0.7-0.5 1.2t-1.2 0.5h-17.2q-0.7 0-1.2-0.5t-0.5-1.2v-2.8h-4q-0.2 0-0.4-0.2t-0.2-0.4v-7.4q0-1.4 1-2.4t2.4-1h1.2v-9.7q0-0.7 0.5-1.2t1.2-0.5h12q0.7 0 1.6 0.4t1.3 0.8l2.7 2.7q0.5 0.5 0.9 1.4t0.4 1.6v4.6h1.1q1.4 0 2.4 1t1 2.4z\"\/><\/svg><\/span><span class=\"shariff-text\">drucken<\/span>&nbsp;<\/a><\/li><li class=\"shariff-button whatsapp shariff-nocustomcolor\" style=\"background-color:#5cbe4a\"><a href=\"https:\/\/api.whatsapp.com\/send?text=https%3A%2F%2Fwww.karaoke-helden.de%2Fplaybackshop%2Fbackstage-karaoke-cdg-pop-hits-vol-2-3417-karaoke-playbacks%20Backstage%20Karaoke%20CD%2BG%20Pop%20Hits%20Vol%202%20%E2%80%93%203417%20%E2%80%93%20Karaoke%20Playbacks\" title=\"Bei Whatsapp teilen\" aria-label=\"Bei Whatsapp teilen\" role=\"button\" rel=\"noopener nofollow\" class=\"shariff-link\" style=\"; background-color:#34af23; color:#fff\" target=\"_blank\"><span class=\"shariff-icon\" style=\"\"><svg width=\"32px\" height=\"20px\" xmlns=\"http:\/\/www.w3.org\/2000\/svg\" viewBox=\"0 0 32 32\"><path fill=\"#34af23\" d=\"M17.6 17.4q0.2 0 1.7 0.8t1.6 0.9q0 0.1 0 0.3 0 0.6-0.3 1.4-0.3 0.7-1.3 1.2t-1.8 0.5q-1 0-3.4-1.1-1.7-0.8-3-2.1t-2.6-3.3q-1.3-1.9-1.3-3.5v-0.1q0.1-1.6 1.3-2.8 0.4-0.4 0.9-0.4 0.1 0 0.3 0t0.3 0q0.3 0 0.5 0.1t0.3 0.5q0.1 0.4 0.6 1.6t0.4 1.3q0 0.4-0.6 1t-0.6 0.8q0 0.1 0.1 0.3 0.6 1.3 1.8 2.4 1 0.9 2.7 1.8 0.2 0.1 0.4 0.1 0.3 0 1-0.9t0.9-0.9zM14 26.9q2.3 0 4.3-0.9t3.6-2.4 2.4-3.6 0.9-4.3-0.9-4.3-2.4-3.6-3.6-2.4-4.3-0.9-4.3 0.9-3.6 2.4-2.4 3.6-0.9 4.3q0 3.6 2.1 6.6l-1.4 4.2 4.3-1.4q2.8 1.9 6.2 1.9zM14 2.2q2.7 0 5.2 1.1t4.3 2.9 2.9 4.3 1.1 5.2-1.1 5.2-2.9 4.3-4.3 2.9-5.2 1.1q-3.5 0-6.5-1.7l-7.4 2.4 2.4-7.2q-1.9-3.2-1.9-6.9 0-2.7 1.1-5.2t2.9-4.3 4.3-2.9 5.2-1.1z\"\/><\/svg><\/span><span class=\"shariff-text\">teilen<\/span>&nbsp;<\/a><\/li><\/ul><\/div>","protected":false},"excerpt":{"rendered":"<p><em><strong><a href=\"\/playbackshop\/versandarten\/\" target=\"_blank\" rel=\"noopener noreferrer\"><img decoding=\"async\" class=\"aligncenter wp-image-8471 size-full\" src=\"https:\/\/www.karaoke-helden.de\/playbackshop\/wp-content\/uploads\/2020\/10\/Versandkosten-Info-Oktober.jpg\" alt=\"Versandinfo-Kosten-Neu\" width=\"550\" height=\"125\" \/><\/a>Playback-Shop &#8211;<\/strong><\/em> Ganz NEU haben wir die Backstage 3817 mit dem besten Songs aus den 80er Jahren im Karaokeformat f\u00fcr unsere Kunden ergattern k\u00f6nnen. Die CD+G ist im Multi-Plex-Format aufgebaut. NUR WENIGE ST\u00dcCK am Lager &#8230;<\/p>\n","protected":false},"featured_media":9121,"template":"","meta":{"rank_math_lock_modified_date":false},"product_cat":[824,1154,934,932,936,825,862,917,930,939],"product_tag":[2172,15794,7666,15795,15799,1020,15735,6578,4023,4628,15797,15801,15796,15804,15802,987,1184,1160,2732,4859,15800,15806,4627,4858,1050,874,1002,2271,15798,3495,12353,1062,9445,4397,6367,15805,9791,15803],"class_list":{"0":"post-9122","1":"product","2":"type-product","3":"status-publish","4":"has-post-thumbnail","6":"product_cat-alle-produkte","7":"product_cat-backstage-karaoke","8":"product_cat-karaoke-weltweit","9":"product_cat-lovesongs","10":"product_cat-partyhits","11":"product_cat-playback-cdg","12":"product_cat-playbacks-nach-hersteller","13":"product_cat-playbacks-nach-musik-kategorie","14":"product_cat-rock-pop","15":"product_cat-weitere-musikstyle","16":"product_tag-backstage","17":"product_tag-best-of-the-80s","18":"product_tag-brass-in-pocket","19":"product_tag-bs-3817","20":"product_tag-captain-tenille","21":"product_tag-cdg","22":"product_tag-cdg-shop","23":"product_tag-deutschland","24":"product_tag-do-that-to-me-one-more-time","25":"product_tag-donna-summer","26":"product_tag-dreaming","27":"product_tag-glenn-mederios","28":"product_tag-holding-back-the-years","29":"product_tag-jets","30":"product_tag-kaja-googoo","31":"product_tag-karaoke","32":"product_tag-karaoke-cdg","33":"product_tag-karaoke-songs","34":"product_tag-karaokesongs","35":"product_tag-natalie-cole","36":"product_tag-nothings-gonna-change-my-love","37":"product_tag-of-karaoke","38":"product_tag-on-the-radio","39":"product_tag-pink-cadillac","40":"product_tag-playback","41":"product_tag-playbacks","42":"product_tag-playbacks-kaufen","43":"product_tag-pretenders","44":"product_tag-romantics","45":"product_tag-simply-red","46":"product_tag-talking-in-your-sleep","47":"product_tag-tina-turner","48":"product_tag-too-shy","49":"product_tag-vanessa-williams","50":"product_tag-whats-love-got-to-do-with-it","51":"product_tag-with-you-im-born-again-billy-preston-syreeta","52":"product_tag-world","53":"product_tag-you-got-it-all","55":"first","56":"instock","57":"taxable","58":"shipping-taxable","59":"product-type-simple","60":"add-to-wishlist-after_add_to_cart"},"_links":{"self":[{"href":"https:\/\/www.karaoke-helden.de\/playbackshop\/wp-json\/wp\/v2\/product\/9122","targetHints":{"allow":["GET"]}}],"collection":[{"href":"https:\/\/www.karaoke-helden.de\/playbackshop\/wp-json\/wp\/v2\/product"}],"about":[{"href":"https:\/\/www.karaoke-helden.de\/playbackshop\/wp-json\/wp\/v2\/types\/product"}],"wp:featuredmedia":[{"embeddable":true,"href":"https:\/\/www.karaoke-helden.de\/playbackshop\/wp-json\/wp\/v2\/media\/9121"}],"wp:attachment":[{"href":"https:\/\/www.karaoke-helden.de\/playbackshop\/wp-json\/wp\/v2\/media?parent=9122"}],"wp:term":[{"taxonomy":"product_cat","embeddable":true,"href":"https:\/\/www.karaoke-helden.de\/playbackshop\/wp-json\/wp\/v2\/product_cat?post=9122"},{"taxonomy":"product_tag","embeddable":true,"href":"https:\/\/www.karaoke-helden.de\/playbackshop\/wp-json\/wp\/v2\/product_tag?post=9122"}],"curies":[{"name":"wp","href":"https:\/\/api.w.org\/{rel}","templated":true}]}}