{"id":9195,"date":"2020-07-14T17:31:25","date_gmt":"2020-07-14T15:31:25","guid":{"rendered":"https:\/\/www.karaoke-helden.de\/playbackshop\/?post_type=product&#038;p=9195"},"modified":"2020-07-14T17:35:52","modified_gmt":"2020-07-14T15:35:52","slug":"neil-sedaka-paul-anka-gene-pitney-karaoke-playbacks-bs-7717","status":"publish","type":"product","link":"https:\/\/www.karaoke-helden.de\/playbackshop\/neil-sedaka-paul-anka-gene-pitney-karaoke-playbacks-bs-7717","title":{"rendered":"Neil Sedaka &#8211; Paul Anka &#8211; Gene Pitney \u2013 Karaoke Playbacks &#8211; BS 7717"},"content":{"rendered":"<h2>Neil Sedaka &#8211; Paul Anka &#8211; Gene Pitney \u2013 Karaoke Playbacks &#8211; BS 7717.<\/h2>\n<h2>Zur\u00fcck in beste Musikzeiten &#8230;<\/h2>\n<h3>Neu \/ OVP (Papp-Cover) &#8211; Versand mit DHL-Sendungsnummer in Deutschland.<\/h3>\n<p><em><strong><img decoding=\"async\" class=\"size-full wp-image-9194 alignright\" src=\"https:\/\/www.karaoke-helden.de\/playbackshop\/wp-content\/uploads\/2020\/07\/Neil-Sedaka-Paul-Anka-Gene-Pitney-\u2013-Karaoke-Playbacks-BS-7717.jpg\" alt=\"Neil Sedaka - Paul Anka - Gene Pitney \u2013 Karaoke Playbacks - BS 7717\" width=\"430\" height=\"430\" srcset=\"https:\/\/www.karaoke-helden.de\/playbackshop\/wp-content\/uploads\/2020\/07\/Neil-Sedaka-Paul-Anka-Gene-Pitney-\u2013-Karaoke-Playbacks-BS-7717.jpg 430w, https:\/\/www.karaoke-helden.de\/playbackshop\/wp-content\/uploads\/2020\/07\/Neil-Sedaka-Paul-Anka-Gene-Pitney-\u2013-Karaoke-Playbacks-BS-7717-100x100.jpg 100w, https:\/\/www.karaoke-helden.de\/playbackshop\/wp-content\/uploads\/2020\/07\/Neil-Sedaka-Paul-Anka-Gene-Pitney-\u2013-Karaoke-Playbacks-BS-7717-64x64.jpg 64w, https:\/\/www.karaoke-helden.de\/playbackshop\/wp-content\/uploads\/2020\/07\/Neil-Sedaka-Paul-Anka-Gene-Pitney-\u2013-Karaoke-Playbacks-BS-7717-320x320.jpg 320w, https:\/\/www.karaoke-helden.de\/playbackshop\/wp-content\/uploads\/2020\/07\/Neil-Sedaka-Paul-Anka-Gene-Pitney-\u2013-Karaoke-Playbacks-BS-7717-155x155.jpg 155w, https:\/\/www.karaoke-helden.de\/playbackshop\/wp-content\/uploads\/2020\/07\/Neil-Sedaka-Paul-Anka-Gene-Pitney-\u2013-Karaoke-Playbacks-BS-7717-150x150.jpg 150w, https:\/\/www.karaoke-helden.de\/playbackshop\/wp-content\/uploads\/2020\/07\/Neil-Sedaka-Paul-Anka-Gene-Pitney-\u2013-Karaoke-Playbacks-BS-7717-95x95.jpg 95w, https:\/\/www.karaoke-helden.de\/playbackshop\/wp-content\/uploads\/2020\/07\/Neil-Sedaka-Paul-Anka-Gene-Pitney-\u2013-Karaoke-Playbacks-BS-7717-300x300.jpg 300w\" sizes=\"(max-width: 430px) 100vw, 430px\" \/>Playback-Shop:<\/strong><\/em> Freude und Spa\u00df gibt es mit der Neil Sedaka &#8211; Paul Anka &#8211; Gene Pitney \u2013 Karaoke Playbacks &#8211; BS 7717. F\u00fcr alle Karaoke-Fans mit einen Hang zu den 60er-Jahren quasi UNVERZICHTBAR. Aufgenommen mit ECHTEN Musiker in Top-Qualit\u00e4t. Die Tracks enthalten alle eine leise Musik-F\u00fchrung was auch den UNGE\u00dcBTEN Karaokestar hilft die T\u00f6ne zu treffen.<\/p>\n<p><em><span style=\"text-decoration: underline;\"><strong>Auf dieser CD+G sind folgende Titel:<\/strong><\/span><\/em><\/p>\n<p>1. Calendar Girl &#8211; Neil Sedaka<br \/>\n2. Happy Birthday Sweet Sixteen &#8211; Neil Sedaka<br \/>\n3. Oh Carol &#8211; Neil Sedaka<br \/>\n4. One Way Ticket To The Blues &#8211; Neil Sedaka<br \/>\n5. Laughter In The Rain &#8211; Neil Sedaka<br \/>\n6. Bad Blood &#8211; Neil Sedaka<br \/>\n7. Diana &#8211; Neil Sedaka<br \/>\n8. You Are My Destiny &#8211; Neil Sedaka<br \/>\n9. Havin My Baby &#8211; Paul Anka<br \/>\n10. I Don&#8217;t Like To Sleep Alone &#8211; Paul Anka<br \/>\n11. Put Your Head On My Shoulders &#8211; Paul Anka<br \/>\n12. Puppy Love &#8211; Paul Anka<br \/>\n13. Town Without Pity &#8211; Gene Pitney<br \/>\n14. Every Breath I Take &#8211; Gene Pitney<br \/>\n15. The Man Who Shot Liberty Valance &#8211; Gene Pitney<br \/>\n16. Only Love Can Break A Heart &#8211; Gene Pitney<\/p>\n<p>Format: CD+G &#8211; Kein MultiPlex<\/p>\n<p><em>Coverversionen im Style der genannten K\u00fcnstler \/ Bands \u2013 Ohne den \/ die Original-K\u00fcnstler (Musiker).<\/em><\/p>\n<p><em>Mit \u201cLive-Band\u201d aufgenommen \u2013 Teilweise Backings vorhanden.<\/em><\/p>\n<p><u>Textablauf bei geeigneten CD-Playern im Display. (CD+G Format).<\/u><\/p>\n<p>Im Vertrieb der\u00a0<strong>World-Of-Karaoke<\/strong>\u00a0\u2013 Neuer Artikel \u2013\u00a0<strong>Frisch vom Presswerk<\/strong>\u00a0und OVP.<\/p>\n<p><em>Beachte auch den Hinweis zum Widerspruch f\u00fcr den Kauf von CD+G Waren\/Medien.<\/em><\/p>\n<p><strong>Hinweis:\u00a0<\/strong><em>Playback-Kaufen \/ World-Of-Karaoke ber\u00fccksichtigt immer s\u00e4mtliche Urheberrechte. Alle Rechte f\u00fcr die musikalischen Werke auf dieser Website\/Shop sind vorbehalten. Die angebotenen Songs d\u00fcrfen ohne schriftliche Genehmigung Word-of-Karaoke nur f\u00fcr private Zwecke genutzt werden. Alle musikalischen Werke auf dieser Website sind Neuaufnahmen im Style der Original-K\u00fcnstler\/Bands und beinhalten in keinster Weise die Originalstimmen oder sonstige Segmente des Originaltitels.<\/em><\/p>\n<p>Alle Urheber und Leistungsschutzrechte vorbehalten.<\/p>\n<p>Kein Verleih, Keine unerlaubte Kopien, Auff\u00fchrung, Sendung. Beachten Sie die GEMA-Rechte.<\/p>\n<p>World-Of-Karaoke \u2013\u00a0<strong>Karaokesongs<\/strong>\u00a0und Playbacks immer\u00a0<strong>GENADENLOS<\/strong>, GENIAL\u00a0<strong>G\u00dcNSTIG<\/strong>\u00a0kaufen!<\/p>\n<p><strong>SEO:<\/strong>\u00a0\u2013\u00a0<strong>Neil Sedaka<\/strong> &#8211; <strong>Paul Anka<\/strong> &#8211; <strong>Gene Pitney<\/strong> \u2013 <strong>Karaoke Playbacks<\/strong> &#8211; <strong>BS 7717<\/strong> &#8211; <strong>Backstage<\/strong> &#8211; <strong>CD+G<\/strong> &#8211; <strong>CD+G-Shop<\/strong> &#8211; <strong>Deutschland<\/strong> &#8211;<\/p>\n<h3>Service \/ Umwelt \/ Versand und Preishinweis<\/h3>\n<p><strong>Bitte BEACHTEN:<\/strong>\u00a0Bei den Preisen im Shop ist ALLES an Nebenkosten enthalten wenn NICHT anderes ANGEGEBEN (siehe Bild unter dem Preis). Dazu geh\u00f6ren: Abgaben f\u00fcr das Duale-System \u2013 Entsorgung bei Batterien etc.! Ebenfalls sind Verpackung und Versandkosten inkl. Sendungsnummer-Kosten bei der Post \/ DHL enthalten.<\/p>\n<p>Downloads sind GRUNDS\u00c4TZLICH ohne Zusatzkosten. Bei Waren im Download bekommst Du den LINK zur jeweiligen Datei innerhalb von 12.Stunden nach Eingang des Rechnungsbetrages (auch am Wochenende und Feiertagen). Es gibt keinen AUTOMATISCHEN Download. Wir stellen DEINEN Download immer pers\u00f6nlich zusammen.<\/p>\n<p><strong>Suchnummer:<\/strong> 2047 &#8211; Kat 30<\/p>\n<div class=\"shariff shariff-align-center shariff-widget-align-center shariff-buttonstretch\"><ul class=\"shariff-buttons theme-color orientation-horizontal buttonsize-small\"><li class=\"shariff-button facebook shariff-nocustomcolor\" style=\"background-color:#4273c8\"><a href=\"https:\/\/www.facebook.com\/sharer\/sharer.php?u=https%3A%2F%2Fwww.karaoke-helden.de%2Fplaybackshop%2Fneil-sedaka-paul-anka-gene-pitney-karaoke-playbacks-bs-7717\" title=\"Bei Facebook teilen\" aria-label=\"Bei Facebook teilen\" role=\"button\" rel=\"nofollow\" class=\"shariff-link\" style=\"; background-color:#3b5998; color:#fff\" target=\"_blank\"><span class=\"shariff-icon\" style=\"\"><svg width=\"32px\" height=\"20px\" xmlns=\"http:\/\/www.w3.org\/2000\/svg\" viewBox=\"0 0 18 32\"><path fill=\"#3b5998\" d=\"M17.1 0.2v4.7h-2.8q-1.5 0-2.1 0.6t-0.5 1.9v3.4h5.2l-0.7 5.3h-4.5v13.6h-5.5v-13.6h-4.5v-5.3h4.5v-3.9q0-3.3 1.9-5.2t5-1.8q2.6 0 4.1 0.2z\"\/><\/svg><\/span><span class=\"shariff-text\">teilen<\/span>&nbsp;<\/a><\/li><li class=\"shariff-button twitter shariff-nocustomcolor\" style=\"background-color:#595959\"><a href=\"https:\/\/twitter.com\/share?url=https%3A%2F%2Fwww.karaoke-helden.de%2Fplaybackshop%2Fneil-sedaka-paul-anka-gene-pitney-karaoke-playbacks-bs-7717&text=Neil%20Sedaka%20%E2%80%93%20Paul%20Anka%20%E2%80%93%20Gene%20Pitney%20%E2%80%93%20Karaoke%20Playbacks%20%E2%80%93%20BS%207717&via=d24online\" title=\"Bei X teilen\" aria-label=\"Bei X teilen\" role=\"button\" rel=\"noopener nofollow\" class=\"shariff-link\" style=\"; background-color:#000; color:#fff\" target=\"_blank\"><span class=\"shariff-icon\" style=\"\"><svg width=\"32px\" height=\"20px\" xmlns=\"http:\/\/www.w3.org\/2000\/svg\" viewBox=\"0 0 24 24\"><path fill=\"#000\" d=\"M14.258 10.152L23.176 0h-2.113l-7.747 8.813L7.133 0H0l9.352 13.328L0 23.973h2.113l8.176-9.309 6.531 9.309h7.133zm-2.895 3.293l-.949-1.328L2.875 1.56h3.246l6.086 8.523.945 1.328 7.91 11.078h-3.246zm0 0\"\/><\/svg><\/span><span class=\"shariff-text\">teilen<\/span>&nbsp;<\/a><\/li><li class=\"shariff-button linkedin shariff-nocustomcolor\" style=\"background-color:#1488bf\"><a href=\"https:\/\/www.linkedin.com\/sharing\/share-offsite\/?url=https%3A%2F%2Fwww.karaoke-helden.de%2Fplaybackshop%2Fneil-sedaka-paul-anka-gene-pitney-karaoke-playbacks-bs-7717\" title=\"Bei LinkedIn teilen\" aria-label=\"Bei LinkedIn teilen\" role=\"button\" rel=\"noopener nofollow\" class=\"shariff-link\" style=\"; background-color:#0077b5; color:#fff\" target=\"_blank\"><span class=\"shariff-icon\" style=\"\"><svg width=\"32px\" height=\"20px\" xmlns=\"http:\/\/www.w3.org\/2000\/svg\" viewBox=\"0 0 27 32\"><path fill=\"#0077b5\" d=\"M6.2 11.2v17.7h-5.9v-17.7h5.9zM6.6 5.7q0 1.3-0.9 2.2t-2.4 0.9h0q-1.5 0-2.4-0.9t-0.9-2.2 0.9-2.2 2.4-0.9 2.4 0.9 0.9 2.2zM27.4 18.7v10.1h-5.9v-9.5q0-1.9-0.7-2.9t-2.3-1.1q-1.1 0-1.9 0.6t-1.2 1.5q-0.2 0.5-0.2 1.4v9.9h-5.9q0-7.1 0-11.6t0-5.3l0-0.9h5.9v2.6h0q0.4-0.6 0.7-1t1-0.9 1.6-0.8 2-0.3q3 0 4.9 2t1.9 6z\"\/><\/svg><\/span><span class=\"shariff-text\">teilen<\/span>&nbsp;<\/a><\/li><li class=\"shariff-button rss shariff-nocustomcolor\" style=\"background-color:#ff8c00\"><a href=\"https:\/\/www.karaoke-helden.de\/playbackshop\/feed\/rss\" title=\"RSS-feed\" aria-label=\"RSS-feed\" role=\"button\" class=\"shariff-link\" style=\"; background-color:#fe9312; color:#fff\" target=\"_blank\"><span class=\"shariff-icon\" style=\"\"><svg width=\"32px\" height=\"20px\" xmlns=\"http:\/\/www.w3.org\/2000\/svg\" viewBox=\"0 0 32 32\"><path fill=\"#fe9312\" d=\"M4.3 23.5c-2.3 0-4.3 1.9-4.3 4.3 0 2.3 1.9 4.2 4.3 4.2 2.4 0 4.3-1.9 4.3-4.2 0-2.3-1.9-4.3-4.3-4.3zM0 10.9v6.1c4 0 7.7 1.6 10.6 4.4 2.8 2.8 4.4 6.6 4.4 10.6h6.2c0-11.7-9.5-21.1-21.1-21.1zM0 0v6.1c14.2 0 25.8 11.6 25.8 25.9h6.2c0-17.6-14.4-32-32-32z\"\/><\/svg><\/span><span class=\"shariff-text\">RSS-feed<\/span>&nbsp;<\/a><\/li><li class=\"shariff-button printer shariff-nocustomcolor\" style=\"background-color:#a8a8a8\"><a href=\"javascript:window.print()\" title=\"drucken\" aria-label=\"drucken\" role=\"button\" rel=\"noopener nofollow\" class=\"shariff-link\" style=\"; background-color:#999; color:#fff\"><span class=\"shariff-icon\" style=\"\"><svg width=\"32px\" height=\"20px\" xmlns=\"http:\/\/www.w3.org\/2000\/svg\" viewBox=\"0 0 30 32\"><path fill=\"#999\" d=\"M6.8 27.4h16v-4.6h-16v4.6zM6.8 16h16v-6.8h-2.8q-0.7 0-1.2-0.5t-0.5-1.2v-2.8h-11.4v11.4zM27.4 17.2q0-0.5-0.3-0.8t-0.8-0.4-0.8 0.4-0.3 0.8 0.3 0.8 0.8 0.3 0.8-0.3 0.3-0.8zM29.7 17.2v7.4q0 0.2-0.2 0.4t-0.4 0.2h-4v2.8q0 0.7-0.5 1.2t-1.2 0.5h-17.2q-0.7 0-1.2-0.5t-0.5-1.2v-2.8h-4q-0.2 0-0.4-0.2t-0.2-0.4v-7.4q0-1.4 1-2.4t2.4-1h1.2v-9.7q0-0.7 0.5-1.2t1.2-0.5h12q0.7 0 1.6 0.4t1.3 0.8l2.7 2.7q0.5 0.5 0.9 1.4t0.4 1.6v4.6h1.1q1.4 0 2.4 1t1 2.4z\"\/><\/svg><\/span><span class=\"shariff-text\">drucken<\/span>&nbsp;<\/a><\/li><li class=\"shariff-button whatsapp shariff-nocustomcolor\" style=\"background-color:#5cbe4a\"><a href=\"https:\/\/api.whatsapp.com\/send?text=https%3A%2F%2Fwww.karaoke-helden.de%2Fplaybackshop%2Fneil-sedaka-paul-anka-gene-pitney-karaoke-playbacks-bs-7717%20Neil%20Sedaka%20%E2%80%93%20Paul%20Anka%20%E2%80%93%20Gene%20Pitney%20%E2%80%93%20Karaoke%20Playbacks%20%E2%80%93%20BS%207717\" title=\"Bei Whatsapp teilen\" aria-label=\"Bei Whatsapp teilen\" role=\"button\" rel=\"noopener nofollow\" class=\"shariff-link\" style=\"; background-color:#34af23; color:#fff\" target=\"_blank\"><span class=\"shariff-icon\" style=\"\"><svg width=\"32px\" height=\"20px\" xmlns=\"http:\/\/www.w3.org\/2000\/svg\" viewBox=\"0 0 32 32\"><path fill=\"#34af23\" d=\"M17.6 17.4q0.2 0 1.7 0.8t1.6 0.9q0 0.1 0 0.3 0 0.6-0.3 1.4-0.3 0.7-1.3 1.2t-1.8 0.5q-1 0-3.4-1.1-1.7-0.8-3-2.1t-2.6-3.3q-1.3-1.9-1.3-3.5v-0.1q0.1-1.6 1.3-2.8 0.4-0.4 0.9-0.4 0.1 0 0.3 0t0.3 0q0.3 0 0.5 0.1t0.3 0.5q0.1 0.4 0.6 1.6t0.4 1.3q0 0.4-0.6 1t-0.6 0.8q0 0.1 0.1 0.3 0.6 1.3 1.8 2.4 1 0.9 2.7 1.8 0.2 0.1 0.4 0.1 0.3 0 1-0.9t0.9-0.9zM14 26.9q2.3 0 4.3-0.9t3.6-2.4 2.4-3.6 0.9-4.3-0.9-4.3-2.4-3.6-3.6-2.4-4.3-0.9-4.3 0.9-3.6 2.4-2.4 3.6-0.9 4.3q0 3.6 2.1 6.6l-1.4 4.2 4.3-1.4q2.8 1.9 6.2 1.9zM14 2.2q2.7 0 5.2 1.1t4.3 2.9 2.9 4.3 1.1 5.2-1.1 5.2-2.9 4.3-4.3 2.9-5.2 1.1q-3.5 0-6.5-1.7l-7.4 2.4 2.4-7.2q-1.9-3.2-1.9-6.9 0-2.7 1.1-5.2t2.9-4.3 4.3-2.9 5.2-1.1z\"\/><\/svg><\/span><span class=\"shariff-text\">teilen<\/span>&nbsp;<\/a><\/li><\/ul><\/div>","protected":false},"excerpt":{"rendered":"<p><em><strong><a href=\"\/playbackshop\/versandarten\/\" target=\"_blank\" rel=\"noopener noreferrer\"><img decoding=\"async\" class=\"aligncenter wp-image-8471 size-full\" src=\"https:\/\/www.karaoke-helden.de\/playbackshop\/wp-content\/uploads\/2020\/10\/Versandkosten-Info-Oktober.jpg\" alt=\"Versandinfo-Kosten-Neu\" width=\"550\" height=\"125\" \/><\/a>Karaoke-Playback-Shop:<\/strong><\/em> Freude und Spa\u00df gibt es mit der Neil Sedaka &#8211; Paul Anka &#8211; Gene Pitney \u2013 Karaoke Playbacks &#8211; BS 7717. F\u00fcr alle Karaoke-Fans mit einen Hang zu den 60er-Jahren quasi UNVERZICHTBAR. Aufgenommen mit ECHTEN Musiker in Top-Qualit\u00e4t. Die Tracks enthalten alle eine leise Musik-F\u00fchrung.<\/p>\n","protected":false},"featured_media":9194,"template":"","meta":{"rank_math_lock_modified_date":false},"product_cat":[824,1154,934,932,923,936,825,862,917,939],"product_tag":[15898,10319,15895,10321,15735,6578,10316,4255,4256,10322,15900,15901,1184,963,1160,2732,10323,15903,10320,15896,15897,15904,5295,1050,874,1002,10317,15902,12856,1100,15899],"class_list":{"0":"post-9195","1":"product","2":"type-product","3":"status-publish","4":"has-post-thumbnail","6":"product_cat-alle-produkte","7":"product_cat-backstage-karaoke","8":"product_cat-karaoke-weltweit","9":"product_cat-lovesongs","10":"product_cat-oldies-englisch","11":"product_cat-partyhits","12":"product_cat-playback-cdg","13":"product_cat-playbacks-nach-hersteller","14":"product_cat-playbacks-nach-musik-kategorie","15":"product_cat-weitere-musikstyle","16":"product_tag-bad-blood","17":"product_tag-breaking-up-is-hard-to-do","18":"product_tag-bs-7717","19":"product_tag-calendar-girl","20":"product_tag-cdg-shop","21":"product_tag-deutschland","22":"product_tag-diana","23":"product_tag-every-breath-i-take","24":"product_tag-gene-pitney","25":"product_tag-happy-birthday-sweet-sixteen","26":"product_tag-having-my-baby","27":"product_tag-i-dont-like-to-sleep-alone","28":"product_tag-karaoke-cdg","29":"product_tag-karaoke-playbacks","30":"product_tag-karaoke-songs","31":"product_tag-karaokesongs","32":"product_tag-laughter-in-the-rain","33":"product_tag-man-who-shot-liberty-valance","34":"product_tag-neil-sedaka","35":"product_tag-oh-carol","36":"product_tag-one-way-ticket-to-the-blues","37":"product_tag-only-love-can-break-a-heart","38":"product_tag-paul-anka","39":"product_tag-playback","40":"product_tag-playbacks","41":"product_tag-playbacks-kaufen","42":"product_tag-puppy-love","43":"product_tag-put-your-head-on-my-shoulders","44":"product_tag-town-without-pity","45":"product_tag-world-of-karaoke","46":"product_tag-you-are-my-destiny","48":"first","49":"instock","50":"taxable","51":"shipping-taxable","52":"product-type-simple","53":"add-to-wishlist-after_add_to_cart"},"_links":{"self":[{"href":"https:\/\/www.karaoke-helden.de\/playbackshop\/wp-json\/wp\/v2\/product\/9195","targetHints":{"allow":["GET"]}}],"collection":[{"href":"https:\/\/www.karaoke-helden.de\/playbackshop\/wp-json\/wp\/v2\/product"}],"about":[{"href":"https:\/\/www.karaoke-helden.de\/playbackshop\/wp-json\/wp\/v2\/types\/product"}],"wp:featuredmedia":[{"embeddable":true,"href":"https:\/\/www.karaoke-helden.de\/playbackshop\/wp-json\/wp\/v2\/media\/9194"}],"wp:attachment":[{"href":"https:\/\/www.karaoke-helden.de\/playbackshop\/wp-json\/wp\/v2\/media?parent=9195"}],"wp:term":[{"taxonomy":"product_cat","embeddable":true,"href":"https:\/\/www.karaoke-helden.de\/playbackshop\/wp-json\/wp\/v2\/product_cat?post=9195"},{"taxonomy":"product_tag","embeddable":true,"href":"https:\/\/www.karaoke-helden.de\/playbackshop\/wp-json\/wp\/v2\/product_tag?post=9195"}],"curies":[{"name":"wp","href":"https:\/\/api.w.org\/{rel}","templated":true}]}}