{"id":9265,"date":"2020-07-24T12:24:14","date_gmt":"2020-07-24T10:24:14","guid":{"rendered":"https:\/\/www.karaoke-helden.de\/playbackshop\/?post_type=product&#038;p=9265"},"modified":"2020-07-24T12:42:15","modified_gmt":"2020-07-24T10:42:15","slug":"dvd-shop-the-missing-erste-staffel-3-dvd-set-neu","status":"publish","type":"product","link":"https:\/\/www.karaoke-helden.de\/playbackshop\/dvd-shop-the-missing-erste-staffel-3-dvd-set-neu","title":{"rendered":"DVD-Shop &#8211; The Missing \u2013 Erste Staffel \u2013 3-DVD-Set \u2013 Neu"},"content":{"rendered":"<h2>DVD-Shop &#8211; The Missing \u2013 Erste Staffel \u2013 3-DVD-Set \u2013 Nagelneu.<\/h2>\n<h2>So einen Familienurlaub wir keiner haben, au\u00dfer auf DVD&#8230;<\/h2>\n<h3>Neu \/ OVP &#8211; Versand per DHL mit Sendungsnummer &#8230;<\/h3>\n<figure id=\"attachment_9264\" aria-describedby=\"caption-attachment-9264\" style=\"width: 430px\" class=\"wp-caption alignright\"><img decoding=\"async\" class=\"size-full wp-image-9264\" src=\"https:\/\/www.karaoke-helden.de\/playbackshop\/wp-content\/uploads\/2020\/07\/The-Missing-\u2013-Erste-Staffel-\u2013-3-DVD-Set-\u2013-Neu-DVD-Front.jpg\" alt=\"The Missing \u2013 Erste Staffel \u2013 3-DVD-Set \u2013 Neu\" width=\"430\" height=\"616\" srcset=\"https:\/\/www.karaoke-helden.de\/playbackshop\/wp-content\/uploads\/2020\/07\/The-Missing-\u2013-Erste-Staffel-\u2013-3-DVD-Set-\u2013-Neu-DVD-Front.jpg 430w, https:\/\/www.karaoke-helden.de\/playbackshop\/wp-content\/uploads\/2020\/07\/The-Missing-\u2013-Erste-Staffel-\u2013-3-DVD-Set-\u2013-Neu-DVD-Front-64x92.jpg 64w, https:\/\/www.karaoke-helden.de\/playbackshop\/wp-content\/uploads\/2020\/07\/The-Missing-\u2013-Erste-Staffel-\u2013-3-DVD-Set-\u2013-Neu-DVD-Front-108x155.jpg 108w, https:\/\/www.karaoke-helden.de\/playbackshop\/wp-content\/uploads\/2020\/07\/The-Missing-\u2013-Erste-Staffel-\u2013-3-DVD-Set-\u2013-Neu-DVD-Front-105x150.jpg 105w, https:\/\/www.karaoke-helden.de\/playbackshop\/wp-content\/uploads\/2020\/07\/The-Missing-\u2013-Erste-Staffel-\u2013-3-DVD-Set-\u2013-Neu-DVD-Front-300x430.jpg 300w\" sizes=\"(max-width: 430px) 100vw, 430px\" \/><figcaption id=\"caption-attachment-9264\" class=\"wp-caption-text\">Foto: Edel:Motion &#8211; Freigegeben<\/figcaption><\/figure>\n<p><em><strong>DVD-Shop-Angebot:<\/strong><\/em> The Missing \u2013 Erste Staffel \u2013 3-DVD-Set bietet einen Familienurlaub den wirklich kein haben will. Hier als DVD-Set mit 3 Silberscheiben zu haben.<\/p>\n<p><span style=\"text-decoration: underline;\"><strong>Aus dem Inhalt (Klappentext des Herstellers):<\/strong><\/span><\/p>\n<p>Der Familienurlaub von Tony und Emily Hughes (James Nesbitt, Frances O&#8217;Connor) endet in einem furchtbaren Albtraum. Im kleinen franz\u00f6sischen St\u00e4dtchen Chalons Du Bois verschwindet ihr f\u00fcnfj\u00e4hriger Sohn Oliver (Oliver Hunt) pl\u00f6tzlich in einer Menschenmenge. Die Polizei startet umgehend eine Suchaktion und beordert Julien Baptiste (Tcheky Karyo), einen der renommiertesten Ermittler Frankreichs, in den kleinen Ort. Ohne Erfolg: Der Junge bleibt spurlos verschwunden. W\u00e4hrend die Verzweiflung der Eltern w\u00e4chst, st\u00fcrzen sich die Medien auf den spektakul\u00e4ren Fall.<\/p>\n<p><span style=\"text-decoration: underline;\"><em><strong>Weitere Infos zum DVD-Set:<\/strong><\/em><\/span><\/p>\n<p><strong>Schauspieler:<\/strong> James Nesbitt, Frances O&#8217;Connor, Tch\u00e9ky Karyo, Jason Flemyng, Sa\u00efd Taghmaoui<br \/>\n<strong>Regisseur:<\/strong> Tom Shankland<br \/>\n<strong>Musik:<\/strong> Dominik Scherrer<br \/>\n<strong>Format:<\/strong> PAL, Dolby<br \/>\n<strong>Sprache:<\/strong> German (Dolby Digital 5.1), English (Dolby Digital 5.1)<br \/>\n<strong>Untertitel:<\/strong> Englisch<br \/>\n<strong>Regionsangabe:<\/strong> Region 2<br \/>\n<strong>Bildseitenformat:<\/strong> 16:9 &#8211; 1.77:1<br \/>\n<strong>Anzahl DVDs:<\/strong> 3<br \/>\n<strong>FSK:<\/strong> Freigegeben ab 16 Jahren<br \/>\n<strong>Erscheinungstermin:<\/strong> im April 2017<br \/>\n<strong>Laufzeit:<\/strong> ca. 480 Minuten<\/p>\n<p><strong>SEO:<\/strong> \u2013 <strong>DVD-Shop<\/strong> &#8211; <strong>The Missing<\/strong> \u2013 <strong>Erste Staffel<\/strong> \u2013 <strong>3-DVD-Set<\/strong> \u2013 <strong>Neu<\/strong><\/p>\n<h3>Service \/ Umwelt \/ Versand und Preishinweis<\/h3>\n<p><strong>Bitte BEACHTEN:<\/strong>\u00a0Bei den Preisen im Shop ist ALLES an Nebenkosten enthalten wenn NICHT anderes ANGEGEBEN (siehe Bild unter dem Preis). Dazu geh\u00f6ren: Abgaben f\u00fcr das Duale-System \u2013 Entsorgung bei Batterien etc.! Ebenfalls sind Verpackung und Versandkosten inkl. Sendungsnummer-Kosten bei der Post \/ DHL enthalten.<\/p>\n<p>Downloads sind GRUNDS\u00c4TZLICH ohne Zusatzkosten. Bei Waren im Download bekommst Du den LINK zur jeweiligen Datei innerhalb von 12.Stunden nach Eingang des Rechnungsbetrages (auch am Wochenende und Feiertagen). Es gibt keinen AUTOMATISCHEN Download. Wir stellen DEINEN Download immer pers\u00f6nlich zusammen.<\/p>\n<p><strong>Suchnummer:<\/strong>\u00a02068 \u2013 Kat 29<\/p>\n<div class=\"shariff shariff-align-center shariff-widget-align-center shariff-buttonstretch\"><ul class=\"shariff-buttons theme-color orientation-horizontal buttonsize-small\"><li class=\"shariff-button facebook shariff-nocustomcolor\" style=\"background-color:#4273c8\"><a href=\"https:\/\/www.facebook.com\/sharer\/sharer.php?u=https%3A%2F%2Fwww.karaoke-helden.de%2Fplaybackshop%2Fdvd-shop-the-missing-erste-staffel-3-dvd-set-neu\" title=\"Bei Facebook teilen\" aria-label=\"Bei Facebook teilen\" role=\"button\" rel=\"nofollow\" class=\"shariff-link\" style=\"; background-color:#3b5998; color:#fff\" target=\"_blank\"><span class=\"shariff-icon\" style=\"\"><svg width=\"32px\" height=\"20px\" xmlns=\"http:\/\/www.w3.org\/2000\/svg\" viewBox=\"0 0 18 32\"><path fill=\"#3b5998\" d=\"M17.1 0.2v4.7h-2.8q-1.5 0-2.1 0.6t-0.5 1.9v3.4h5.2l-0.7 5.3h-4.5v13.6h-5.5v-13.6h-4.5v-5.3h4.5v-3.9q0-3.3 1.9-5.2t5-1.8q2.6 0 4.1 0.2z\"\/><\/svg><\/span><span class=\"shariff-text\">teilen<\/span>&nbsp;<\/a><\/li><li class=\"shariff-button twitter shariff-nocustomcolor\" style=\"background-color:#595959\"><a href=\"https:\/\/twitter.com\/share?url=https%3A%2F%2Fwww.karaoke-helden.de%2Fplaybackshop%2Fdvd-shop-the-missing-erste-staffel-3-dvd-set-neu&text=DVD-Shop%20%E2%80%93%20The%20Missing%20%E2%80%93%20Erste%20Staffel%20%E2%80%93%203-DVD-Set%20%E2%80%93%20Neu&via=d24online\" title=\"Bei X teilen\" aria-label=\"Bei X teilen\" role=\"button\" rel=\"noopener nofollow\" class=\"shariff-link\" style=\"; background-color:#000; color:#fff\" target=\"_blank\"><span class=\"shariff-icon\" style=\"\"><svg width=\"32px\" height=\"20px\" xmlns=\"http:\/\/www.w3.org\/2000\/svg\" viewBox=\"0 0 24 24\"><path fill=\"#000\" d=\"M14.258 10.152L23.176 0h-2.113l-7.747 8.813L7.133 0H0l9.352 13.328L0 23.973h2.113l8.176-9.309 6.531 9.309h7.133zm-2.895 3.293l-.949-1.328L2.875 1.56h3.246l6.086 8.523.945 1.328 7.91 11.078h-3.246zm0 0\"\/><\/svg><\/span><span class=\"shariff-text\">teilen<\/span>&nbsp;<\/a><\/li><li class=\"shariff-button linkedin shariff-nocustomcolor\" style=\"background-color:#1488bf\"><a href=\"https:\/\/www.linkedin.com\/sharing\/share-offsite\/?url=https%3A%2F%2Fwww.karaoke-helden.de%2Fplaybackshop%2Fdvd-shop-the-missing-erste-staffel-3-dvd-set-neu\" title=\"Bei LinkedIn teilen\" aria-label=\"Bei LinkedIn teilen\" role=\"button\" rel=\"noopener nofollow\" class=\"shariff-link\" style=\"; background-color:#0077b5; color:#fff\" target=\"_blank\"><span class=\"shariff-icon\" style=\"\"><svg width=\"32px\" height=\"20px\" xmlns=\"http:\/\/www.w3.org\/2000\/svg\" viewBox=\"0 0 27 32\"><path fill=\"#0077b5\" d=\"M6.2 11.2v17.7h-5.9v-17.7h5.9zM6.6 5.7q0 1.3-0.9 2.2t-2.4 0.9h0q-1.5 0-2.4-0.9t-0.9-2.2 0.9-2.2 2.4-0.9 2.4 0.9 0.9 2.2zM27.4 18.7v10.1h-5.9v-9.5q0-1.9-0.7-2.9t-2.3-1.1q-1.1 0-1.9 0.6t-1.2 1.5q-0.2 0.5-0.2 1.4v9.9h-5.9q0-7.1 0-11.6t0-5.3l0-0.9h5.9v2.6h0q0.4-0.6 0.7-1t1-0.9 1.6-0.8 2-0.3q3 0 4.9 2t1.9 6z\"\/><\/svg><\/span><span class=\"shariff-text\">teilen<\/span>&nbsp;<\/a><\/li><li class=\"shariff-button rss shariff-nocustomcolor\" style=\"background-color:#ff8c00\"><a href=\"https:\/\/www.karaoke-helden.de\/playbackshop\/feed\/rss\" title=\"RSS-feed\" aria-label=\"RSS-feed\" role=\"button\" class=\"shariff-link\" style=\"; background-color:#fe9312; color:#fff\" target=\"_blank\"><span class=\"shariff-icon\" style=\"\"><svg width=\"32px\" height=\"20px\" xmlns=\"http:\/\/www.w3.org\/2000\/svg\" viewBox=\"0 0 32 32\"><path fill=\"#fe9312\" d=\"M4.3 23.5c-2.3 0-4.3 1.9-4.3 4.3 0 2.3 1.9 4.2 4.3 4.2 2.4 0 4.3-1.9 4.3-4.2 0-2.3-1.9-4.3-4.3-4.3zM0 10.9v6.1c4 0 7.7 1.6 10.6 4.4 2.8 2.8 4.4 6.6 4.4 10.6h6.2c0-11.7-9.5-21.1-21.1-21.1zM0 0v6.1c14.2 0 25.8 11.6 25.8 25.9h6.2c0-17.6-14.4-32-32-32z\"\/><\/svg><\/span><span class=\"shariff-text\">RSS-feed<\/span>&nbsp;<\/a><\/li><li class=\"shariff-button printer shariff-nocustomcolor\" style=\"background-color:#a8a8a8\"><a href=\"javascript:window.print()\" title=\"drucken\" aria-label=\"drucken\" role=\"button\" rel=\"noopener nofollow\" class=\"shariff-link\" style=\"; background-color:#999; color:#fff\"><span class=\"shariff-icon\" style=\"\"><svg width=\"32px\" height=\"20px\" xmlns=\"http:\/\/www.w3.org\/2000\/svg\" viewBox=\"0 0 30 32\"><path fill=\"#999\" d=\"M6.8 27.4h16v-4.6h-16v4.6zM6.8 16h16v-6.8h-2.8q-0.7 0-1.2-0.5t-0.5-1.2v-2.8h-11.4v11.4zM27.4 17.2q0-0.5-0.3-0.8t-0.8-0.4-0.8 0.4-0.3 0.8 0.3 0.8 0.8 0.3 0.8-0.3 0.3-0.8zM29.7 17.2v7.4q0 0.2-0.2 0.4t-0.4 0.2h-4v2.8q0 0.7-0.5 1.2t-1.2 0.5h-17.2q-0.7 0-1.2-0.5t-0.5-1.2v-2.8h-4q-0.2 0-0.4-0.2t-0.2-0.4v-7.4q0-1.4 1-2.4t2.4-1h1.2v-9.7q0-0.7 0.5-1.2t1.2-0.5h12q0.7 0 1.6 0.4t1.3 0.8l2.7 2.7q0.5 0.5 0.9 1.4t0.4 1.6v4.6h1.1q1.4 0 2.4 1t1 2.4z\"\/><\/svg><\/span><span class=\"shariff-text\">drucken<\/span>&nbsp;<\/a><\/li><li class=\"shariff-button whatsapp shariff-nocustomcolor\" style=\"background-color:#5cbe4a\"><a href=\"https:\/\/api.whatsapp.com\/send?text=https%3A%2F%2Fwww.karaoke-helden.de%2Fplaybackshop%2Fdvd-shop-the-missing-erste-staffel-3-dvd-set-neu%20DVD-Shop%20%E2%80%93%20The%20Missing%20%E2%80%93%20Erste%20Staffel%20%E2%80%93%203-DVD-Set%20%E2%80%93%20Neu\" title=\"Bei Whatsapp teilen\" aria-label=\"Bei Whatsapp teilen\" role=\"button\" rel=\"noopener nofollow\" class=\"shariff-link\" style=\"; background-color:#34af23; color:#fff\" target=\"_blank\"><span class=\"shariff-icon\" style=\"\"><svg width=\"32px\" height=\"20px\" xmlns=\"http:\/\/www.w3.org\/2000\/svg\" viewBox=\"0 0 32 32\"><path fill=\"#34af23\" d=\"M17.6 17.4q0.2 0 1.7 0.8t1.6 0.9q0 0.1 0 0.3 0 0.6-0.3 1.4-0.3 0.7-1.3 1.2t-1.8 0.5q-1 0-3.4-1.1-1.7-0.8-3-2.1t-2.6-3.3q-1.3-1.9-1.3-3.5v-0.1q0.1-1.6 1.3-2.8 0.4-0.4 0.9-0.4 0.1 0 0.3 0t0.3 0q0.3 0 0.5 0.1t0.3 0.5q0.1 0.4 0.6 1.6t0.4 1.3q0 0.4-0.6 1t-0.6 0.8q0 0.1 0.1 0.3 0.6 1.3 1.8 2.4 1 0.9 2.7 1.8 0.2 0.1 0.4 0.1 0.3 0 1-0.9t0.9-0.9zM14 26.9q2.3 0 4.3-0.9t3.6-2.4 2.4-3.6 0.9-4.3-0.9-4.3-2.4-3.6-3.6-2.4-4.3-0.9-4.3 0.9-3.6 2.4-2.4 3.6-0.9 4.3q0 3.6 2.1 6.6l-1.4 4.2 4.3-1.4q2.8 1.9 6.2 1.9zM14 2.2q2.7 0 5.2 1.1t4.3 2.9 2.9 4.3 1.1 5.2-1.1 5.2-2.9 4.3-4.3 2.9-5.2 1.1q-3.5 0-6.5-1.7l-7.4 2.4 2.4-7.2q-1.9-3.2-1.9-6.9 0-2.7 1.1-5.2t2.9-4.3 4.3-2.9 5.2-1.1z\"\/><\/svg><\/span><span class=\"shariff-text\">teilen<\/span>&nbsp;<\/a><\/li><\/ul><\/div>","protected":false},"excerpt":{"rendered":"<p><em><strong><a href=\"\/playbackshop\/versandarten\/\" target=\"_blank\" rel=\"noopener noreferrer\"><img decoding=\"async\" class=\"aligncenter wp-image-8471 size-full\" src=\"https:\/\/www.karaoke-helden.de\/playbackshop\/wp-content\/uploads\/2020\/10\/Versandkosten-Info-Oktober.jpg\" alt=\"Versandinfo-Kosten-Neu\" width=\"550\" height=\"125\" \/><\/a>DVD-Shop-Tipp:<\/strong><\/em> The Missing \u2013 Erste Staffel \u2013 3-DVD-Set bietet einen Familienurlaub den wirklich kein haben will. Hier als DVD-Set mit 3 Silberscheiben zu haben. Jetzt kaufen &#8230;<\/p>\n","protected":false},"featured_media":9264,"template":"","meta":{"rank_math_lock_modified_date":false},"product_cat":[824,10751,1110],"product_tag":[16090,16092,11811,16093,16115,16131,15277,849,16091,16130],"class_list":{"0":"post-9265","1":"product","2":"type-product","3":"status-publish","4":"has-post-thumbnail","6":"product_cat-alle-produkte","7":"product_cat-dvd-filme","8":"product_cat-musik-cd-und-dvd-shop","9":"product_tag-3-dvd-set","10":"product_tag-dvd-kaufen","11":"product_tag-dvd-shop","12":"product_tag-dvd-shop-deutschland","13":"product_tag-dvds-guenstig","14":"product_tag-erste-staffel","15":"product_tag-nagelneu","16":"product_tag-neu","17":"product_tag-spannung","18":"product_tag-the-missing","20":"first","21":"instock","22":"taxable","23":"shipping-taxable","24":"product-type-simple","25":"add-to-wishlist-after_add_to_cart"},"_links":{"self":[{"href":"https:\/\/www.karaoke-helden.de\/playbackshop\/wp-json\/wp\/v2\/product\/9265","targetHints":{"allow":["GET"]}}],"collection":[{"href":"https:\/\/www.karaoke-helden.de\/playbackshop\/wp-json\/wp\/v2\/product"}],"about":[{"href":"https:\/\/www.karaoke-helden.de\/playbackshop\/wp-json\/wp\/v2\/types\/product"}],"wp:featuredmedia":[{"embeddable":true,"href":"https:\/\/www.karaoke-helden.de\/playbackshop\/wp-json\/wp\/v2\/media\/9264"}],"wp:attachment":[{"href":"https:\/\/www.karaoke-helden.de\/playbackshop\/wp-json\/wp\/v2\/media?parent=9265"}],"wp:term":[{"taxonomy":"product_cat","embeddable":true,"href":"https:\/\/www.karaoke-helden.de\/playbackshop\/wp-json\/wp\/v2\/product_cat?post=9265"},{"taxonomy":"product_tag","embeddable":true,"href":"https:\/\/www.karaoke-helden.de\/playbackshop\/wp-json\/wp\/v2\/product_tag?post=9265"}],"curies":[{"name":"wp","href":"https:\/\/api.w.org\/{rel}","templated":true}]}}