{"id":9306,"date":"2020-07-29T12:54:25","date_gmt":"2020-07-29T10:54:25","guid":{"rendered":"https:\/\/www.karaoke-helden.de\/playbackshop\/?post_type=product&#038;p=9306"},"modified":"2020-07-29T12:55:13","modified_gmt":"2020-07-29T10:55:13","slug":"dvd-shop-poldark-staffel-3-4-dvd-set-neu","status":"publish","type":"product","link":"https:\/\/www.karaoke-helden.de\/playbackshop\/dvd-shop-poldark-staffel-3-4-dvd-set-neu","title":{"rendered":"DVD-Shop &#8211; Poldark &#8211; Staffel 3 \u2013 4-DVD-Set &#8211; Neu"},"content":{"rendered":"<h2>Poldark &#8211; Staffel 3 \u2013 4-DVD-Set &#8211; Neu.<\/h2>\n<h2>Absolut gut gemacht diese Serie, jetzt NEU bei uns im ONLINE-SHOP &#8230;<\/h2>\n<h3>Neu \/ OVP &#8211; Versand via DHL mit Sendungsnummer &#8230;<\/h3>\n<figure id=\"attachment_9305\" aria-describedby=\"caption-attachment-9305\" style=\"width: 430px\" class=\"wp-caption alignright\"><img decoding=\"async\" class=\"size-full wp-image-9305\" src=\"https:\/\/www.karaoke-helden.de\/playbackshop\/wp-content\/uploads\/2020\/07\/Poldark-Staffel-3-\u2013-4-DVD-Set-Neu-Front-der-DVD.jpg\" alt=\"Poldark - Staffel 3 \u2013 4-DVD-Set - Neu\" width=\"430\" height=\"596\" srcset=\"https:\/\/www.karaoke-helden.de\/playbackshop\/wp-content\/uploads\/2020\/07\/Poldark-Staffel-3-\u2013-4-DVD-Set-Neu-Front-der-DVD.jpg 430w, https:\/\/www.karaoke-helden.de\/playbackshop\/wp-content\/uploads\/2020\/07\/Poldark-Staffel-3-\u2013-4-DVD-Set-Neu-Front-der-DVD-64x89.jpg 64w, https:\/\/www.karaoke-helden.de\/playbackshop\/wp-content\/uploads\/2020\/07\/Poldark-Staffel-3-\u2013-4-DVD-Set-Neu-Front-der-DVD-112x155.jpg 112w, https:\/\/www.karaoke-helden.de\/playbackshop\/wp-content\/uploads\/2020\/07\/Poldark-Staffel-3-\u2013-4-DVD-Set-Neu-Front-der-DVD-108x150.jpg 108w, https:\/\/www.karaoke-helden.de\/playbackshop\/wp-content\/uploads\/2020\/07\/Poldark-Staffel-3-\u2013-4-DVD-Set-Neu-Front-der-DVD-300x416.jpg 300w\" sizes=\"(max-width: 430px) 100vw, 430px\" \/><figcaption id=\"caption-attachment-9305\" class=\"wp-caption-text\">Foto: Edel:Motion &#8211; Freigegeben.<\/figcaption><\/figure>\n<p><em><strong>DVD-Shop:<\/strong> <\/em>Jetzt bei uns AUFGENOMMEN in kleiner St\u00fcckzahl &#8211; Poldark &#8211; Staffel 3 \u2013 4-DVD-Set &#8211; Neu &#8211; Muss man gesehen haben, eine Zeitreise die es in sich hat.<\/p>\n<p><span style=\"text-decoration: underline;\"><strong>Aus dem Klappentext (DVD-R\u00fcckseite):<\/strong><\/span><\/p>\n<p>Im Jahr 1794 wird Gro\u00dfbritannien von den Auswirkungen des Krieges und der Revolution in Frankreich \u00fcberschattet. W\u00e4hrend George Warleggan sein Imperium in Cornwall weiter ausbaut, um die Poldarks zu vernichten, ist Elizabeth entschlossen, sich in ihr neues Leben als seine Frau und als eine Warleggan zu f\u00fcgen und mit ihrer Vergangenheit und mit Ross abzuschlie\u00dfen.<br \/>\nDoch das komfortable Leben, das sie sich selbst und ihrem Sohn endlich gesichert hat, ist in Gefahr, sollte ihr wohlgeh\u00fctetes Geheimnis ans Licht kommen.<\/p>\n<p>Ross und Demelza setzen derweil alles daran, ihre Beziehung zu retten und George aus dem Weg zu gehen. Doch die Ankunft von Demelzas Br\u00fcdern st\u00f6rt den fragilen Frieden und Ross muss sich fragen, wie lange man George noch ungehindert weiter aufsteigen lassen sollte. W\u00e4hrenddessen ger\u00e4t Dwight im Krieg mit Frankreich in Gefangenschaft, und es ist an Ross, seinen Freund zu befreien.<\/p>\n<p>Doch ist Ross wirklich bereit, alles zu riskieren, was ihm lieb und teuer ist, um die heimischen und fernen Schlachten zu schlagen?<\/p>\n<p><span style=\"text-decoration: underline;\"><strong>Weitere Infos:<\/strong><\/span><\/p>\n<p><strong>Schauspieler:<\/strong> Aidan Turner, Eleanor Tomlinson, Heida Reed<br \/>\n<strong>Format:<\/strong> PAL, Dolby<br \/>\n<strong>Sprache:<\/strong> Deutsch (Dolby Digital 2.0), English (Dolby Digital 2.0)<br \/>\n<strong>Regionsangabe:<\/strong> Region 2<br \/>\n<strong>Bildseitenformat:<\/strong> 16:9 &#8211; 1.77:1<br \/>\n<strong>Anzahl DVDs:<\/strong> 4<br \/>\n<strong>FSK:<\/strong> Freigegeben ab 12 Jahren<br \/>\n<strong>Studio:<\/strong> Edel Germany GmbH<br \/>\n<strong>Erscheinungstermin:<\/strong> April 2018<br \/>\n<strong>Laufzeit der DVDs:<\/strong> 518 Minuten<\/p>\n<p><strong>SEO:<\/strong> \u2013 <strong>DVD-Shop<\/strong> &#8211; <strong>Poldark<\/strong> &#8211; <strong>Staffel 3<\/strong> \u2013 <strong>4-DVD-Set<\/strong> &#8211; <strong>Neu<\/strong> &#8211; <strong>Online-Shop<\/strong> &#8211; <strong>DVD Kaufen<\/strong> &#8211;<\/p>\n<h3>Service \/ Umwelt \/ Versand und Preishinweis<\/h3>\n<p><strong>Bitte BEACHTEN:<\/strong>\u00a0Bei den Preisen im Shop ist ALLES an Nebenkosten enthalten wenn NICHT anderes ANGEGEBEN (siehe Bild unter dem Preis). Dazu geh\u00f6ren: Abgaben f\u00fcr das Duale-System \u2013 Entsorgung bei Batterien etc.! Ebenfalls sind Verpackung und Versandkosten inkl. Sendungsnummer-Kosten bei der Post \/ DHL enthalten.<\/p>\n<p>Downloads sind GRUNDS\u00c4TZLICH ohne Zusatzkosten. Bei Waren im Download bekommst Du den LINK zur jeweiligen Datei innerhalb von 12.Stunden nach Eingang des Rechnungsbetrages (auch am Wochenende und Feiertagen). Es gibt keinen AUTOMATISCHEN Download. Wir stellen DEINEN Download immer pers\u00f6nlich zusammen.<\/p>\n<p><strong>Suchnummer:<\/strong> 2084 \u2013 Kat 31<\/p>\n<div class=\"shariff shariff-align-center shariff-widget-align-center shariff-buttonstretch\"><ul class=\"shariff-buttons theme-color orientation-horizontal buttonsize-small\"><li class=\"shariff-button facebook shariff-nocustomcolor\" style=\"background-color:#4273c8\"><a href=\"https:\/\/www.facebook.com\/sharer\/sharer.php?u=https%3A%2F%2Fwww.karaoke-helden.de%2Fplaybackshop%2Fdvd-shop-poldark-staffel-3-4-dvd-set-neu\" title=\"Bei Facebook teilen\" aria-label=\"Bei Facebook teilen\" role=\"button\" rel=\"nofollow\" class=\"shariff-link\" style=\"; background-color:#3b5998; color:#fff\" target=\"_blank\"><span class=\"shariff-icon\" style=\"\"><svg width=\"32px\" height=\"20px\" xmlns=\"http:\/\/www.w3.org\/2000\/svg\" viewBox=\"0 0 18 32\"><path fill=\"#3b5998\" d=\"M17.1 0.2v4.7h-2.8q-1.5 0-2.1 0.6t-0.5 1.9v3.4h5.2l-0.7 5.3h-4.5v13.6h-5.5v-13.6h-4.5v-5.3h4.5v-3.9q0-3.3 1.9-5.2t5-1.8q2.6 0 4.1 0.2z\"\/><\/svg><\/span><span class=\"shariff-text\">teilen<\/span>&nbsp;<\/a><\/li><li class=\"shariff-button twitter shariff-nocustomcolor\" style=\"background-color:#595959\"><a href=\"https:\/\/twitter.com\/share?url=https%3A%2F%2Fwww.karaoke-helden.de%2Fplaybackshop%2Fdvd-shop-poldark-staffel-3-4-dvd-set-neu&text=DVD-Shop%20%E2%80%93%20Poldark%20%E2%80%93%20Staffel%203%20%E2%80%93%204-DVD-Set%20%E2%80%93%20Neu&via=d24online\" title=\"Bei X teilen\" aria-label=\"Bei X teilen\" role=\"button\" rel=\"noopener nofollow\" class=\"shariff-link\" style=\"; background-color:#000; color:#fff\" target=\"_blank\"><span class=\"shariff-icon\" style=\"\"><svg width=\"32px\" height=\"20px\" xmlns=\"http:\/\/www.w3.org\/2000\/svg\" viewBox=\"0 0 24 24\"><path fill=\"#000\" d=\"M14.258 10.152L23.176 0h-2.113l-7.747 8.813L7.133 0H0l9.352 13.328L0 23.973h2.113l8.176-9.309 6.531 9.309h7.133zm-2.895 3.293l-.949-1.328L2.875 1.56h3.246l6.086 8.523.945 1.328 7.91 11.078h-3.246zm0 0\"\/><\/svg><\/span><span class=\"shariff-text\">teilen<\/span>&nbsp;<\/a><\/li><li class=\"shariff-button linkedin shariff-nocustomcolor\" style=\"background-color:#1488bf\"><a href=\"https:\/\/www.linkedin.com\/sharing\/share-offsite\/?url=https%3A%2F%2Fwww.karaoke-helden.de%2Fplaybackshop%2Fdvd-shop-poldark-staffel-3-4-dvd-set-neu\" title=\"Bei LinkedIn teilen\" aria-label=\"Bei LinkedIn teilen\" role=\"button\" rel=\"noopener nofollow\" class=\"shariff-link\" style=\"; background-color:#0077b5; color:#fff\" target=\"_blank\"><span class=\"shariff-icon\" style=\"\"><svg width=\"32px\" height=\"20px\" xmlns=\"http:\/\/www.w3.org\/2000\/svg\" viewBox=\"0 0 27 32\"><path fill=\"#0077b5\" d=\"M6.2 11.2v17.7h-5.9v-17.7h5.9zM6.6 5.7q0 1.3-0.9 2.2t-2.4 0.9h0q-1.5 0-2.4-0.9t-0.9-2.2 0.9-2.2 2.4-0.9 2.4 0.9 0.9 2.2zM27.4 18.7v10.1h-5.9v-9.5q0-1.9-0.7-2.9t-2.3-1.1q-1.1 0-1.9 0.6t-1.2 1.5q-0.2 0.5-0.2 1.4v9.9h-5.9q0-7.1 0-11.6t0-5.3l0-0.9h5.9v2.6h0q0.4-0.6 0.7-1t1-0.9 1.6-0.8 2-0.3q3 0 4.9 2t1.9 6z\"\/><\/svg><\/span><span class=\"shariff-text\">teilen<\/span>&nbsp;<\/a><\/li><li class=\"shariff-button rss shariff-nocustomcolor\" style=\"background-color:#ff8c00\"><a href=\"https:\/\/www.karaoke-helden.de\/playbackshop\/feed\/rss\" title=\"RSS-feed\" aria-label=\"RSS-feed\" role=\"button\" class=\"shariff-link\" style=\"; background-color:#fe9312; color:#fff\" target=\"_blank\"><span class=\"shariff-icon\" style=\"\"><svg width=\"32px\" height=\"20px\" xmlns=\"http:\/\/www.w3.org\/2000\/svg\" viewBox=\"0 0 32 32\"><path fill=\"#fe9312\" d=\"M4.3 23.5c-2.3 0-4.3 1.9-4.3 4.3 0 2.3 1.9 4.2 4.3 4.2 2.4 0 4.3-1.9 4.3-4.2 0-2.3-1.9-4.3-4.3-4.3zM0 10.9v6.1c4 0 7.7 1.6 10.6 4.4 2.8 2.8 4.4 6.6 4.4 10.6h6.2c0-11.7-9.5-21.1-21.1-21.1zM0 0v6.1c14.2 0 25.8 11.6 25.8 25.9h6.2c0-17.6-14.4-32-32-32z\"\/><\/svg><\/span><span class=\"shariff-text\">RSS-feed<\/span>&nbsp;<\/a><\/li><li class=\"shariff-button printer shariff-nocustomcolor\" style=\"background-color:#a8a8a8\"><a href=\"javascript:window.print()\" title=\"drucken\" aria-label=\"drucken\" role=\"button\" rel=\"noopener nofollow\" class=\"shariff-link\" style=\"; background-color:#999; color:#fff\"><span class=\"shariff-icon\" style=\"\"><svg width=\"32px\" height=\"20px\" xmlns=\"http:\/\/www.w3.org\/2000\/svg\" viewBox=\"0 0 30 32\"><path fill=\"#999\" d=\"M6.8 27.4h16v-4.6h-16v4.6zM6.8 16h16v-6.8h-2.8q-0.7 0-1.2-0.5t-0.5-1.2v-2.8h-11.4v11.4zM27.4 17.2q0-0.5-0.3-0.8t-0.8-0.4-0.8 0.4-0.3 0.8 0.3 0.8 0.8 0.3 0.8-0.3 0.3-0.8zM29.7 17.2v7.4q0 0.2-0.2 0.4t-0.4 0.2h-4v2.8q0 0.7-0.5 1.2t-1.2 0.5h-17.2q-0.7 0-1.2-0.5t-0.5-1.2v-2.8h-4q-0.2 0-0.4-0.2t-0.2-0.4v-7.4q0-1.4 1-2.4t2.4-1h1.2v-9.7q0-0.7 0.5-1.2t1.2-0.5h12q0.7 0 1.6 0.4t1.3 0.8l2.7 2.7q0.5 0.5 0.9 1.4t0.4 1.6v4.6h1.1q1.4 0 2.4 1t1 2.4z\"\/><\/svg><\/span><span class=\"shariff-text\">drucken<\/span>&nbsp;<\/a><\/li><li class=\"shariff-button whatsapp shariff-nocustomcolor\" style=\"background-color:#5cbe4a\"><a href=\"https:\/\/api.whatsapp.com\/send?text=https%3A%2F%2Fwww.karaoke-helden.de%2Fplaybackshop%2Fdvd-shop-poldark-staffel-3-4-dvd-set-neu%20DVD-Shop%20%E2%80%93%20Poldark%20%E2%80%93%20Staffel%203%20%E2%80%93%204-DVD-Set%20%E2%80%93%20Neu\" title=\"Bei Whatsapp teilen\" aria-label=\"Bei Whatsapp teilen\" role=\"button\" rel=\"noopener nofollow\" class=\"shariff-link\" style=\"; background-color:#34af23; color:#fff\" target=\"_blank\"><span class=\"shariff-icon\" style=\"\"><svg width=\"32px\" height=\"20px\" xmlns=\"http:\/\/www.w3.org\/2000\/svg\" viewBox=\"0 0 32 32\"><path fill=\"#34af23\" d=\"M17.6 17.4q0.2 0 1.7 0.8t1.6 0.9q0 0.1 0 0.3 0 0.6-0.3 1.4-0.3 0.7-1.3 1.2t-1.8 0.5q-1 0-3.4-1.1-1.7-0.8-3-2.1t-2.6-3.3q-1.3-1.9-1.3-3.5v-0.1q0.1-1.6 1.3-2.8 0.4-0.4 0.9-0.4 0.1 0 0.3 0t0.3 0q0.3 0 0.5 0.1t0.3 0.5q0.1 0.4 0.6 1.6t0.4 1.3q0 0.4-0.6 1t-0.6 0.8q0 0.1 0.1 0.3 0.6 1.3 1.8 2.4 1 0.9 2.7 1.8 0.2 0.1 0.4 0.1 0.3 0 1-0.9t0.9-0.9zM14 26.9q2.3 0 4.3-0.9t3.6-2.4 2.4-3.6 0.9-4.3-0.9-4.3-2.4-3.6-3.6-2.4-4.3-0.9-4.3 0.9-3.6 2.4-2.4 3.6-0.9 4.3q0 3.6 2.1 6.6l-1.4 4.2 4.3-1.4q2.8 1.9 6.2 1.9zM14 2.2q2.7 0 5.2 1.1t4.3 2.9 2.9 4.3 1.1 5.2-1.1 5.2-2.9 4.3-4.3 2.9-5.2 1.1q-3.5 0-6.5-1.7l-7.4 2.4 2.4-7.2q-1.9-3.2-1.9-6.9 0-2.7 1.1-5.2t2.9-4.3 4.3-2.9 5.2-1.1z\"\/><\/svg><\/span><span class=\"shariff-text\">teilen<\/span>&nbsp;<\/a><\/li><\/ul><\/div>","protected":false},"excerpt":{"rendered":"<p><em><strong><a href=\"\/playbackshop\/versandarten\/\" target=\"_blank\" rel=\"noopener noreferrer\"><img decoding=\"async\" class=\"aligncenter wp-image-8471 size-full\" src=\"https:\/\/www.karaoke-helden.de\/playbackshop\/wp-content\/uploads\/2020\/10\/Versandkosten-Info-Oktober.jpg\" alt=\"Versandinfo-Kosten-Neu\" width=\"550\" height=\"125\" \/><\/a>DVD-Shop-Aktuell:<\/strong><\/em> Jetzt bei uns AUFGENOMMEN in kleiner St\u00fcckzahl &#8211; Poldark &#8211; Staffel 3 \u2013 4-DVD-Set &#8211; Neu &#8211; Muss man gesehen haben, eine Zeitreise die es in sich hat. Also jetzt schnell in den Warenkorb legen bevor es ein anderer Macht!<\/p>\n","protected":false},"featured_media":9305,"template":"","meta":{"rank_math_lock_modified_date":false},"product_cat":[824,10751,1110],"product_tag":[16096,1116,16098,16092,11811,15551,849,5041,1129,16172,16157],"class_list":{"0":"post-9306","1":"product","2":"type-product","3":"status-publish","4":"has-post-thumbnail","6":"product_cat-alle-produkte","7":"product_cat-dvd-filme","8":"product_cat-musik-cd-und-dvd-shop","9":"product_tag-4-dvd-set","10":"product_tag-aktuell","11":"product_tag-dvd-guenstig","12":"product_tag-dvd-kaufen","13":"product_tag-dvd-shop","14":"product_tag-karaoke-helden-shop","15":"product_tag-neu","16":"product_tag-online-shop","17":"product_tag-onlineshop","18":"product_tag-poldark","19":"product_tag-staffel-3","21":"first","22":"instock","23":"taxable","24":"shipping-taxable","25":"product-type-simple","26":"add-to-wishlist-after_add_to_cart"},"_links":{"self":[{"href":"https:\/\/www.karaoke-helden.de\/playbackshop\/wp-json\/wp\/v2\/product\/9306","targetHints":{"allow":["GET"]}}],"collection":[{"href":"https:\/\/www.karaoke-helden.de\/playbackshop\/wp-json\/wp\/v2\/product"}],"about":[{"href":"https:\/\/www.karaoke-helden.de\/playbackshop\/wp-json\/wp\/v2\/types\/product"}],"wp:featuredmedia":[{"embeddable":true,"href":"https:\/\/www.karaoke-helden.de\/playbackshop\/wp-json\/wp\/v2\/media\/9305"}],"wp:attachment":[{"href":"https:\/\/www.karaoke-helden.de\/playbackshop\/wp-json\/wp\/v2\/media?parent=9306"}],"wp:term":[{"taxonomy":"product_cat","embeddable":true,"href":"https:\/\/www.karaoke-helden.de\/playbackshop\/wp-json\/wp\/v2\/product_cat?post=9306"},{"taxonomy":"product_tag","embeddable":true,"href":"https:\/\/www.karaoke-helden.de\/playbackshop\/wp-json\/wp\/v2\/product_tag?post=9306"}],"curies":[{"name":"wp","href":"https:\/\/api.w.org\/{rel}","templated":true}]}}