{"id":9763,"date":"2020-09-16T07:42:16","date_gmt":"2020-09-16T05:42:16","guid":{"rendered":"https:\/\/www.karaoke-helden.de\/playbackshop\/?post_type=product&#038;p=9763"},"modified":"2020-09-16T07:42:54","modified_gmt":"2020-09-16T05:42:54","slug":"wellness-cd-shop-largo-yoga-fuer-anfaenger","status":"publish","type":"product","link":"https:\/\/www.karaoke-helden.de\/playbackshop\/wellness-cd-shop-largo-yoga-fuer-anfaenger","title":{"rendered":"Wellness-CD-Shop &#8211; Largo Yoga f\u00fcr Anf\u00e4nger"},"content":{"rendered":"<h2>Largo Yoga f\u00fcr Anf\u00e4nger.<\/h2>\n<h2>\u00dcbungen zur Entspannung, f\u00fcr neue Energie und Lebensfreude.<\/h2>\n<h3>Neu \/ OVP &#8211; Versand via DHL mit Sendungsnummer&#8230;<\/h3>\n<p><strong><img decoding=\"async\" class=\"size-full wp-image-9761 alignright\" src=\"https:\/\/www.karaoke-helden.de\/playbackshop\/wp-content\/uploads\/2020\/09\/Largo-Yoga-f\u00fcr-Anf\u00e4nger-Front.jpeg\" alt=\"Largo-Yoga-f\u00fcr-Anf\u00e4nger-Front\" width=\"430\" height=\"430\" srcset=\"https:\/\/www.karaoke-helden.de\/playbackshop\/wp-content\/uploads\/2020\/09\/Largo-Yoga-f\u00fcr-Anf\u00e4nger-Front.jpeg 430w, https:\/\/www.karaoke-helden.de\/playbackshop\/wp-content\/uploads\/2020\/09\/Largo-Yoga-f\u00fcr-Anf\u00e4nger-Front-100x100.jpeg 100w, https:\/\/www.karaoke-helden.de\/playbackshop\/wp-content\/uploads\/2020\/09\/Largo-Yoga-f\u00fcr-Anf\u00e4nger-Front-64x64.jpeg 64w, https:\/\/www.karaoke-helden.de\/playbackshop\/wp-content\/uploads\/2020\/09\/Largo-Yoga-f\u00fcr-Anf\u00e4nger-Front-320x320.jpeg 320w, https:\/\/www.karaoke-helden.de\/playbackshop\/wp-content\/uploads\/2020\/09\/Largo-Yoga-f\u00fcr-Anf\u00e4nger-Front-155x155.jpeg 155w, https:\/\/www.karaoke-helden.de\/playbackshop\/wp-content\/uploads\/2020\/09\/Largo-Yoga-f\u00fcr-Anf\u00e4nger-Front-150x150.jpeg 150w, https:\/\/www.karaoke-helden.de\/playbackshop\/wp-content\/uploads\/2020\/09\/Largo-Yoga-f\u00fcr-Anf\u00e4nger-Front-95x95.jpeg 95w, https:\/\/www.karaoke-helden.de\/playbackshop\/wp-content\/uploads\/2020\/09\/Largo-Yoga-f\u00fcr-Anf\u00e4nger-Front-300x300.jpeg 300w\" sizes=\"(max-width: 430px) 100vw, 430px\" \/>Entspannungs-CD &#8211;<\/strong> <em>Largo Yoga f\u00fcr Anf\u00e4nger<\/em> &#8211; ist eine tolle CD f\u00fcr alle Anf\u00e4nger im Bereich Yoga. Es sind gef\u00fchrte \u00dcbungen, die einen Einstieg in eine andere Welt problemlos m\u00f6glich machen.<\/p>\n<p><strong>Der Hersteller schreibt zur CD Yoga f\u00fcr Anf\u00e4nger:<\/strong><\/p>\n<p>Yoga wirkt sich nachweislich positiv sowohl auf die physische als auch auf die psychische Gesundheit aus. Yoga kann zu einer Linderung verschiedenster krankheitsbedingter Beschwerden, wie z.B. Schlafst\u00f6rungen, Durchblutungsst\u00f6rungen, Angstzust\u00e4nden, Depression, chronischen Kopfschmerzen und R\u00fcckenschmerzen.<\/p>\n<p>Die Aktivierung der Muskeln, Sehnen, B\u00e4nder und Blut- und Lymphgef\u00e4\u00dfe f\u00fchrt zu einer verbesserten Durchblutung. Die R\u00fcckenmuskulatur wird gekr\u00e4ftigt, was wiederum zu einer verbesserten K\u00f6rperhaltung f\u00fchren kann.<\/p>\n<p>Yoga hat eine beruhigende, ausgleichende Wirkung und kann somit auch den Folgeerscheinungen von Stress entgegenwirken. Dar\u00fcber hinaus kann die mit Atem\u00fcbungen und Meditation verbundene &#8220;innere Einkehr&#8221; genutzt werden, das eigene Verhalten gegen\u00fcber den Mitmenschen zu reflektieren, um es positiver zu gestalten.<\/p>\n<p>Die CD beinhaltet neun einfache gef\u00fchrte \u00dcbungen, die speziell f\u00fcr Anf\u00e4nger und Personen jeden Alters gut geeignet sind, um eine schnell erfahrbare Wirkung auf K\u00f6rper, Geist und Seele zu erreichen. Es werden alle wichtigen K\u00f6rperregionen angesprochen, ohne extreme Drehungen oder schwierige Haltungen ausf\u00fchren zu m\u00fcssen.<\/p>\n<p>Die Hintergrundmusik sorgt dabei f\u00fcr eine entspannende Atmosph\u00e4re, und die k\u00f6rperliche und geistige Tiefenentspannung am Ende der \u00dcbungen hilft dabei, Stress und negative Gef\u00fchle aufzul\u00f6sen.<\/p>\n<p><strong>Tracks:<\/strong><\/p>\n<p>01: <a href=\"\/playbackshop\/wp-content\/uploads\/2020\/09\/YOGA-fr-Anfnger-01-Yoga-bung-1-Rcken-und-Atem.mp3\" target=\"_blank\" rel=\"noopener noreferrer\">R\u00fccken und Atem<\/a><br \/>\n02: <a href=\"\/playbackshop\/wp-content\/uploads\/2020\/09\/YOGA-fr-Anfnger-02-Yoga-bung-2-Bauch-Demo.mp3\" target=\"_blank\" rel=\"noopener noreferrer\">Bauch<\/a><br \/>\n03: <a href=\"\/playbackshop\/wp-content\/uploads\/2020\/09\/YOGA-fr-Anfnger-03-Yoga-bung-3-Augen-und-Kopf.mp3\" target=\"_blank\" rel=\"noopener noreferrer\">Augen und Kopf<\/a><br \/>\n04: <a href=\"\/playbackshop\/wp-content\/uploads\/2020\/09\/YOGA-fr-Anfnger-04-Yoga-bung-4-Schulter-und-Nacken.mp3\" target=\"_blank\" rel=\"noopener noreferrer\">Schultern und Nacken<\/a><br \/>\n05: <a href=\"\/playbackshop\/wp-content\/uploads\/2020\/09\/YOGA-fr-Anfnger-05-Yoga-bung-5-Rcken-und-Beine.mp3\" target=\"_blank\" rel=\"noopener noreferrer\">R\u00fccken und Beine<\/a><br \/>\n06: <a href=\"\/playbackshop\/wp-content\/uploads\/2020\/09\/YOGA-fr-Anfnger-06-Yoga-bung-6-Beine-Becken-und-Rcken.mp3\" target=\"_blank\" rel=\"noopener noreferrer\">Beine, Becken und R\u00fccken<\/a><br \/>\n07: <a href=\"\/playbackshop\/wp-content\/uploads\/2020\/09\/YOGA-fr-Anfnger-07-Yoga-bung-7-Oberkrper-und-Gleichgewicht.mp3\" target=\"_blank\" rel=\"noopener noreferrer\">Oberk\u00f6rper und Gleichgewicht<\/a><br \/>\n08: <a href=\"\/playbackshop\/wp-content\/uploads\/2020\/09\/YOGA-fr-Anfnger-08-Yoga-bung-8-Tifenentspannung.mp3\" target=\"_blank\" rel=\"noopener noreferrer\">Tiefenentspannung<\/a><br \/>\n09: <a href=\"\/playbackshop\/wp-content\/uploads\/2020\/09\/YOGA-fr-Anfnger-09-Yoga-bung-9-Geistige-Entspannung.mp3\" target=\"_blank\" rel=\"noopener noreferrer\">Geistige Entspannung<\/a><\/p>\n<p><img decoding=\"async\" class=\"aligncenter size-full wp-image-9691\" src=\"https:\/\/www.karaoke-helden.de\/playbackshop\/wp-content\/uploads\/2020\/09\/Demos-Center-Karaoke-Helden.gif\" alt=\"demo-hoeren-karaoke-helden.jpg\" width=\"1250\" height=\"250\" \/><\/p>\n<p><strong>Mehr Infos:<\/strong><\/p>\n<p><em>Medium<\/em>: CD<br \/>\n<em>Anzahl CDs:<\/em> 1<br \/>\n<em>Spieldauer:<\/em> 63 Minuten<br \/>\n<em>Erscheinungsdatum:<\/em> 24.08.2012<br \/>\n<em>Verlag:<\/em> Media Sound Art<br \/>\n<em>Sprache:<\/em> Deutsch<br \/>\n<em>EAN:<\/em> 9783943670028<br \/>\n<em>FSK:<\/em> 0 Jahre<br \/>\n<em>GEMA-Frei:<\/em> Ja<\/p>\n<h3>Service \/ Umwelt \/ Versand und Preishinweis<\/h3>\n<p><strong>Bitte BEACHTEN:<\/strong>\u00a0Bei den Preisen im Shop sind f\u00fcr das Duale-System bereits enthalten \u2013 Sie Zahlen nur einmalig Versandkosten f\u00fcr alle im Warenkorb befindlichen Artikel. Bei uns erfolgt der Versand in Deutschland mit DHL und Sendungsnummer.<\/p>\n<p>Nat\u00fcrlich sind alle Produkte (die wir im Download f\u00fcr unsere Nutzerinnen und Nutzer einstellen) GRUNDS\u00c4TZLICH ohne Zusatzkosten. Bei Waren im Download bekommst Du den LINK zur jeweiligen Datei innerhalb von 12.Stunden nach Eingang des Rechnungsbetrages (auch am Wochenende und Feiertagen). Es gibt keinen AUTOMATISCHEN Download. Wir stellen die Downloads immer pers\u00f6nlich zusammen. Vielleicht sind wir hier etwas ALTMODISCH. Wir m\u00f6chten aber nicht von irgendwelcher Technik zum Sklaven werden, sondern wirklich ENTSPANNT einen guten Service f\u00fcr ALLE anbieten.<\/p>\n<p><strong>SEO:<\/strong>\u00a0\u2013 <strong>Largo<\/strong> &#8211; <strong>Yoga f\u00fcr Anf\u00e4nger<\/strong>\u00a0 &#8211; <strong>Entspannen<\/strong> &#8211; <strong>Entspannung<\/strong> &#8211; <strong>Meditation<\/strong> &#8211; <strong>Wellness<\/strong> &#8211;<\/p>\n<div class=\"shariff shariff-align-center shariff-widget-align-center shariff-buttonstretch\"><ul class=\"shariff-buttons theme-color orientation-horizontal buttonsize-small\"><li class=\"shariff-button facebook shariff-nocustomcolor\" style=\"background-color:#4273c8\"><a href=\"https:\/\/www.facebook.com\/sharer\/sharer.php?u=https%3A%2F%2Fwww.karaoke-helden.de%2Fplaybackshop%2Fwellness-cd-shop-largo-yoga-fuer-anfaenger\" title=\"Bei Facebook teilen\" aria-label=\"Bei Facebook teilen\" role=\"button\" rel=\"nofollow\" class=\"shariff-link\" style=\"; background-color:#3b5998; color:#fff\" target=\"_blank\"><span class=\"shariff-icon\" style=\"\"><svg width=\"32px\" height=\"20px\" xmlns=\"http:\/\/www.w3.org\/2000\/svg\" viewBox=\"0 0 18 32\"><path fill=\"#3b5998\" d=\"M17.1 0.2v4.7h-2.8q-1.5 0-2.1 0.6t-0.5 1.9v3.4h5.2l-0.7 5.3h-4.5v13.6h-5.5v-13.6h-4.5v-5.3h4.5v-3.9q0-3.3 1.9-5.2t5-1.8q2.6 0 4.1 0.2z\"\/><\/svg><\/span><span class=\"shariff-text\">teilen<\/span>&nbsp;<\/a><\/li><li class=\"shariff-button twitter shariff-nocustomcolor\" style=\"background-color:#595959\"><a href=\"https:\/\/twitter.com\/share?url=https%3A%2F%2Fwww.karaoke-helden.de%2Fplaybackshop%2Fwellness-cd-shop-largo-yoga-fuer-anfaenger&text=Wellness-CD-Shop%20%E2%80%93%20Largo%20Yoga%20f%C3%BCr%20Anf%C3%A4nger&via=d24online\" title=\"Bei X teilen\" aria-label=\"Bei X teilen\" role=\"button\" rel=\"noopener nofollow\" class=\"shariff-link\" style=\"; background-color:#000; color:#fff\" target=\"_blank\"><span class=\"shariff-icon\" style=\"\"><svg width=\"32px\" height=\"20px\" xmlns=\"http:\/\/www.w3.org\/2000\/svg\" viewBox=\"0 0 24 24\"><path fill=\"#000\" d=\"M14.258 10.152L23.176 0h-2.113l-7.747 8.813L7.133 0H0l9.352 13.328L0 23.973h2.113l8.176-9.309 6.531 9.309h7.133zm-2.895 3.293l-.949-1.328L2.875 1.56h3.246l6.086 8.523.945 1.328 7.91 11.078h-3.246zm0 0\"\/><\/svg><\/span><span class=\"shariff-text\">teilen<\/span>&nbsp;<\/a><\/li><li class=\"shariff-button linkedin shariff-nocustomcolor\" style=\"background-color:#1488bf\"><a href=\"https:\/\/www.linkedin.com\/sharing\/share-offsite\/?url=https%3A%2F%2Fwww.karaoke-helden.de%2Fplaybackshop%2Fwellness-cd-shop-largo-yoga-fuer-anfaenger\" title=\"Bei LinkedIn teilen\" aria-label=\"Bei LinkedIn teilen\" role=\"button\" rel=\"noopener nofollow\" class=\"shariff-link\" style=\"; background-color:#0077b5; color:#fff\" target=\"_blank\"><span class=\"shariff-icon\" style=\"\"><svg width=\"32px\" height=\"20px\" xmlns=\"http:\/\/www.w3.org\/2000\/svg\" viewBox=\"0 0 27 32\"><path fill=\"#0077b5\" d=\"M6.2 11.2v17.7h-5.9v-17.7h5.9zM6.6 5.7q0 1.3-0.9 2.2t-2.4 0.9h0q-1.5 0-2.4-0.9t-0.9-2.2 0.9-2.2 2.4-0.9 2.4 0.9 0.9 2.2zM27.4 18.7v10.1h-5.9v-9.5q0-1.9-0.7-2.9t-2.3-1.1q-1.1 0-1.9 0.6t-1.2 1.5q-0.2 0.5-0.2 1.4v9.9h-5.9q0-7.1 0-11.6t0-5.3l0-0.9h5.9v2.6h0q0.4-0.6 0.7-1t1-0.9 1.6-0.8 2-0.3q3 0 4.9 2t1.9 6z\"\/><\/svg><\/span><span class=\"shariff-text\">teilen<\/span>&nbsp;<\/a><\/li><li class=\"shariff-button rss shariff-nocustomcolor\" style=\"background-color:#ff8c00\"><a href=\"https:\/\/www.karaoke-helden.de\/playbackshop\/feed\/rss\" title=\"RSS-feed\" aria-label=\"RSS-feed\" role=\"button\" class=\"shariff-link\" style=\"; background-color:#fe9312; color:#fff\" target=\"_blank\"><span class=\"shariff-icon\" style=\"\"><svg width=\"32px\" height=\"20px\" xmlns=\"http:\/\/www.w3.org\/2000\/svg\" viewBox=\"0 0 32 32\"><path fill=\"#fe9312\" d=\"M4.3 23.5c-2.3 0-4.3 1.9-4.3 4.3 0 2.3 1.9 4.2 4.3 4.2 2.4 0 4.3-1.9 4.3-4.2 0-2.3-1.9-4.3-4.3-4.3zM0 10.9v6.1c4 0 7.7 1.6 10.6 4.4 2.8 2.8 4.4 6.6 4.4 10.6h6.2c0-11.7-9.5-21.1-21.1-21.1zM0 0v6.1c14.2 0 25.8 11.6 25.8 25.9h6.2c0-17.6-14.4-32-32-32z\"\/><\/svg><\/span><span class=\"shariff-text\">RSS-feed<\/span>&nbsp;<\/a><\/li><li class=\"shariff-button printer shariff-nocustomcolor\" style=\"background-color:#a8a8a8\"><a href=\"javascript:window.print()\" title=\"drucken\" aria-label=\"drucken\" role=\"button\" rel=\"noopener nofollow\" class=\"shariff-link\" style=\"; background-color:#999; color:#fff\"><span class=\"shariff-icon\" style=\"\"><svg width=\"32px\" height=\"20px\" xmlns=\"http:\/\/www.w3.org\/2000\/svg\" viewBox=\"0 0 30 32\"><path fill=\"#999\" d=\"M6.8 27.4h16v-4.6h-16v4.6zM6.8 16h16v-6.8h-2.8q-0.7 0-1.2-0.5t-0.5-1.2v-2.8h-11.4v11.4zM27.4 17.2q0-0.5-0.3-0.8t-0.8-0.4-0.8 0.4-0.3 0.8 0.3 0.8 0.8 0.3 0.8-0.3 0.3-0.8zM29.7 17.2v7.4q0 0.2-0.2 0.4t-0.4 0.2h-4v2.8q0 0.7-0.5 1.2t-1.2 0.5h-17.2q-0.7 0-1.2-0.5t-0.5-1.2v-2.8h-4q-0.2 0-0.4-0.2t-0.2-0.4v-7.4q0-1.4 1-2.4t2.4-1h1.2v-9.7q0-0.7 0.5-1.2t1.2-0.5h12q0.7 0 1.6 0.4t1.3 0.8l2.7 2.7q0.5 0.5 0.9 1.4t0.4 1.6v4.6h1.1q1.4 0 2.4 1t1 2.4z\"\/><\/svg><\/span><span class=\"shariff-text\">drucken<\/span>&nbsp;<\/a><\/li><li class=\"shariff-button whatsapp shariff-nocustomcolor\" style=\"background-color:#5cbe4a\"><a href=\"https:\/\/api.whatsapp.com\/send?text=https%3A%2F%2Fwww.karaoke-helden.de%2Fplaybackshop%2Fwellness-cd-shop-largo-yoga-fuer-anfaenger%20Wellness-CD-Shop%20%E2%80%93%20Largo%20Yoga%20f%C3%BCr%20Anf%C3%A4nger\" title=\"Bei Whatsapp teilen\" aria-label=\"Bei Whatsapp teilen\" role=\"button\" rel=\"noopener nofollow\" class=\"shariff-link\" style=\"; background-color:#34af23; color:#fff\" target=\"_blank\"><span class=\"shariff-icon\" style=\"\"><svg width=\"32px\" height=\"20px\" xmlns=\"http:\/\/www.w3.org\/2000\/svg\" viewBox=\"0 0 32 32\"><path fill=\"#34af23\" d=\"M17.6 17.4q0.2 0 1.7 0.8t1.6 0.9q0 0.1 0 0.3 0 0.6-0.3 1.4-0.3 0.7-1.3 1.2t-1.8 0.5q-1 0-3.4-1.1-1.7-0.8-3-2.1t-2.6-3.3q-1.3-1.9-1.3-3.5v-0.1q0.1-1.6 1.3-2.8 0.4-0.4 0.9-0.4 0.1 0 0.3 0t0.3 0q0.3 0 0.5 0.1t0.3 0.5q0.1 0.4 0.6 1.6t0.4 1.3q0 0.4-0.6 1t-0.6 0.8q0 0.1 0.1 0.3 0.6 1.3 1.8 2.4 1 0.9 2.7 1.8 0.2 0.1 0.4 0.1 0.3 0 1-0.9t0.9-0.9zM14 26.9q2.3 0 4.3-0.9t3.6-2.4 2.4-3.6 0.9-4.3-0.9-4.3-2.4-3.6-3.6-2.4-4.3-0.9-4.3 0.9-3.6 2.4-2.4 3.6-0.9 4.3q0 3.6 2.1 6.6l-1.4 4.2 4.3-1.4q2.8 1.9 6.2 1.9zM14 2.2q2.7 0 5.2 1.1t4.3 2.9 2.9 4.3 1.1 5.2-1.1 5.2-2.9 4.3-4.3 2.9-5.2 1.1q-3.5 0-6.5-1.7l-7.4 2.4 2.4-7.2q-1.9-3.2-1.9-6.9 0-2.7 1.1-5.2t2.9-4.3 4.3-2.9 5.2-1.1z\"\/><\/svg><\/span><span class=\"shariff-text\">teilen<\/span>&nbsp;<\/a><\/li><\/ul><\/div>","protected":false},"excerpt":{"rendered":"<p><em><strong><a href=\"\/playbackshop\/versandarten\/\" target=\"_blank\" rel=\"noopener noreferrer\"><img decoding=\"async\" class=\"aligncenter wp-image-8471 size-full\" src=\"https:\/\/www.karaoke-helden.de\/playbackshop\/wp-content\/uploads\/2020\/10\/Versandkosten-Info-Oktober.jpg\" alt=\"Versandinfo-Kosten-Neu\" width=\"550\" height=\"125\" \/><\/a>Den besten Einstieg ins Yoga:<\/strong><\/em> <em>Largo Yoga f\u00fcr Anf\u00e4nger<\/em> &#8211; ist eine tolle CD f\u00fcr alle Anf\u00e4nger im Bereich Yoga. Es sind gef\u00fchrte \u00dcbungen, die einen Einstieg in eine andere Welt problemlos m\u00f6glich machen. Hier findet man die Ruhe, die wir alle brauchen.<\/p>\n","protected":false},"featured_media":9761,"template":"","meta":{"rank_math_lock_modified_date":false},"product_cat":[824,16268,16266,16260,16262],"product_tag":[16341,1234,16274,16275,7299,16338,11810,16340,16339,16337,16282,16273],"class_list":{"0":"post-9763","1":"product","2":"type-product","3":"status-publish","4":"has-post-thumbnail","6":"product_cat-alle-produkte","7":"product_cat-kurse-und-anleitungen","8":"product_cat-schlafstoerungen","9":"product_cat-wellness-entspannung","10":"product_cat-yoga-meditation","11":"product_tag-anleitung","12":"product_tag-cd-shop","13":"product_tag-entspannen","14":"product_tag-entspannung","15":"product_tag-entspannungsmusik","16":"product_tag-fuer-anfaenger","17":"product_tag-gesundheit","18":"product_tag-hilfe","19":"product_tag-kurs","20":"product_tag-largo-yoga","21":"product_tag-wellness-cd-shop","22":"product_tag-wellness-musik","24":"first","25":"instock","26":"taxable","27":"shipping-taxable","28":"product-type-simple","29":"add-to-wishlist-after_add_to_cart"},"_links":{"self":[{"href":"https:\/\/www.karaoke-helden.de\/playbackshop\/wp-json\/wp\/v2\/product\/9763","targetHints":{"allow":["GET"]}}],"collection":[{"href":"https:\/\/www.karaoke-helden.de\/playbackshop\/wp-json\/wp\/v2\/product"}],"about":[{"href":"https:\/\/www.karaoke-helden.de\/playbackshop\/wp-json\/wp\/v2\/types\/product"}],"wp:featuredmedia":[{"embeddable":true,"href":"https:\/\/www.karaoke-helden.de\/playbackshop\/wp-json\/wp\/v2\/media\/9761"}],"wp:attachment":[{"href":"https:\/\/www.karaoke-helden.de\/playbackshop\/wp-json\/wp\/v2\/media?parent=9763"}],"wp:term":[{"taxonomy":"product_cat","embeddable":true,"href":"https:\/\/www.karaoke-helden.de\/playbackshop\/wp-json\/wp\/v2\/product_cat?post=9763"},{"taxonomy":"product_tag","embeddable":true,"href":"https:\/\/www.karaoke-helden.de\/playbackshop\/wp-json\/wp\/v2\/product_tag?post=9763"}],"curies":[{"name":"wp","href":"https:\/\/api.w.org\/{rel}","templated":true}]}}