{"id":9778,"date":"2020-09-16T11:08:39","date_gmt":"2020-09-16T09:08:39","guid":{"rendered":"https:\/\/www.karaoke-helden.de\/playbackshop\/?post_type=product&#038;p=9778"},"modified":"2020-12-31T13:55:13","modified_gmt":"2020-12-31T12:55:13","slug":"wellness-cd-shop-largo-michael-jetter-autogenes-training","status":"publish","type":"product","link":"https:\/\/www.karaoke-helden.de\/playbackshop\/wellness-cd-shop-largo-michael-jetter-autogenes-training","title":{"rendered":"Wellness-CD-Shop &#8211; Largo &#8211; Michael Jetter &#8211; Autogenes Training"},"content":{"rendered":"<h2>Largo &#8211; Michael Jetter &#8211; Autogenes Training.<\/h2>\n<h2>Ausgeglichen &amp; wirklich Entspannt&#8230;<\/h2>\n<h3>Neu \/ OVP &#8211; Versand via DHL mit Sendungsnummer&#8230;<\/h3>\n<p><em><strong><img decoding=\"async\" class=\"size-full wp-image-9776 alignright\" src=\"https:\/\/www.karaoke-helden.de\/playbackshop\/wp-content\/uploads\/2020\/09\/Largo-Autogenes-Training-CD-Front.jpg\" alt=\"Wellness-CD-Shop - Largo-Autogenes-Training-CD-Front\" width=\"430\" height=\"430\" srcset=\"https:\/\/www.karaoke-helden.de\/playbackshop\/wp-content\/uploads\/2020\/09\/Largo-Autogenes-Training-CD-Front.jpg 430w, https:\/\/www.karaoke-helden.de\/playbackshop\/wp-content\/uploads\/2020\/09\/Largo-Autogenes-Training-CD-Front-100x100.jpg 100w, https:\/\/www.karaoke-helden.de\/playbackshop\/wp-content\/uploads\/2020\/09\/Largo-Autogenes-Training-CD-Front-64x64.jpg 64w, https:\/\/www.karaoke-helden.de\/playbackshop\/wp-content\/uploads\/2020\/09\/Largo-Autogenes-Training-CD-Front-320x320.jpg 320w, https:\/\/www.karaoke-helden.de\/playbackshop\/wp-content\/uploads\/2020\/09\/Largo-Autogenes-Training-CD-Front-155x155.jpg 155w, https:\/\/www.karaoke-helden.de\/playbackshop\/wp-content\/uploads\/2020\/09\/Largo-Autogenes-Training-CD-Front-150x150.jpg 150w, https:\/\/www.karaoke-helden.de\/playbackshop\/wp-content\/uploads\/2020\/09\/Largo-Autogenes-Training-CD-Front-95x95.jpg 95w, https:\/\/www.karaoke-helden.de\/playbackshop\/wp-content\/uploads\/2020\/09\/Largo-Autogenes-Training-CD-Front-300x300.jpg 300w\" sizes=\"(max-width: 430px) 100vw, 430px\" \/>CD-Shop &#8211;<\/strong><\/em> Das Autogene Training ist ein Verfahren, das es uns erm\u00f6glicht, aktiv unsere Gesundheit und unser Wohlbefinden zu verbessern. K\u00f6rpereigene Prozesse, die in unserem t\u00e4glichen Leben ohne unser Bewusstsein ablaufen, werden f\u00fcr uns beeinflussbar.<\/p>\n<p>Positive Ver\u00e4nderungen konnten zudem bei Asthma, Schmerzsyndromen und Depressionen wissenschaftlich nachgewiesen werden. Als begleitende Therapie hat sich das Autogene Training in vielen klinischen Anwendungsgebieten etabliert.<\/p>\n<p>Stress ist nicht l\u00e4nger ein unausweichliches Nebenprodukt unseres modernen Lebens. Mit dem Autogenen Training sind wir in der Lage, mit geringem Aufwand Ausgleich und Entspannung f\u00fcr uns herbeizuf\u00fchren.<\/p>\n<p><strong>Trackliste:<\/strong><\/p>\n<p>1. <a href=\"\/playbackshop\/wp-content\/uploads\/2020\/09\/Autogenes-Training-01-bung-01.mp3\" target=\"_blank\" rel=\"noopener noreferrer\">\u00dcbung 1<\/a> &#8211; 00:04:33<br \/>\n2. <a href=\"\/playbackshop\/wp-content\/uploads\/2020\/09\/Autogenes-Training-02-bung-02.mp3\" target=\"_blank\" rel=\"noopener noreferrer\">\u00dcbung 2<\/a> &#8211; 00:04:44<br \/>\n3. <a href=\"\/playbackshop\/wp-content\/uploads\/2020\/09\/Autogenes-Training-03-bung-03.mp3\" target=\"_blank\" rel=\"noopener noreferrer\">\u00dcbung 3<\/a> &#8211; 00:04:51<br \/>\n4. <a href=\"\/playbackshop\/wp-content\/uploads\/2020\/09\/Autogenes-Training-04-bung-04.mp3\" target=\"_blank\" rel=\"noopener noreferrer\">\u00dcbung 4<\/a> &#8211; 00:06:43<br \/>\n5. <a href=\"\/playbackshop\/wp-content\/uploads\/2020\/09\/Autogenes-Training-05-bung-05.mp3\" target=\"_blank\" rel=\"noopener noreferrer\">\u00dcbung 5<\/a> &#8211; 00:06:54<br \/>\n6. <a href=\"\/playbackshop\/wp-content\/uploads\/2020\/09\/Autogenes-Training-06-bung-06.mp3\" target=\"_blank\" rel=\"noopener noreferrer\">\u00dcbung 6<\/a> &#8211; 00:06:44<br \/>\n7. <a href=\"\/playbackshop\/wp-content\/uploads\/2020\/09\/Autogenes-Training-07-bung-07.mp3\" target=\"_blank\" rel=\"noopener noreferrer\">\u00dcbung 7<\/a> &#8211; 00:08:49<br \/>\n8. <a href=\"\/playbackshop\/wp-content\/uploads\/2020\/09\/Autogenes-Training-08-bung-08.mp3\" target=\"_blank\" rel=\"noopener noreferrer\">\u00dcbung 8<\/a> &#8211; 00:10:23<br \/>\n9. <a href=\"\/playbackshop\/wp-content\/uploads\/2020\/09\/Autogenes-Training-09-bung-09.mp3\" target=\"_blank\" rel=\"noopener noreferrer\">\u00dcbung 9<\/a> &#8211; 00:12:32<br \/>\n10. <a href=\"\/playbackshop\/wp-content\/uploads\/2020\/09\/Autogenes-Training-10-bung-10.mp3\" target=\"_blank\" rel=\"noopener noreferrer\">\u00dcbung 10<\/a> &#8211; 10 00:14:32<\/p>\n<p><img decoding=\"async\" class=\"aligncenter size-full wp-image-9691\" src=\"https:\/\/www.karaoke-helden.de\/playbackshop\/wp-content\/uploads\/2020\/09\/Demos-Center-Karaoke-Helden.gif\" alt=\"demo-hoeren-karaoke-helden.jpg\" width=\"1250\" height=\"250\" \/><\/p>\n<h3>Mehr Infos:<\/h3>\n<p><em>Anzahl CDs:<\/em> 1 Audio CD<br \/>\n<em>Erscheinungstermin:<\/em> 16. August 2010<br \/>\n<em>Hersteller:<\/em> Media Sound Art,<br \/>\n<em>Gesamtlaufzeit:<\/em> 81 Min.<br \/>\n<em>EAN:<\/em> 4012897210239<\/p>\n<h3>Service \/ Umwelt \/ Versand und Preishinweis<\/h3>\n<p><strong>Bitte BEACHTEN:<\/strong>\u00a0Bei den Preisen im Shop sind f\u00fcr das Duale-System bereits enthalten \u2013 Sie Zahlen nur einmalig Versandkosten f\u00fcr alle im Warenkorb befindlichen Artikel. Bei uns erfolgt der Versand in Deutschland mit DHL und Sendungsnummer.<\/p>\n<p>Nat\u00fcrlich sind alle Produkte (die wir im Download f\u00fcr unsere Nutzerinnen und Nutzer einstellen) GRUNDS\u00c4TZLICH ohne Zusatzkosten. Bei Waren im Download bekommst Du den LINK zur jeweiligen Datei innerhalb von 12.Stunden nach Eingang des Rechnungsbetrages (auch am Wochenende und Feiertagen). Es gibt keinen AUTOMATISCHEN Download. Wir stellen die Downloads immer pers\u00f6nlich zusammen. Vielleicht sind wir hier etwas ALTMODISCH. Wir m\u00f6chten aber nicht von irgendwelcher Technik zum Sklaven werden, sondern wirklich ENTSPANNT einen guten Service f\u00fcr ALLE anbieten.<\/p>\n<p><strong>SEO:<\/strong> &#8211; <strong>Michael Jetter<\/strong> &#8211; <strong>Autogenes Training<\/strong> &#8211; <strong>\u00dcbungen<\/strong> &#8211; <strong>Techniken<\/strong> &#8211; <strong>Entspannung<\/strong> &#8211;<\/p>\n<div class=\"shariff shariff-align-center shariff-widget-align-center shariff-buttonstretch\"><ul class=\"shariff-buttons theme-color orientation-horizontal buttonsize-small\"><li class=\"shariff-button facebook shariff-nocustomcolor\" style=\"background-color:#4273c8\"><a href=\"https:\/\/www.facebook.com\/sharer\/sharer.php?u=https%3A%2F%2Fwww.karaoke-helden.de%2Fplaybackshop%2Fwellness-cd-shop-largo-michael-jetter-autogenes-training\" title=\"Bei Facebook teilen\" aria-label=\"Bei Facebook teilen\" role=\"button\" rel=\"nofollow\" class=\"shariff-link\" style=\"; background-color:#3b5998; color:#fff\" target=\"_blank\"><span class=\"shariff-icon\" style=\"\"><svg width=\"32px\" height=\"20px\" xmlns=\"http:\/\/www.w3.org\/2000\/svg\" viewBox=\"0 0 18 32\"><path fill=\"#3b5998\" d=\"M17.1 0.2v4.7h-2.8q-1.5 0-2.1 0.6t-0.5 1.9v3.4h5.2l-0.7 5.3h-4.5v13.6h-5.5v-13.6h-4.5v-5.3h4.5v-3.9q0-3.3 1.9-5.2t5-1.8q2.6 0 4.1 0.2z\"\/><\/svg><\/span><span class=\"shariff-text\">teilen<\/span>&nbsp;<\/a><\/li><li class=\"shariff-button twitter shariff-nocustomcolor\" style=\"background-color:#595959\"><a href=\"https:\/\/twitter.com\/share?url=https%3A%2F%2Fwww.karaoke-helden.de%2Fplaybackshop%2Fwellness-cd-shop-largo-michael-jetter-autogenes-training&text=Wellness-CD-Shop%20%E2%80%93%20Largo%20%E2%80%93%20Michael%20Jetter%20%E2%80%93%20Autogenes%20Training&via=d24online\" title=\"Bei X teilen\" aria-label=\"Bei X teilen\" role=\"button\" rel=\"noopener nofollow\" class=\"shariff-link\" style=\"; background-color:#000; color:#fff\" target=\"_blank\"><span class=\"shariff-icon\" style=\"\"><svg width=\"32px\" height=\"20px\" xmlns=\"http:\/\/www.w3.org\/2000\/svg\" viewBox=\"0 0 24 24\"><path fill=\"#000\" d=\"M14.258 10.152L23.176 0h-2.113l-7.747 8.813L7.133 0H0l9.352 13.328L0 23.973h2.113l8.176-9.309 6.531 9.309h7.133zm-2.895 3.293l-.949-1.328L2.875 1.56h3.246l6.086 8.523.945 1.328 7.91 11.078h-3.246zm0 0\"\/><\/svg><\/span><span class=\"shariff-text\">teilen<\/span>&nbsp;<\/a><\/li><li class=\"shariff-button linkedin shariff-nocustomcolor\" style=\"background-color:#1488bf\"><a href=\"https:\/\/www.linkedin.com\/sharing\/share-offsite\/?url=https%3A%2F%2Fwww.karaoke-helden.de%2Fplaybackshop%2Fwellness-cd-shop-largo-michael-jetter-autogenes-training\" title=\"Bei LinkedIn teilen\" aria-label=\"Bei LinkedIn teilen\" role=\"button\" rel=\"noopener nofollow\" class=\"shariff-link\" style=\"; background-color:#0077b5; color:#fff\" target=\"_blank\"><span class=\"shariff-icon\" style=\"\"><svg width=\"32px\" height=\"20px\" xmlns=\"http:\/\/www.w3.org\/2000\/svg\" viewBox=\"0 0 27 32\"><path fill=\"#0077b5\" d=\"M6.2 11.2v17.7h-5.9v-17.7h5.9zM6.6 5.7q0 1.3-0.9 2.2t-2.4 0.9h0q-1.5 0-2.4-0.9t-0.9-2.2 0.9-2.2 2.4-0.9 2.4 0.9 0.9 2.2zM27.4 18.7v10.1h-5.9v-9.5q0-1.9-0.7-2.9t-2.3-1.1q-1.1 0-1.9 0.6t-1.2 1.5q-0.2 0.5-0.2 1.4v9.9h-5.9q0-7.1 0-11.6t0-5.3l0-0.9h5.9v2.6h0q0.4-0.6 0.7-1t1-0.9 1.6-0.8 2-0.3q3 0 4.9 2t1.9 6z\"\/><\/svg><\/span><span class=\"shariff-text\">teilen<\/span>&nbsp;<\/a><\/li><li class=\"shariff-button rss shariff-nocustomcolor\" style=\"background-color:#ff8c00\"><a href=\"https:\/\/www.karaoke-helden.de\/playbackshop\/feed\/rss\" title=\"RSS-feed\" aria-label=\"RSS-feed\" role=\"button\" class=\"shariff-link\" style=\"; background-color:#fe9312; color:#fff\" target=\"_blank\"><span class=\"shariff-icon\" style=\"\"><svg width=\"32px\" height=\"20px\" xmlns=\"http:\/\/www.w3.org\/2000\/svg\" viewBox=\"0 0 32 32\"><path fill=\"#fe9312\" d=\"M4.3 23.5c-2.3 0-4.3 1.9-4.3 4.3 0 2.3 1.9 4.2 4.3 4.2 2.4 0 4.3-1.9 4.3-4.2 0-2.3-1.9-4.3-4.3-4.3zM0 10.9v6.1c4 0 7.7 1.6 10.6 4.4 2.8 2.8 4.4 6.6 4.4 10.6h6.2c0-11.7-9.5-21.1-21.1-21.1zM0 0v6.1c14.2 0 25.8 11.6 25.8 25.9h6.2c0-17.6-14.4-32-32-32z\"\/><\/svg><\/span><span class=\"shariff-text\">RSS-feed<\/span>&nbsp;<\/a><\/li><li class=\"shariff-button printer shariff-nocustomcolor\" style=\"background-color:#a8a8a8\"><a href=\"javascript:window.print()\" title=\"drucken\" aria-label=\"drucken\" role=\"button\" rel=\"noopener nofollow\" class=\"shariff-link\" style=\"; background-color:#999; color:#fff\"><span class=\"shariff-icon\" style=\"\"><svg width=\"32px\" height=\"20px\" xmlns=\"http:\/\/www.w3.org\/2000\/svg\" viewBox=\"0 0 30 32\"><path fill=\"#999\" d=\"M6.8 27.4h16v-4.6h-16v4.6zM6.8 16h16v-6.8h-2.8q-0.7 0-1.2-0.5t-0.5-1.2v-2.8h-11.4v11.4zM27.4 17.2q0-0.5-0.3-0.8t-0.8-0.4-0.8 0.4-0.3 0.8 0.3 0.8 0.8 0.3 0.8-0.3 0.3-0.8zM29.7 17.2v7.4q0 0.2-0.2 0.4t-0.4 0.2h-4v2.8q0 0.7-0.5 1.2t-1.2 0.5h-17.2q-0.7 0-1.2-0.5t-0.5-1.2v-2.8h-4q-0.2 0-0.4-0.2t-0.2-0.4v-7.4q0-1.4 1-2.4t2.4-1h1.2v-9.7q0-0.7 0.5-1.2t1.2-0.5h12q0.7 0 1.6 0.4t1.3 0.8l2.7 2.7q0.5 0.5 0.9 1.4t0.4 1.6v4.6h1.1q1.4 0 2.4 1t1 2.4z\"\/><\/svg><\/span><span class=\"shariff-text\">drucken<\/span>&nbsp;<\/a><\/li><li class=\"shariff-button whatsapp shariff-nocustomcolor\" style=\"background-color:#5cbe4a\"><a href=\"https:\/\/api.whatsapp.com\/send?text=https%3A%2F%2Fwww.karaoke-helden.de%2Fplaybackshop%2Fwellness-cd-shop-largo-michael-jetter-autogenes-training%20Wellness-CD-Shop%20%E2%80%93%20Largo%20%E2%80%93%20Michael%20Jetter%20%E2%80%93%20Autogenes%20Training\" title=\"Bei Whatsapp teilen\" aria-label=\"Bei Whatsapp teilen\" role=\"button\" rel=\"noopener nofollow\" class=\"shariff-link\" style=\"; background-color:#34af23; color:#fff\" target=\"_blank\"><span class=\"shariff-icon\" style=\"\"><svg width=\"32px\" height=\"20px\" xmlns=\"http:\/\/www.w3.org\/2000\/svg\" viewBox=\"0 0 32 32\"><path fill=\"#34af23\" d=\"M17.6 17.4q0.2 0 1.7 0.8t1.6 0.9q0 0.1 0 0.3 0 0.6-0.3 1.4-0.3 0.7-1.3 1.2t-1.8 0.5q-1 0-3.4-1.1-1.7-0.8-3-2.1t-2.6-3.3q-1.3-1.9-1.3-3.5v-0.1q0.1-1.6 1.3-2.8 0.4-0.4 0.9-0.4 0.1 0 0.3 0t0.3 0q0.3 0 0.5 0.1t0.3 0.5q0.1 0.4 0.6 1.6t0.4 1.3q0 0.4-0.6 1t-0.6 0.8q0 0.1 0.1 0.3 0.6 1.3 1.8 2.4 1 0.9 2.7 1.8 0.2 0.1 0.4 0.1 0.3 0 1-0.9t0.9-0.9zM14 26.9q2.3 0 4.3-0.9t3.6-2.4 2.4-3.6 0.9-4.3-0.9-4.3-2.4-3.6-3.6-2.4-4.3-0.9-4.3 0.9-3.6 2.4-2.4 3.6-0.9 4.3q0 3.6 2.1 6.6l-1.4 4.2 4.3-1.4q2.8 1.9 6.2 1.9zM14 2.2q2.7 0 5.2 1.1t4.3 2.9 2.9 4.3 1.1 5.2-1.1 5.2-2.9 4.3-4.3 2.9-5.2 1.1q-3.5 0-6.5-1.7l-7.4 2.4 2.4-7.2q-1.9-3.2-1.9-6.9 0-2.7 1.1-5.2t2.9-4.3 4.3-2.9 5.2-1.1z\"\/><\/svg><\/span><span class=\"shariff-text\">teilen<\/span>&nbsp;<\/a><\/li><\/ul><\/div>","protected":false},"excerpt":{"rendered":"<p><em><strong><a href=\"\/playbackshop\/versandarten\/\" target=\"_blank\" rel=\"noopener noreferrer\"><img decoding=\"async\" class=\"aligncenter wp-image-8471 size-full\" src=\"https:\/\/www.karaoke-helden.de\/playbackshop\/wp-content\/uploads\/2020\/10\/Versandkosten-Info-Oktober.jpg\" alt=\"Versandinfo-Kosten-Neu\" width=\"550\" height=\"125\" \/><\/a>Wellness-CD-Shop &#8211;<\/strong><\/em> Das Autogene Training ist ein Verfahren, das es uns erm\u00f6glicht, aktiv unsere Gesundheit und unser Wohlbefinden zu verbessern. K\u00f6rpereigene Prozesse, die in unserem t\u00e4glichen Leben ohne unser Bewusstsein ablaufen, werden f\u00fcr uns beeinflussbar. &#8211; Diese CD ist jetzt besonders G\u00dcNSTIG im Angebot &#8230;<\/p>\n","protected":false},"featured_media":9776,"template":"","meta":{"rank_math_lock_modified_date":false},"product_cat":[824,16268,16260,16262],"product_tag":[16354,1234,16274,16275,11810,1094,16270,16343,16276,16353,16282,11820],"class_list":{"0":"post-9778","1":"product","2":"type-product","3":"status-publish","4":"has-post-thumbnail","6":"product_cat-alle-produkte","7":"product_cat-kurse-und-anleitungen","8":"product_cat-wellness-entspannung","9":"product_cat-yoga-meditation","10":"product_tag-autogenes-training","11":"product_tag-cd-shop","12":"product_tag-entspannen","13":"product_tag-entspannung","14":"product_tag-gesundheit","15":"product_tag-kaufen","16":"product_tag-largo","17":"product_tag-lernen","18":"product_tag-meditation","19":"product_tag-michael-jetter","20":"product_tag-wellness-cd-shop","21":"product_tag-yoga","23":"first","24":"instock","25":"taxable","26":"shipping-taxable","27":"product-type-simple","28":"add-to-wishlist-after_add_to_cart"},"_links":{"self":[{"href":"https:\/\/www.karaoke-helden.de\/playbackshop\/wp-json\/wp\/v2\/product\/9778","targetHints":{"allow":["GET"]}}],"collection":[{"href":"https:\/\/www.karaoke-helden.de\/playbackshop\/wp-json\/wp\/v2\/product"}],"about":[{"href":"https:\/\/www.karaoke-helden.de\/playbackshop\/wp-json\/wp\/v2\/types\/product"}],"wp:featuredmedia":[{"embeddable":true,"href":"https:\/\/www.karaoke-helden.de\/playbackshop\/wp-json\/wp\/v2\/media\/9776"}],"wp:attachment":[{"href":"https:\/\/www.karaoke-helden.de\/playbackshop\/wp-json\/wp\/v2\/media?parent=9778"}],"wp:term":[{"taxonomy":"product_cat","embeddable":true,"href":"https:\/\/www.karaoke-helden.de\/playbackshop\/wp-json\/wp\/v2\/product_cat?post=9778"},{"taxonomy":"product_tag","embeddable":true,"href":"https:\/\/www.karaoke-helden.de\/playbackshop\/wp-json\/wp\/v2\/product_tag?post=9778"}],"curies":[{"name":"wp","href":"https:\/\/api.w.org\/{rel}","templated":true}]}}