{"id":9813,"date":"2020-09-18T13:34:05","date_gmt":"2020-09-18T11:34:05","guid":{"rendered":"https:\/\/www.karaoke-helden.de\/playbackshop\/?post_type=product&#038;p=9813"},"modified":"2020-09-18T13:35:15","modified_gmt":"2020-09-18T11:35:15","slug":"wellness-cd-shop-largo-asian-dreams-wellness-fuer-die-seele","status":"publish","type":"product","link":"https:\/\/www.karaoke-helden.de\/playbackshop\/wellness-cd-shop-largo-asian-dreams-wellness-fuer-die-seele","title":{"rendered":"Wellness-CD-Shop &#8211; Largo Asian Dreams &#8211; Wellness f\u00fcr die Seele"},"content":{"rendered":"<h2>Largo Asian Dreams &#8211; Wellness f\u00fcr die Seele &#8211; Top ENTSPANNUNGSMUSIK.<\/h2>\n<h2>Mehr Asia geht kaum &#8230;<\/h2>\n<h3>Neu \/ OVP &#8211; Versand per DHL mit Sendungsnummer.<\/h3>\n<p><em><strong><img decoding=\"async\" class=\"size-full wp-image-9811 alignright\" src=\"https:\/\/www.karaoke-helden.de\/playbackshop\/wp-content\/uploads\/2020\/09\/Largo-Asian-Dreams-Wellness-f\u00fcr-die-Seele-Front-CD.jpg\" alt=\"Largo-Asian-Dreams-Wellness-f\u00fcr-die-Seele-Front-CD\" width=\"430\" height=\"430\" srcset=\"https:\/\/www.karaoke-helden.de\/playbackshop\/wp-content\/uploads\/2020\/09\/Largo-Asian-Dreams-Wellness-f\u00fcr-die-Seele-Front-CD.jpg 430w, https:\/\/www.karaoke-helden.de\/playbackshop\/wp-content\/uploads\/2020\/09\/Largo-Asian-Dreams-Wellness-f\u00fcr-die-Seele-Front-CD-100x100.jpg 100w, https:\/\/www.karaoke-helden.de\/playbackshop\/wp-content\/uploads\/2020\/09\/Largo-Asian-Dreams-Wellness-f\u00fcr-die-Seele-Front-CD-64x64.jpg 64w, https:\/\/www.karaoke-helden.de\/playbackshop\/wp-content\/uploads\/2020\/09\/Largo-Asian-Dreams-Wellness-f\u00fcr-die-Seele-Front-CD-320x320.jpg 320w, https:\/\/www.karaoke-helden.de\/playbackshop\/wp-content\/uploads\/2020\/09\/Largo-Asian-Dreams-Wellness-f\u00fcr-die-Seele-Front-CD-155x155.jpg 155w, https:\/\/www.karaoke-helden.de\/playbackshop\/wp-content\/uploads\/2020\/09\/Largo-Asian-Dreams-Wellness-f\u00fcr-die-Seele-Front-CD-150x150.jpg 150w, https:\/\/www.karaoke-helden.de\/playbackshop\/wp-content\/uploads\/2020\/09\/Largo-Asian-Dreams-Wellness-f\u00fcr-die-Seele-Front-CD-95x95.jpg 95w, https:\/\/www.karaoke-helden.de\/playbackshop\/wp-content\/uploads\/2020\/09\/Largo-Asian-Dreams-Wellness-f\u00fcr-die-Seele-Front-CD-300x300.jpg 300w\" sizes=\"(max-width: 430px) 100vw, 430px\" \/>Total Entspannend:<\/strong><\/em> Die CD &#8211; L<em>argo Asian Dreams &#8211; Wellness f\u00fcr die Seele<\/em> &#8211; bietet Entspannung f\u00fcr die Seele der Extraklasse mit asiatischem Einschlag. Irgendwie schon ein bisschen MYSTISCH, kommt diese CD mit gro\u00dfartig gemachten Tracks daher. Reisen Sie in eine v\u00f6llig andere Welt und entspannen Sie wie in einem Kloster f\u00fcr asiatische M\u00f6nche.<\/p>\n<p>Eine absolute Wohltat f\u00fcr Geist, K\u00f6rper und Seele. Auch k\u00f6nnten wir uns diese CD in einen China\/Asia-Restaurant als Hintergrundmusik vorstellen. Auch ist diese CD f\u00fcr alle mit Schlafst\u00f6rungen geeignet (UNSERE MEINUNG). Versprochen diese Musik beamt in eine andere Dimension.<\/p>\n<p><strong>Info vom Hersteller:<\/strong><\/p>\n<p>Asian Dreams von Largo. Stimmungsvolle fern\u00f6stliche K\u00e4nge voll flie\u00dfender Harmonie, kunstvoll gespielt mit original asiatischen Instrumenten. Diese wunderbar spirituell-inspirierte Entspannungsmusik mit Tiefenwirkung f\u00fchrt den H\u00f6rer auf eine besinnliche Reise zum stillen Zentrum seines eigenen Seins. Bestens geeignet f\u00fcr alle Arten von Entspannungs\u00fcbungen sowie als Begleitung bei Massagen, Yoga, Tai Chi und Heilbehandlungen.<\/p>\n<p><strong>Die Songliste der CD:<\/strong><\/p>\n<p>01. <a href=\"\/playbackshop\/wp-content\/uploads\/2020\/09\/Asian-Dreams-01-The-singing-Garden.mp3\" target=\"_blank\" rel=\"noopener noreferrer\">Largo The singing garden<\/a> &#8211; 7:15<br \/>\n02. <a href=\"\/playbackshop\/wp-content\/uploads\/2020\/09\/Asian-Dreams-02-Eastern-Journey.mp3\" target=\"_blank\" rel=\"noopener noreferrer\">Largo Eastern journey<\/a> &#8211; 8:47<br \/>\n03. <a href=\"\/playbackshop\/wp-content\/uploads\/2020\/09\/Asian-Dreams-03-Dream-of-an-Angel.mp3\" target=\"_blank\" rel=\"noopener noreferrer\">Largo Dream of an angel<\/a> &#8211; 8:49<br \/>\n04. <a href=\"\/playbackshop\/wp-content\/uploads\/2020\/09\/Asian-Dreams-04-Deep-Relaxation.mp3\" target=\"_blank\" rel=\"noopener noreferrer\">Largo Deep relaxation<\/a> &#8211; 8:12<br \/>\n05. <a href=\"\/playbackshop\/wp-content\/uploads\/2020\/09\/Asian-Dreams-05-The-crying-River.mp3\" target=\"_blank\" rel=\"noopener noreferrer\">Largo The crying river<\/a> &#8211; 8:10<br \/>\n06. <a href=\"\/playbackshop\/wp-content\/uploads\/2020\/09\/Asian-Dreams-06-Garden-of-Happiness.mp3\" target=\"_blank\" rel=\"noopener noreferrer\">Largo Garden of happiness<\/a> (mit Naturger\u00e4uschen) &#8211; 17:59<\/p>\n<p><img decoding=\"async\" class=\"aligncenter size-full wp-image-9691\" src=\"https:\/\/www.karaoke-helden.de\/playbackshop\/wp-content\/uploads\/2020\/09\/Demos-Center-Karaoke-Helden.gif\" alt=\"demo-hoeren-karaoke-helden.jpg\" width=\"1250\" height=\"250\" \/><\/p>\n<p><strong>Weitere Infos:<\/strong><\/p>\n<p><em>Interpret:<\/em> Largo<br \/>\n<em>Titel:<\/em> Asian Dreams<br \/>\n<em>Produktart:<\/em> CD<br \/>\n<em>Anzahl CDs:<\/em> 1<br \/>\n<em>Hersteller:<\/em> MSA<br \/>\n<em>Ver\u00f6ffentlichung:<\/em> 29.02.2008<br \/>\n<em>EAN:<\/em> 4012897210109<br \/>\n<em>FSK:<\/em> OHNE<br \/>\n<em>Hilfe bei Schlafst\u00f6rungen:<\/em> JA (UNSERE MEINUNG)<\/p>\n<h3>Was bringt die Largo Asia Dreams f\u00fcr Effekte mit sich ?<\/h3>\n<p><span data-offset-key=\"a53mq-0-0\">Die CD <em>Largo Asia Dreams<\/em> ist abermals eine Wohltat f\u00fcr die Seele. Sch\u00f6ne asiatische Melodien zu h\u00f6ren ist Entspannung pur mit den CDs aus unserem Angebot im Wellness-Entspannungsmusik-Shop. Sofort wenn man die Augen schlie\u00dft und der Musik unserer Asia und Naturger\u00e4usche-CD lauscht, k\u00f6nnen Sie folgenden Effekt ausl\u00f6sen. Der K\u00f6rper entspannt sich, Ihr Pulsschlag normalisiert sich und Ruhe kehrt in den K\u00f6rper ein. Abbau von Alltags- und Berufsstress ist ebenfalls ein Effek<\/span><span id=\"decorator-corrected-entity-id-118\" data-entity-key=\"118\" data-offset-key=\"a53mq-1-0\"><span data-offset-key=\"a53mq-1-0\">t, d<\/span><\/span><span data-offset-key=\"a53mq-2-0\">er kommen kann. Diese\u00a0<\/span><span data-offset-key=\"a53mq-5-0\">Traummelodien sind mit typisch ASIATISCHEN Instrumenten gespielt helfen bei der Erzeugung einer angenehm ruhigen Atmosph\u00e4re und dienen der Anregung einer allgemeinen positiven Grundstimmung. Bei Schlafst\u00f6rungen kann diese CD bestens Helfen (UNSERE MEINUNG).<\/span><\/p>\n<h3>Weitere Effekte:<\/h3>\n<ul>\n<li>Eine Steigerung der Konzentrations- und Leistungsf\u00e4higkeit.<\/li>\n<li>Deutliche Verbesserung der Lern- und Merkf\u00e4higkeit.<\/li>\n<li>Die F\u00f6rderung von allgemeiner Gelassenheit sowie der Besonnenheit beim Autofahren.<\/li>\n<li>Eine Ideale Begleitung klassischer Entspannungsverfahren<\/li>\n<li>Hilfe bei Angstst\u00f6rungen<\/li>\n<li>Eine Linderung vegetativer Dysfunktionen<\/li>\n<li>Hilfe und Behandlung auch bei Schlafst\u00f6rungen<\/li>\n<\/ul>\n<h3>Service \/ Umwelt \/ Versand und Preishinweis<\/h3>\n<p><strong>Bitte BEACHTEN:<\/strong>\u00a0Bei den Preisen im Shop sind f\u00fcr das Duale-System bereits enthalten \u2013 Sie Zahlen nur einmalig Versandkosten f\u00fcr alle im Warenkorb befindlichen Artikel. Bei uns erfolgt der Versand in Deutschland mit DHL und Sendungsnummer.<\/p>\n<p>Nat\u00fcrlich sind alle Produkte (die wir im Download f\u00fcr unsere Nutzerinnen und Nutzer einstellen) GRUNDS\u00c4TZLICH ohne Zusatzkosten. Bei Waren im Download bekommst Du den LINK zur jeweiligen Datei innerhalb von 12.Stunden nach Eingang des Rechnungsbetrages (auch am Wochenende und Feiertagen). Es gibt keinen AUTOMATISCHEN Download. Wir stellen die Downloads immer pers\u00f6nlich zusammen. Vielleicht sind wir hier etwas ALTMODISCH. Wir m\u00f6chten aber nicht von irgendwelcher Technik zum Sklaven werden, sondern wirklich ENTSPANNT einen guten Service f\u00fcr ALLE anbieten.<\/p>\n<p><strong>SEO:<\/strong> &#8211; <strong>CD-Shop<\/strong> &#8211; <strong>Largo Asian Dreams<\/strong> &#8211; <strong>Wellness f\u00fcr die Seele<\/strong> &#8211; <strong>Hilfe bei Schlafst\u00f6rungen<\/strong> &#8211; <strong>Entspannung<\/strong> &#8211; <strong>Entspannungsmusik<\/strong> &#8211; <strong>Wellness<\/strong> &#8211; <strong>Wellnessmusik<\/strong> &#8211;<\/p>\n<div class=\"shariff shariff-align-center shariff-widget-align-center shariff-buttonstretch\"><ul class=\"shariff-buttons theme-color orientation-horizontal buttonsize-small\"><li class=\"shariff-button facebook shariff-nocustomcolor\" style=\"background-color:#4273c8\"><a href=\"https:\/\/www.facebook.com\/sharer\/sharer.php?u=https%3A%2F%2Fwww.karaoke-helden.de%2Fplaybackshop%2Fwellness-cd-shop-largo-asian-dreams-wellness-fuer-die-seele\" title=\"Bei Facebook teilen\" aria-label=\"Bei Facebook teilen\" role=\"button\" rel=\"nofollow\" class=\"shariff-link\" style=\"; background-color:#3b5998; color:#fff\" target=\"_blank\"><span class=\"shariff-icon\" style=\"\"><svg width=\"32px\" height=\"20px\" xmlns=\"http:\/\/www.w3.org\/2000\/svg\" viewBox=\"0 0 18 32\"><path fill=\"#3b5998\" d=\"M17.1 0.2v4.7h-2.8q-1.5 0-2.1 0.6t-0.5 1.9v3.4h5.2l-0.7 5.3h-4.5v13.6h-5.5v-13.6h-4.5v-5.3h4.5v-3.9q0-3.3 1.9-5.2t5-1.8q2.6 0 4.1 0.2z\"\/><\/svg><\/span><span class=\"shariff-text\">teilen<\/span>&nbsp;<\/a><\/li><li class=\"shariff-button twitter shariff-nocustomcolor\" style=\"background-color:#595959\"><a href=\"https:\/\/twitter.com\/share?url=https%3A%2F%2Fwww.karaoke-helden.de%2Fplaybackshop%2Fwellness-cd-shop-largo-asian-dreams-wellness-fuer-die-seele&text=Wellness-CD-Shop%20%E2%80%93%20Largo%20Asian%20Dreams%20%E2%80%93%20Wellness%20f%C3%BCr%20die%20Seele&via=d24online\" title=\"Bei X teilen\" aria-label=\"Bei X teilen\" role=\"button\" rel=\"noopener nofollow\" class=\"shariff-link\" style=\"; background-color:#000; color:#fff\" target=\"_blank\"><span class=\"shariff-icon\" style=\"\"><svg width=\"32px\" height=\"20px\" xmlns=\"http:\/\/www.w3.org\/2000\/svg\" viewBox=\"0 0 24 24\"><path fill=\"#000\" d=\"M14.258 10.152L23.176 0h-2.113l-7.747 8.813L7.133 0H0l9.352 13.328L0 23.973h2.113l8.176-9.309 6.531 9.309h7.133zm-2.895 3.293l-.949-1.328L2.875 1.56h3.246l6.086 8.523.945 1.328 7.91 11.078h-3.246zm0 0\"\/><\/svg><\/span><span class=\"shariff-text\">teilen<\/span>&nbsp;<\/a><\/li><li class=\"shariff-button linkedin shariff-nocustomcolor\" style=\"background-color:#1488bf\"><a href=\"https:\/\/www.linkedin.com\/sharing\/share-offsite\/?url=https%3A%2F%2Fwww.karaoke-helden.de%2Fplaybackshop%2Fwellness-cd-shop-largo-asian-dreams-wellness-fuer-die-seele\" title=\"Bei LinkedIn teilen\" aria-label=\"Bei LinkedIn teilen\" role=\"button\" rel=\"noopener nofollow\" class=\"shariff-link\" style=\"; background-color:#0077b5; color:#fff\" target=\"_blank\"><span class=\"shariff-icon\" style=\"\"><svg width=\"32px\" height=\"20px\" xmlns=\"http:\/\/www.w3.org\/2000\/svg\" viewBox=\"0 0 27 32\"><path fill=\"#0077b5\" d=\"M6.2 11.2v17.7h-5.9v-17.7h5.9zM6.6 5.7q0 1.3-0.9 2.2t-2.4 0.9h0q-1.5 0-2.4-0.9t-0.9-2.2 0.9-2.2 2.4-0.9 2.4 0.9 0.9 2.2zM27.4 18.7v10.1h-5.9v-9.5q0-1.9-0.7-2.9t-2.3-1.1q-1.1 0-1.9 0.6t-1.2 1.5q-0.2 0.5-0.2 1.4v9.9h-5.9q0-7.1 0-11.6t0-5.3l0-0.9h5.9v2.6h0q0.4-0.6 0.7-1t1-0.9 1.6-0.8 2-0.3q3 0 4.9 2t1.9 6z\"\/><\/svg><\/span><span class=\"shariff-text\">teilen<\/span>&nbsp;<\/a><\/li><li class=\"shariff-button rss shariff-nocustomcolor\" style=\"background-color:#ff8c00\"><a href=\"https:\/\/www.karaoke-helden.de\/playbackshop\/feed\/rss\" title=\"RSS-feed\" aria-label=\"RSS-feed\" role=\"button\" class=\"shariff-link\" style=\"; background-color:#fe9312; color:#fff\" target=\"_blank\"><span class=\"shariff-icon\" style=\"\"><svg width=\"32px\" height=\"20px\" xmlns=\"http:\/\/www.w3.org\/2000\/svg\" viewBox=\"0 0 32 32\"><path fill=\"#fe9312\" d=\"M4.3 23.5c-2.3 0-4.3 1.9-4.3 4.3 0 2.3 1.9 4.2 4.3 4.2 2.4 0 4.3-1.9 4.3-4.2 0-2.3-1.9-4.3-4.3-4.3zM0 10.9v6.1c4 0 7.7 1.6 10.6 4.4 2.8 2.8 4.4 6.6 4.4 10.6h6.2c0-11.7-9.5-21.1-21.1-21.1zM0 0v6.1c14.2 0 25.8 11.6 25.8 25.9h6.2c0-17.6-14.4-32-32-32z\"\/><\/svg><\/span><span class=\"shariff-text\">RSS-feed<\/span>&nbsp;<\/a><\/li><li class=\"shariff-button printer shariff-nocustomcolor\" style=\"background-color:#a8a8a8\"><a href=\"javascript:window.print()\" title=\"drucken\" aria-label=\"drucken\" role=\"button\" rel=\"noopener nofollow\" class=\"shariff-link\" style=\"; background-color:#999; color:#fff\"><span class=\"shariff-icon\" style=\"\"><svg width=\"32px\" height=\"20px\" xmlns=\"http:\/\/www.w3.org\/2000\/svg\" viewBox=\"0 0 30 32\"><path fill=\"#999\" d=\"M6.8 27.4h16v-4.6h-16v4.6zM6.8 16h16v-6.8h-2.8q-0.7 0-1.2-0.5t-0.5-1.2v-2.8h-11.4v11.4zM27.4 17.2q0-0.5-0.3-0.8t-0.8-0.4-0.8 0.4-0.3 0.8 0.3 0.8 0.8 0.3 0.8-0.3 0.3-0.8zM29.7 17.2v7.4q0 0.2-0.2 0.4t-0.4 0.2h-4v2.8q0 0.7-0.5 1.2t-1.2 0.5h-17.2q-0.7 0-1.2-0.5t-0.5-1.2v-2.8h-4q-0.2 0-0.4-0.2t-0.2-0.4v-7.4q0-1.4 1-2.4t2.4-1h1.2v-9.7q0-0.7 0.5-1.2t1.2-0.5h12q0.7 0 1.6 0.4t1.3 0.8l2.7 2.7q0.5 0.5 0.9 1.4t0.4 1.6v4.6h1.1q1.4 0 2.4 1t1 2.4z\"\/><\/svg><\/span><span class=\"shariff-text\">drucken<\/span>&nbsp;<\/a><\/li><li class=\"shariff-button whatsapp shariff-nocustomcolor\" style=\"background-color:#5cbe4a\"><a href=\"https:\/\/api.whatsapp.com\/send?text=https%3A%2F%2Fwww.karaoke-helden.de%2Fplaybackshop%2Fwellness-cd-shop-largo-asian-dreams-wellness-fuer-die-seele%20Wellness-CD-Shop%20%E2%80%93%20Largo%20Asian%20Dreams%20%E2%80%93%20Wellness%20f%C3%BCr%20die%20Seele\" title=\"Bei Whatsapp teilen\" aria-label=\"Bei Whatsapp teilen\" role=\"button\" rel=\"noopener nofollow\" class=\"shariff-link\" style=\"; background-color:#34af23; color:#fff\" target=\"_blank\"><span class=\"shariff-icon\" style=\"\"><svg width=\"32px\" height=\"20px\" xmlns=\"http:\/\/www.w3.org\/2000\/svg\" viewBox=\"0 0 32 32\"><path fill=\"#34af23\" d=\"M17.6 17.4q0.2 0 1.7 0.8t1.6 0.9q0 0.1 0 0.3 0 0.6-0.3 1.4-0.3 0.7-1.3 1.2t-1.8 0.5q-1 0-3.4-1.1-1.7-0.8-3-2.1t-2.6-3.3q-1.3-1.9-1.3-3.5v-0.1q0.1-1.6 1.3-2.8 0.4-0.4 0.9-0.4 0.1 0 0.3 0t0.3 0q0.3 0 0.5 0.1t0.3 0.5q0.1 0.4 0.6 1.6t0.4 1.3q0 0.4-0.6 1t-0.6 0.8q0 0.1 0.1 0.3 0.6 1.3 1.8 2.4 1 0.9 2.7 1.8 0.2 0.1 0.4 0.1 0.3 0 1-0.9t0.9-0.9zM14 26.9q2.3 0 4.3-0.9t3.6-2.4 2.4-3.6 0.9-4.3-0.9-4.3-2.4-3.6-3.6-2.4-4.3-0.9-4.3 0.9-3.6 2.4-2.4 3.6-0.9 4.3q0 3.6 2.1 6.6l-1.4 4.2 4.3-1.4q2.8 1.9 6.2 1.9zM14 2.2q2.7 0 5.2 1.1t4.3 2.9 2.9 4.3 1.1 5.2-1.1 5.2-2.9 4.3-4.3 2.9-5.2 1.1q-3.5 0-6.5-1.7l-7.4 2.4 2.4-7.2q-1.9-3.2-1.9-6.9 0-2.7 1.1-5.2t2.9-4.3 4.3-2.9 5.2-1.1z\"\/><\/svg><\/span><span class=\"shariff-text\">teilen<\/span>&nbsp;<\/a><\/li><\/ul><\/div>","protected":false},"excerpt":{"rendered":"<p><em><strong><a href=\"\/playbackshop\/versandarten\/\" target=\"_blank\" rel=\"noopener noreferrer\"><img decoding=\"async\" class=\"aligncenter wp-image-8471 size-full\" src=\"https:\/\/www.karaoke-helden.de\/playbackshop\/wp-content\/uploads\/2020\/10\/Versandkosten-Info-Oktober.jpg\" alt=\"Versandinfo-Kosten-Neu\" width=\"550\" height=\"125\" \/><\/a>Asiatisch-Entspannend:<\/strong><\/em> Die &#8211; L<em>argo Asian Dreams &#8211; Wellness f\u00fcr die Seele<\/em> &#8211; bietet Entspannung f\u00fcr die Seele der Extraklasse mit asiatischem Einschlag. Irgendwie schon ein bisschen MYSTISCH, kommt diese CD mit gro\u00dfartig gemachten Tracks daher. Reisen Sie in eine v\u00f6llig andere Welt und entspannen Sie wie in einem Kloster f\u00fcr asiatische M\u00f6nche.<\/p>\n","protected":false},"featured_media":9811,"template":"","meta":{"rank_math_lock_modified_date":false},"product_cat":[824,16261,16269,16264,16266,16260,16262],"product_tag":[16422,1234,16426,16425,16424,16274,7299,16428,11810,16276,16429,16430,5041,1129,16427,16423,16272,16308,16282,16297],"class_list":{"0":"post-9813","1":"product","2":"type-product","3":"status-publish","4":"has-post-thumbnail","6":"product_cat-alle-produkte","7":"product_cat-einfach-instrumental","8":"product_cat-musik-zum-traeumen","9":"product_cat-naturgeraeusche","10":"product_cat-schlafstoerungen","11":"product_cat-wellness-entspannung","12":"product_cat-yoga-meditation","13":"product_tag-asian-dreams","14":"product_tag-cd-shop","15":"product_tag-deep-relaxation","16":"product_tag-dream-of-an-angel","17":"product_tag-eastern-journey","18":"product_tag-entspannen","19":"product_tag-entspannungsmusik","20":"product_tag-garden-of-happiness","21":"product_tag-gesundheit","22":"product_tag-meditation","23":"product_tag-mit-naturgeraeuschen","24":"product_tag-naturklaenge","25":"product_tag-online-shop","26":"product_tag-onlineshop","27":"product_tag-the-crying-river","28":"product_tag-the-singing-garden","29":"product_tag-wellness","30":"product_tag-wellness-fuer-die-seele","31":"product_tag-wellness-cd-shop","32":"product_tag-wellnessmusik","34":"first","35":"instock","36":"taxable","37":"shipping-taxable","38":"product-type-simple","39":"add-to-wishlist-after_add_to_cart"},"_links":{"self":[{"href":"https:\/\/www.karaoke-helden.de\/playbackshop\/wp-json\/wp\/v2\/product\/9813","targetHints":{"allow":["GET"]}}],"collection":[{"href":"https:\/\/www.karaoke-helden.de\/playbackshop\/wp-json\/wp\/v2\/product"}],"about":[{"href":"https:\/\/www.karaoke-helden.de\/playbackshop\/wp-json\/wp\/v2\/types\/product"}],"wp:featuredmedia":[{"embeddable":true,"href":"https:\/\/www.karaoke-helden.de\/playbackshop\/wp-json\/wp\/v2\/media\/9811"}],"wp:attachment":[{"href":"https:\/\/www.karaoke-helden.de\/playbackshop\/wp-json\/wp\/v2\/media?parent=9813"}],"wp:term":[{"taxonomy":"product_cat","embeddable":true,"href":"https:\/\/www.karaoke-helden.de\/playbackshop\/wp-json\/wp\/v2\/product_cat?post=9813"},{"taxonomy":"product_tag","embeddable":true,"href":"https:\/\/www.karaoke-helden.de\/playbackshop\/wp-json\/wp\/v2\/product_tag?post=9813"}],"curies":[{"name":"wp","href":"https:\/\/api.w.org\/{rel}","templated":true}]}}